{"id":133059,"date":"2023-03-28T17:03:55","date_gmt":"2023-03-28T17:03:55","guid":{"rendered":"https:\/\/bas-ip.com\/case-studies\/"},"modified":"2025-03-05T12:01:39","modified_gmt":"2025-03-05T12:01:39","slug":"case-studies","status":"publish","type":"page","link":"https:\/\/bas-ip.com\/da\/case-studies\/","title":{"rendered":"L\u00f8sninger"},"content":{"rendered":"<h1 class=\"wp-block-heading\"><strong>Intercom-l\u00f8sninger<\/strong><\/h1>\n\n\n\n<p>BAS-IP er f\u00f8rende inden for levering af avancerede intercom-l\u00f8sninger til forskellige industrier, der tilbyder enest\u00e5ende sikkerheds- og kommunikationsoplevelser. I denne artikel udforsker vi seks overbevisende intercom-casestudier, der demonstrerer alsidigheden og effektiviteten af BAS-IP&#8217;s produkter i forskellige milj\u00f8er. Fra flerboligbyggerier til hospitalsfaciliteter fremh\u00e6ver disse casestudier den transformative kraft af BAS-IP intercom-systemer.<\/p>\n\n\n<!-- START Block Info 3 Columns with links --><section id=\"block_6437b6d9794a8\" class=\"info-columns-section\">\r\n   <div class=\"column-list\">\r\n                        <div class=\"column-item\" data-aos=\"fade-up\" data-aos-delay=\"100\">\r\n                  <div class=\"image-block\">\r\n            <a href=\"\/building-intercom-system\/\">\r\n               <img loading=\"lazy\" decoding=\"async\" width=\"320\" height=\"232\" src=\"https:\/\/bas-ip.com\/wp-content\/uploads\/2023\/04\/1-5.jpg\" class=\"attachment-thumbnail_345x250 size-thumbnail_345x250\" alt=\"\" srcset=\"https:\/\/bas-ip.com\/wp-content\/uploads\/2023\/04\/1-5.jpg 320w,  https:\/\/bas-ip.com\/wp-content\/uploads\/2023\/04\/1-5-300x218.jpg 300w\" sizes=\"auto, (max-width: 320px) 100vw, 320px\" \/><\/a>\r\n         <\/div>\r\n         \r\n                  <a href=\"\/building-intercom-system\/\">\r\n            <h3 class=\"title-section\">Flerboligbyggeri: En problemfri boligoplevelse<\/h3>\r\n         <\/a>\r\n                           <div class=\"text-block\">\r\n            <p>BAS-IP&#8217;s intercom-l\u00f8sninger har revolutioneret den m\u00e5de, beboere interagerer med deres boligmilj\u00f8 p\u00e5. I et flerboligbyggeri har implementeringen af BAS-IP intercom-systemet ikke kun forbedret sikkerheden, men ogs\u00e5 faciliteret problemfri kommunikation mellem lejere, bes\u00f8gende og bygningsadministrationen. Systemets brugervenlige interface og integration med smart home-teknologi har givet beboerne et nyt niveau af bekvemmelighed og tilg\u00e6ngelighed, hvilket har l\u00f8ftet deres boligoplevelse.<\/p>\n         <\/div>\r\n               <\/div>\r\n                              <div class=\"column-item\" data-aos=\"fade-up\" data-aos-delay=\"200\">\r\n                  <div class=\"image-block\">\r\n            <a href=\"\/business-intercom-systems-for-office\/\">\r\n               <img loading=\"lazy\" decoding=\"async\" width=\"320\" height=\"232\" src=\"https:\/\/bas-ip.com\/wp-content\/uploads\/2023\/04\/2-5.jpg\" class=\"attachment-thumbnail_345x250 size-thumbnail_345x250\" alt=\"\" srcset=\"https:\/\/bas-ip.com\/wp-content\/uploads\/2023\/04\/2-5.jpg 320w,  https:\/\/bas-ip.com\/wp-content\/uploads\/2023\/04\/2-5-300x218.jpg 300w\" sizes=\"auto, (max-width: 320px) 100vw, 320px\" \/><\/a>\r\n         <\/div>\r\n         \r\n                  <a href=\"\/business-intercom-systems-for-office\/\">\r\n            <h3 class=\"title-section\">Kommercielt: Str\u00f8mlining af drift og sikkerhed<\/h3>\r\n         <\/a>\r\n                           <div class=\"text-block\">\r\n            <p>II et kommercielt eller industrielt milj\u00f8 er effektiv kommunikation og sikkerhed afg\u00f8rende for en smidig drift. BAS-IP intercom-l\u00f8sninger spillede en afg\u00f8rende rolle i at forbedre arbejdsgange og sikkerhedsforanstaltninger i et stort produktionsanl\u00e6g. Ved at integrere intercom-systemet med adgangskontrol, videooverv\u00e5gning og n\u00f8dresponsfunktioner oplevede anl\u00e6gget en betydelig forbedring i kommunikation og overordnet sikkerhed.<\/p>\n         <\/div>\r\n               <\/div>\r\n                              <div class=\"column-item\" data-aos=\"fade-up\" data-aos-delay=\"300\">\r\n                  <div class=\"image-block\">\r\n            <a href=\"\/intercom-systems-for-home-and-house\/\">\r\n               <img loading=\"lazy\" decoding=\"async\" width=\"320\" height=\"232\" src=\"https:\/\/bas-ip.com\/wp-content\/uploads\/2023\/04\/3-5.jpg\" class=\"attachment-thumbnail_345x250 size-thumbnail_345x250\" alt=\"\" srcset=\"https:\/\/bas-ip.com\/wp-content\/uploads\/2023\/04\/3-5.jpg 320w,  https:\/\/bas-ip.com\/wp-content\/uploads\/2023\/04\/3-5-300x218.jpg 300w\" sizes=\"auto, (max-width: 320px) 100vw, 320px\" \/><\/a>\r\n         <\/div>\r\n         \r\n                  <a href=\"\/intercom-systems-for-home-and-house\/\">\r\n            <h3 class=\"title-section\">Hjem: Forbedring af sikkerhed og tilslutningsmuligheder<\/h3>\r\n         <\/a>\r\n                           <div class=\"text-block\">\r\n            <p>Efterh\u00e5nden som husejere i stigende grad prioriterer sikkerhed og smart home-teknologi, er BAS-IP&#8217;s intercom-l\u00f8sninger dukket op som et popul\u00e6rt valg. I et forstadshjem \u00f8gede installationen af et BAS-IP intercom-system ikke kun sikkerheden, men forbedrede ogs\u00e5 forbindelsen med familiemedlemmer og g\u00e6ster. Den intuitive brugerflade og kompatibiliteten med smartphones gjorde det muligt for husejerne at overv\u00e5ge deres ejendom og kommunikere ubesv\u00e6ret, hvilket skabte et sikkert og forbundet boligmilj\u00f8.<\/p>\n         <\/div>\r\n               <\/div>\r\n                              <div class=\"column-item\" data-aos=\"fade-up\" data-aos-delay=\"400\">\r\n                  <div class=\"image-block\">\r\n            <a href=\"\/medical-hospital-intercom-system\/\">\r\n               <img loading=\"lazy\" decoding=\"async\" width=\"320\" height=\"232\" src=\"https:\/\/bas-ip.com\/wp-content\/uploads\/2023\/04\/4-5.jpg\" class=\"attachment-thumbnail_345x250 size-thumbnail_345x250\" alt=\"\" srcset=\"https:\/\/bas-ip.com\/wp-content\/uploads\/2023\/04\/4-5.jpg 320w,  https:\/\/bas-ip.com\/wp-content\/uploads\/2023\/04\/4-5-300x218.jpg 300w\" sizes=\"auto, (max-width: 320px) 100vw, 320px\" \/><\/a>\r\n         <\/div>\r\n         \r\n                  <a href=\"\/medical-hospital-intercom-system\/\">\r\n            <h3 class=\"title-section\">Hospital: Styrkelse af patientpleje og sikkerhed<\/h3>\r\n         <\/a>\r\n                           <div class=\"text-block\">\r\n            <p>Hospitaler og medicinske faciliteter kr\u00e6ver avancerede kommunikationssystemer for at sikre effektiv patientpleje og sikkerhed. P\u00e5 et topmoderne hospital blev BAS-IP&#8217;s intercom-l\u00f8sninger anvendt til at str\u00f8mline kommunikationen mellem medicinsk personale, patienter og bes\u00f8gende. Systemet lettede hurtig respons p\u00e5 n\u00f8dsituationer, forbedrede patienternes privatliv og \u00f8gede den generelle hospitals sikkerhed. Integrationen af BAS-IP intercom-systemet viste sig at v\u00e6re en game-changer i leveringen af exceptionel patientpleje.<\/p>\n         <\/div>\r\n               <\/div>\r\n                              <div class=\"column-item\" data-aos=\"fade-up\" data-aos-delay=\"500\">\r\n                  <div class=\"image-block\">\r\n            <a href=\"\/intercom-systems-for-schools\/\">\r\n               <img loading=\"lazy\" decoding=\"async\" width=\"320\" height=\"232\" src=\"https:\/\/bas-ip.com\/wp-content\/uploads\/2023\/04\/5-5.jpg\" class=\"attachment-thumbnail_345x250 size-thumbnail_345x250\" alt=\"\" srcset=\"https:\/\/bas-ip.com\/wp-content\/uploads\/2023\/04\/5-5.jpg 320w,  https:\/\/bas-ip.com\/wp-content\/uploads\/2023\/04\/5-5-300x218.jpg 300w\" sizes=\"auto, (max-width: 320px) 100vw, 320px\" \/><\/a>\r\n         <\/div>\r\n         \r\n                  <a href=\"\/intercom-systems-for-schools\/\">\r\n            <h3 class=\"title-section\">Skole: Fremme af et sikkert l\u00e6ringsmilj\u00f8<\/h3>\r\n         <\/a>\r\n                           <div class=\"text-block\">\r\n            <p>Uddannelsesinstitutioner har brug for robuste sikkerheds- og kommunikationssystemer for at beskytte elever og personale. P\u00e5 en progressiv skole var BAS-IP&#8217;s intercom-l\u00f8sninger afg\u00f8rende for at skabe et sikkert l\u00e6ringsmilj\u00f8. Systemet muliggjorde problemfri kommunikation mellem klassev\u00e6relser, administrative kontorer og eksterne bes\u00f8gende, hvilket sikrede elevernes og personalets sikkerhed. Derudover forbedrede intercom-systemets integration med adgangskontrol og videooverv\u00e5gningsfunktioner skolens overordnede sikkerhed betydeligt.<\/p>\n         <\/div>\r\n               <\/div>\r\n                              <div class=\"column-item\" data-aos=\"fade-up\" data-aos-delay=\"600\">\r\n                  <div class=\"image-block\">\r\n            <a href=\"\/gate-intercom-system\/\">\r\n               <img loading=\"lazy\" decoding=\"async\" width=\"320\" height=\"232\" src=\"https:\/\/bas-ip.com\/wp-content\/uploads\/2023\/04\/6-4.jpg\" class=\"attachment-thumbnail_345x250 size-thumbnail_345x250\" alt=\"\" srcset=\"https:\/\/bas-ip.com\/wp-content\/uploads\/2023\/04\/6-4.jpg 320w,  https:\/\/bas-ip.com\/wp-content\/uploads\/2023\/04\/6-4-300x218.jpg 300w\" sizes=\"auto, (max-width: 320px) 100vw, 320px\" \/><\/a>\r\n         <\/div>\r\n         \r\n                  <a href=\"\/gate-intercom-system\/\">\r\n            <h3 class=\"title-section\">Porte: Styrkelse af perimetersikkerhed<\/h3>\r\n         <\/a>\r\n                           <div class=\"text-block\">\r\n            <p>Port sikkerhed er afg\u00f8rende for at beskytte ejendom og opretholde privatlivets fred. I et eksklusivt boligomr\u00e5de blev BAS-IP intercom-l\u00f8sninger implementeret for at styrke perimetersikkerheden. Systemet gjorde det muligt for beboerne fjernstyret at give eller n\u00e6gte adgang til bes\u00f8gende, og integrationen med videooverv\u00e5gning muliggjorde problemfri overv\u00e5gning af omr\u00e5dets ind- og udgange. Denne avancerede intercom-l\u00f8sning bidrog til en \u00f8get f\u00f8lelse af sikkerhed og ro i sindet for beboerne.<\/p>\n         <\/div>\r\n               <\/div>\r\n                     <\/div>\r\n<\/section>\r\n<!-- END Block Info 3 Columns with links -->\n\n\n<p>Disse intercom-casestudier viser den bem\u00e6rkelsesv\u00e6rdige alsidighed og effektivitet af BAS-IP intercom-l\u00f8sninger i forskellige sektorer. Fra boligomr\u00e5der til hospitaler har implementeringen af BAS-IP intercom-systemer transformeret kommunikation, sikkerhed og den samlede brugeroplevelse. Efterh\u00e5nden som teknologien forts\u00e6tter med at udvikle sig, er BAS-IP fortsat engageret i at levere innovative og overlegne intercom-l\u00f8sninger, der im\u00f8dekommer de skiftende behov i forskellige industrier.<\/p>\n\n\n<!-- START Block FAQ --><section id=\"block_64231e53deae2\" class=\"faq-section\">\r\n\t\t    <h2 class=\"title-section\" data-aos=\"fade-right\">Frequently Asked Questions<\/h2>\r\n\t\t\t    <div class=\"faq-list js-accordion\" data-aos=\"fade-up\">\r\n\t\t\t\t\t\t\t\t\t\t\t    <div class=\"accordion-item faq-item\">\r\n                        <div class=\"accordion-opener\">\r\n                            Q: Hvordan sikrer BAS-IP sikkerheden og p\u00e5lideligheden af sine intercom-l\u00f8sninger?                            <i class=\"fa-solid fa-chevron-down\"><\/i>\r\n                        <\/div>\r\n                        <div class=\"accordion-slide\">\r\n\t\t\t\t\t\t    <p>BAS-IP anvender avancerede krypteringsprotokoller og robust hardware for at sikre sikkerheden og p\u00e5lideligheden af sine intercom-systemer. Denne forpligtelse til at levere banebrydende teknologi har gjort BAS-IP til et betroet valg for forskellige industrier verden over.<\/p>\n                        <\/div>\r\n\t\t\t\t\t<\/div>\r\n\t\t\t\t\t\t\t\t\t\t\t\t\t\t\t    <div class=\"accordion-item faq-item\">\r\n                        <div class=\"accordion-opener\">\r\n                            Q: Hvordan bidrager BAS-IP intercom-l\u00f8sninger til energieffektivitet?                            <i class=\"fa-solid fa-chevron-down\"><\/i>\r\n                        <\/div>\r\n                        <div class=\"accordion-slide\">\r\n\t\t\t\t\t\t    <p>BAS-IP intercom-systemer er konstrueret med energieffektivitet i tankerne. Ved at inkorporere funktioner s\u00e5som bev\u00e6gelsesaktiveret belysning, smart klimakontrol og str\u00f8mbesparende standby-tilstande bidrager BAS-IP intercom-l\u00f8sninger til et gr\u00f8nnere og mere b\u00e6redygtigt milj\u00f8.<\/p>\n                        <\/div>\r\n\t\t\t\t\t<\/div>\r\n\t\t\t\t\t\t\t\t\t\t\t\t\t\t\t    <div class=\"accordion-item faq-item\">\r\n                        <div class=\"accordion-opener\">\r\n                            Q: Hvilken type support tilbyder BAS-IP til sine intercom-l\u00f8sninger?                            <i class=\"fa-solid fa-chevron-down\"><\/i>\r\n                        <\/div>\r\n                        <div class=\"accordion-slide\">\r\n\t\t\t\t\t\t    <p>BAS-IP er forpligtet til at yde enest\u00e5ende kundesupport og tilbyder omfattende teknisk assistance og ressourcer for at sikre en problemfri implementering og drift af sine intercom-systemer. Denne dedikation til kundetilfredshed har givet BAS-IP et fremragende ry i branchen.<\/p>\n                        <\/div>\r\n\t\t\t\t\t<\/div>\r\n\t\t\t\t\t\t\t\t\t<\/div>\r\n\t<\/section>\r\n<!-- END Block FAQ -->","protected":false},"excerpt":{"rendered":"<p>Intercom-l\u00f8sninger BAS-IP er f\u00f8rende inden for levering af avancerede intercom-l\u00f8sninger til forskellige industrier, der tilbyder enest\u00e5ende sikkerheds- og kommunikationsoplevelser. I denne artikel udforsker vi seks overbevisende intercom-casestudier, der demonstrerer alsidigheden og effektiviteten af BAS-IP&#8217;s produkter i forskellige milj\u00f8er. Fra flerboligbyggerier til hospitalsfaciliteter fremh\u00e6ver disse casestudier den transformative kraft af BAS-IP intercom-systemer. Disse intercom-casestudier viser den [&hellip;]<\/p>","protected":false},"author":1,"featured_media":0,"parent":0,"menu_order":0,"comment_status":"closed","ping_status":"closed","template":"","meta":{"inline_featured_image":false,"footnotes":""},"class_list":["post-133059","page","type-page","status-publish","hentry"],"acf":[],"_links":{"self":[{"href":"https:\/\/bas-ip.com\/da\/wp-json\/wp\/v2\/pages\/133059","targetHints":{"allow":["GET"]}}],"collection":[{"href":"https:\/\/bas-ip.com\/da\/wp-json\/wp\/v2\/pages"}],"about":[{"href":"https:\/\/bas-ip.com\/da\/wp-json\/wp\/v2\/types\/page"}],"author":[{"embeddable":true,"href":"https:\/\/bas-ip.com\/da\/wp-json\/wp\/v2\/users\/1"}],"replies":[{"embeddable":true,"href":"https:\/\/bas-ip.com\/da\/wp-json\/wp\/v2\/comments?post=133059"}],"version-history":[{"count":3,"href":"https:\/\/bas-ip.com\/da\/wp-json\/wp\/v2\/pages\/133059\/revisions"}],"predecessor-version":[{"id":133123,"href":"https:\/\/bas-ip.com\/da\/wp-json\/wp\/v2\/pages\/133059\/revisions\/133123"}],"wp:attachment":[{"href":"https:\/\/bas-ip.com\/da\/wp-json\/wp\/v2\/media?parent=133059"}],"curies":[{"name":"wp","href":"https:\/\/api.w.org\/{rel}","templated":true}]}}