{"id":131205,"date":"2025-02-19T15:47:09","date_gmt":"2025-02-19T15:47:09","guid":{"rendered":"https:\/\/bas-ip.com\/intercom-migration-to-link\/"},"modified":"2025-02-24T11:18:29","modified_gmt":"2025-02-24T11:18:29","slug":"intercom-migration-to-link","status":"publish","type":"page","link":"https:\/\/bas-ip.com\/da\/intercom-migration-to-link\/","title":{"rendered":"Intercom-migration til Link"},"content":{"rendered":"<h2 data-sourcepos=\"1:1-1:55\">Intercom flytter til Link: Hvad betyder det for dig?<\/h2>\n<p data-sourcepos=\"3:1-3:291\">Fra den 4. marts 2025 vil Intercom-appen til Android ikke l\u00e6ngere v\u00e6re tilg\u00e6ngelig i Google Play Butik. Webversionen og iOS-appen vil dog fortsat fungere uden \u00e6ndringer, og Intercom-serverne vil forblive aktive for at sikre stabilitet og adgang til dine data, indtil serversupporten oph\u00f8rer.<\/p>\n<p data-sourcepos=\"5:1-5:239\">Vi inviterer dig til at skifte til Link &#8211; en kraftfuld l\u00f8sning designet til din bekvemmelighed. Platformen tilbyder avancerede administrationsfunktioner, et h\u00f8jt niveau af stabilitet og sikkerhed, der opfylder de nyeste industristandarder.<\/p>\n<p data-sourcepos=\"7:1-7:174\">Vi forst\u00e5r, at denne \u00e6ndring kan rejse sp\u00f8rgsm\u00e5l, s\u00e5 vi har udarbejdet detaljerede instruktioner og omfattende support for at g\u00f8re overgangen s\u00e5 glat og ubesv\u00e6ret som muligt.<\/p>\n<h2 data-sourcepos=\"9:1-9:38\">Hvorfor foretager vi denne \u00e6ndring?<\/h2>\n<p data-sourcepos=\"11:1-11:385\">Vores beslutning om at overg\u00e5 til Link er drevet af behovet for at give dig bedre servicekvalitet og moderne v\u00e6rkt\u00f8jer til enhedsadministration. Intercom-appen til Android er for\u00e6ldet og opfylder ikke l\u00e6ngere de nuv\u00e6rende krav. I stedet for at opdatere den gamle platform valgte vi at udvikle en mere kraftfuld og brugervenlig l\u00f8sning, der s\u00e6tter en ny standard for din bekvemmelighed.<\/p>\n<h2 data-sourcepos=\"13:1-13:16\">Hvad er Link?<\/h2>\n<p data-sourcepos=\"15:1-15:217\">Link er en platform designet til dem, der v\u00e6rds\u00e6tter bekvemmelighed og p\u00e5lidelighed. Den erstatter Intercom og tilbyder flere funktioner, et forbedret design og langsigtet support. Her er hvad du kan forvente af Link:<\/p>\n<ul data-sourcepos=\"17:1-21:0\">\n<li data-sourcepos=\"17:1-17:98\"><strong>Redesignet interface:<\/strong> Et enkelt og intuitivt design skabt til en problemfri brugeroplevelse.<\/li>\n<li data-sourcepos=\"18:1-18:119\"><strong>Support til moderne enheder:<\/strong> Link er kompatibel med de nyeste operativsystemer og integreres med nye teknologier.<\/li>\n<li data-sourcepos=\"19:1-19:134\"><strong>Avancerede funktioner:<\/strong> Adgangsstyring, sikkerhed og fleksibel enhedskonfiguration &#8211; alt sammen tilg\u00e6ngeligt p\u00e5 den nye platform.<\/li>\n<li data-sourcepos=\"20:1-21:0\"><strong>Stabilitet og p\u00e5lidelighed:<\/strong> Bygget til at h\u00e5ndtere store belastninger, hvilket sikrer uafbrudt ydeevne.<\/li>\n<\/ul>\n<h2 data-sourcepos=\"22:1-22:37\">Hvordan vil overgangen finde sted?<\/h2>\n<p data-sourcepos=\"24:1-24:358\">Vi har gjort overgangsprocessen s\u00e5 problemfri som muligt. Aktive Intercom-konti migreres automatisk til Link-platformen, og brugerne modtager Basic-version-licenser svarende til antallet af SIP-numre p\u00e5 deres konto. Processen er designet til at minimere eventuelle potentielle vanskeligheder og samtidig sikre adgang til alle tilg\u00e6ngelige platformfunktioner.<\/p>\n<p data-sourcepos=\"26:1-26:46\">For ejendomsejere vil overgangen v\u00e6re ligetil:<\/p>\n<ol data-sourcepos=\"28:1-30:0\">\n<li data-sourcepos=\"28:1-28:60\">Opret din konto og tilslut intercom-enheder til serveren.<\/li>\n<li data-sourcepos=\"29:1-30:0\">Udfyld en tabel med beboeroplysninger og upload den til systemet.<\/li>\n<\/ol>\n<p data-sourcepos=\"31:1-31:135\">Systemet h\u00e5ndterer resten: Det opretter brugerkonti, sender invitationer, konfigurerer intercom-enheder og giver adgang til platformen.<\/p>\n<p data-sourcepos=\"33:1-33:112\">Beboerne skal kun gennemf\u00f8re registreringen via invitationen &#8211; og de kan straks begynde at bruge det nye system.<\/p>\n<h2 data-sourcepos=\"35:1-35:28\">Hvad platformen vil g\u00f8re:<\/h2>\n<ul data-sourcepos=\"37:1-40:0\">\n<li data-sourcepos=\"37:1-37:78\">Automatisk linke brugerkonti til deres enheder og give adgang til tjenesten.<\/li>\n<li data-sourcepos=\"38:1-38:98\">Konfigurere intercom-integration, herunder synkronisering af telefonbog, hvis det er n\u00f8dvendigt.<\/li>\n<li data-sourcepos=\"39:1-40:0\">Behandle data og udstede Basic-version-licenser til Link.<\/li>\n<\/ul>\n<p data-sourcepos=\"41:1-41:171\">For mere komplekse tilf\u00e6lde, f.eks. arbejde med \u00e6ldre enheder eller manuel overf\u00f8rsel af data, har vi udviklet v\u00e6rkt\u00f8jer til at hj\u00e6lpe partnere med at str\u00f8mline processen.<\/p>\n<h2 data-sourcepos=\"43:1-43:29\">Hvad er fordelene for dig?<\/h2>\n<p data-sourcepos=\"45:1-45:102\">For at g\u00f8re overgangen s\u00e5 gavnlig som muligt tilbyder Link-platformen en bred vifte af nye funktioner:<\/p>\n<p data-sourcepos=\"47:1-47:19\"><strong>Adgangsstyring:<\/strong><\/p>\n<ul data-sourcepos=\"49:1-50:0\">\n<li data-sourcepos=\"49:1-50:0\">Fuld kontrol over bygningsadgang via mobilappen, herunder fjernopl\u00e5sning af d\u00f8re og administration af g\u00e6steadgang.<\/li>\n<\/ul>\n<p data-sourcepos=\"51:1-51:38\"><strong>Forbedrede interaktionsfunktioner:<\/strong><\/p>\n<ul data-sourcepos=\"53:1-54:0\">\n<li data-sourcepos=\"53:1-54:0\">Integration med moderne enheder som Apple Watch og Siri, administration af familieh\u00e6ndelser og booking af v\u00e6relser via platformen.<\/li>\n<\/ul>\n<p data-sourcepos=\"55:1-55:27\"><strong>Logning og overv\u00e5gning:<\/strong><\/p>\n<ul data-sourcepos=\"57:1-58:0\">\n<li data-sourcepos=\"57:1-58:0\">Se opkaldshistorik, adgangslogfiler og administrer tidsplaner og begr\u00e6nsninger.<\/li>\n<\/ul>\n<p data-sourcepos=\"59:1-59:30\"><strong>Modularitet og tilpasning:<\/strong><\/p>\n<ul data-sourcepos=\"61:1-62:0\">\n<li data-sourcepos=\"61:1-62:0\">Opret rum til boliger og erhvervsejendomme, konfigurer fleksible viderestillingsregler for opkald og administrer telefonb\u00f8ger.<\/li>\n<\/ul>\n<p data-sourcepos=\"63:1-63:34\"><strong>Avancerede telefonifunktioner:<\/strong><\/p>\n<ul data-sourcepos=\"65:1-66:0\">\n<li data-sourcepos=\"65:1-66:0\">Support til SIP-trunk, virtuelle numre og softphone-funktionalitet til problemfri kommunikation.<\/li>\n<\/ul>\n<p data-sourcepos=\"67:1-67:24\"><strong>Sikkerhedsv\u00e6rkt\u00f8jer:<\/strong><\/p>\n<ul data-sourcepos=\"69:1-70:0\">\n<li data-sourcepos=\"69:1-70:0\">Integration med n\u00f8dopkaldsenheder, administration af elevatoradgang og kontrol over begr\u00e6nsede omr\u00e5der.<\/li>\n<\/ul>\n<h2 data-sourcepos=\"71:1-71:35\">Hvordan underretter vi brugerne?<\/h2>\n<p data-sourcepos=\"73:1-73:86\">Vi har forberedt en r\u00e6kke meddelelser for at guide dig gennem hvert trin i overgangen:<\/p>\n<ul data-sourcepos=\"75:1-79:0\">\n<li data-sourcepos=\"75:1-75:144\"><strong>Informationsmails:<\/strong> Du modtager e-mails med detaljer om \u00e6ndringerne, overgangs tidslinje, Link-fordele og trinvise migrationsinstruktioner.<\/li>\n<li data-sourcepos=\"76:1-76:132\"><strong>Registreringsinvitationer:<\/strong> Efter datamigrering modtager du en invitation til at fuldf\u00f8re din registrering p\u00e5 den nye platform.<\/li>\n<li data-sourcepos=\"77:1-77:141\"><strong>P\u00e5mindelser:<\/strong> Om n\u00f8dvendigt sender vi p\u00e5mindelser for at sikre, at du fuldf\u00f8rer ops\u00e6tningen og begynder at bruge Link uden forsinkelser.<\/li>\n<li data-sourcepos=\"78:1-79:0\"><strong>Brugersupport:<\/strong> Vores team er tilg\u00e6ngeligt for at besvare dine sp\u00f8rgsm\u00e5l via e-mail og andre supportkanaler.<\/li>\n<\/ul>\n<h2 data-sourcepos=\"80:1-80:57\">Migrering fra Intercom til Link: En trinvis vejledning<\/h2>\n<p data-sourcepos=\"82:1-82:285\">For at sikre en j\u00e6vn overgang modtager du en invitation til at deltage i den nye Link-server mellem den 20. og 25. februar. Denne invitation sendes til den e-mailadresse, du brugte til at registrere dig hos Intercom. Tjek venligst din indbakke (og spam-mappe) i l\u00f8bet af denne periode.<\/p>\n<h2 data-sourcepos=\"84:1-84:27\">Kom godt i gang med Link<\/h2>\n<ol data-sourcepos=\"86:1-90:0\">\n<li data-sourcepos=\"86:1-86:100\"><strong>Accepter invitationen:<\/strong> Klik p\u00e5 linket i invitationsmailen for at f\u00e5 adgang til Link-serveren.<\/li>\n<li data-sourcepos=\"87:1-87:95\"><strong>Opret en adgangskode:<\/strong> Du bliver bedt om at oprette en ny adgangskode til din Link-konto.<\/li>\n<li data-sourcepos=\"88:1-88:154\"><strong>Log ind:<\/strong> N\u00e5r du har oprettet din adgangskode, kan du logge ind p\u00e5 Link-serveren ved hj\u00e6lp af din registrerede e-mailadresse og din nye adgangskode.<\/li>\n<li data-sourcepos=\"89:1-90:0\"><strong>F\u00f8lg installationsvejledningen:<\/strong> Efter login bliver du guidet gennem installationsprocessen. Instruktionerne varierer afh\u00e6ngigt af din brugertype og udstyr.<\/li>\n<\/ol>\n<h2 data-sourcepos=\"91:1-91:33\">Brugerspecifikke instruktioner<\/h2>\n<p data-sourcepos=\"93:1-93:121\">For at g\u00f8re migrationsprocessen s\u00e5 let som muligt har vi leveret detaljerede instruktioner til forskellige brugergrupper:<\/p>\n<p data-sourcepos=\"95:1-95:13\"><strong>Partnere<\/strong><strong style=\"font-size: revert; color: initial;\">:<\/strong><\/p>\n<div id=\"model-response-message-contentr_7cc64dd4d44cdcb4\" class=\"markdown markdown-main-panel\" dir=\"ltr\">\n<ul>\n<li><a href=\"https:\/\/basip.atlassian.net\/wiki\/spaces\/migrationtothelink\/pages\/354812908\" target=\"_blank\" rel=\"noopener\">Ejere af nyt udstyr eller de, der er ansvarlige for dets ops\u00e6tning<\/a><\/li>\n<li><a href=\"https:\/\/basip.atlassian.net\/wiki\/spaces\/migrationtothelink\/pages\/354713882\" target=\"_blank\" rel=\"noopener\">Ejere af gammelt udstyr (eller de, der er ansvarlige for dets ops\u00e6tning), der ikke kan tilsluttes den nye Link-server<\/a><\/li>\n<li><a style=\"font-size: revert;\" href=\"https:\/\/basip.atlassian.net\/wiki\/spaces\/migrationtothelink\/pages\/354877460\" target=\"_blank\" rel=\"noopener\">Ejere af gammelt udstyr (eller de, der er ansvarlige for dets ops\u00e6tning), der underst\u00f8tter forbindelse til den nye Link-server<\/a><\/li>\n<\/ul>\n<p><strong>Beboere i boligkomplekser eller private kunder:<\/strong><\/p>\n<ul>\n<li><a href=\"https:\/\/basip.atlassian.net\/wiki\/spaces\/migrationtothelink\/pages\/354713902\" target=\"_blank\" rel=\"noopener\">Intercom-brugere, der ikke har et intercom, men har en mobilapp<\/a><\/li>\n<li><a href=\"https:\/\/basip.atlassian.net\/wiki\/spaces\/migrationtothelink\/pages\/354713892\" target=\"_blank\" rel=\"noopener\">Intercom-brugere, der har b\u00e5de et intercom og en mobilapp<\/a><\/li>\n<\/ul>\n<p data-sourcepos=\"1:1-1:211\">Vi opfordrer dig til at gennemg\u00e5 de instruktioner, der er relevante for din brugertype og udstyr. Hvis du har sp\u00f8rgsm\u00e5l eller brug for hj\u00e6lp under migrationsprocessen, t\u00f8v ikke med at kontakte vores supportteam.<\/p>\n<p data-sourcepos=\"3:1-3:122\">Vi er overbeviste om, at du vil nyde den forbedrede kommunikationsoplevelse, som Link giver. Tak for din fortsatte st\u00f8tte!<\/p>\n<p data-sourcepos=\"5:1-5:19\">Velkommen til Link!<\/p>\n<\/div>\n\n<!-- START Block Sign Up --><section id=\"block_629678229e935\" class=\"sign-up-section\">\r\n\r\n    <div class=\"form-holder js-form\" data-aos=\"fade-right\">\r\n                    <div class=\"title-block h3\">Sign up for connection<\/div>\r\n        \r\n                    <div class=\"text-block\">\r\n                Filling out all the information needed to answer you as quickly as possible            <\/div>\r\n        \r\n                    \n<div class=\"wpcf7 no-js\" id=\"wpcf7-f102-o1\" lang=\"en-US\" dir=\"ltr\">\n<div class=\"screen-reader-response\"><p role=\"status\" aria-live=\"polite\" aria-atomic=\"true\"><\/p> <ul><\/ul><\/div>\n<form action=\"\/da\/wp-json\/wp\/v2\/pages\/131205#wpcf7-f102-o1\" method=\"post\" class=\"wpcf7-form init\" aria-label=\"Contact form\" enctype=\"multipart\/form-data\" novalidate=\"novalidate\" data-status=\"init\">\n<div style=\"display: none;\">\n<input type=\"hidden\" name=\"_wpcf7\" value=\"102\" \/>\n<input type=\"hidden\" name=\"_wpcf7_version\" value=\"5.8.3\" \/>\n<input type=\"hidden\" name=\"_wpcf7_locale\" value=\"en_US\" \/>\n<input type=\"hidden\" name=\"_wpcf7_unit_tag\" value=\"wpcf7-f102-o1\" \/>\n<input type=\"hidden\" name=\"_wpcf7_container_post\" value=\"0\" \/>\n<input type=\"hidden\" name=\"_wpcf7_posted_data_hash\" value=\"\" \/>\n<input type=\"hidden\" name=\"_wpcf7_recaptcha_response\" value=\"\" \/>\n<\/div>\n<div class=\"row\"> \n <label><span class=\"label-text\">Name<\/span> \n  <span class=\"wpcf7-form-control-wrap\" data-name=\"text-full-name\"><input size=\"40\" class=\"wpcf7-form-control wpcf7-text wpcf7-validates-as-required\" aria-required=\"true\" aria-invalid=\"false\" placeholder=\"Name\" value=\"\" type=\"text\" name=\"text-full-name\" \/><\/span><\/label> \n<\/div> \n<div class=\"row\"> \n <label><span class=\"label-text\">Phone*<\/span> \n<span class=\"wpcf7-form-control-wrap\" data-name=\"phonetext-270\"><input size=\"40\" class=\"wpcf7-form-control wpcf7-phonetext wpcf7-validates-as-required wpcf7-text wpcf7-validates-as-phonetext\" aria-required=\"true\" aria-invalid=\"false\" placeholder=\"Phone*\" value=\"\" type=\"text\" name=\"phonetext-270\" \/><input type=\"hidden\" name=\"phonetext-270-country-code\" class=\"wpcf7-phonetext-country-code\" \/><\/span><\/label> \n<\/div> \n<div class=\"row\"> \n <label><span class=\"label-text\">E-mail<\/span> \n  <span class=\"wpcf7-form-control-wrap\" data-name=\"email-e-mail\"><input size=\"40\" class=\"wpcf7-form-control wpcf7-email wpcf7-validates-as-required wpcf7-text wpcf7-validates-as-email\" aria-required=\"true\" aria-invalid=\"false\" placeholder=\"E-mail\" value=\"\" type=\"email\" name=\"email-e-mail\" \/><\/span><\/label> \n<\/div> \n<div class=\"row\"><span>Your country<\/span> \n <label><span class=\"wpcf7-form-control-wrap\" data-name=\"countrytext-126\"><input size=\"40\" class=\"wpcf7-form-control wpcf7-countrytext wpcf7-text wpcf7-validates-as-countrytext\" aria-invalid=\"false\" value=\"\" type=\"text\" name=\"countrytext-126\" \/><\/span> <\/label>\n<\/div> \n<div class=\"row\"> \n <button type=\"submit\" class=\"btn\">Send<\/button> \n<\/div> \n<div class=\"row\"> \n <span class=\"wpcf7-form-control-wrap\" data-name=\"checkbox-931\"><span class=\"wpcf7-form-control wpcf7-checkbox\"><span class=\"wpcf7-list-item first\"><label><input type=\"checkbox\" name=\"checkbox-931[]\" value=\"Integrator\" \/><span class=\"wpcf7-list-item-label\">Integrator<\/span><\/label><\/span><span class=\"wpcf7-list-item\"><label><input type=\"checkbox\" name=\"checkbox-931[]\" value=\"Builder\" \/><span class=\"wpcf7-list-item-label\">Builder<\/span><\/label><\/span><span class=\"wpcf7-list-item last\"><label><input type=\"checkbox\" name=\"checkbox-931[]\" value=\"End-User\" \/><span class=\"wpcf7-list-item-label\">End-User<\/span><\/label><\/span><\/span><\/span> \n<\/div> \n<div class=\"row row-upload-file\"> \n <label class=\"upload-file-block js-upload-file\">Attach file \n  <span class=\"wpcf7-form-control-wrap\" data-name=\"file-466\"><input size=\"40\" class=\"wpcf7-form-control wpcf7-file\" accept=\"audio\/*,video\/*,image\/*\" aria-invalid=\"false\" type=\"file\" name=\"file-466\" \/><\/span><\/label> \n<\/div><input type='hidden' class='wpcf7-pum' value='{\"closepopup\":false,\"closedelay\":0,\"openpopup\":false,\"openpopup_id\":0}' \/><div class=\"wpcf7-response-output\" aria-hidden=\"true\"><\/div>\n<\/form>\n<\/div>\n            <\/div>\r\n\r\n\t\t    <div class=\"text-holder\" data-aos=\"fade-left\">\r\n\t\t\t\t\t\t    <h3 class=\"title-block\">How Can We Help?<\/h3>\r\n\t\t\t\r\n\t\t\t                <div class=\"text-block\">\r\n                    Please select a topic below related to your inquiry. If you don&#8217;t find what you need, fill out our contact form.                <\/div>\r\n\t\t\t\r\n\t\t\t\t\t\t    <ul class=\"link-list\">\r\n\t\t\t\t\t\t\t\t\t\t\t\t\t\t\t\t\t\t<li>\r\n\t\t\t\t\t\t\t\t\t\t\t\t\t\t\t\t    <strong>Get Inspired<\/strong>\r\n\t\t\t\t\t\t\t\t\t\t\t\t\t\t\t\t\t\t\t\t\t\t\t\t    <a href=\"\/features\/\">\r\n\t\t\t\t\t\t\t\t        Discover what&#8217;s beneath our intercom\t\t\t\t\t\t\t\t    <\/a>\r\n\t\t\t\t\t\t\t\t\t\t\t\t\t\t\t<\/li>\r\n\t\t\t\t\t\t\t\t\t\t\t\t\t\t\t\t\t\t\t\t\t\t\t\t<li>\r\n\t\t\t\t\t\t\t\t\t\t\t\t\t\t\t\t    <strong>Become a Partner<\/strong>\r\n\t\t\t\t\t\t\t\t\t\t\t\t\t\t\t\t\t\t\t\t\t\t\t\t    <a href=\"\/distributors\/\">\r\n\t\t\t\t\t\t\t\t        Expand your business with BAS-IP intercom\t\t\t\t\t\t\t\t    <\/a>\r\n\t\t\t\t\t\t\t\t\t\t\t\t\t\t\t<\/li>\r\n\t\t\t\t\t\t\t\t\t\t\t\t\t\t\t\t\t\t\t\t\t\t\t\t<li>\r\n\t\t\t\t\t\t\t\t\t\t\t\t\t\t\t\t    <strong>Check the Guides<\/strong>\r\n\t\t\t\t\t\t\t\t\t\t\t\t\t\t\t\t\t\t\t\t\t\t\t\t    <a href=\"\/support\/\">\r\n\t\t\t\t\t\t\t\t        Download detailed manuals and schemes\t\t\t\t\t\t\t\t    <\/a>\r\n\t\t\t\t\t\t\t\t\t\t\t\t\t\t\t<\/li>\r\n\t\t\t\t\t\t\t\t\t\t\t\t\t\t\t<\/ul>\r\n\t\t\t\r\n\t\t\t\t\t\t    <h3 class=\"title-block\">Our contacts<\/h3>\r\n\t\t\t\r\n\t\t\t\t\t\t\t<ul class=\"contact-list\">\r\n\t\t\t\t\t\t\t\t\t\t\t\t\t\t\t\t\t\t<li>\r\n\t\t\t\t\t\t\t\t\t\t\t\t\t\t\t\t\t<strong>Sales:<\/strong>\r\n\t\t\t\t\t\t\t\t\t\t\t\t\t\t\t\t\t\t\t\t\t\t\t\t    <a href=\"mailto:s&#97;&#108;&#101;s&#64;&#98;&#97;&#115;-i&#112;&#46;c&#111;m\">&#115;a&#108;&#101;&#115;&#64;&#98;as&#45;&#105;p&#46;com<\/a>\r\n\t\t\t\t\t\t\t\t\t\t\t\t\t\t\t<\/li>\r\n\t\t\t\t\t\t\t\t\t\t\t\t\t\t\t\t\t\t\t\t\t\t\t\t<li>\r\n\t\t\t\t\t\t\t\t\t\t\t\t\t\t\t\t\t<strong>Technical support:<\/strong>\r\n\t\t\t\t\t\t\t\t\t\t\t\t\t\t\t\t\t\t\t\t\t\t\t\t    <a href=\"mailto:&#115;upp&#111;&#114;t&#64;b&#97;&#115;-i&#112;.&#99;o&#109;\">su&#112;po&#114;&#116;&#64;&#98;&#97;&#115;&#45;i&#112;.c&#111;&#109;<\/a>\r\n\t\t\t\t\t\t\t\t\t\t\t\t\t\t\t<\/li>\r\n\t\t\t\t\t\t\t\t\t\t\t\t\t\t\t<\/ul>\r\n\t\t\t\t\t<\/div>\r\n\t<\/section>\r\n\r\n\r\n\r\n<!-- END Block Sign Up -->","protected":false},"excerpt":{"rendered":"<p>Intercom flytter til Link: Hvad betyder det for dig? Fra den 4. marts 2025 vil Intercom-appen til Android ikke l\u00e6ngere v\u00e6re tilg\u00e6ngelig i Google Play Butik. Webversionen og iOS-appen vil dog fortsat fungere uden \u00e6ndringer, og Intercom-serverne vil forblive aktive for at sikre stabilitet og adgang til dine data, indtil serversupporten oph\u00f8rer. Vi inviterer dig [&hellip;]<\/p>","protected":false},"author":1,"featured_media":0,"parent":0,"menu_order":0,"comment_status":"closed","ping_status":"closed","template":"","meta":{"inline_featured_image":false,"footnotes":""},"class_list":["post-131205","page","type-page","status-publish","hentry"],"acf":[],"_links":{"self":[{"href":"https:\/\/bas-ip.com\/da\/wp-json\/wp\/v2\/pages\/131205","targetHints":{"allow":["GET"]}}],"collection":[{"href":"https:\/\/bas-ip.com\/da\/wp-json\/wp\/v2\/pages"}],"about":[{"href":"https:\/\/bas-ip.com\/da\/wp-json\/wp\/v2\/types\/page"}],"author":[{"embeddable":true,"href":"https:\/\/bas-ip.com\/da\/wp-json\/wp\/v2\/users\/1"}],"replies":[{"embeddable":true,"href":"https:\/\/bas-ip.com\/da\/wp-json\/wp\/v2\/comments?post=131205"}],"version-history":[{"count":2,"href":"https:\/\/bas-ip.com\/da\/wp-json\/wp\/v2\/pages\/131205\/revisions"}],"predecessor-version":[{"id":131496,"href":"https:\/\/bas-ip.com\/da\/wp-json\/wp\/v2\/pages\/131205\/revisions\/131496"}],"wp:attachment":[{"href":"https:\/\/bas-ip.com\/da\/wp-json\/wp\/v2\/media?parent=131205"}],"curies":[{"name":"wp","href":"https:\/\/api.w.org\/{rel}","templated":true}]}}