{"id":123027,"date":"2023-03-31T12:50:05","date_gmt":"2023-03-31T12:50:05","guid":{"rendered":"https:\/\/bas-ip.com\/?page_id=123027"},"modified":"2025-03-14T09:45:22","modified_gmt":"2025-03-14T09:45:22","slug":"elevator-lift","status":"publish","type":"page","link":"https:\/\/bas-ip.com\/da\/elevator\/","title":{"rendered":"Elevator"},"content":{"rendered":"<h1 class=\"wp-block-heading\"><strong>Elevator-intercom baseret p\u00e5 IP-teknologi<\/strong><\/h1>\n\n\n\n<p>I en verden, der hele tiden er forbundet, er kommunikation blevet altafg\u00f8rende. Det g\u00e6lder is\u00e6r i milj\u00f8er, hvor sikkerhed og tilg\u00e6ngelighed er afg\u00f8rende, som f.eks. i elevatorer. Elevatorens samtaleanl\u00e6g spiller en afg\u00f8rende rolle for passagerernes velbefindende og bliver i stigende grad betragtet som en obligatorisk funktion. Lad os dykke ned i fordelene ved at bruge BAS-IP IP-baserede samtaleanl\u00e6g til elevatorer, og hvordan de revolutionerer elevatoroplevelsen.<\/p>\n\n\n<!-- START Block Features --><section id=\"block_6437d003aff43\" class=\"features-section\">\r\n\t\r\n    <div class=\"features-list\">\r\n                    <div class=\"features-item\" data-aos=\"fade-up\">\r\n    <div class=\"features-box\">\r\n                    <div class=\"image-holder\">\r\n                <img loading=\"lazy\" decoding=\"async\" width=\"350\" height=\"320\" src=\"https:\/\/bas-ip.com\/wp-content\/uploads\/2023\/04\/1-6-350x320.jpg\" class=\"attachment-thumbnail_350x320 size-thumbnail_350x320\" alt=\"\" \/>            <\/div>\r\n        \r\n        <div class=\"text-holder\">\r\n                        <h3 class=\"title-block\">Behovet for samtaleanl\u00e6g i elevatorer<\/h3>\r\n          \r\n                        <div class=\"text-block\">\r\n                <p>Elevatorintercom fungerer som en livline for passagerer i tilf\u00e6lde af n\u00f8dsituationer eller tekniske problemer. De giver en direkte kommunikationskanal til bygningsledelsen eller alarmcentralen og sikrer hurtig hj\u00e6lp, n\u00e5r der er brug for det. Derfor er et p\u00e5lideligt og effektivt samtaleanl\u00e6g i elevatorer afg\u00f8rende for at opretholde sikkerhedsstandarder og berolige passagererne.<\/p>\n              <\/div>\r\n                  <\/div>\r\n    <\/div>\r\n<\/div>\r\n                    <div class=\"features-item\" data-aos=\"fade-up\">\r\n    <div class=\"features-box\">\r\n                    <div class=\"image-holder\">\r\n                <img loading=\"lazy\" decoding=\"async\" width=\"350\" height=\"320\" src=\"https:\/\/bas-ip.com\/wp-content\/uploads\/2023\/04\/2-6-350x320.jpg\" class=\"attachment-thumbnail_350x320 size-thumbnail_350x320\" alt=\"\" \/>            <\/div>\r\n        \r\n        <div class=\"text-holder\">\r\n                        <h3 class=\"title-block\">IP-baserede samtaleanl\u00e6g: Et skridt over traditionelle systemer<\/h3>\r\n          \r\n                        <div class=\"text-block\">\r\n                <p>Traditionelle analoge samtaleanl\u00e6g har v\u00e6ret standarden i mange \u00e5r. Men fremkomsten af IP-baserede l\u00f8sninger, som udnytter internetprotokollen (IP) og Session Initiation Protocol (SIP), har medf\u00f8rt et paradigmeskift i den m\u00e5de, vi kommunikerer p\u00e5 i elevatorer.<\/p>\n              <\/div>\r\n                  <\/div>\r\n    <\/div>\r\n<\/div>\r\n                    <div class=\"features-item\" data-aos=\"fade-up\">\r\n    <div class=\"features-box\">\r\n                    <div class=\"image-holder\">\r\n                <img loading=\"lazy\" decoding=\"async\" width=\"350\" height=\"320\" src=\"https:\/\/bas-ip.com\/wp-content\/uploads\/2023\/04\/3-6-350x320.jpg\" class=\"attachment-thumbnail_350x320 size-thumbnail_350x320\" alt=\"\" \/>            <\/div>\r\n        \r\n        <div class=\"text-holder\">\r\n                        <h3 class=\"title-block\">Partnerskab med globale elevatorproducenter<\/h3>\r\n          \r\n                        <div class=\"text-block\">\r\n                <p>BAS-IP har etableret partnerskaber med f\u00f8rende elevatorproducenter, s\u00e5som Kone, for at sikre problemfri integration med deres produkter. Dette samarbejde muligg\u00f8r fuld kontrol af Kone-elevatorer fra BAS-IP-intercoms installeret i lejligheder, hvilket skaber en sammenh\u00e6ngende og str\u00f8mlinet brugeroplevelse.<\/p>\n              <\/div>\r\n                  <\/div>\r\n    <\/div>\r\n<\/div>\r\n            <\/div>\r\n<\/section>\r\n<!-- END Block Features -->\n\n\n<h2 class=\"wp-block-heading\"><strong>Fordele ved BAS-IP Lift Intercoms<\/strong><\/h2>\n\n\n\n<p>Sammenlignet med traditionelle analoge systemer giver IP-baserede elevatorintercoms, som BAS-IP-l\u00f8sningen, flere fordele:<\/p>\n\n\n<!-- START Block Features --><section id=\"block_6437d09daff47\" class=\"features-section\">\r\n\t\r\n    <div class=\"features-list\">\r\n                    <div class=\"features-item\" data-aos=\"fade-up\">\r\n    <div class=\"features-box\">\r\n                    <div class=\"image-holder\">\r\n                <img loading=\"lazy\" decoding=\"async\" width=\"350\" height=\"320\" src=\"https:\/\/bas-ip.com\/wp-content\/uploads\/2023\/04\/4-6-350x320.jpg\" class=\"attachment-thumbnail_350x320 size-thumbnail_350x320\" alt=\"\" \/>            <\/div>\r\n        \r\n        <div class=\"text-holder\">\r\n                        <h3 class=\"title-block\">Forbedret lyd- og videokvalitet<\/h3>\r\n          \r\n                        <div class=\"text-block\">\r\n                <p>BAS-IP samtaleanl\u00e6g har indbyggede kameraer, der sikrer, at bygningsledelsen og sikkerhedspersonalet kan overv\u00e5ge elevatoraktiviteten i realtid. Denne funktion forbedrer ikke kun den overordnede sikkerhed i bygningen, men virker ogs\u00e5 afskr\u00e6kkende p\u00e5 potentielle forbrydere.<\/p>\n              <\/div>\r\n                  <\/div>\r\n    <\/div>\r\n<\/div>\r\n                    <div class=\"features-item\" data-aos=\"fade-up\">\r\n    <div class=\"features-box\">\r\n                    <div class=\"image-holder\">\r\n                <img loading=\"lazy\" decoding=\"async\" width=\"350\" height=\"320\" src=\"https:\/\/bas-ip.com\/wp-content\/uploads\/2023\/04\/5-6-350x320.jpg\" class=\"attachment-thumbnail_350x320 size-thumbnail_350x320\" alt=\"\" \/>            <\/div>\r\n        \r\n        <div class=\"text-holder\">\r\n                        <h3 class=\"title-block\">Ubegr\u00e6nset enheder og Concierge Terminal Support<\/h3>\r\n          \r\n                        <div class=\"text-block\">\r\n                <p>BAS-IP-l\u00f8sningen underst\u00f8tter et ubegr\u00e6nset antal enheder i et netv\u00e6rk, herunder integration af en portnerterminal. Denne skalerbarhed sikrer, at systemet kan vokse med bygningen og im\u00f8dekomme eventuelle \u00e6ndringer i kravene uden at g\u00e5 p\u00e5 kompromis med ydeevne eller p\u00e5lidelighed.<\/p>\n              <\/div>\r\n                  <\/div>\r\n    <\/div>\r\n<\/div>\r\n                    <div class=\"features-item\" data-aos=\"fade-up\">\r\n    <div class=\"features-box\">\r\n                    <div class=\"image-holder\">\r\n                <img loading=\"lazy\" decoding=\"async\" width=\"350\" height=\"320\" src=\"https:\/\/bas-ip.com\/wp-content\/uploads\/2023\/04\/6-5-350x320.jpg\" class=\"attachment-thumbnail_350x320 size-thumbnail_350x320\" alt=\"\" \/>            <\/div>\r\n        \r\n        <div class=\"text-holder\">\r\n                        <h3 class=\"title-block\">Nemmere installation og vedligeholdelse<\/h3>\r\n          \r\n                        <div class=\"text-block\">\r\n                <p>IP elevatorintercoms udnytter eksisterende netv\u00e6rksinfrastruktur, hvilket g\u00f8r dem enklere og mere omkostningseffektive at installere og vedligeholde.<\/p>\n<p>I dagens stadig mere forbundne verden kan behovet for effektiv og p\u00e5lidelig kommunikation i elevatorer ikke overvurderes. IP-baserede samtaleanl\u00e6g til elevatorer, som BAS-IP-l\u00f8sningen, har udviklet sig til den gyldne standard p\u00e5 dette omr\u00e5de og tilbyder mange fordele i forhold til traditionelle analoge systemer. Fra forbedret lyd- og videokvalitet til problemfri integration med andre bygningsstyringssystemer forvandler IP-intercoms elevatoroplevelsen til det bedre. Resultatet er, at bygningsejere, -administratorer og -brugere kan nyde godt af st\u00f8rre sikkerhed, bekvemmelighed og ro i sindet.<\/p>\n              <\/div>\r\n                  <\/div>\r\n    <\/div>\r\n<\/div>\r\n            <\/div>\r\n<\/section>\r\n<!-- END Block Features -->\n\n<!-- START Block FAQ --><section id=\"block_6426d69cbc4a0\" class=\"faq-section\">\r\n\t\t    <h2 class=\"title-section\" data-aos=\"fade-right\">Ofte stillede sp\u00f8rgsm\u00e5l<\/h2>\r\n\t\t\t    <div class=\"faq-list js-accordion\" data-aos=\"fade-up\">\r\n\t\t\t\t\t\t\t\t\t\t\t    <div class=\"accordion-item faq-item\">\r\n                        <div class=\"accordion-opener\">\r\n                            Q: Hvorfor betragtes elevatorsamtale som obligatoriske?                            <i class=\"fa-solid fa-chevron-down\"><\/i>\r\n                        <\/div>\r\n                        <div class=\"accordion-slide\">\r\n\t\t\t\t\t\t    <p>Elevatorintercoms betragtes som obligatoriske, fordi de giver en direkte kommunikationskanal mellem passagerer og bygningsledelse eller beredskabstjenester, hvilket sikrer rettidig hj\u00e6lp i n\u00f8dsituationer eller ved tekniske problemer.<\/p>\n                        <\/div>\r\n\t\t\t\t\t<\/div>\r\n\t\t\t\t\t\t\t\t\t\t\t\t\t\t\t    <div class=\"accordion-item faq-item\">\r\n                        <div class=\"accordion-opener\">\r\n                            Q: Hvad g\u00f8r IP-baserede elevator samtaleanl\u00e6g bedre end traditionelle analoge systemer?                            <i class=\"fa-solid fa-chevron-down\"><\/i>\r\n                        <\/div>\r\n                        <div class=\"accordion-slide\">\r\n\t\t\t\t\t\t    <p>IP-baserede elevatorintercoms, som BAS-IP-l\u00f8sningen, giver flere fordele i forhold til traditionelle analoge systemer, herunder forbedret lyd- og videokvalitet, skalerbarhed, nemmere installation og vedligeholdelse, indbyggede kamerafunktioner og problemfri integration med andre IP-baserede systemer.<\/p>\n                        <\/div>\r\n\t\t\t\t\t<\/div>\r\n\t\t\t\t\t\t\t\t\t\t\t\t\t\t\t    <div class=\"accordion-item faq-item\">\r\n                        <div class=\"accordion-opener\">\r\n                            Q: Hvordan forbedrer den indbyggede kamerafunktion i IP intercoms elevatorsikkerheden?                            <i class=\"fa-solid fa-chevron-down\"><\/i>\r\n                        <\/div>\r\n                        <div class=\"accordion-slide\">\r\n\t\t\t\t\t\t    <p>Den indbyggede kamerafunktion i IP-intercoms giver bygningsledelse og sikkerhedspersonale mulighed for at overv\u00e5ge elevatoraktivitet i realtid. Dette ekstra lag af sikkerhed kan virke afskr\u00e6kkende p\u00e5 potentielle forbrydere og giver visuelle beviser i tilf\u00e6lde af h\u00e6ndelser.<\/p>\n                        <\/div>\r\n\t\t\t\t\t<\/div>\r\n\t\t\t\t\t\t\t\t\t\t\t\t\t\t\t    <div class=\"accordion-item faq-item\">\r\n                        <div class=\"accordion-opener\">\r\n                            Q: Kan IP-baserede elevator samtaleanl\u00e6g fungere sammen med andre bygningsstyringssystemer?                            <i class=\"fa-solid fa-chevron-down\"><\/i>\r\n                        <\/div>\r\n                        <div class=\"accordion-slide\">\r\n\t\t\t\t\t\t    <p>Ja, IP-baserede elevatorintercoms er designet til at kunne integreres problemfrit med andre IP-baserede bygningsstyringssystemer. Det giver et mere sammenh\u00e6ngende og effektivt \u00f8kosystem for bygningsstyring, som forbedrer den generelle sikkerhed og bekvemmelighed.<\/p>\n                        <\/div>\r\n\t\t\t\t\t<\/div>\r\n\t\t\t\t\t\t\t\t\t\t\t\t\t\t\t    <div class=\"accordion-item faq-item\">\r\n                        <div class=\"accordion-opener\">\r\n                            Q: Hvordan gavner partnerskabet mellem BAS-IP og elevatorproducenter som Kone brugerne?                            <i class=\"fa-solid fa-chevron-down\"><\/i>\r\n                        <\/div>\r\n                        <div class=\"accordion-slide\">\r\n\t\t\t\t\t\t    <p>Partnerskabet mellem BAS-IP og elevatorproducenter som Kone muligg\u00f8r en problemfri integration af deres respektive produkter. Dette samarbejde giver mulighed for fuld kontrol af Kone-elevatorer fra BAS-IP-intercoms installeret i lejligheder, hvilket giver en sammenh\u00e6ngende og str\u00f8mlinet brugeroplevelse.<\/p>\n                        <\/div>\r\n\t\t\t\t\t<\/div>\r\n\t\t\t\t\t\t\t\t\t<\/div>\r\n\t<\/section>\r\n<!-- END Block FAQ -->","protected":false},"excerpt":{"rendered":"<p>Elevator-intercom baseret p\u00e5 IP-teknologi I en verden, der hele tiden er forbundet, er kommunikation blevet altafg\u00f8rende. Det g\u00e6lder is\u00e6r i milj\u00f8er, hvor sikkerhed og tilg\u00e6ngelighed er afg\u00f8rende, som f.eks. i elevatorer. Elevatorens samtaleanl\u00e6g spiller en afg\u00f8rende rolle for passagerernes velbefindende og bliver i stigende grad betragtet som en obligatorisk funktion. Lad os dykke ned i [&hellip;]<\/p>","protected":false},"author":3,"featured_media":0,"parent":0,"menu_order":0,"comment_status":"closed","ping_status":"closed","template":"","meta":{"inline_featured_image":false,"footnotes":""},"class_list":["post-123027","page","type-page","status-publish","hentry"],"acf":[],"_links":{"self":[{"href":"https:\/\/bas-ip.com\/da\/wp-json\/wp\/v2\/pages\/123027","targetHints":{"allow":["GET"]}}],"collection":[{"href":"https:\/\/bas-ip.com\/da\/wp-json\/wp\/v2\/pages"}],"about":[{"href":"https:\/\/bas-ip.com\/da\/wp-json\/wp\/v2\/types\/page"}],"author":[{"embeddable":true,"href":"https:\/\/bas-ip.com\/da\/wp-json\/wp\/v2\/users\/3"}],"replies":[{"embeddable":true,"href":"https:\/\/bas-ip.com\/da\/wp-json\/wp\/v2\/comments?post=123027"}],"version-history":[{"count":3,"href":"https:\/\/bas-ip.com\/da\/wp-json\/wp\/v2\/pages\/123027\/revisions"}],"predecessor-version":[{"id":133671,"href":"https:\/\/bas-ip.com\/da\/wp-json\/wp\/v2\/pages\/123027\/revisions\/133671"}],"wp:attachment":[{"href":"https:\/\/bas-ip.com\/da\/wp-json\/wp\/v2\/media?parent=123027"}],"curies":[{"name":"wp","href":"https:\/\/api.w.org\/{rel}","templated":true}]}}