{"id":122445,"date":"2024-05-15T14:21:12","date_gmt":"2024-05-15T14:21:12","guid":{"rendered":"https:\/\/bas-ip.com\/?page_id=122445"},"modified":"2024-11-05T14:21:13","modified_gmt":"2024-11-05T14:21:13","slug":"politik-for-support-af-firmware","status":"publish","type":"page","link":"https:\/\/bas-ip.com\/da\/politik-for-support-af-firmware\/","title":{"rendered":"Politik for support af firmware"},"content":{"rendered":"<p><strong>Vedligeholdelse af firmware<\/strong><\/p>\n\n\n\n<p id=\"block-8e298f04-4b20-4bae-8304-d3c74b284eeb\">BAS-IP kan efter eget sk\u00f8n give en grundl\u00e6ggende firmwaresupport i den g\u00e6ldende garantiperiode for hardwaren. I l\u00f8bet af garantiperioden kan BAS-IP frigive vedligeholdelsesudgivelser eller fejlrettelser til hardwaren.<\/p>\n\n\n\n<p id=\"block-b5e21feb-ef8d-4eab-9f36-f4e1618482a0\">N\u00e5r garantiperioden er udl\u00f8bet, vil BAS-IP ikke l\u00e6ngere udvikle, vedligeholde eller teste den p\u00e5g\u00e6ldende firmware. BAS-IP kan dog, efter eget valg og p\u00e5 produktbasis, tilbyde support efter udl\u00f8bet af garantiperioden. Al BAS-IP-firmware, herunder men ikke begr\u00e6nset til firmware, der leveres forudinstalleret p\u00e5 BAS-IP-hardware, og hvor hardware er underlagt RMA-service, leveres &#8220;som den er&#8221;.<\/p>\n\n\n\n<p>BAS-IP-firmware er ikke d\u00e6kket af BAS-IP-garantien.<\/p>\n\n\n\n<p><\/p>\n\n\n\n<p><\/p>","protected":false},"excerpt":{"rendered":"<p>Vedligeholdelse af firmware BAS-IP kan efter eget sk\u00f8n give en grundl\u00e6ggende firmwaresupport i den g\u00e6ldende garantiperiode for hardwaren. I l\u00f8bet af garantiperioden kan BAS-IP frigive vedligeholdelsesudgivelser eller fejlrettelser til hardwaren. N\u00e5r garantiperioden er udl\u00f8bet, vil BAS-IP ikke l\u00e6ngere udvikle, vedligeholde eller teste den p\u00e5g\u00e6ldende firmware. BAS-IP kan dog, efter eget valg og p\u00e5 produktbasis, tilbyde [&hellip;]<\/p>","protected":false},"author":3,"featured_media":0,"parent":0,"menu_order":0,"comment_status":"closed","ping_status":"closed","template":"","meta":{"inline_featured_image":false,"footnotes":""},"class_list":["post-122445","page","type-page","status-publish","hentry"],"acf":[],"_links":{"self":[{"href":"https:\/\/bas-ip.com\/da\/wp-json\/wp\/v2\/pages\/122445","targetHints":{"allow":["GET"]}}],"collection":[{"href":"https:\/\/bas-ip.com\/da\/wp-json\/wp\/v2\/pages"}],"about":[{"href":"https:\/\/bas-ip.com\/da\/wp-json\/wp\/v2\/types\/page"}],"author":[{"embeddable":true,"href":"https:\/\/bas-ip.com\/da\/wp-json\/wp\/v2\/users\/3"}],"replies":[{"embeddable":true,"href":"https:\/\/bas-ip.com\/da\/wp-json\/wp\/v2\/comments?post=122445"}],"version-history":[{"count":1,"href":"https:\/\/bas-ip.com\/da\/wp-json\/wp\/v2\/pages\/122445\/revisions"}],"predecessor-version":[{"id":122446,"href":"https:\/\/bas-ip.com\/da\/wp-json\/wp\/v2\/pages\/122445\/revisions\/122446"}],"wp:attachment":[{"href":"https:\/\/bas-ip.com\/da\/wp-json\/wp\/v2\/media?parent=122445"}],"curies":[{"name":"wp","href":"https:\/\/api.w.org\/{rel}","templated":true}]}}