{"id":121678,"date":"2024-02-14T09:43:47","date_gmt":"2024-02-14T09:43:47","guid":{"rendered":"https:\/\/bas-ip.com\/?page_id=121678"},"modified":"2024-11-04T16:59:35","modified_gmt":"2024-11-04T16:59:35","slug":"axis","status":"publish","type":"page","link":"https:\/\/bas-ip.com\/da\/axis\/","title":{"rendered":"Axis"},"content":{"rendered":"<div class=\"wp-block-image\">\n<figure class=\"aligncenter size-medium\"><img loading=\"lazy\" decoding=\"async\" width=\"300\" height=\"108\" src=\"https:\/\/bas-ip.com\/wp-content\/uploads\/2024\/02\/Axis_Communications_logo.svg-300x108.png\" alt=\"\" class=\"wp-image-108863\" srcset=\"https:\/\/bas-ip.com\/wp-content\/uploads\/2024\/02\/Axis_Communications_logo.svg-300x108.png 300w,  https:\/\/bas-ip.com\/wp-content\/uploads\/2024\/02\/Axis_Communications_logo.svg-1024x369.png 1024w,  https:\/\/bas-ip.com\/wp-content\/uploads\/2024\/02\/Axis_Communications_logo.svg-768x277.png 768w,  https:\/\/bas-ip.com\/wp-content\/uploads\/2024\/02\/Axis_Communications_logo.svg-767x276.png 767w,  https:\/\/bas-ip.com\/wp-content\/uploads\/2024\/02\/Axis_Communications_logo.svg.png 1280w\" sizes=\"auto, (max-width: 300px) 100vw, 300px\" \/><\/figure>\n<\/div>\n\n\n<p>Integrationen af BAS-IP samtaleanl\u00e6g med AXIS CCTV-kameraer, specielt til ALPR-funktionen (Automatic License Plate Recognition), indeb\u00e6rer en enkel, men effektiv ops\u00e6tning. Denne integration giver mulighed for problemfri drift og omkostningseffektivitet ved at eliminere behovet for professionel ALPR-software. Her er en detaljeret beskrivelse af, hvordan denne integration fungerer:<\/p>\n\n\n\n<p><strong>Oversigt over integration<\/strong><\/p>\n\n\n\n<p>M\u00e5ls\u00e6tning: At automatisere port\u00e5bning gennem nummerpladegenkendelse ved hj\u00e6lp af BAS-IP intercoms og AXIS CCTV-kameraer med ALPR-funktion.<\/p>\n\n\n\n<p><strong>Komponenter:<\/strong><\/p>\n\n\n\n<p><strong>1.<\/strong> BAS-IP Intercom Panel: Et sofistikeret intercom-system, der kan integreres med IP-kameraer.<\/p>\n\n\n\n<p id=\"block-b471faaa-a4de-405b-a592-8133b777e498\"><strong>2. <\/strong>AXIS-kamera med ALPR-funktionalitet: Specifikke modeller som AXIS P1455-LE-3, AXIS P3245-LVE-3 eller AXIS Q1700-LE er velegnede til denne integration.<\/p>\n\n\n\n<p><strong>3.<\/strong> Nummerplade-database: Gemt enten i BAS-IP-intercom&#8217;ens udend\u00f8rs panelhukommelse eller i BAS-IP Link-softwaren.<\/p>\n\n\n\n<p><strong>S\u00e5dan fungerer det<\/strong><\/p>\n\n\n\n<p><strong>1.<\/strong> Installation og ops\u00e6tning: Brugeren k\u00f8ber et BAS-IP intercom-panel og et AXIS-kamera udstyret med ALPR-teknologi.<\/p>\n\n\n\n<p id=\"block-4339d235-3d64-44b4-9f7c-d41564cae3b7\"><strong>2.<\/strong> Netv\u00e6rkskonfiguration: AXIS-kameraet og BAS-IP-indgangspanelet skal v\u00e6re p\u00e5 samme subnet for at kunne kommunikere effektivt.<\/p>\n\n\n\n<p id=\"block-ec6cf6ec-4706-40a1-afdb-c21d865ee2d7\"><strong>3.<\/strong> Registrering af nummerplader: K\u00f8ret\u00f8jets nummerplader registreres og gemmes. Dette kan g\u00f8res via samtaleanl\u00e6ggets webinterface eller BAS-IP Link-softwaren.<\/p>\n\n\n\n<p id=\"block-98341217-7b76-4843-beea-c4251eb517ce\"><strong>4.<\/strong> Scanning af nummerplade: N\u00e5r et k\u00f8ret\u00f8j n\u00e6rmer sig porten, scanner AXIS-kameraet nummerpladen.<\/p>\n\n\n\n<p><strong>5.<\/strong> Genkendelse og handling: Hvis den scannede nummerplade matcher en i den lagrede database, f\u00e5r BAS-IP samtaleanl\u00e6gget porten til at \u00e5bne automatisk.<\/p>\n\n\n\n<p><strong>Fordele<\/strong><\/p>\n\n\n\n<p>Omkostningseffektivt: Eliminerer behovet for dyr professionel ALPR-software.<\/p>\n\n\n\n<p id=\"block-a6cc76e4-f1fb-4e79-bdc3-959afcd5b3e6\">Brugervenlighed: Enkel ops\u00e6tning og brugervenlig styring af nummerplader via webinterface eller BAS-IP-software.<\/p>\n\n\n\n<p id=\"block-7701ca6f-6e55-40eb-b139-6cb3c7a848fe\">Forbedret sikkerhed: Automatiseret portbetjening baseret p\u00e5 genkendte nummerplader giver et ekstra lag af sikkerhed.<\/p>\n\n\n\n<p>Fleksibilitet: Velegnet til forskellige anvendelser som boligkomplekser, kontorbygninger eller gated communities.<\/p>\n\n\n\n<p>Ved at kombinere den avancerede teknologi i BAS-IP intercoms med pr\u00e6cisionen i AXIS-kameraer udstyret med ALPR kan brugerne nyde et h\u00f8jt niveau af sikkerhed og bekvemmelighed uden behov for yderligere ALPR-software.<\/p>\n\n\n<!-- START Block Sign Up --><section id=\"block_629678229e935\" class=\"sign-up-section\">\r\n\r\n    <div class=\"form-holder js-form\" data-aos=\"fade-right\">\r\n                    <div class=\"title-block h3\">Sign up for connection<\/div>\r\n        \r\n                    <div class=\"text-block\">\r\n                Filling out all the information needed to answer you as quickly as possible            <\/div>\r\n        \r\n                    \n<div class=\"wpcf7 no-js\" id=\"wpcf7-f102-o1\" lang=\"en-US\" dir=\"ltr\">\n<div class=\"screen-reader-response\"><p role=\"status\" aria-live=\"polite\" aria-atomic=\"true\"><\/p> <ul><\/ul><\/div>\n<form action=\"\/da\/wp-json\/wp\/v2\/pages\/121678#wpcf7-f102-o1\" method=\"post\" class=\"wpcf7-form init\" aria-label=\"Contact form\" enctype=\"multipart\/form-data\" novalidate=\"novalidate\" data-status=\"init\">\n<div style=\"display: none;\">\n<input type=\"hidden\" name=\"_wpcf7\" value=\"102\" \/>\n<input type=\"hidden\" name=\"_wpcf7_version\" value=\"5.8.3\" \/>\n<input type=\"hidden\" name=\"_wpcf7_locale\" value=\"en_US\" \/>\n<input type=\"hidden\" name=\"_wpcf7_unit_tag\" value=\"wpcf7-f102-o1\" \/>\n<input type=\"hidden\" name=\"_wpcf7_container_post\" value=\"0\" \/>\n<input type=\"hidden\" name=\"_wpcf7_posted_data_hash\" value=\"\" \/>\n<input type=\"hidden\" name=\"_wpcf7_recaptcha_response\" value=\"\" \/>\n<\/div>\n<div class=\"row\"> \n <label><span class=\"label-text\">Name<\/span> \n  <span class=\"wpcf7-form-control-wrap\" data-name=\"text-full-name\"><input size=\"40\" class=\"wpcf7-form-control wpcf7-text wpcf7-validates-as-required\" aria-required=\"true\" aria-invalid=\"false\" placeholder=\"Name\" value=\"\" type=\"text\" name=\"text-full-name\" \/><\/span><\/label> \n<\/div> \n<div class=\"row\"> \n <label><span class=\"label-text\">Phone*<\/span> \n<span class=\"wpcf7-form-control-wrap\" data-name=\"phonetext-270\"><input size=\"40\" class=\"wpcf7-form-control wpcf7-phonetext wpcf7-validates-as-required wpcf7-text wpcf7-validates-as-phonetext\" aria-required=\"true\" aria-invalid=\"false\" placeholder=\"Phone*\" value=\"\" type=\"text\" name=\"phonetext-270\" \/><input type=\"hidden\" name=\"phonetext-270-country-code\" class=\"wpcf7-phonetext-country-code\" \/><\/span><\/label> \n<\/div> \n<div class=\"row\"> \n <label><span class=\"label-text\">E-mail<\/span> \n  <span class=\"wpcf7-form-control-wrap\" data-name=\"email-e-mail\"><input size=\"40\" class=\"wpcf7-form-control wpcf7-email wpcf7-validates-as-required wpcf7-text wpcf7-validates-as-email\" aria-required=\"true\" aria-invalid=\"false\" placeholder=\"E-mail\" value=\"\" type=\"email\" name=\"email-e-mail\" \/><\/span><\/label> \n<\/div> \n<div class=\"row\"><span>Your country<\/span> \n <label><span class=\"wpcf7-form-control-wrap\" data-name=\"countrytext-126\"><input size=\"40\" class=\"wpcf7-form-control wpcf7-countrytext wpcf7-text wpcf7-validates-as-countrytext\" aria-invalid=\"false\" value=\"\" type=\"text\" name=\"countrytext-126\" \/><\/span> <\/label>\n<\/div> \n<div class=\"row\"> \n <button type=\"submit\" class=\"btn\">Send<\/button> \n<\/div> \n<div class=\"row\"> \n <span class=\"wpcf7-form-control-wrap\" data-name=\"checkbox-931\"><span class=\"wpcf7-form-control wpcf7-checkbox\"><span class=\"wpcf7-list-item first\"><label><input type=\"checkbox\" name=\"checkbox-931[]\" value=\"Integrator\" \/><span class=\"wpcf7-list-item-label\">Integrator<\/span><\/label><\/span><span class=\"wpcf7-list-item\"><label><input type=\"checkbox\" name=\"checkbox-931[]\" value=\"Builder\" \/><span class=\"wpcf7-list-item-label\">Builder<\/span><\/label><\/span><span class=\"wpcf7-list-item last\"><label><input type=\"checkbox\" name=\"checkbox-931[]\" value=\"End-User\" \/><span class=\"wpcf7-list-item-label\">End-User<\/span><\/label><\/span><\/span><\/span> \n<\/div> \n<div class=\"row row-upload-file\"> \n <label class=\"upload-file-block js-upload-file\">Attach file \n  <span class=\"wpcf7-form-control-wrap\" data-name=\"file-466\"><input size=\"40\" class=\"wpcf7-form-control wpcf7-file\" accept=\"audio\/*,video\/*,image\/*\" aria-invalid=\"false\" type=\"file\" name=\"file-466\" \/><\/span><\/label> \n<\/div><input type='hidden' class='wpcf7-pum' value='{\"closepopup\":false,\"closedelay\":0,\"openpopup\":false,\"openpopup_id\":0}' \/><div class=\"wpcf7-response-output\" aria-hidden=\"true\"><\/div>\n<\/form>\n<\/div>\n            <\/div>\r\n\r\n\t\t    <div class=\"text-holder\" data-aos=\"fade-left\">\r\n\t\t\t\t\t\t    <h3 class=\"title-block\">How Can We Help?<\/h3>\r\n\t\t\t\r\n\t\t\t                <div class=\"text-block\">\r\n                    Please select a topic below related to your inquiry. If you don&#8217;t find what you need, fill out our contact form.                <\/div>\r\n\t\t\t\r\n\t\t\t\t\t\t    <ul class=\"link-list\">\r\n\t\t\t\t\t\t\t\t\t\t\t\t\t\t\t\t\t\t<li>\r\n\t\t\t\t\t\t\t\t\t\t\t\t\t\t\t\t    <strong>Get Inspired<\/strong>\r\n\t\t\t\t\t\t\t\t\t\t\t\t\t\t\t\t\t\t\t\t\t\t\t\t    <a href=\"\/features\/\">\r\n\t\t\t\t\t\t\t\t        Discover what&#8217;s beneath our intercom\t\t\t\t\t\t\t\t    <\/a>\r\n\t\t\t\t\t\t\t\t\t\t\t\t\t\t\t<\/li>\r\n\t\t\t\t\t\t\t\t\t\t\t\t\t\t\t\t\t\t\t\t\t\t\t\t<li>\r\n\t\t\t\t\t\t\t\t\t\t\t\t\t\t\t\t    <strong>Become a Partner<\/strong>\r\n\t\t\t\t\t\t\t\t\t\t\t\t\t\t\t\t\t\t\t\t\t\t\t\t    <a href=\"\/distributors\/\">\r\n\t\t\t\t\t\t\t\t        Expand your business with BAS-IP intercom\t\t\t\t\t\t\t\t    <\/a>\r\n\t\t\t\t\t\t\t\t\t\t\t\t\t\t\t<\/li>\r\n\t\t\t\t\t\t\t\t\t\t\t\t\t\t\t\t\t\t\t\t\t\t\t\t<li>\r\n\t\t\t\t\t\t\t\t\t\t\t\t\t\t\t\t    <strong>Check the Guides<\/strong>\r\n\t\t\t\t\t\t\t\t\t\t\t\t\t\t\t\t\t\t\t\t\t\t\t\t    <a href=\"\/support\/\">\r\n\t\t\t\t\t\t\t\t        Download detailed manuals and schemes\t\t\t\t\t\t\t\t    <\/a>\r\n\t\t\t\t\t\t\t\t\t\t\t\t\t\t\t<\/li>\r\n\t\t\t\t\t\t\t\t\t\t\t\t\t\t\t<\/ul>\r\n\t\t\t\r\n\t\t\t\t\t\t    <h3 class=\"title-block\">Our contacts<\/h3>\r\n\t\t\t\r\n\t\t\t\t\t\t\t<ul class=\"contact-list\">\r\n\t\t\t\t\t\t\t\t\t\t\t\t\t\t\t\t\t\t<li>\r\n\t\t\t\t\t\t\t\t\t\t\t\t\t\t\t\t\t<strong>Sales:<\/strong>\r\n\t\t\t\t\t\t\t\t\t\t\t\t\t\t\t\t\t\t\t\t\t\t\t\t    <a href=\"mailto:s&#97;les&#64;ba&#115;&#45;&#105;p&#46;co&#109;\">sa&#108;&#101;s&#64;b&#97;&#115;&#45;&#105;p.&#99;&#111;&#109;<\/a>\r\n\t\t\t\t\t\t\t\t\t\t\t\t\t\t\t<\/li>\r\n\t\t\t\t\t\t\t\t\t\t\t\t\t\t\t\t\t\t\t\t\t\t\t\t<li>\r\n\t\t\t\t\t\t\t\t\t\t\t\t\t\t\t\t\t<strong>Technical support:<\/strong>\r\n\t\t\t\t\t\t\t\t\t\t\t\t\t\t\t\t\t\t\t\t\t\t\t\t    <a href=\"mailto:s&#117;&#112;&#112;&#111;&#114;&#116;&#64;&#98;&#97;s-&#105;&#112;.c&#111;&#109;\">&#115;u&#112;&#112;or&#116;&#64;ba&#115;&#45;&#105;p.co&#109;<\/a>\r\n\t\t\t\t\t\t\t\t\t\t\t\t\t\t\t<\/li>\r\n\t\t\t\t\t\t\t\t\t\t\t\t\t\t\t<\/ul>\r\n\t\t\t\t\t<\/div>\r\n\t<\/section>\r\n\r\n\r\n\r\n<!-- END Block Sign Up -->","protected":false},"excerpt":{"rendered":"<p>Integrationen af BAS-IP samtaleanl\u00e6g med AXIS CCTV-kameraer, specielt til ALPR-funktionen (Automatic License Plate Recognition), indeb\u00e6rer en enkel, men effektiv ops\u00e6tning. Denne integration giver mulighed for problemfri drift og omkostningseffektivitet ved at eliminere behovet for professionel ALPR-software. Her er en detaljeret beskrivelse af, hvordan denne integration fungerer: Oversigt over integration M\u00e5ls\u00e6tning: At automatisere port\u00e5bning gennem nummerpladegenkendelse [&hellip;]<\/p>","protected":false},"author":3,"featured_media":0,"parent":0,"menu_order":0,"comment_status":"closed","ping_status":"closed","template":"page-custom-breadcrumbs.php","meta":{"inline_featured_image":false,"footnotes":""},"class_list":["post-121678","page","type-page","status-publish","hentry"],"acf":[],"_links":{"self":[{"href":"https:\/\/bas-ip.com\/da\/wp-json\/wp\/v2\/pages\/121678","targetHints":{"allow":["GET"]}}],"collection":[{"href":"https:\/\/bas-ip.com\/da\/wp-json\/wp\/v2\/pages"}],"about":[{"href":"https:\/\/bas-ip.com\/da\/wp-json\/wp\/v2\/types\/page"}],"author":[{"embeddable":true,"href":"https:\/\/bas-ip.com\/da\/wp-json\/wp\/v2\/users\/3"}],"replies":[{"embeddable":true,"href":"https:\/\/bas-ip.com\/da\/wp-json\/wp\/v2\/comments?post=121678"}],"version-history":[{"count":1,"href":"https:\/\/bas-ip.com\/da\/wp-json\/wp\/v2\/pages\/121678\/revisions"}],"predecessor-version":[{"id":121679,"href":"https:\/\/bas-ip.com\/da\/wp-json\/wp\/v2\/pages\/121678\/revisions\/121679"}],"wp:attachment":[{"href":"https:\/\/bas-ip.com\/da\/wp-json\/wp\/v2\/media?parent=121678"}],"curies":[{"name":"wp","href":"https:\/\/api.w.org\/{rel}","templated":true}]}}