{"id":23012,"date":"2022-08-31T21:02:49","date_gmt":"2022-08-31T21:02:49","guid":{"rendered":"https:\/\/bas-ip.com\/courses\/"},"modified":"2025-08-26T09:33:00","modified_gmt":"2025-08-26T09:33:00","slug":"courses","status":"publish","type":"page","link":"https:\/\/bas-ip.com\/cs\/courses\/","title":{"rendered":"Kurzy"},"content":{"rendered":"<!-- START Block Home Hero Slider --><section id=\"block_630fcbf3596ba\" class=\"home-hero-slider-section js-home-hero-slider-section\">\r\n            <div class=\"home-hero-slide\">\r\n        <picture>\r\n            \r\n            \r\n                        <img decoding=\"async\" class=\"d-block w-100\" src=\"https:\/\/bas-ip.com\/wp-content\/uploads\/2022\/09\/main_2-1.jpg\"\r\n                alt=\"slide\">\r\n            \r\n        <\/picture>\r\n        <div class=\"container\">\r\n            <div class=\"text-holder fullsize__device\">\r\n                                <div class=\"h1 title-page\">STA\u0147TE SE EXPERTEM NA ZA\u0158\u00cdZEN\u00cd BAS-IP<\/div>\r\n                                                <div class=\"text-block\">\r\n                    Bezplatn\u00e9 \u0161kolen\u00ed kdykoli a kdekoli, na va\u0161em notebooku nebo chytr\u00e9m telefonu! Z\u00edskejte ofici\u00e1ln\u00ed certifik\u00e1t BAS-IP.                <\/div>\r\n                                                <a class=\"btn\" href=\"https:\/\/courses.bas-ip.com\/registration\/2b40036d-2bf1-4f55-9171-ba0e6b1811bd\"\r\n                    >\r\n                    ZAREGISTRUJTE SE                <\/a>\r\n                            <\/div>\r\n            <div class=\"text-holder medium__device__show\">\r\n                                                            <\/div>\r\n            <div class=\"text-holder small__device__show\">\r\n                                                            <\/div>\r\n        <\/div>\r\n    <\/div>\r\n        <\/section>\r\n<!-- END Block Home Hero Slider -->\n\n<!-- START Block Course --><section id=\"block_6314eb1d699f4\" class=\"course-section\">\r\n\r\n            <div class=\"course-holder js-course-holder\">\r\n            <div class=\"course-nav-holder\">\r\n                                    <h2 class=\"title-section\" data-aos=\"fade-right\">O \u010dem je tento kurz a pro koho je ur\u010den?<\/h2>\r\n                                                    <ul class=\"course-nav course-nav-js\" data-aos=\"fade-right\">\r\n                                                                    <li class=\"active\" data-id=\"0\">Zaveden\u00ed<\/li>\r\n                                                                      <li  data-id=\"1\">Konfigurace<\/li>\r\n                                                                      <li  data-id=\"2\">Odstra\u0148ov\u00e1n\u00ed probl\u00e9m\u016f a \u00fadr\u017eba<\/li>\r\n                                                                      <li  data-id=\"3\">Jemn\u00e9 dolad\u011bn\u00ed, integrace<\/li>\r\n                                                                  <\/ul>\r\n                            <\/div>\r\n                      <div class=\"courses-slider js-courses-slider\" data-aos=\"fade-left\">\r\n                                    <div class=\"courses-slide\">\r\n                        <div class=\"name-block\">Jemn\u00e9 dolad\u011bn\u00ed, integrace<\/div>\r\n                                                    <div class=\"image-holder\">\r\n                              <img loading=\"lazy\" decoding=\"async\" width=\"192\" height=\"300\" src=\"https:\/\/bas-ip.com\/wp-content\/uploads\/2022\/09\/block_1.jpg\" class=\"attachment-medium size-medium\" alt=\"\" \/>                            <\/div>\r\n                                                                            <div class=\"text-holder\">\r\n                                                                                              <div class=\"text-block\"><p>\u010c\u00e1st prvn\u00ed se zam\u011b\u0159uje na z\u00e1klady interkomov\u00fdch syst\u00e9m\u016f, v\u010detn\u011b dostupn\u00fdch typ\u016f interkom\u016f, jejich z\u00e1kladn\u00edch sou\u010d\u00e1st\u00ed a zp\u016fsobu jejich fungov\u00e1n\u00ed. Tato sekce poskytne p\u0159ehled technologie interkom\u016f a pom\u016f\u017ee integr\u00e1tor\u016fm pochopit z\u00e1kladn\u00ed principy, na nich\u017e jsou interkomov\u00e9 syst\u00e9my zalo\u017eeny.<\/p><\/div>\r\n                                                          <\/div>\r\n                                            <\/div>\r\n                                    <div class=\"courses-slide\">\r\n                        <div class=\"name-block\">Jemn\u00e9 dolad\u011bn\u00ed, integrace<\/div>\r\n                                                    <div class=\"image-holder\">\r\n                              <img loading=\"lazy\" decoding=\"async\" width=\"192\" height=\"300\" src=\"https:\/\/bas-ip.com\/wp-content\/uploads\/2023\/03\/Courses_4.jpg\" class=\"attachment-medium size-medium\" alt=\"\" \/>                            <\/div>\r\n                                                                            <div class=\"text-holder\">\r\n                                                                                              <div class=\"text-block\"><p>\u010c\u00e1st druh\u00e1 se zab\u00fdv\u00e1 podrobn\u011bj\u0161\u00edmi specifiky integrace interkomov\u00fdch syst\u00e9m\u016f, pokr\u00fdvaj\u00edc\u00edmi zapojen\u00ed, konfiguraci s\u00edt\u011b a optimalizaci kvality zvuku. Tato sekce poskytne integr\u00e1tor\u016fm technick\u00e9 znalosti pro n\u00e1vrh a instalaci efektivn\u00edch interkomov\u00fdch syst\u00e9m\u016f.<\/p><\/div>\r\n                                                          <\/div>\r\n                                            <\/div>\r\n                                    <div class=\"courses-slide\">\r\n                        <div class=\"name-block\">Jemn\u00e9 dolad\u011bn\u00ed, integrace<\/div>\r\n                                                    <div class=\"image-holder\">\r\n                              <img loading=\"lazy\" decoding=\"async\" width=\"192\" height=\"300\" src=\"https:\/\/bas-ip.com\/wp-content\/uploads\/2023\/03\/Courses_3.jpg\" class=\"attachment-medium size-medium\" alt=\"\" \/>                            <\/div>\r\n                                                                            <div class=\"text-holder\">\r\n                                                                                              <div class=\"text-block\"><p>\u010c\u00e1st t\u0159et\u00ed se zam\u011b\u0159uje na \u0159e\u0161en\u00ed probl\u00e9m\u016f a \u00fadr\u017ebu, pokr\u00fdvaj\u00edc\u00ed b\u011b\u017en\u00e9 probl\u00e9my, se kter\u00fdmi se integr\u00e1to\u0159i mohou setkat, a poskytuje pokyny, jak je diagnostikovat a opravit. Tato sekce se bude tak\u00e9 zab\u00fdvat pravideln\u00fdmi \u00fakoly \u00fadr\u017eby, kter\u00e9 by integr\u00e1to\u0159i m\u011bli prov\u00e1d\u011bt, aby interkomov\u00e9 syst\u00e9my fungovaly co nejl\u00e9pe.<\/p><\/div>\r\n                                                          <\/div>\r\n                                            <\/div>\r\n                                    <div class=\"courses-slide\">\r\n                        <div class=\"name-block\">Jemn\u00e9 dolad\u011bn\u00ed, integrace<\/div>\r\n                                                    <div class=\"image-holder\">\r\n                              <img loading=\"lazy\" decoding=\"async\" width=\"192\" height=\"300\" src=\"https:\/\/bas-ip.com\/wp-content\/uploads\/2023\/03\/Courses_2.jpg\" class=\"attachment-medium size-medium\" alt=\"\" \/>                            <\/div>\r\n                                                                            <div class=\"text-holder\">\r\n                                                                                              <div class=\"text-block\"><p>Nakonec, \u010d\u00e1st \u010dtvrt\u00e1 pokr\u00fdv\u00e1 pokro\u010dil\u00e1 t\u00e9mata integrace interkomov\u00fdch syst\u00e9m\u016f, jako je integrace interkom\u016f s jin\u00fdmi syst\u00e9my, pokro\u010dil\u00e9 techniky zpracov\u00e1n\u00ed zvuku a pou\u017e\u00edv\u00e1n\u00ed interkom\u016f ve specializovan\u00fdch aplikac\u00edch. Tato sekce poskytne integr\u00e1tor\u016fm znalosti pot\u0159ebn\u00e9 k \u0159e\u0161en\u00ed komplexn\u00edch integra\u010dn\u00edch projekt\u016f a k udr\u017een\u00ed n\u00e1skoku v tomto rychle se vyv\u00edjej\u00edc\u00edm oboru.<\/p><\/div>\r\n                                                          <\/div>\r\n                                            <\/div>\r\n                            <\/div>\r\n                  <\/div>\r\n    \r\n\r\n            <ul class=\"icons-list\">\r\n                                      <li data-aos=\"fade-up\" data-aos-delay=\"100\">\r\n                                            <div class=\"icon-block\"><img loading=\"lazy\" decoding=\"async\" width=\"56\" height=\"56\" src=\"https:\/\/bas-ip.com\/wp-content\/uploads\/2022\/09\/Mask-group-3.png\" class=\"attachment-medium size-medium\" alt=\"\" \/><\/div>\r\n                    \r\n                                            <div class=\"title-block\">INSTALAT\u00c9\u0158I<\/div>\r\n                    \r\n                                            <div class=\"text-block\">Zjist\u011bte si informace o instalaci a konfiguraci za\u0159\u00edzen\u00ed BAS-IP p\u0159\u00edmo od v\u00fdrobce.<\/div>\r\n                                    <\/li>\r\n                                          <li data-aos=\"fade-up\" data-aos-delay=\"200\">\r\n                                            <div class=\"icon-block\"><img loading=\"lazy\" decoding=\"async\" width=\"56\" height=\"56\" src=\"https:\/\/bas-ip.com\/wp-content\/uploads\/2022\/09\/Mask-group-1.png\" class=\"attachment-medium size-medium\" alt=\"\" \/><\/div>\r\n                    \r\n                                            <div class=\"title-block\">OBCHODN\u00cd MANA\u017dERI<\/div>\r\n                    \r\n                                            <div class=\"text-block\">V\u00e1\u017en\u011b se pono\u0159te do produktu a dozv\u00edte se v\u00edce o jeho funkc\u00edch.<\/div>\r\n                                    <\/li>\r\n                                          <li data-aos=\"fade-up\" data-aos-delay=\"300\">\r\n                                            <div class=\"icon-block\"><img loading=\"lazy\" decoding=\"async\" width=\"52\" height=\"52\" src=\"https:\/\/bas-ip.com\/wp-content\/uploads\/2022\/09\/Mask-group-2.png\" class=\"attachment-medium size-medium\" alt=\"\" \/><\/div>\r\n                    \r\n                                            <div class=\"title-block\">INTEGR\u00c1TORY<\/div>\r\n                    \r\n                                            <div class=\"text-block\">Seznamte se s mo\u017enostmi implementace hotov\u00fdch \u0159e\u0161en\u00ed od BAS-IP na r\u016fzn\u00e9 typy objekt\u016f.<\/div>\r\n                                    <\/li>\r\n                                  <\/ul>\r\n    <\/section>\r\n<!-- END Block Course -->\n\n<!-- START Block Product Installation --><section id=\"block_6411dd14b579f\" class=\"product-installation-section\">\r\n\t<div class=\"text-holder\">\r\n                    <\/div>\r\n\r\n\t\t    <div class=\"installation-blocks-list\">\r\n\t\t\t\t\t\t\t\t\t\t\t\t<div class=\"installation-block-item image-position-right\">\r\n\t\t\t\t\t\t<div class=\"text-holder\" data-aos=\"fade-right\">\r\n                                                            <h3 class=\"h2 title-section\">JAK JE KURZ KONSTRUOV\u00c1N?<\/h3>\r\n                            \r\n                                                            <div class=\"text-section\">\r\n                                  <p>Kurz technick\u00e9ho \u0161kolen\u00ed je navr\u017een s modul\u00e1rn\u00edm p\u0159\u00edstupem, aby se zajistilo, \u017ee se \u00fa\u010dastn\u00edci mohou u\u010dit sv\u00fdm vlastn\u00edm tempem a soust\u0159edit se na oblasti, kter\u00e9 jsou pro jejich pot\u0159eby nejrelevantn\u011bj\u0161\u00ed. Kurz je rozd\u011blen do n\u011bkolika modul\u016f, z nich\u017e ka\u017ed\u00fd pokr\u00fdv\u00e1 konkr\u00e9tn\u00ed t\u00e9ma v integraci interkomov\u00fdch syst\u00e9m\u016f. Ka\u017ed\u00fd modul je postaven na kombinaci teorie a praktick\u00fdch cvi\u010den\u00ed, co\u017e \u00fa\u010dastn\u00edk\u016fm umo\u017e\u0148uje aplikovat to, co se nau\u010dili, ve sc\u00e9n\u00e1\u0159\u00edch re\u00e1ln\u00e9ho sv\u011bta.<\/p>\n<p>Tento p\u0159\u00edstup zaji\u0161\u0165uje, \u017ee \u00fa\u010dastn\u00edci porozum\u00ed my\u0161lence a z\u00edskaj\u00ed praktick\u00e9 dovednosti pro efektivn\u00ed n\u00e1vrh, instalaci a \u00fadr\u017ebu interkomov\u00fdch syst\u00e9m\u016f. Krom\u011b toho kurz zahrnuje \u0159adu multimedi\u00e1ln\u00edch materi\u00e1l\u016f, v\u010detn\u011b vide\u00ed, diagram\u016f a interaktivn\u00edch simulac\u00ed, pro zlep\u0161en\u00ed z\u00e1\u017eitku z u\u010den\u00ed. \u00da\u010dastn\u00edci maj\u00ed tak\u00e9 p\u0159\u00edstup k online zdroj\u016fm a podp\u016frn\u00e9 s\u00edti, v\u010detn\u011b \u0161kolitel\u016f a dal\u0161\u00edch \u00fa\u010dastn\u00edk\u016f, aby jim pomohli udr\u017eet se na spr\u00e1vn\u00e9 cest\u011b a \u0159e\u0161it jak\u00e9koli dotazy nebo probl\u00e9my.<\/p>\n                                <\/div>\r\n                                                    <\/div>\r\n\r\n                                                    <div class=\"image-holder\" data-aos=\"fade-left\">\r\n                                <div class=\"image-block\">\r\n                                    <img loading=\"lazy\" decoding=\"async\" width=\"944\" height=\"560\" src=\"https:\/\/bas-ip.com\/wp-content\/uploads\/2023\/03\/337-1.jpg\" class=\"attachment-full size-full\" alt=\"\" srcset=\"https:\/\/bas-ip.com\/wp-content\/uploads\/2023\/03\/337-1.jpg 944w,  https:\/\/bas-ip.com\/wp-content\/uploads\/2023\/03\/337-1-300x178.jpg 300w,  https:\/\/bas-ip.com\/wp-content\/uploads\/2023\/03\/337-1-768x456.jpg 768w,  https:\/\/bas-ip.com\/wp-content\/uploads\/2023\/03\/337-1-767x455.jpg 767w\" sizes=\"auto, (max-width: 944px) 100vw, 944px\" \/>                                <\/div>\r\n                            <\/div>\r\n                            \t\t\t\t\t<\/div>\r\n\t\t\t\t\t\t\t\t\t<\/div>\r\n\t<\/section>\r\n<!-- END Block Product Installation -->\n\n<!-- START Block About Us Text & Image --><section id=\"block_630fd51d596c5\" class=\"about-text-image-section\">\r\n\t        <div class=\"image-holder\" data-aos=\"fade-right\">\r\n\t        <img loading=\"lazy\" decoding=\"async\" width=\"438\" height=\"798\" src=\"https:\/\/bas-ip.com\/wp-content\/uploads\/2022\/09\/phone.png\" class=\"attachment-medium_large size-medium_large\" alt=\"\" srcset=\"https:\/\/bas-ip.com\/wp-content\/uploads\/2022\/09\/phone.png 438w,  https:\/\/bas-ip.com\/wp-content\/uploads\/2022\/09\/phone-165x300.png 165w\" sizes=\"auto, (max-width: 438px) 100vw, 438px\" \/>        <\/div>\r\n\t\r\n    <div class=\"text-holder\" data-aos=\"fade-left\">\r\n                            <div class=\"text-block\">\r\n                <h4><span style=\"color: #d32d23;\">ONLINE<\/span><\/h4>\n<p>Online \u0161kolen\u00ed se skl\u00e1d\u00e1 z video tutori\u00e1l\u016f a je rozd\u011bleno do blok\u016f. Po zhl\u00e9dnut\u00ed video tutori\u00e1l\u016f v ka\u017ed\u00e9m bloku mus\u00edte absolvovat pr\u016fb\u011b\u017en\u00e9 testov\u00e1n\u00ed. Po \u00fasp\u011b\u0161n\u00e9m absolvov\u00e1n\u00ed pr\u016fb\u011b\u017en\u00e9ho testu z\u00edsk\u00e1te p\u0159\u00edstup k dal\u0161\u00edmu bloku. Po zhl\u00e9dnut\u00ed v\u0161ech vide\u00ed a absolvov\u00e1n\u00ed v\u0161ech pr\u016fb\u011b\u017en\u00fdch test\u016f se kon\u00e1 z\u00e1v\u011bre\u010dn\u00fd test.<\/p>\n<h4><span style=\"color: #d32d23;\">OFFLINE<\/span><\/h4>\n<p>Ka\u017ed\u00fd, kdo dokon\u010dil online \u0161kolen\u00ed a slo\u017eil z\u00e1v\u011bre\u010dn\u00fd test, se sm\u00ed z\u00fa\u010dastnit praktick\u00e9ho \u0161kolen\u00ed a certifikace. Praktick\u00e9 \u0161kolen\u00ed a certifikace se konaj\u00ed pravideln\u011b v kancel\u00e1\u0159i ofici\u00e1ln\u00edho distributora ve va\u0161\u00ed zemi.<\/p>            <\/div>\r\n            <\/div>\r\n<\/section>\r\n<!-- END Block About Us Text & Image -->\n\n<!-- START Block About Us Text & Image --><section id=\"block_630fd575596c6\" class=\"about-text-image-section\">\r\n\t        <div class=\"image-holder\" data-aos=\"fade-right\">\r\n\t        <img loading=\"lazy\" decoding=\"async\" width=\"640\" height=\"780\" src=\"https:\/\/bas-ip.com\/wp-content\/uploads\/2022\/08\/license_img_c2-1.png\" class=\"attachment-medium_large size-medium_large\" alt=\"\" srcset=\"https:\/\/bas-ip.com\/wp-content\/uploads\/2022\/08\/license_img_c2-1.png 640w,  https:\/\/bas-ip.com\/wp-content\/uploads\/2022\/08\/license_img_c2-1-246x300.png 246w\" sizes=\"auto, (max-width: 640px) 100vw, 640px\" \/>        <\/div>\r\n\t\r\n    <div class=\"text-holder\" data-aos=\"fade-left\">\r\n                    <h2 class=\"title-section\">SPECIALISTA CERTIFIK\u00c1T<\/h2>\r\n                            <div class=\"text-block\">\r\n                <p>N\u00e1\u0161 bezplatn\u00fd \u0161kolic\u00ed program si klade za c\u00edl vyvinout certifikovan\u00e9 profesion\u00e1ly a umo\u017enit spole\u010dnostem zajistit, aby jejich zam\u011bstnanci byli pln\u011b vy\u0161koleni a znal\u00ed v implementaci produkt\u016f BAS-IP. A tento certifik\u00e1t bude toho potvrzen\u00edm.<\/p>\n<p><a class=\"btn\" href=\"https:\/\/courses.bas-ip.com\/registration\/2b40036d-2bf1-4f55-9171-ba0e6b1811bd\">ZAREGISTRUJTE SE<\/a><\/p>            <\/div>\r\n            <\/div>\r\n<\/section>\r\n<!-- END Block About Us Text & Image -->\n\n<!-- START Block CTA Courses --><section data-aos=\"fade-up\" id=\"block_630fde6a1b048\" class=\"cta-courses-section\">\r\n    <div class=\"bg-block\" style=\"background-image: url('https:\/\/bas-ip.com\/wp-content\/uploads\/2022\/09\/block_install.jpg');\"><\/div>\r\n    <div class=\"text-holder\" data-aos=\"fade-right\" data-aos-delay=\"300\">\r\n                    <h2 class=\"title-section\">Nem\u00e1te mo\u017enost studovat v kancel\u00e1\u0159i?<\/h2>\r\n        \r\n\r\n    <\/div>\r\n\r\n\t        <div class=\"link-holder\" data-aos=\"fade-left\" data-aos-delay=\"300\">\r\n                        <div class=\"text-section\">\r\n                St\u00e1hn\u011bte si na\u0161e kurzy a u\u010dte se ze sv\u00e9ho chytr\u00e9ho telefonu.              <\/div>\r\n                                  <a href=\"https:\/\/apps.apple.com\/us\/app\/unicraft\/id1540267679?roistat_visit=220783\" class=\"icon-app-store\" target=\"_blank\" rel=\"noopener\">app store<\/a>\r\n          \r\n                        <a href=\"https:\/\/play.google.com\/store\/apps\/details?id=org.unicraft.app&#038;roistat_visit=220783\" class=\"icon-google-play\" target=\"_blank\" rel=\"noopener\">google play<\/a>\r\n                  <\/div>\r\n\t<\/section>\r\n<!-- END Block CTA Courses -->\n\n<!-- START Block Sign Up --><section id=\"block_630fd153596bc\" class=\"sign-up-section\">\r\n\r\n    <div class=\"form-holder js-form\" data-aos=\"fade-right\">\r\n                    <div class=\"title-block h3\">Zaregistrujte se k p\u0159ipojen\u00ed<\/div>\r\n        \r\n                    <div class=\"text-block\">\r\n                Vypl\u0148te v\u0161echny pot\u0159ebn\u00e9 informace, abyste mohli co nejrychleji odpov\u011bd\u011bt            <\/div>\r\n        \r\n                    \n<div class=\"wpcf7 no-js\" id=\"wpcf7-f102-o1\" lang=\"en-US\" dir=\"ltr\">\n<div class=\"screen-reader-response\"><p role=\"status\" aria-live=\"polite\" aria-atomic=\"true\"><\/p> <ul><\/ul><\/div>\n<form action=\"\/cs\/wp-json\/wp\/v2\/pages\/23012#wpcf7-f102-o1\" method=\"post\" class=\"wpcf7-form init\" aria-label=\"Contact form\" enctype=\"multipart\/form-data\" novalidate=\"novalidate\" data-status=\"init\">\n<div style=\"display: none;\">\n<input type=\"hidden\" name=\"_wpcf7\" value=\"102\" \/>\n<input type=\"hidden\" name=\"_wpcf7_version\" value=\"5.8.3\" \/>\n<input type=\"hidden\" name=\"_wpcf7_locale\" value=\"en_US\" \/>\n<input type=\"hidden\" name=\"_wpcf7_unit_tag\" value=\"wpcf7-f102-o1\" \/>\n<input type=\"hidden\" name=\"_wpcf7_container_post\" value=\"0\" \/>\n<input type=\"hidden\" name=\"_wpcf7_posted_data_hash\" value=\"\" \/>\n<input type=\"hidden\" name=\"_wpcf7_recaptcha_response\" value=\"\" \/>\n<\/div>\n<div class=\"row\"> \n <label><span class=\"label-text\">Name<\/span> \n  <span class=\"wpcf7-form-control-wrap\" data-name=\"text-full-name\"><input size=\"40\" class=\"wpcf7-form-control wpcf7-text wpcf7-validates-as-required\" aria-required=\"true\" aria-invalid=\"false\" placeholder=\"Name\" value=\"\" type=\"text\" name=\"text-full-name\" \/><\/span><\/label> \n<\/div> \n<div class=\"row\"> \n <label><span class=\"label-text\">Phone*<\/span> \n<span class=\"wpcf7-form-control-wrap\" data-name=\"phonetext-270\"><input size=\"40\" class=\"wpcf7-form-control wpcf7-phonetext wpcf7-validates-as-required wpcf7-text wpcf7-validates-as-phonetext\" aria-required=\"true\" aria-invalid=\"false\" placeholder=\"Phone*\" value=\"\" type=\"text\" name=\"phonetext-270\" \/><input type=\"hidden\" name=\"phonetext-270-country-code\" class=\"wpcf7-phonetext-country-code\" \/><\/span><\/label> \n<\/div> \n<div class=\"row\"> \n <label><span class=\"label-text\">E-mail<\/span> \n  <span class=\"wpcf7-form-control-wrap\" data-name=\"email-e-mail\"><input size=\"40\" class=\"wpcf7-form-control wpcf7-email wpcf7-validates-as-required wpcf7-text wpcf7-validates-as-email\" aria-required=\"true\" aria-invalid=\"false\" placeholder=\"E-mail\" value=\"\" type=\"email\" name=\"email-e-mail\" \/><\/span><\/label> \n<\/div> \n<div class=\"row\"><span>Your country<\/span> \n <label><span class=\"wpcf7-form-control-wrap\" data-name=\"countrytext-126\"><input size=\"40\" class=\"wpcf7-form-control wpcf7-countrytext wpcf7-text wpcf7-validates-as-countrytext\" aria-invalid=\"false\" value=\"\" type=\"text\" name=\"countrytext-126\" \/><\/span> <\/label>\n<\/div> \n<div class=\"row\"> \n <button type=\"submit\" class=\"btn\">Send<\/button> \n<\/div> \n<div class=\"row\"> \n <span class=\"wpcf7-form-control-wrap\" data-name=\"checkbox-931\"><span class=\"wpcf7-form-control wpcf7-checkbox\"><span class=\"wpcf7-list-item first\"><label><input type=\"checkbox\" name=\"checkbox-931[]\" value=\"Integrator\" \/><span class=\"wpcf7-list-item-label\">Integrator<\/span><\/label><\/span><span class=\"wpcf7-list-item\"><label><input type=\"checkbox\" name=\"checkbox-931[]\" value=\"Builder\" \/><span class=\"wpcf7-list-item-label\">Builder<\/span><\/label><\/span><span class=\"wpcf7-list-item last\"><label><input type=\"checkbox\" name=\"checkbox-931[]\" value=\"End-User\" \/><span class=\"wpcf7-list-item-label\">End-User<\/span><\/label><\/span><\/span><\/span> \n<\/div> \n<div class=\"row row-upload-file\"> \n <label class=\"upload-file-block js-upload-file\">Attach file \n  <span class=\"wpcf7-form-control-wrap\" data-name=\"file-466\"><input size=\"40\" class=\"wpcf7-form-control wpcf7-file\" accept=\"audio\/*,video\/*,image\/*\" aria-invalid=\"false\" type=\"file\" name=\"file-466\" \/><\/span><\/label> \n<\/div><input type='hidden' class='wpcf7-pum' value='{\"closepopup\":false,\"closedelay\":0,\"openpopup\":false,\"openpopup_id\":0}' \/><div class=\"wpcf7-response-output\" aria-hidden=\"true\"><\/div>\n<\/form>\n<\/div>\n            <\/div>\r\n\r\n\t\t    <div class=\"text-holder\" data-aos=\"fade-left\">\r\n\t\t\t\t\t\t    <h3 class=\"title-block\">Jak v\u00e1m m\u016f\u017eeme pomoci?<\/h3>\r\n\t\t\t\r\n\t\t\t                <div class=\"text-block\">\r\n                    Vyberte si pros\u00edm n\u00ed\u017ee t\u00e9ma souvisej\u00edc\u00ed s va\u0161\u00edm dotazem. Pokud nenajdete, co hled\u00e1te, vypl\u0148te n\u00e1\u0161 kontaktn\u00ed formul\u00e1\u0159.                <\/div>\r\n\t\t\t\r\n\t\t\t\t\t\t    <ul class=\"link-list\">\r\n\t\t\t\t\t\t\t\t\t\t\t\t\t\t\t\t\t\t<li>\r\n\t\t\t\t\t\t\t\t\t\t\t\t\t\t\t\t    <strong>Nechte se inspirovat<\/strong>\r\n\t\t\t\t\t\t\t\t\t\t\t\t\t\t\t\t\t\t\t\t\t\t\t\t    <a href=\"\/features\/\">\r\n\t\t\t\t\t\t\t\t        Objevte, co se skr\u00fdv\u00e1 pod na\u0161\u00edm interkomem\t\t\t\t\t\t\t\t    <\/a>\r\n\t\t\t\t\t\t\t\t\t\t\t\t\t\t\t<\/li>\r\n\t\t\t\t\t\t\t\t\t\t\t\t\t\t\t\t\t\t\t\t\t\t\t\t<li>\r\n\t\t\t\t\t\t\t\t\t\t\t\t\t\t\t\t    <strong>Sta\u0148te se partnerem<\/strong>\r\n\t\t\t\t\t\t\t\t\t\t\t\t\t\t\t\t\t\t\t\t\t\t\t\t    <a href=\"\/distributors\/\">\r\n\t\t\t\t\t\t\t\t        Roz\u0161i\u0159te sv\u00e9 podnik\u00e1n\u00ed s interkomem BAS-IP\t\t\t\t\t\t\t\t    <\/a>\r\n\t\t\t\t\t\t\t\t\t\t\t\t\t\t\t<\/li>\r\n\t\t\t\t\t\t\t\t\t\t\t\t\t\t\t\t\t\t\t\t\t\t\t\t<li>\r\n\t\t\t\t\t\t\t\t\t\t\t\t\t\t\t\t    <strong>Zkontrolujte pr\u016fvodce<\/strong>\r\n\t\t\t\t\t\t\t\t\t\t\t\t\t\t\t\t\t\t\t\t\t\t\t\t    <a href=\"\/support\/\">\r\n\t\t\t\t\t\t\t\t        St\u00e1hn\u011bte si podrobn\u00e9 manu\u00e1ly a sch\u00e9mata\t\t\t\t\t\t\t\t    <\/a>\r\n\t\t\t\t\t\t\t\t\t\t\t\t\t\t\t<\/li>\r\n\t\t\t\t\t\t\t\t\t\t\t\t\t\t\t<\/ul>\r\n\t\t\t\r\n\t\t\t\t\t\t    <h3 class=\"title-block\">Na\u0161e kontakty<\/h3>\r\n\t\t\t\r\n\t\t\t\t\t\t\t<ul class=\"contact-list\">\r\n\t\t\t\t\t\t\t\t\t\t\t\t\t\t\t\t\t\t<li>\r\n\t\t\t\t\t\t\t\t\t\t\t\t\t\t\t\t\t<strong>Prodej:<\/strong>\r\n\t\t\t\t\t\t\t\t\t\t\t\t\t\t\t\t\t\t\t\t\t\t\t\t    <a href=\"mailto:s&#97;&#108;e&#115;&#64;b&#97;s-ip&#46;c&#111;&#109;\">&#115;a&#108;&#101;&#115;&#64;b&#97;s&#45;&#105;p.&#99;&#111;m<\/a>\r\n\t\t\t\t\t\t\t\t\t\t\t\t\t\t\t<\/li>\r\n\t\t\t\t\t\t\t\t\t\t\t\t\t\t\t\t\t\t\t\t\t\t\t\t<li>\r\n\t\t\t\t\t\t\t\t\t\t\t\t\t\t\t\t\t<strong>Technick\u00e1 podpora:<\/strong>\r\n\t\t\t\t\t\t\t\t\t\t\t\t\t\t\t\t\t\t\t\t\t\t\t\t    <a href=\"mailto:supp&#111;rt&#64;&#98;a&#115;-&#105;p.co&#109;\">&#115;&#117;pport&#64;ba&#115;-i&#112;&#46;c&#111;m<\/a>\r\n\t\t\t\t\t\t\t\t\t\t\t\t\t\t\t<\/li>\r\n\t\t\t\t\t\t\t\t\t\t\t\t\t\t\t<\/ul>\r\n\t\t\t\t\t<\/div>\r\n\t<\/section>\r\n\r\n\r\n\r\n<!-- END Block Sign Up -->","protected":false},"excerpt":{"rendered":"","protected":false},"author":1,"featured_media":0,"parent":0,"menu_order":0,"comment_status":"closed","ping_status":"closed","template":"","meta":{"inline_featured_image":false,"footnotes":""},"class_list":["post-23012","page","type-page","status-publish","hentry"],"acf":[],"_links":{"self":[{"href":"https:\/\/bas-ip.com\/cs\/wp-json\/wp\/v2\/pages\/23012","targetHints":{"allow":["GET"]}}],"collection":[{"href":"https:\/\/bas-ip.com\/cs\/wp-json\/wp\/v2\/pages"}],"about":[{"href":"https:\/\/bas-ip.com\/cs\/wp-json\/wp\/v2\/types\/page"}],"author":[{"embeddable":true,"href":"https:\/\/bas-ip.com\/cs\/wp-json\/wp\/v2\/users\/1"}],"replies":[{"embeddable":true,"href":"https:\/\/bas-ip.com\/cs\/wp-json\/wp\/v2\/comments?post=23012"}],"version-history":[{"count":18,"href":"https:\/\/bas-ip.com\/cs\/wp-json\/wp\/v2\/pages\/23012\/revisions"}],"predecessor-version":[{"id":142127,"href":"https:\/\/bas-ip.com\/cs\/wp-json\/wp\/v2\/pages\/23012\/revisions\/142127"}],"wp:attachment":[{"href":"https:\/\/bas-ip.com\/cs\/wp-json\/wp\/v2\/media?parent=23012"}],"curies":[{"name":"wp","href":"https:\/\/api.w.org\/{rel}","templated":true}]}}