{"id":22971,"date":"2022-05-31T22:13:53","date_gmt":"2022-05-31T22:13:53","guid":{"rendered":"https:\/\/bas-ip.com\/contacts\/"},"modified":"2023-01-18T19:29:50","modified_gmt":"2023-01-18T19:29:50","slug":"contacts","status":"publish","type":"page","link":"https:\/\/bas-ip.com\/cs\/kontakty\/","title":{"rendered":"Kontakty"},"content":{"rendered":"<!-- START Block Contacts Hero --><section id=\"block_629692863aa6a\" class=\"contact-hero-section\">\r\n\t\t\t<h1 class=\"page-title\" data-aos=\"fade-right\">Kontakty BAS-IP<\/h1>\r\n\t\r\n    <div class=\"image-holder\" data-aos=\"fade-left\">\r\n                    <div class=\"logo-block\">\r\n                <img loading=\"lazy\" decoding=\"async\" width=\"147\" height=\"33\" src=\"https:\/\/bas-ip.com\/wp-content\/uploads\/2022\/05\/1280px-Zoom_Communications_Logo-1.png\" class=\"attachment-medium size-medium\" alt=\"\" \/>            <\/div>\r\n                            <div class=\"scan-block\">\r\n                <img loading=\"lazy\" decoding=\"async\" width=\"178\" height=\"178\" src=\"https:\/\/bas-ip.com\/wp-content\/uploads\/2022\/05\/Mask-group.jpg\" class=\"attachment-medium size-medium\" alt=\"\" srcset=\"https:\/\/bas-ip.com\/wp-content\/uploads\/2022\/05\/Mask-group.jpg 178w,  https:\/\/bas-ip.com\/wp-content\/uploads\/2022\/05\/Mask-group-150x150.jpg 150w\" sizes=\"auto, (max-width: 178px) 100vw, 178px\" \/>            <\/div>\r\n                            <div class=\"text-block\">\r\n                uvid\u00edme se na Zoomu!            <\/div>\r\n            <\/div>\r\n<\/section>\r\n<!-- END Block Contacts Hero -->\n\n<!-- START Block Contacts Intro --><section id=\"block_62969f5c45e5e\" class=\"contact-section\">\r\n    <div class=\"contact-columns\">\r\n                            <div class=\"contact-item\" data-aos=\"fade-up\" data-aos-delay=\"100\">\r\n                                    <h3 class=\"title-block\">BAS-IP DISTRIBUTION LTD<\/h3>\r\n                                                    <div class=\"address-block\">\r\n                        Crown House 27 Old Gloucester Street, London, England, WC1N 3AX                    <\/div>\r\n                \r\n                                    <ul class=\"contact-list\">\r\n                                                    <li>\r\n                                <i class=\"fa-solid fa-envelope\"><\/i>\r\n                                Email:                                <a href=\"mailto:i&#110;&#102;&#111;&#64;&#98;as&#45;&#105;p.&#99;om\">i&#110;&#102;o&#64;&#98;a&#115;&#45;&#105;p.&#99;o&#109;<\/a>\r\n                            <\/li>\r\n                        \r\n                                                    <li>\r\n                                <i class=\"fa-solid fa-phone\"><\/i>\r\n                                Tel:                                <a href=\"tel:+442037697440\">+ 44 (20) 37697440<\/a>\r\n                            <\/li>\r\n                                            <\/ul>\r\n                \r\n                                    <ul class=\"email-link\">\r\n                                                                                    <li>\r\n                                                                            <strong>Marketing:<\/strong>\r\n                                                                                                                <a href=\"mailto:&#112;r&#64;b&#97;s-&#105;&#112;.com\">&#112;&#114;&#64;b&#97;&#115;-ip.c&#111;m<\/a>\r\n                                                                    <\/li>\r\n                                                                        <\/ul>\r\n                            <\/div>\r\n        \r\n                    <div class=\"contact-item\" data-aos=\"fade-up\" data-aos-delay=\"200\">\r\n                                    <h3 class=\"title-block\">Obchodn\u00ed odd\u011blen\u00ed<\/h3>\r\n                \r\n                                    <ul class=\"contact-list\">\r\n                                                    <li>\r\n                                <i class=\"fa-solid fa-envelope\"><\/i>\r\n                                Email:                                <a href=\"mailto:sa&#108;e&#115;&#64;&#98;as&#45;ip.&#99;&#111;m\">s&#97;l&#101;s&#64;ba&#115;&#45;&#105;p.co&#109;<\/a>\r\n                            <\/li>\r\n                        \r\n                                                    <li>\r\n                                <i class=\"fa-solid fa-phone\"><\/i>\r\n                                Tel:                                <a href=\"tel:+442037697440\">+ 44 (20) 37697440<\/a>\r\n                            <\/li>\r\n                                            <\/ul>\r\n                            <\/div>\r\n        \r\n                    <div class=\"contact-item\" data-aos=\"fade-up\" data-aos-delay=\"300\">\r\n                                    <h3 class=\"title-block\">Technick\u00e1 podpora<\/h3>\r\n                \r\n                                    <ul class=\"contact-list\">\r\n                                                    <li>\r\n                                <i class=\"fa-solid fa-envelope\"><\/i>\r\n                                Email:                                <a href=\"mailto:su&#112;por&#116;&#64;&#98;&#97;s-i&#112;&#46;&#99;&#111;m\">su&#112;p&#111;&#114;&#116;&#64;ba&#115;&#45;&#105;p.c&#111;&#109;<\/a>\r\n                            <\/li>\r\n                        \r\n                                            <\/ul>\r\n                            <\/div>\r\n        \r\n            <\/div>\r\n<\/section>\r\n<!-- END Block Contacts Intro -->\n\n<!-- START Block Countries Contacts List --><section id=\"block_6296966b1392c\" class=\"contact-section-second\">\r\n    <div class=\"contact-columns\">\r\n                            <div class=\"contact-item\" data-aos=\"fade-up\" data-aos-delay=\"100\">\r\n                                                            <h3 class=\"title-block\">Spojen\u00e9 kr\u00e1lovstv\u00ed:<\/h3>\r\n                                        <ul class=\"contact-list\">\r\n                                                                                    <li>\r\n                                    <i class=\"fa-solid fa-envelope\"><\/i>\r\n                                    Email:                                    <a href=\"mailto:sales&#46;uk&#64;b&#97;&#115;&#45;i&#112;&#46;c&#111;m\">s&#97;les&#46;&#117;&#107;&#64;&#98;&#97;&#115;&#45;ip&#46;co&#109;<\/a>\r\n                                <\/li>\r\n                                                                                                                <li>\r\n                                    <i class=\"fa-solid fa-phone\"><\/i>\r\n                                    Tel:                                    <a href=\"tel:+442037697440\">+ 44 (20) 37697440<\/a>\r\n                                <\/li>\r\n                                                                        <\/ul>\r\n                            <\/div>\r\n                              <div class=\"contact-item\" data-aos=\"fade-up\" data-aos-delay=\"200\">\r\n                                                            <h3 class=\"title-block\">Evropa:<\/h3>\r\n                                        <ul class=\"contact-list\">\r\n                                                                                    <li>\r\n                                    <i class=\"fa-solid fa-envelope\"><\/i>\r\n                                    Email:                                    <a href=\"mailto:&#115;&#97;l&#101;&#115;.&#101;u&#64;b&#97;&#115;&#45;i&#112;&#46;com\">&#115;&#97;l&#101;&#115;&#46;eu&#64;b&#97;s-i&#112;&#46;c&#111;&#109;<\/a>\r\n                                <\/li>\r\n                                                                                                                <li>\r\n                                    <i class=\"fa-solid fa-phone\"><\/i>\r\n                                    Tel:                                    <a href=\"tel:+420234715332\">+420 234 715 332<\/a>\r\n                                <\/li>\r\n                                                                        <\/ul>\r\n                            <\/div>\r\n                              <div class=\"contact-item\" data-aos=\"fade-up\" data-aos-delay=\"300\">\r\n                                                            <h3 class=\"title-block\">Polsko:<\/h3>\r\n                                        <ul class=\"contact-list\">\r\n                                                                                    <li>\r\n                                    <i class=\"fa-solid fa-envelope\"><\/i>\r\n                                    Email:                                    <a href=\"mailto:sa&#108;&#101;&#115;.pola&#110;&#100;&#64;bas&#45;i&#112;.&#99;om\">&#115;a&#108;es&#46;polan&#100;&#64;b&#97;s-&#105;p&#46;&#99;&#111;&#109;<\/a>\r\n                                <\/li>\r\n                                                                        <\/ul>\r\n                            <\/div>\r\n                              <div class=\"contact-item\" data-aos=\"fade-up\" data-aos-delay=\"400\">\r\n                                                            <h3 class=\"title-block\">V\u00fdchod USA:<\/h3>\r\n                                        <ul class=\"contact-list\">\r\n                                                                                    <li>\r\n                                    <i class=\"fa-solid fa-envelope\"><\/i>\r\n                                    Email:                                    <a href=\"mailto:s&#97;&#108;&#101;s.&#117;s&#46;east&#64;b&#97;s-&#105;p.com\">&#115;a&#108;&#101;s.&#117;&#115;.e&#97;&#115;&#116;&#64;&#98;as&#45;ip&#46;&#99;om<\/a>\r\n                                <\/li>\r\n                                                                                                                <li>\r\n                                    <i class=\"fa-solid fa-phone\"><\/i>\r\n                                    Tel:                                    <a href=\"tel:+19142943134\">+ 1 (914) 2943134<\/a>\r\n                                <\/li>\r\n                                                                        <\/ul>\r\n                            <\/div>\r\n                              <div class=\"contact-item\" data-aos=\"fade-up\" data-aos-delay=\"100\">\r\n                                                            <h3 class=\"title-block\">Z\u00e1pad USA:<\/h3>\r\n                                        <ul class=\"contact-list\">\r\n                                                                                    <li>\r\n                                    <i class=\"fa-solid fa-envelope\"><\/i>\r\n                                    Email:                                    <a href=\"mailto:s&#97;&#108;&#101;s.&#117;&#115;.we&#115;t&#64;b&#97;s&#45;ip&#46;&#99;o&#109;\">s&#97;&#108;e&#115;.&#117;&#115;&#46;&#119;e&#115;t&#64;ba&#115;&#45;i&#112;&#46;c&#111;&#109;<\/a>\r\n                                <\/li>\r\n                                                                                                                <li>\r\n                                    <i class=\"fa-solid fa-phone\"><\/i>\r\n                                    Tel:                                    <a href=\"tel:+19142943134\">+ 1 (914) 2943134<\/a>\r\n                                <\/li>\r\n                                                                        <\/ul>\r\n                            <\/div>\r\n                              <div class=\"contact-item\" data-aos=\"fade-up\" data-aos-delay=\"200\">\r\n                                                            <h3 class=\"title-block\">Latinsk\u00e1 Amerika:<\/h3>\r\n                                        <ul class=\"contact-list\">\r\n                                                                                    <li>\r\n                                    <i class=\"fa-solid fa-envelope\"><\/i>\r\n                                    Email:                                    <a href=\"mailto:sa&#108;&#101;&#115;.&#108;&#97;&#116;&#105;n&#97;&#109;e&#114;&#105;c&#97;&#64;&#98;&#97;&#115;&#45;i&#112;&#46;com\">&#115;a&#108;&#101;s.l&#97;t&#105;&#110;ame&#114;&#105;&#99;&#97;&#64;b&#97;&#115;-&#105;p.co&#109;<\/a>\r\n                                <\/li>\r\n                                                                        <\/ul>\r\n                            <\/div>\r\n                              <div class=\"contact-item\" data-aos=\"fade-up\" data-aos-delay=\"300\">\r\n                                                            <h3 class=\"title-block\">Asie:<\/h3>\r\n                                        <ul class=\"contact-list\">\r\n                                                                                    <li>\r\n                                    <i class=\"fa-solid fa-envelope\"><\/i>\r\n                                    Email:                                    <a href=\"mailto:&#115;&#97;&#108;e&#115;.&#97;&#115;ia&#64;&#98;as&#45;i&#112;&#46;c&#111;&#109;\">s&#97;le&#115;.asi&#97;&#64;&#98;a&#115;&#45;&#105;&#112;&#46;&#99;&#111;m<\/a>\r\n                                <\/li>\r\n                                                                                                                <li>\r\n                                    <i class=\"fa-solid fa-phone\"><\/i>\r\n                                    Tel:                                    <a href=\"tel:+6531592377\">+6531592377<\/a>\r\n                                <\/li>\r\n                                                                        <\/ul>\r\n                            <\/div>\r\n                              <div class=\"contact-item\" data-aos=\"fade-up\" data-aos-delay=\"400\">\r\n                                                            <h3 class=\"title-block\">Bl\u00edzk\u00fd v\u00fdchod:<\/h3>\r\n                                        <ul class=\"contact-list\">\r\n                                                                                    <li>\r\n                                    <i class=\"fa-solid fa-envelope\"><\/i>\r\n                                    Email:                                    <a href=\"mailto:sa&#108;&#101;&#115;&#46;&#109;i&#100;dl&#101;ea&#115;&#116;&#64;&#98;as-i&#112;&#46;c&#111;&#109;\">sa&#108;e&#115;.m&#105;dd&#108;eeas&#116;&#64;b&#97;&#115;&#45;i&#112;&#46;c&#111;&#109;<\/a>\r\n                                <\/li>\r\n                                                                        <\/ul>\r\n                            <\/div>\r\n                              <div class=\"contact-item\" data-aos=\"fade-up\" data-aos-delay=\"100\">\r\n                                                            <h3 class=\"title-block\">Afrika:<\/h3>\r\n                                        <ul class=\"contact-list\">\r\n                                                                                    <li>\r\n                                    <i class=\"fa-solid fa-envelope\"><\/i>\r\n                                    Email:                                    <a href=\"mailto:sa&#108;&#101;s&#46;af&#114;ic&#97;&#64;&#98;as-&#105;&#112;&#46;co&#109;\">s&#97;&#108;&#101;s.&#97;fri&#99;&#97;&#64;bas&#45;&#105;&#112;&#46;com<\/a>\r\n                                <\/li>\r\n                                                                        <\/ul>\r\n                            <\/div>\r\n                              <div class=\"contact-item\" data-aos=\"fade-up\" data-aos-delay=\"200\">\r\n                                                            <h3 class=\"title-block\">Maroko:<\/h3>\r\n                                        <ul class=\"contact-list\">\r\n                                                                                    <li>\r\n                                    <i class=\"fa-solid fa-envelope\"><\/i>\r\n                                    Email:                                    <a href=\"mailto:sa&#108;e&#115;.mar&#111;c&#64;&#98;&#97;&#115;&#45;ip&#46;&#99;om\">s&#97;&#108;e&#115;&#46;&#109;&#97;&#114;&#111;c&#64;b&#97;&#115;-&#105;p&#46;&#99;&#111;m<\/a>\r\n                                <\/li>\r\n                                                                                                                <li>\r\n                                    <i class=\"fa-solid fa-phone\"><\/i>\r\n                                    Tel:                                    <a href=\"tel:+212667205930\">+212 667 20 59 30<\/a>\r\n                                <\/li>\r\n                                                                        <\/ul>\r\n                            <\/div>\r\n                      <\/div>\r\n<\/section>\r\n<!-- END Block Countries Contacts List -->\n\n<!-- START Block Sign Up --><section id=\"block_629678229e935\" class=\"sign-up-section\">\r\n\r\n    <div class=\"form-holder js-form\" data-aos=\"fade-right\">\r\n                    <div class=\"title-block h3\">Sign up for connection<\/div>\r\n        \r\n                    <div class=\"text-block\">\r\n                Filling out all the information needed to answer you as quickly as possible            <\/div>\r\n        \r\n                    \n<div class=\"wpcf7 no-js\" id=\"wpcf7-f102-o1\" lang=\"en-US\" dir=\"ltr\">\n<div class=\"screen-reader-response\"><p role=\"status\" aria-live=\"polite\" aria-atomic=\"true\"><\/p> <ul><\/ul><\/div>\n<form action=\"\/cs\/wp-json\/wp\/v2\/pages\/22971#wpcf7-f102-o1\" method=\"post\" class=\"wpcf7-form init\" aria-label=\"Contact form\" enctype=\"multipart\/form-data\" novalidate=\"novalidate\" data-status=\"init\">\n<div style=\"display: none;\">\n<input type=\"hidden\" name=\"_wpcf7\" value=\"102\" \/>\n<input type=\"hidden\" name=\"_wpcf7_version\" value=\"5.8.3\" \/>\n<input type=\"hidden\" name=\"_wpcf7_locale\" value=\"en_US\" \/>\n<input type=\"hidden\" name=\"_wpcf7_unit_tag\" value=\"wpcf7-f102-o1\" \/>\n<input type=\"hidden\" name=\"_wpcf7_container_post\" value=\"0\" \/>\n<input type=\"hidden\" name=\"_wpcf7_posted_data_hash\" value=\"\" \/>\n<input type=\"hidden\" name=\"_wpcf7_recaptcha_response\" value=\"\" \/>\n<\/div>\n<div class=\"row\"> \n <label><span class=\"label-text\">Name<\/span> \n  <span class=\"wpcf7-form-control-wrap\" data-name=\"text-full-name\"><input size=\"40\" class=\"wpcf7-form-control wpcf7-text wpcf7-validates-as-required\" aria-required=\"true\" aria-invalid=\"false\" placeholder=\"Name\" value=\"\" type=\"text\" name=\"text-full-name\" \/><\/span><\/label> \n<\/div> \n<div class=\"row\"> \n <label><span class=\"label-text\">Phone*<\/span> \n<span class=\"wpcf7-form-control-wrap\" data-name=\"phonetext-270\"><input size=\"40\" class=\"wpcf7-form-control wpcf7-phonetext wpcf7-validates-as-required wpcf7-text wpcf7-validates-as-phonetext\" aria-required=\"true\" aria-invalid=\"false\" placeholder=\"Phone*\" value=\"\" type=\"text\" name=\"phonetext-270\" \/><input type=\"hidden\" name=\"phonetext-270-country-code\" class=\"wpcf7-phonetext-country-code\" \/><\/span><\/label> \n<\/div> \n<div class=\"row\"> \n <label><span class=\"label-text\">E-mail<\/span> \n  <span class=\"wpcf7-form-control-wrap\" data-name=\"email-e-mail\"><input size=\"40\" class=\"wpcf7-form-control wpcf7-email wpcf7-validates-as-required wpcf7-text wpcf7-validates-as-email\" aria-required=\"true\" aria-invalid=\"false\" placeholder=\"E-mail\" value=\"\" type=\"email\" name=\"email-e-mail\" \/><\/span><\/label> \n<\/div> \n<div class=\"row\"><span>Your country<\/span> \n <label><span class=\"wpcf7-form-control-wrap\" data-name=\"countrytext-126\"><input size=\"40\" class=\"wpcf7-form-control wpcf7-countrytext wpcf7-text wpcf7-validates-as-countrytext\" aria-invalid=\"false\" value=\"\" type=\"text\" name=\"countrytext-126\" \/><\/span> <\/label>\n<\/div> \n<div class=\"row\"> \n <button type=\"submit\" class=\"btn\">Send<\/button> \n<\/div> \n<div class=\"row\"> \n <span class=\"wpcf7-form-control-wrap\" data-name=\"checkbox-931\"><span class=\"wpcf7-form-control wpcf7-checkbox\"><span class=\"wpcf7-list-item first\"><label><input type=\"checkbox\" name=\"checkbox-931[]\" value=\"Integrator\" \/><span class=\"wpcf7-list-item-label\">Integrator<\/span><\/label><\/span><span class=\"wpcf7-list-item\"><label><input type=\"checkbox\" name=\"checkbox-931[]\" value=\"Builder\" \/><span class=\"wpcf7-list-item-label\">Builder<\/span><\/label><\/span><span class=\"wpcf7-list-item last\"><label><input type=\"checkbox\" name=\"checkbox-931[]\" value=\"End-User\" \/><span class=\"wpcf7-list-item-label\">End-User<\/span><\/label><\/span><\/span><\/span> \n<\/div> \n<div class=\"row row-upload-file\"> \n <label class=\"upload-file-block js-upload-file\">Attach file \n  <span class=\"wpcf7-form-control-wrap\" data-name=\"file-466\"><input size=\"40\" class=\"wpcf7-form-control wpcf7-file\" accept=\"audio\/*,video\/*,image\/*\" aria-invalid=\"false\" type=\"file\" name=\"file-466\" \/><\/span><\/label> \n<\/div><input type='hidden' class='wpcf7-pum' value='{\"closepopup\":false,\"closedelay\":0,\"openpopup\":false,\"openpopup_id\":0}' \/><div class=\"wpcf7-response-output\" aria-hidden=\"true\"><\/div>\n<\/form>\n<\/div>\n            <\/div>\r\n\r\n\t\t    <div class=\"text-holder\" data-aos=\"fade-left\">\r\n\t\t\t\t\t\t    <h3 class=\"title-block\">How Can We Help?<\/h3>\r\n\t\t\t\r\n\t\t\t                <div class=\"text-block\">\r\n                    Please select a topic below related to your inquiry. If you don&#8217;t find what you need, fill out our contact form.                <\/div>\r\n\t\t\t\r\n\t\t\t\t\t\t    <ul class=\"link-list\">\r\n\t\t\t\t\t\t\t\t\t\t\t\t\t\t\t\t\t\t<li>\r\n\t\t\t\t\t\t\t\t\t\t\t\t\t\t\t\t    <strong>Get Inspired<\/strong>\r\n\t\t\t\t\t\t\t\t\t\t\t\t\t\t\t\t\t\t\t\t\t\t\t\t    <a href=\"\/features\/\">\r\n\t\t\t\t\t\t\t\t        Discover what&#8217;s beneath our intercom\t\t\t\t\t\t\t\t    <\/a>\r\n\t\t\t\t\t\t\t\t\t\t\t\t\t\t\t<\/li>\r\n\t\t\t\t\t\t\t\t\t\t\t\t\t\t\t\t\t\t\t\t\t\t\t\t<li>\r\n\t\t\t\t\t\t\t\t\t\t\t\t\t\t\t\t    <strong>Become a Partner<\/strong>\r\n\t\t\t\t\t\t\t\t\t\t\t\t\t\t\t\t\t\t\t\t\t\t\t\t    <a href=\"\/distributors\/\">\r\n\t\t\t\t\t\t\t\t        Expand your business with BAS-IP intercom\t\t\t\t\t\t\t\t    <\/a>\r\n\t\t\t\t\t\t\t\t\t\t\t\t\t\t\t<\/li>\r\n\t\t\t\t\t\t\t\t\t\t\t\t\t\t\t\t\t\t\t\t\t\t\t\t<li>\r\n\t\t\t\t\t\t\t\t\t\t\t\t\t\t\t\t    <strong>Check the Guides<\/strong>\r\n\t\t\t\t\t\t\t\t\t\t\t\t\t\t\t\t\t\t\t\t\t\t\t\t    <a href=\"\/support\/\">\r\n\t\t\t\t\t\t\t\t        Download detailed manuals and schemes\t\t\t\t\t\t\t\t    <\/a>\r\n\t\t\t\t\t\t\t\t\t\t\t\t\t\t\t<\/li>\r\n\t\t\t\t\t\t\t\t\t\t\t\t\t\t\t<\/ul>\r\n\t\t\t\r\n\t\t\t\t\t\t    <h3 class=\"title-block\">Our contacts<\/h3>\r\n\t\t\t\r\n\t\t\t\t\t\t\t<ul class=\"contact-list\">\r\n\t\t\t\t\t\t\t\t\t\t\t\t\t\t\t\t\t\t<li>\r\n\t\t\t\t\t\t\t\t\t\t\t\t\t\t\t\t\t<strong>Sales:<\/strong>\r\n\t\t\t\t\t\t\t\t\t\t\t\t\t\t\t\t\t\t\t\t\t\t\t\t    <a href=\"mailto:&#115;&#97;&#108;e&#115;&#64;bas&#45;i&#112;&#46;&#99;om\">&#115;&#97;&#108;&#101;&#115;&#64;&#98;a&#115;&#45;i&#112;&#46;c&#111;&#109;<\/a>\r\n\t\t\t\t\t\t\t\t\t\t\t\t\t\t\t<\/li>\r\n\t\t\t\t\t\t\t\t\t\t\t\t\t\t\t\t\t\t\t\t\t\t\t\t<li>\r\n\t\t\t\t\t\t\t\t\t\t\t\t\t\t\t\t\t<strong>Technical support:<\/strong>\r\n\t\t\t\t\t\t\t\t\t\t\t\t\t\t\t\t\t\t\t\t\t\t\t\t    <a href=\"mailto:su&#112;po&#114;t&#64;&#98;as&#45;&#105;p.co&#109;\">supp&#111;&#114;&#116;&#64;b&#97;&#115;-&#105;&#112;.co&#109;<\/a>\r\n\t\t\t\t\t\t\t\t\t\t\t\t\t\t\t<\/li>\r\n\t\t\t\t\t\t\t\t\t\t\t\t\t\t\t<\/ul>\r\n\t\t\t\t\t<\/div>\r\n\t<\/section>\r\n\r\n\r\n\r\n<!-- END Block Sign Up -->","protected":false},"excerpt":{"rendered":"","protected":false},"author":1,"featured_media":0,"parent":0,"menu_order":0,"comment_status":"closed","ping_status":"closed","template":"","meta":{"inline_featured_image":false,"footnotes":""},"class_list":["post-22971","page","type-page","status-publish","hentry"],"acf":[],"_links":{"self":[{"href":"https:\/\/bas-ip.com\/cs\/wp-json\/wp\/v2\/pages\/22971","targetHints":{"allow":["GET"]}}],"collection":[{"href":"https:\/\/bas-ip.com\/cs\/wp-json\/wp\/v2\/pages"}],"about":[{"href":"https:\/\/bas-ip.com\/cs\/wp-json\/wp\/v2\/types\/page"}],"author":[{"embeddable":true,"href":"https:\/\/bas-ip.com\/cs\/wp-json\/wp\/v2\/users\/1"}],"replies":[{"embeddable":true,"href":"https:\/\/bas-ip.com\/cs\/wp-json\/wp\/v2\/comments?post=22971"}],"version-history":[{"count":3,"href":"https:\/\/bas-ip.com\/cs\/wp-json\/wp\/v2\/pages\/22971\/revisions"}],"predecessor-version":[{"id":42203,"href":"https:\/\/bas-ip.com\/cs\/wp-json\/wp\/v2\/pages\/22971\/revisions\/42203"}],"wp:attachment":[{"href":"https:\/\/bas-ip.com\/cs\/wp-json\/wp\/v2\/media?parent=22971"}],"curies":[{"name":"wp","href":"https:\/\/api.w.org\/{rel}","templated":true}]}}