{"id":160247,"date":"2026-02-02T03:51:00","date_gmt":"2026-02-02T03:51:00","guid":{"rendered":"https:\/\/bas-ip.com\/hartman\/"},"modified":"2026-03-25T11:38:15","modified_gmt":"2026-03-25T11:38:15","slug":"hartman","status":"publish","type":"page","link":"https:\/\/bas-ip.com\/cs\/hartman\/","title":{"rendered":"Hartman"},"content":{"rendered":"<h2>BAS-IP a Hartman Controls oznamuj\u00ed integraci, kter\u00e1 m\u011bn\u00ed definici spr\u00e1vy p\u0159\u00edstupu do budov<\/h2>\n<p><img loading=\"lazy\" decoding=\"async\" class=\"aligncenter size-large wp-image-155099\" src=\"https:\/\/bas-ip.com\/wp-content\/uploads\/2026\/02\/Hartman_logo_n-1024x296.png\" alt=\"\" width=\"900\" height=\"260\" srcset=\"https:\/\/bas-ip.com\/wp-content\/uploads\/2026\/02\/Hartman_logo_n-1024x296.png 1024w,  https:\/\/bas-ip.com\/wp-content\/uploads\/2026\/02\/Hartman_logo_n-300x87.png 300w,  https:\/\/bas-ip.com\/wp-content\/uploads\/2026\/02\/Hartman_logo_n-768x222.png 768w,  https:\/\/bas-ip.com\/wp-content\/uploads\/2026\/02\/Hartman_logo_n-1536x444.png 1536w,  https:\/\/bas-ip.com\/wp-content\/uploads\/2026\/02\/Hartman_logo_n-2048x592.png 2048w,  https:\/\/bas-ip.com\/wp-content\/uploads\/2026\/02\/Hartman_logo_n-1920x555.png 1920w,  https:\/\/bas-ip.com\/wp-content\/uploads\/2026\/02\/Hartman_logo_n-767x222.png 767w,  https:\/\/bas-ip.com\/wp-content\/uploads\/2026\/02\/Hartman_logo_n-1534x443.png 1534w\" sizes=\"auto, (max-width: 900px) 100vw, 900px\" \/><\/p>\n<p data-path-to-node=\"1\"><strong>BAS-IP, p\u0159edn\u00ed v\u00fdvoj\u00e1\u0159 IP interkomov\u00fdch syst\u00e9m\u016f, a Hartman Controls, l\u00eddr v oblasti integrovan\u00fdch platforem pro kontrolu p\u0159\u00edstupu, ozn\u00e1mili strategickou integraci. Toto partnerstv\u00ed spojuje pokro\u010dil\u00e9 vstupn\u00ed panely BAS-IP s ekosyst\u00e9mem Odyssey a poskytuje jednotn\u00e9, \u0161k\u00e1lovateln\u00e9 \u0159e\u0161en\u00ed pro modern\u00ed reziden\u010dn\u00ed a komer\u010dn\u00ed budovy.<\/strong><\/p>\n<p data-path-to-node=\"2\">J\u00e1drem t\u00e9to integrace je bezprobl\u00e9mov\u00e1 koordinace mezi hardwarem BAS-IP a <strong>platformou Odyssey<\/strong>. D\u00edky vyu\u017eit\u00ed komunikace zalo\u017een\u00e9 na protokolu SIP a rozhran\u00ed BAS-IP Open API funguj\u00ed syst\u00e9my v souladu a umo\u017e\u0148uj\u00ed spr\u00e1vu p\u0159\u00edstupov\u00fdch \u00fadaj\u016f, komunikace a zabezpe\u010den\u00ed z jedin\u00e9ho centralizovan\u00e9ho rozhran\u00ed.<\/p>\n<p data-path-to-node=\"3\">Syst\u00e9m Odyssey slou\u017e\u00ed jako hlavn\u00ed centrum spr\u00e1vy. Oper\u00e1to\u0159i zabezpe\u010den\u00ed mohou spravovat obyvatele, dve\u0159e a opr\u00e1vn\u011bn\u00ed, zat\u00edmco platforma BAS-IP Link zaji\u0161\u0165uje, \u017ee ve\u0161ker\u00e1 konfigura\u010dn\u00ed data \u2014 v\u010detn\u011b parametr\u016f SIP a adres\u00e1\u0159\u016f kontakt\u016f \u2014 jsou automaticky synchronizov\u00e1na nap\u0159\u00ed\u010d celou interkomovou infrastrukturou.<\/p>\n<h3 data-path-to-node=\"4\">Hlavn\u00ed v\u00fdhody:<\/h3>\n<ul>\n<li data-path-to-node=\"5,0,0\"><b data-path-to-node=\"5,0,0\" data-index-in-node=\"0\">Centralizovan\u00e1 spr\u00e1va<\/b> \u2013 Jednotn\u00e9 ovl\u00e1d\u00e1n\u00ed p\u0159\u00edstupu, interkom\u016f a videa v r\u00e1mci ekosyst\u00e9mu Odyssey.<\/li>\n<li data-path-to-node=\"5,1,0\"><b data-path-to-node=\"5,1,0\" data-index-in-node=\"0\">Vylep\u0161en\u00e1 mobilita<\/b> \u2013 Obyvatel\u00e9 a zam\u011bstnanci mohou p\u0159ij\u00edmat hovory z interkomu prost\u0159ednictv\u00edm mobiln\u00edch aplikac\u00ed HC-Key a HC-Admin.<\/li>\n<li data-path-to-node=\"5,2,0\"><b data-path-to-node=\"5,2,0\" data-index-in-node=\"0\">Automatick\u00e1 synchronizace<\/b> \u2013 Synchronizace adres\u00e1\u0159\u016f kontakt\u016f a nastaven\u00ed SIP v re\u00e1ln\u00e9m \u010dase prost\u0159ednictv\u00edm BAS-IP Open API.<\/li>\n<li data-path-to-node=\"5,3,0\"><b data-path-to-node=\"5,3,0\" data-index-in-node=\"0\">\u0160k\u00e1lovateln\u00e1 architektura<\/b> \u2013 \u0158e\u0161en\u00ed p\u0159ipraven\u00e9 na budoucnost, vhodn\u00e9 pro bytov\u00e9 domy, komer\u010dn\u00ed objekty i projekty se sm\u00ed\u0161en\u00fdm vyu\u017eit\u00edm.<\/li>\n<\/ul>\n<h3 data-path-to-node=\"6\">Jak integrace funguje:<\/h3>\n<ol>\n<li data-path-to-node=\"7,0,0\"><b data-path-to-node=\"7,0,0\" data-index-in-node=\"0\">Registrace:<\/b> Administr\u00e1tor spravuje p\u0159\u00edstupov\u00e9 \u00fadaje a data obyvatel v r\u00e1mci platformy Hartman Odyssey.<\/li>\n<li data-path-to-node=\"7,1,0\"><b data-path-to-node=\"7,1,0\" data-index-in-node=\"0\">Synchronizace:<\/b> Pomoc\u00ed BAS-IP Open API synchronizuje Odyssey SIP \u00fa\u010dty a adres\u00e1\u0159e kontakt\u016f p\u0159\u00edmo do vstupn\u00edch panel\u016f.<\/li>\n<li data-path-to-node=\"7,2,0\"><b data-path-to-node=\"7,2,0\" data-index-in-node=\"0\">Vol\u00e1n\u00ed:<\/b> N\u00e1v\u0161t\u011bvn\u00edk vybere jm\u00e9no z adres\u00e1\u0159e panelu BAS-IP. Hovory jsou sm\u011brov\u00e1ny p\u0159es SIP infrastrukturu Odyssey.<\/li>\n<li data-path-to-node=\"7,3,0\"><b data-path-to-node=\"7,3,0\" data-index-in-node=\"0\">Komunikace:<\/b> Obyvatel\u00e9 nebo oper\u00e1to\u0159i p\u0159ijmou hovor v mobiln\u00ed aplikaci HC-Key, desktopov\u00e9m softwaru Odyssey nebo na pevn\u00fdch pracovn\u00edch stanic\u00edch.<\/li>\n<li data-path-to-node=\"7,4,0\"><b data-path-to-node=\"7,4,0\" data-index-in-node=\"0\">P\u0159\u00edstup:<\/b> Dve\u0159e jsou odem\u010deny na d\u00e1lku prost\u0159ednictv\u00edm integrovan\u00e9ho rozhran\u00ed Odyssey, p\u0159i\u010dem\u017e je zachov\u00e1n zabezpe\u010den\u00fd syst\u00e9m z\u00e1znam\u016f.<\/li>\n<\/ol>\n<p data-path-to-node=\"8\">Tato integrace eliminuje probl\u00e9m \u201erozt\u0159\u00ed\u0161t\u011bn\u00e9ho syst\u00e9mu\u201c a nahrazuje samostatn\u00e9 komponenty soudr\u017en\u00fdm prost\u0159ed\u00edm, kter\u00e9 zkracuje dobu uv\u00e1d\u011bn\u00ed do provozu pro integr\u00e1tory a zlep\u0161uje ka\u017edodenn\u00ed zku\u0161enost u\u017eivatel\u016f budovy.<\/p>\n\n<!-- START Block Sign Up --><section id=\"block_629678229e935\" class=\"sign-up-section\">\r\n\r\n    <div class=\"form-holder js-form\" data-aos=\"fade-right\">\r\n                    <div class=\"title-block h3\">Sign up for connection<\/div>\r\n        \r\n                    <div class=\"text-block\">\r\n                Filling out all the information needed to answer you as quickly as possible            <\/div>\r\n        \r\n                    \n<div class=\"wpcf7 no-js\" id=\"wpcf7-f102-o1\" lang=\"en-US\" dir=\"ltr\">\n<div class=\"screen-reader-response\"><p role=\"status\" aria-live=\"polite\" aria-atomic=\"true\"><\/p> <ul><\/ul><\/div>\n<form action=\"\/cs\/wp-json\/wp\/v2\/pages\/160247#wpcf7-f102-o1\" method=\"post\" class=\"wpcf7-form init\" aria-label=\"Contact form\" enctype=\"multipart\/form-data\" novalidate=\"novalidate\" data-status=\"init\">\n<div style=\"display: none;\">\n<input type=\"hidden\" name=\"_wpcf7\" value=\"102\" \/>\n<input type=\"hidden\" name=\"_wpcf7_version\" value=\"5.8.3\" \/>\n<input type=\"hidden\" name=\"_wpcf7_locale\" value=\"en_US\" \/>\n<input type=\"hidden\" name=\"_wpcf7_unit_tag\" value=\"wpcf7-f102-o1\" \/>\n<input type=\"hidden\" name=\"_wpcf7_container_post\" value=\"0\" \/>\n<input type=\"hidden\" name=\"_wpcf7_posted_data_hash\" value=\"\" \/>\n<input type=\"hidden\" name=\"_wpcf7_recaptcha_response\" value=\"\" \/>\n<\/div>\n<div class=\"row\"> \n <label><span class=\"label-text\">Name<\/span> \n  <span class=\"wpcf7-form-control-wrap\" data-name=\"text-full-name\"><input size=\"40\" class=\"wpcf7-form-control wpcf7-text wpcf7-validates-as-required\" aria-required=\"true\" aria-invalid=\"false\" placeholder=\"Name\" value=\"\" type=\"text\" name=\"text-full-name\" \/><\/span><\/label> \n<\/div> \n<div class=\"row\"> \n <label><span class=\"label-text\">Phone*<\/span> \n<span class=\"wpcf7-form-control-wrap\" data-name=\"phonetext-270\"><input size=\"40\" class=\"wpcf7-form-control wpcf7-phonetext wpcf7-validates-as-required wpcf7-text wpcf7-validates-as-phonetext\" aria-required=\"true\" aria-invalid=\"false\" placeholder=\"Phone*\" value=\"\" type=\"text\" name=\"phonetext-270\" \/><input type=\"hidden\" name=\"phonetext-270-country-code\" class=\"wpcf7-phonetext-country-code\" \/><\/span><\/label> \n<\/div> \n<div class=\"row\"> \n <label><span class=\"label-text\">E-mail<\/span> \n  <span class=\"wpcf7-form-control-wrap\" data-name=\"email-e-mail\"><input size=\"40\" class=\"wpcf7-form-control wpcf7-email wpcf7-validates-as-required wpcf7-text wpcf7-validates-as-email\" aria-required=\"true\" aria-invalid=\"false\" placeholder=\"E-mail\" value=\"\" type=\"email\" name=\"email-e-mail\" \/><\/span><\/label> \n<\/div> \n<div class=\"row\"><span>Your country<\/span> \n <label><span class=\"wpcf7-form-control-wrap\" data-name=\"countrytext-126\"><input size=\"40\" class=\"wpcf7-form-control wpcf7-countrytext wpcf7-text wpcf7-validates-as-countrytext\" aria-invalid=\"false\" value=\"\" type=\"text\" name=\"countrytext-126\" \/><\/span> <\/label>\n<\/div> \n<div class=\"row\"> \n <button type=\"submit\" class=\"btn\">Send<\/button> \n<\/div> \n<div class=\"row\"> \n <span class=\"wpcf7-form-control-wrap\" data-name=\"checkbox-931\"><span class=\"wpcf7-form-control wpcf7-checkbox\"><span class=\"wpcf7-list-item first\"><label><input type=\"checkbox\" name=\"checkbox-931[]\" value=\"Integrator\" \/><span class=\"wpcf7-list-item-label\">Integrator<\/span><\/label><\/span><span class=\"wpcf7-list-item\"><label><input type=\"checkbox\" name=\"checkbox-931[]\" value=\"Builder\" \/><span class=\"wpcf7-list-item-label\">Builder<\/span><\/label><\/span><span class=\"wpcf7-list-item last\"><label><input type=\"checkbox\" name=\"checkbox-931[]\" value=\"End-User\" \/><span class=\"wpcf7-list-item-label\">End-User<\/span><\/label><\/span><\/span><\/span> \n<\/div> \n<div class=\"row row-upload-file\"> \n <label class=\"upload-file-block js-upload-file\">Attach file \n  <span class=\"wpcf7-form-control-wrap\" data-name=\"file-466\"><input size=\"40\" class=\"wpcf7-form-control wpcf7-file\" accept=\"audio\/*,video\/*,image\/*\" aria-invalid=\"false\" type=\"file\" name=\"file-466\" \/><\/span><\/label> \n<\/div><input type='hidden' class='wpcf7-pum' value='{\"closepopup\":false,\"closedelay\":0,\"openpopup\":false,\"openpopup_id\":0}' \/><div class=\"wpcf7-response-output\" aria-hidden=\"true\"><\/div>\n<\/form>\n<\/div>\n            <\/div>\r\n\r\n\t\t    <div class=\"text-holder\" data-aos=\"fade-left\">\r\n\t\t\t\t\t\t    <h3 class=\"title-block\">How Can We Help?<\/h3>\r\n\t\t\t\r\n\t\t\t                <div class=\"text-block\">\r\n                    Please select a topic below related to your inquiry. If you don&#8217;t find what you need, fill out our contact form.                <\/div>\r\n\t\t\t\r\n\t\t\t\t\t\t    <ul class=\"link-list\">\r\n\t\t\t\t\t\t\t\t\t\t\t\t\t\t\t\t\t\t<li>\r\n\t\t\t\t\t\t\t\t\t\t\t\t\t\t\t\t    <strong>Get Inspired<\/strong>\r\n\t\t\t\t\t\t\t\t\t\t\t\t\t\t\t\t\t\t\t\t\t\t\t\t    <a href=\"\/features\/\">\r\n\t\t\t\t\t\t\t\t        Discover what&#8217;s beneath our intercom\t\t\t\t\t\t\t\t    <\/a>\r\n\t\t\t\t\t\t\t\t\t\t\t\t\t\t\t<\/li>\r\n\t\t\t\t\t\t\t\t\t\t\t\t\t\t\t\t\t\t\t\t\t\t\t\t<li>\r\n\t\t\t\t\t\t\t\t\t\t\t\t\t\t\t\t    <strong>Become a Partner<\/strong>\r\n\t\t\t\t\t\t\t\t\t\t\t\t\t\t\t\t\t\t\t\t\t\t\t\t    <a href=\"\/distributors\/\">\r\n\t\t\t\t\t\t\t\t        Expand your business with BAS-IP intercom\t\t\t\t\t\t\t\t    <\/a>\r\n\t\t\t\t\t\t\t\t\t\t\t\t\t\t\t<\/li>\r\n\t\t\t\t\t\t\t\t\t\t\t\t\t\t\t\t\t\t\t\t\t\t\t\t<li>\r\n\t\t\t\t\t\t\t\t\t\t\t\t\t\t\t\t    <strong>Check the Guides<\/strong>\r\n\t\t\t\t\t\t\t\t\t\t\t\t\t\t\t\t\t\t\t\t\t\t\t\t    <a href=\"\/support\/\">\r\n\t\t\t\t\t\t\t\t        Download detailed manuals and schemes\t\t\t\t\t\t\t\t    <\/a>\r\n\t\t\t\t\t\t\t\t\t\t\t\t\t\t\t<\/li>\r\n\t\t\t\t\t\t\t\t\t\t\t\t\t\t\t<\/ul>\r\n\t\t\t\r\n\t\t\t\t\t\t    <h3 class=\"title-block\">Our contacts<\/h3>\r\n\t\t\t\r\n\t\t\t\t\t\t\t<ul class=\"contact-list\">\r\n\t\t\t\t\t\t\t\t\t\t\t\t\t\t\t\t\t\t<li>\r\n\t\t\t\t\t\t\t\t\t\t\t\t\t\t\t\t\t<strong>Sales:<\/strong>\r\n\t\t\t\t\t\t\t\t\t\t\t\t\t\t\t\t\t\t\t\t\t\t\t\t    <a href=\"mailto:sales&#64;b&#97;&#115;&#45;ip.&#99;&#111;m\">&#115;&#97;les&#64;ba&#115;&#45;ip&#46;&#99;&#111;m<\/a>\r\n\t\t\t\t\t\t\t\t\t\t\t\t\t\t\t<\/li>\r\n\t\t\t\t\t\t\t\t\t\t\t\t\t\t\t\t\t\t\t\t\t\t\t\t<li>\r\n\t\t\t\t\t\t\t\t\t\t\t\t\t\t\t\t\t<strong>Technical support:<\/strong>\r\n\t\t\t\t\t\t\t\t\t\t\t\t\t\t\t\t\t\t\t\t\t\t\t\t    <a href=\"mailto:sup&#112;&#111;&#114;&#116;&#64;b&#97;s&#45;&#105;&#112;&#46;com\">s&#117;&#112;&#112;&#111;r&#116;&#64;ba&#115;-ip&#46;com<\/a>\r\n\t\t\t\t\t\t\t\t\t\t\t\t\t\t\t<\/li>\r\n\t\t\t\t\t\t\t\t\t\t\t\t\t\t\t<\/ul>\r\n\t\t\t\t\t<\/div>\r\n\t<\/section>\r\n\r\n\r\n\r\n<!-- END Block Sign Up -->\n\n\n<p><\/p>","protected":false},"excerpt":{"rendered":"<p>BAS-IP a Hartman Controls oznamuj\u00ed integraci, kter\u00e1 m\u011bn\u00ed definici spr\u00e1vy p\u0159\u00edstupu do budov BAS-IP, p\u0159edn\u00ed v\u00fdvoj\u00e1\u0159 IP interkomov\u00fdch syst\u00e9m\u016f, a Hartman Controls, l\u00eddr v oblasti integrovan\u00fdch platforem pro kontrolu p\u0159\u00edstupu, ozn\u00e1mili strategickou integraci. Toto partnerstv\u00ed spojuje pokro\u010dil\u00e9 vstupn\u00ed panely BAS-IP s ekosyst\u00e9mem Odyssey a poskytuje jednotn\u00e9, \u0161k\u00e1lovateln\u00e9 \u0159e\u0161en\u00ed pro modern\u00ed reziden\u010dn\u00ed a komer\u010dn\u00ed budovy. J\u00e1drem [&hellip;]<\/p>","protected":false},"author":1,"featured_media":0,"parent":0,"menu_order":0,"comment_status":"closed","ping_status":"closed","template":"page-custom-breadcrumbs.php","meta":{"inline_featured_image":false,"footnotes":""},"class_list":["post-160247","page","type-page","status-publish","hentry"],"acf":[],"_links":{"self":[{"href":"https:\/\/bas-ip.com\/cs\/wp-json\/wp\/v2\/pages\/160247","targetHints":{"allow":["GET"]}}],"collection":[{"href":"https:\/\/bas-ip.com\/cs\/wp-json\/wp\/v2\/pages"}],"about":[{"href":"https:\/\/bas-ip.com\/cs\/wp-json\/wp\/v2\/types\/page"}],"author":[{"embeddable":true,"href":"https:\/\/bas-ip.com\/cs\/wp-json\/wp\/v2\/users\/1"}],"replies":[{"embeddable":true,"href":"https:\/\/bas-ip.com\/cs\/wp-json\/wp\/v2\/comments?post=160247"}],"version-history":[{"count":2,"href":"https:\/\/bas-ip.com\/cs\/wp-json\/wp\/v2\/pages\/160247\/revisions"}],"predecessor-version":[{"id":160313,"href":"https:\/\/bas-ip.com\/cs\/wp-json\/wp\/v2\/pages\/160247\/revisions\/160313"}],"wp:attachment":[{"href":"https:\/\/bas-ip.com\/cs\/wp-json\/wp\/v2\/media?parent=160247"}],"curies":[{"name":"wp","href":"https:\/\/api.w.org\/{rel}","templated":true}]}}