{"id":149995,"date":"2025-02-06T12:58:36","date_gmt":"2025-02-06T12:58:36","guid":{"rendered":"https:\/\/bas-ip.com\/napco\/"},"modified":"2025-11-18T11:15:45","modified_gmt":"2025-11-18T11:15:45","slug":"napco","status":"publish","type":"page","link":"https:\/\/bas-ip.com\/cs\/napco\/","title":{"rendered":"NAPCO"},"content":{"rendered":"<h2 class=\"wp-block-heading\"><strong>BAS-IP a NAPCO: Integrace pro Pohodlnou Spr\u00e1vu P\u0159\u00edstupu<\/strong><\/h2>\n\n\n<div class=\"wp-block-image\">\n<figure class=\"aligncenter size-full\"><img loading=\"lazy\" decoding=\"async\" width=\"900\" height=\"183\" src=\"https:\/\/bas-ip.com\/wp-content\/uploads\/2025\/02\/napco-security-logo.png\" alt=\"\" class=\"wp-image-130197\" srcset=\"https:\/\/bas-ip.com\/wp-content\/uploads\/2025\/02\/napco-security-logo.png 900w,  https:\/\/bas-ip.com\/wp-content\/uploads\/2025\/02\/napco-security-logo-300x61.png 300w,  https:\/\/bas-ip.com\/wp-content\/uploads\/2025\/02\/napco-security-logo-768x156.png 768w,  https:\/\/bas-ip.com\/wp-content\/uploads\/2025\/02\/napco-security-logo-767x156.png 767w\" sizes=\"auto, (max-width: 900px) 100vw, 900px\" \/><\/figure>\n<\/div>\n\n<p data-path-to-node=\"2\">Integrace se syst\u00e9mem <b>NAPCO<\/b> funguje prost\u0159ednictv\u00edm panelu <b>AV-08FB<\/b> s opera\u010dn\u00edm syst\u00e9mem <b>Android<\/b>. P\u0159ipojen\u00edm panelu k softwaru <b>Card Access Software v1.2.x<\/b> mohou u\u017eivatel\u00e9 spravovat p\u0159ihla\u0161ovac\u00ed \u00fadaje prost\u0159ednictv\u00edm jedin\u00e9ho rozhran\u00ed, \u010d\u00edm\u017e se eliminuje pot\u0159eba samostatn\u00e9ho webov\u00e9ho rozhran\u00ed, co\u017e zjednodu\u0161uje cel\u00fd proces.<\/p>\n<p data-path-to-node=\"3\">Integrace zahrnuje <b>kontrolu p\u0159\u00edstupu<\/b>, <b>video dohled<\/b> a <b>monitorov\u00e1n\u00ed v re\u00e1ln\u00e9m \u010dase<\/b>, d\u00edky \u010demu\u017e je syst\u00e9m flexibiln\u00ed a pohodln\u00fd, zejm\u00e9na pro reziden\u010dn\u00ed komplexy a kancel\u00e1\u0159e, kde je kl\u00ed\u010dov\u00e9 rychl\u00e9 \u0159\u00edzen\u00ed a pohotov\u00e1 reakce na ud\u00e1losti.<\/p>\n<p data-path-to-node=\"5\">\u00a0<\/p>\n<h3>V\u00fdhody Integrace BAS-IP a NAPCO:<\/h3>\n<p>\u00a0<\/p>\n<ul>\n<li data-path-to-node=\"6,0,0\"><b>Snadn\u00e1 spr\u00e1va:<\/b> Jedin\u00e9 rozhran\u00ed umo\u017e\u0148uje u\u017eivatel\u016fm snadno spravovat p\u0159ihla\u0161ovac\u00ed \u00fadaje a p\u0159\u00edstup, co\u017e zjednodu\u0161uje administrativn\u00ed proces.<\/li>\n<li data-path-to-node=\"6,0,0\"><b>Flexibiln\u00ed syst\u00e9m:<\/b> Integrace umo\u017e\u0148uje vyu\u017eit\u00ed r\u016fzn\u00fdch funkc\u00ed, v\u010detn\u011b kontroly p\u0159\u00edstupu a video dohledu, \u010d\u00edm\u017e se syst\u00e9m st\u00e1v\u00e1 univerz\u00e1ln\u00edm.<\/li>\n<li data-path-to-node=\"6,0,0\"><b>Monitorov\u00e1n\u00ed v re\u00e1ln\u00e9m \u010dase:<\/b> Mo\u017enost sledovat ud\u00e1losti v re\u00e1ln\u00e9m \u010dase zvy\u0161uje bezpe\u010dnost a umo\u017e\u0148uje rychlej\u0161\u00ed reakci na incidenty.<\/li>\n<li data-path-to-node=\"6,0,0\"><b>Ide\u00e1ln\u00ed pro reziden\u010dn\u00ed a kancel\u00e1\u0159sk\u00e9 komplexy:<\/b> \u0158e\u0161en\u00ed je vhodn\u00e9 pro objekty, kde je nezbytn\u00e1 rychl\u00e1 reakce a pohodln\u00e1 spr\u00e1va p\u0159\u00edstupu.<\/li>\n<\/ul>\n<p data-path-to-node=\"8\">\u00a0<\/p>\n<h3>Kl\u00ed\u010dov\u00e9 Aspekty Integrace:<\/h3>\n<p>\u00a0<\/p>\n<p data-path-to-node=\"9\">Spolupr\u00e1ce mezi spole\u010dnostmi <b>BAS-IP<\/b> a <b>NAPCO<\/b> nab\u00edz\u00ed:<\/p>\n<ul>\n<li data-path-to-node=\"10,0,0\">Integraci s panelem <b>AV-08FB<\/b> a softwarem <b>Card Access<\/b>, zaji\u0161\u0165uj\u00edc\u00ed pohodlnou spr\u00e1vu p\u0159\u00edstupu.<\/li>\n<li data-path-to-node=\"10,0,0\">Propojen\u00ed mezi r\u016fzn\u00fdmi bezpe\u010dnostn\u00edmi aspekty, jako je video dohled a kontrola p\u0159\u00edstupu.<\/li>\n<li data-path-to-node=\"10,0,0\">Flexibiln\u00ed konfigurace pro p\u0159izp\u016fsoben\u00ed r\u016fzn\u00fdm pot\u0159eb\u00e1m u\u017eivatel\u016f.<\/li>\n<\/ul>\n<p data-path-to-node=\"11\">Tato integrace umo\u017e\u0148uje konsolidaci spr\u00e1vy p\u0159\u00edstupu a video dohledu do jednoho syst\u00e9mu, co\u017e z n\u00ed \u010din\u00ed ide\u00e1ln\u00ed \u0159e\u0161en\u00ed pro modern\u00ed nemovitosti. Spolupr\u00e1ce mezi <b>BAS-IP<\/b> a <b>NAPCO<\/b> poskytuje efektivn\u00ed a bezpe\u010dn\u00fd n\u00e1stroj pro spr\u00e1vu a monitorov\u00e1n\u00ed p\u0159\u00edstupu.<\/p>\n<p data-path-to-node=\"12\">Pro podrobn\u011bj\u0161\u00ed pokyny k instalaci a konfiguraci nahl\u00e9dn\u011bte do na\u0161eho<a href=\"https:\/\/basip.atlassian.net\/wiki\/spaces\/Integrations\/pages\/248479748\/Integration+with+NAPCO\" target=\"_blank\" rel=\"noopener\"> <b>Wiki Manu\u00e1lu<\/b><\/a>.<\/p>\n\n<!-- START Block Sign Up --><section id=\"block_629678229e935\" class=\"sign-up-section\">\r\n\r\n    <div class=\"form-holder js-form\" data-aos=\"fade-right\">\r\n                    <div class=\"title-block h3\">Sign up for connection<\/div>\r\n        \r\n                    <div class=\"text-block\">\r\n                Filling out all the information needed to answer you as quickly as possible            <\/div>\r\n        \r\n                    \n<div class=\"wpcf7 no-js\" id=\"wpcf7-f102-o1\" lang=\"en-US\" dir=\"ltr\">\n<div class=\"screen-reader-response\"><p role=\"status\" aria-live=\"polite\" aria-atomic=\"true\"><\/p> <ul><\/ul><\/div>\n<form action=\"\/cs\/wp-json\/wp\/v2\/pages\/149995#wpcf7-f102-o1\" method=\"post\" class=\"wpcf7-form init\" aria-label=\"Contact form\" enctype=\"multipart\/form-data\" novalidate=\"novalidate\" data-status=\"init\">\n<div style=\"display: none;\">\n<input type=\"hidden\" name=\"_wpcf7\" value=\"102\" \/>\n<input type=\"hidden\" name=\"_wpcf7_version\" value=\"5.8.3\" \/>\n<input type=\"hidden\" name=\"_wpcf7_locale\" value=\"en_US\" \/>\n<input type=\"hidden\" name=\"_wpcf7_unit_tag\" value=\"wpcf7-f102-o1\" \/>\n<input type=\"hidden\" name=\"_wpcf7_container_post\" value=\"0\" \/>\n<input type=\"hidden\" name=\"_wpcf7_posted_data_hash\" value=\"\" \/>\n<input type=\"hidden\" name=\"_wpcf7_recaptcha_response\" value=\"\" \/>\n<\/div>\n<div class=\"row\"> \n <label><span class=\"label-text\">Name<\/span> \n  <span class=\"wpcf7-form-control-wrap\" data-name=\"text-full-name\"><input size=\"40\" class=\"wpcf7-form-control wpcf7-text wpcf7-validates-as-required\" aria-required=\"true\" aria-invalid=\"false\" placeholder=\"Name\" value=\"\" type=\"text\" name=\"text-full-name\" \/><\/span><\/label> \n<\/div> \n<div class=\"row\"> \n <label><span class=\"label-text\">Phone*<\/span> \n<span class=\"wpcf7-form-control-wrap\" data-name=\"phonetext-270\"><input size=\"40\" class=\"wpcf7-form-control wpcf7-phonetext wpcf7-validates-as-required wpcf7-text wpcf7-validates-as-phonetext\" aria-required=\"true\" aria-invalid=\"false\" placeholder=\"Phone*\" value=\"\" type=\"text\" name=\"phonetext-270\" \/><input type=\"hidden\" name=\"phonetext-270-country-code\" class=\"wpcf7-phonetext-country-code\" \/><\/span><\/label> \n<\/div> \n<div class=\"row\"> \n <label><span class=\"label-text\">E-mail<\/span> \n  <span class=\"wpcf7-form-control-wrap\" data-name=\"email-e-mail\"><input size=\"40\" class=\"wpcf7-form-control wpcf7-email wpcf7-validates-as-required wpcf7-text wpcf7-validates-as-email\" aria-required=\"true\" aria-invalid=\"false\" placeholder=\"E-mail\" value=\"\" type=\"email\" name=\"email-e-mail\" \/><\/span><\/label> \n<\/div> \n<div class=\"row\"><span>Your country<\/span> \n <label><span class=\"wpcf7-form-control-wrap\" data-name=\"countrytext-126\"><input size=\"40\" class=\"wpcf7-form-control wpcf7-countrytext wpcf7-text wpcf7-validates-as-countrytext\" aria-invalid=\"false\" value=\"\" type=\"text\" name=\"countrytext-126\" \/><\/span> <\/label>\n<\/div> \n<div class=\"row\"> \n <button type=\"submit\" class=\"btn\">Send<\/button> \n<\/div> \n<div class=\"row\"> \n <span class=\"wpcf7-form-control-wrap\" data-name=\"checkbox-931\"><span class=\"wpcf7-form-control wpcf7-checkbox\"><span class=\"wpcf7-list-item first\"><label><input type=\"checkbox\" name=\"checkbox-931[]\" value=\"Integrator\" \/><span class=\"wpcf7-list-item-label\">Integrator<\/span><\/label><\/span><span class=\"wpcf7-list-item\"><label><input type=\"checkbox\" name=\"checkbox-931[]\" value=\"Builder\" \/><span class=\"wpcf7-list-item-label\">Builder<\/span><\/label><\/span><span class=\"wpcf7-list-item last\"><label><input type=\"checkbox\" name=\"checkbox-931[]\" value=\"End-User\" \/><span class=\"wpcf7-list-item-label\">End-User<\/span><\/label><\/span><\/span><\/span> \n<\/div> \n<div class=\"row row-upload-file\"> \n <label class=\"upload-file-block js-upload-file\">Attach file \n  <span class=\"wpcf7-form-control-wrap\" data-name=\"file-466\"><input size=\"40\" class=\"wpcf7-form-control wpcf7-file\" accept=\"audio\/*,video\/*,image\/*\" aria-invalid=\"false\" type=\"file\" name=\"file-466\" \/><\/span><\/label> \n<\/div><input type='hidden' class='wpcf7-pum' value='{\"closepopup\":false,\"closedelay\":0,\"openpopup\":false,\"openpopup_id\":0}' \/><div class=\"wpcf7-response-output\" aria-hidden=\"true\"><\/div>\n<\/form>\n<\/div>\n            <\/div>\r\n\r\n\t\t    <div class=\"text-holder\" data-aos=\"fade-left\">\r\n\t\t\t\t\t\t    <h3 class=\"title-block\">How Can We Help?<\/h3>\r\n\t\t\t\r\n\t\t\t                <div class=\"text-block\">\r\n                    Please select a topic below related to your inquiry. If you don&#8217;t find what you need, fill out our contact form.                <\/div>\r\n\t\t\t\r\n\t\t\t\t\t\t    <ul class=\"link-list\">\r\n\t\t\t\t\t\t\t\t\t\t\t\t\t\t\t\t\t\t<li>\r\n\t\t\t\t\t\t\t\t\t\t\t\t\t\t\t\t    <strong>Get Inspired<\/strong>\r\n\t\t\t\t\t\t\t\t\t\t\t\t\t\t\t\t\t\t\t\t\t\t\t\t    <a href=\"\/features\/\">\r\n\t\t\t\t\t\t\t\t        Discover what&#8217;s beneath our intercom\t\t\t\t\t\t\t\t    <\/a>\r\n\t\t\t\t\t\t\t\t\t\t\t\t\t\t\t<\/li>\r\n\t\t\t\t\t\t\t\t\t\t\t\t\t\t\t\t\t\t\t\t\t\t\t\t<li>\r\n\t\t\t\t\t\t\t\t\t\t\t\t\t\t\t\t    <strong>Become a Partner<\/strong>\r\n\t\t\t\t\t\t\t\t\t\t\t\t\t\t\t\t\t\t\t\t\t\t\t\t    <a href=\"\/distributors\/\">\r\n\t\t\t\t\t\t\t\t        Expand your business with BAS-IP intercom\t\t\t\t\t\t\t\t    <\/a>\r\n\t\t\t\t\t\t\t\t\t\t\t\t\t\t\t<\/li>\r\n\t\t\t\t\t\t\t\t\t\t\t\t\t\t\t\t\t\t\t\t\t\t\t\t<li>\r\n\t\t\t\t\t\t\t\t\t\t\t\t\t\t\t\t    <strong>Check the Guides<\/strong>\r\n\t\t\t\t\t\t\t\t\t\t\t\t\t\t\t\t\t\t\t\t\t\t\t\t    <a href=\"\/support\/\">\r\n\t\t\t\t\t\t\t\t        Download detailed manuals and schemes\t\t\t\t\t\t\t\t    <\/a>\r\n\t\t\t\t\t\t\t\t\t\t\t\t\t\t\t<\/li>\r\n\t\t\t\t\t\t\t\t\t\t\t\t\t\t\t<\/ul>\r\n\t\t\t\r\n\t\t\t\t\t\t    <h3 class=\"title-block\">Our contacts<\/h3>\r\n\t\t\t\r\n\t\t\t\t\t\t\t<ul class=\"contact-list\">\r\n\t\t\t\t\t\t\t\t\t\t\t\t\t\t\t\t\t\t<li>\r\n\t\t\t\t\t\t\t\t\t\t\t\t\t\t\t\t\t<strong>Sales:<\/strong>\r\n\t\t\t\t\t\t\t\t\t\t\t\t\t\t\t\t\t\t\t\t\t\t\t\t    <a href=\"mailto:sal&#101;&#115;&#64;bas&#45;i&#112;&#46;&#99;&#111;&#109;\">sa&#108;&#101;s&#64;&#98;as&#45;&#105;&#112;.&#99;o&#109;<\/a>\r\n\t\t\t\t\t\t\t\t\t\t\t\t\t\t\t<\/li>\r\n\t\t\t\t\t\t\t\t\t\t\t\t\t\t\t\t\t\t\t\t\t\t\t\t<li>\r\n\t\t\t\t\t\t\t\t\t\t\t\t\t\t\t\t\t<strong>Technical support:<\/strong>\r\n\t\t\t\t\t\t\t\t\t\t\t\t\t\t\t\t\t\t\t\t\t\t\t\t    <a href=\"mailto:&#115;u&#112;p&#111;rt&#64;&#98;&#97;s&#45;&#105;p.co&#109;\">su&#112;po&#114;t&#64;&#98;a&#115;-ip.&#99;&#111;m<\/a>\r\n\t\t\t\t\t\t\t\t\t\t\t\t\t\t\t<\/li>\r\n\t\t\t\t\t\t\t\t\t\t\t\t\t\t\t<\/ul>\r\n\t\t\t\t\t<\/div>\r\n\t<\/section>\r\n\r\n\r\n\r\n<!-- END Block Sign Up -->","protected":false},"excerpt":{"rendered":"<p>BAS-IP a NAPCO: Integrace pro Pohodlnou Spr\u00e1vu P\u0159\u00edstupu Integrace se syst\u00e9mem NAPCO funguje prost\u0159ednictv\u00edm panelu AV-08FB s opera\u010dn\u00edm syst\u00e9mem Android. P\u0159ipojen\u00edm panelu k softwaru Card Access Software v1.2.x mohou u\u017eivatel\u00e9 spravovat p\u0159ihla\u0161ovac\u00ed \u00fadaje prost\u0159ednictv\u00edm jedin\u00e9ho rozhran\u00ed, \u010d\u00edm\u017e se eliminuje pot\u0159eba samostatn\u00e9ho webov\u00e9ho rozhran\u00ed, co\u017e zjednodu\u0161uje cel\u00fd proces. Integrace zahrnuje kontrolu p\u0159\u00edstupu, video dohled a monitorov\u00e1n\u00ed [&hellip;]<\/p>","protected":false},"author":1,"featured_media":0,"parent":0,"menu_order":0,"comment_status":"closed","ping_status":"closed","template":"page-custom-breadcrumbs.php","meta":{"inline_featured_image":false,"footnotes":""},"class_list":["post-149995","page","type-page","status-publish","hentry"],"acf":[],"_links":{"self":[{"href":"https:\/\/bas-ip.com\/cs\/wp-json\/wp\/v2\/pages\/149995","targetHints":{"allow":["GET"]}}],"collection":[{"href":"https:\/\/bas-ip.com\/cs\/wp-json\/wp\/v2\/pages"}],"about":[{"href":"https:\/\/bas-ip.com\/cs\/wp-json\/wp\/v2\/types\/page"}],"author":[{"embeddable":true,"href":"https:\/\/bas-ip.com\/cs\/wp-json\/wp\/v2\/users\/1"}],"replies":[{"embeddable":true,"href":"https:\/\/bas-ip.com\/cs\/wp-json\/wp\/v2\/comments?post=149995"}],"version-history":[{"count":2,"href":"https:\/\/bas-ip.com\/cs\/wp-json\/wp\/v2\/pages\/149995\/revisions"}],"predecessor-version":[{"id":150085,"href":"https:\/\/bas-ip.com\/cs\/wp-json\/wp\/v2\/pages\/149995\/revisions\/150085"}],"wp:attachment":[{"href":"https:\/\/bas-ip.com\/cs\/wp-json\/wp\/v2\/media?parent=149995"}],"curies":[{"name":"wp","href":"https:\/\/api.w.org\/{rel}","templated":true}]}}