{"id":149367,"date":"2025-02-06T13:42:37","date_gmt":"2025-02-06T13:42:37","guid":{"rendered":"https:\/\/bas-ip.com\/rosslare\/"},"modified":"2025-11-17T14:33:16","modified_gmt":"2025-11-17T14:33:16","slug":"rosslare","status":"publish","type":"page","link":"https:\/\/bas-ip.com\/cs\/rosslare\/","title":{"rendered":"Rosslare"},"content":{"rendered":"<h2 class=\"wp-block-heading\">BAS-IP a Rosslare: Pokro\u010dil\u00e1 integrace kontroly p\u0159\u00edstupu a interkom\u016f<\/h2>\n\n\n<div class=\"wp-block-image\">\n<figure class=\"aligncenter size-large is-resized\"><img loading=\"lazy\" decoding=\"async\" width=\"1024\" height=\"166\" src=\"https:\/\/bas-ip.com\/wp-content\/uploads\/2025\/02\/Rosslare_logo_new-1024x166.png\" alt=\"\" class=\"wp-image-130233\" style=\"width:900px\" srcset=\"https:\/\/bas-ip.com\/wp-content\/uploads\/2025\/02\/Rosslare_logo_new-1024x166.png 1024w,  https:\/\/bas-ip.com\/wp-content\/uploads\/2025\/02\/Rosslare_logo_new-300x48.png 300w,  https:\/\/bas-ip.com\/wp-content\/uploads\/2025\/02\/Rosslare_logo_new-768x124.png 768w,  https:\/\/bas-ip.com\/wp-content\/uploads\/2025\/02\/Rosslare_logo_new-767x124.png 767w,  https:\/\/bas-ip.com\/wp-content\/uploads\/2025\/02\/Rosslare_logo_new.png 1064w\" sizes=\"auto, (max-width: 1024px) 100vw, 1024px\" \/><\/figure>\n<\/div>\n\n<p data-path-to-node=\"2\">Integrace interkomov\u00fdch syst\u00e9m\u016f BAS-IP s platformou AxTraxPro\u2122 od spole\u010dnosti Rosslare spojuje dv\u011b v\u00fdkonn\u00e1 \u0159e\u0161en\u00ed pro bezprobl\u00e9movou spr\u00e1vu zabezpe\u010den\u00ed a komunikace. AxTraxPro\u2122 od Rosslare vynik\u00e1 v kontrole p\u0159\u00edstupov\u00fdch bod\u016f, u\u017eivatelsk\u00fdch opr\u00e1vn\u011bn\u00ed a monitorov\u00e1n\u00ed bezpe\u010dnostn\u00edch ud\u00e1lost\u00ed, zat\u00edmco BAS-IP Link Cloud Server centralizuje spr\u00e1vu interkom\u016f a integraci t\u0159et\u00edch stran. Tyto syst\u00e9my spole\u010dn\u011b p\u0159in\u00e1\u0161ej\u00ed zjednodu\u0161en\u00e9 operace a zv\u00fd\u0161enou bezpe\u010dnost pro obytn\u00e9 a komer\u010dn\u00ed objekty.<\/p>\n<p data-path-to-node=\"3\">Tento jednotn\u00fd p\u0159\u00edstup umo\u017e\u0148uje oper\u00e1tor\u016fm spravovat p\u0159\u00edstupov\u00e9 a komunika\u010dn\u00ed funkce prost\u0159ednictv\u00edm jedin\u00e9ho rozhran\u00ed. AxTraxPro\u2122 spravuje monitorov\u00e1n\u00ed a opr\u00e1vn\u011bn\u00ed v re\u00e1ln\u00e9m \u010dase, zat\u00edmco BAS-IP Link Cloud Server zaji\u0161\u0165uje efektivn\u00ed funk\u010dnost interkomu. Integrac\u00ed t\u011bchto technologi\u00ed \u0159e\u0161en\u00ed zjednodu\u0161uje administraci, zlep\u0161uje zabezpe\u010den\u00ed a zvy\u0161uje u\u017eivatelsk\u00fd komfort pro v\u0161echny u\u017eivatele.<\/p>\n<p data-path-to-node=\"4\">C\u00edlem t\u00e9to integrace je \u0159e\u0161it b\u011b\u017en\u00e9 probl\u00e9my, kter\u00fdm oper\u00e1to\u0159i \u010del\u00ed, jako je pot\u0159eba p\u0159ep\u00ednat mezi v\u00edce syst\u00e9my pro kontrolu p\u0159\u00edstupu a spr\u00e1vu interkomu. Konsolidac\u00ed t\u011bchto funkc\u00ed z\u00edsk\u00e1vaj\u00ed u\u017eivatel\u00e9 lep\u0161\u00ed p\u0159ehled, rychlej\u0161\u00ed reak\u010dn\u00ed doby na bezpe\u010dnostn\u00ed incidenty a u\u017eivatelsky p\u0159\u00edv\u011btiv\u011bj\u0161\u00ed prost\u0159ed\u00ed jak pro administr\u00e1tory, tak pro koncov\u00e9 u\u017eivatele.<\/p>\n<hr data-path-to-node=\"5\" \/>\n<p data-path-to-node=\"6\">\u00a0<\/p>\n<h3>Kl\u00ed\u010dov\u00e9 v\u00fdhody integrace<\/h3>\n<p>\u00a0<\/p>\n<ul>\n<li data-path-to-node=\"7,0,0\"><b>Jednotn\u00e1 kontrola:<\/b> Spravujte p\u0159\u00edstupov\u00e9 body a interkomy z jedin\u00e9 platformy, co\u017e zjednodu\u0161uje administraci.<\/li>\n<li data-path-to-node=\"7,0,0\"><b>Vylep\u0161en\u00e9 zabezpe\u010den\u00ed:<\/b> Monitorov\u00e1n\u00ed ud\u00e1lost\u00ed v re\u00e1ln\u00e9m \u010dase umo\u017e\u0148uje rychlej\u0161\u00ed reakci na incidenty.<\/li>\n<li data-path-to-node=\"7,0,0\"><b>Lep\u0161\u00ed u\u017eivatelsk\u00fd komfort:<\/b> Bezprobl\u00e9mov\u00e1 integrace nab\u00edz\u00ed soudr\u017en\u00fd z\u00e1\u017eitek pro oper\u00e1tory i koncov\u00e9 u\u017eivatele.<\/li>\n<li data-path-to-node=\"7,0,0\"><b>Flexibilita:<\/b> Podporuje v\u00edce jazyk\u016f a region\u016f pro \u0161irokou kompatibilitu.<\/li>\n<li data-path-to-node=\"7,0,0\"><b>\u0160k\u00e1lovatelnost:<\/b> Vhodn\u00e9 pro nemovitosti jak\u00e9koli velikosti, od mal\u00fdch kancel\u00e1\u0159\u00ed po velk\u00e9 obytn\u00e9 komplexy.<\/li>\n<\/ul>\n<p data-path-to-node=\"8\">K dosa\u017een\u00ed pln\u00e9ho potenci\u00e1lu t\u00e9to integrace se oba syst\u00e9my spol\u00e9haj\u00ed na GraphQL API Rosslare AxTraxPro\u2122 a mus\u00ed b\u00fdt p\u0159ipojeny ke stejn\u00e9 s\u00edti. \u0158e\u0161en\u00ed podporuje v\u00edce jazyk\u016f, v\u010detn\u011b angli\u010dtiny, ukrajin\u0161tiny, ru\u0161tiny, pol\u0161tiny, \u0161pan\u011bl\u0161tiny a ture\u010dtiny, a je k dispozici v Asii, Evrop\u011b a USA.<\/p>\n\n<div class=\"wp-block-image\">\n<figure class=\"aligncenter size-large\"><img loading=\"lazy\" decoding=\"async\" width=\"1024\" height=\"662\" src=\"https:\/\/bas-ip.com\/wp-content\/uploads\/2025\/02\/AxTraxPro-BasIP-Diagram2-1024x662.png\" alt=\"\" class=\"wp-image-130297\" srcset=\"https:\/\/bas-ip.com\/wp-content\/uploads\/2025\/02\/AxTraxPro-BasIP-Diagram2-1024x662.png 1024w,  https:\/\/bas-ip.com\/wp-content\/uploads\/2025\/02\/AxTraxPro-BasIP-Diagram2-300x194.png 300w,  https:\/\/bas-ip.com\/wp-content\/uploads\/2025\/02\/AxTraxPro-BasIP-Diagram2-768x497.png 768w,  https:\/\/bas-ip.com\/wp-content\/uploads\/2025\/02\/AxTraxPro-BasIP-Diagram2-767x496.png 767w,  https:\/\/bas-ip.com\/wp-content\/uploads\/2025\/02\/AxTraxPro-BasIP-Diagram2-1534x992.png 1534w,  https:\/\/bas-ip.com\/wp-content\/uploads\/2025\/02\/AxTraxPro-BasIP-Diagram2.png 1536w\" sizes=\"auto, (max-width: 1024px) 100vw, 1024px\" \/><\/figure>\n<\/div>\n\n<!-- START Block Sign Up --><section id=\"block_629678229e935\" class=\"sign-up-section\">\r\n\r\n    <div class=\"form-holder js-form\" data-aos=\"fade-right\">\r\n                    <div class=\"title-block h3\">Sign up for connection<\/div>\r\n        \r\n                    <div class=\"text-block\">\r\n                Filling out all the information needed to answer you as quickly as possible            <\/div>\r\n        \r\n                    \n<div class=\"wpcf7 no-js\" id=\"wpcf7-f102-o1\" lang=\"en-US\" dir=\"ltr\">\n<div class=\"screen-reader-response\"><p role=\"status\" aria-live=\"polite\" aria-atomic=\"true\"><\/p> <ul><\/ul><\/div>\n<form action=\"\/cs\/wp-json\/wp\/v2\/pages\/149367#wpcf7-f102-o1\" method=\"post\" class=\"wpcf7-form init\" aria-label=\"Contact form\" enctype=\"multipart\/form-data\" novalidate=\"novalidate\" data-status=\"init\">\n<div style=\"display: none;\">\n<input type=\"hidden\" name=\"_wpcf7\" value=\"102\" \/>\n<input type=\"hidden\" name=\"_wpcf7_version\" value=\"5.8.3\" \/>\n<input type=\"hidden\" name=\"_wpcf7_locale\" value=\"en_US\" \/>\n<input type=\"hidden\" name=\"_wpcf7_unit_tag\" value=\"wpcf7-f102-o1\" \/>\n<input type=\"hidden\" name=\"_wpcf7_container_post\" value=\"0\" \/>\n<input type=\"hidden\" name=\"_wpcf7_posted_data_hash\" value=\"\" \/>\n<input type=\"hidden\" name=\"_wpcf7_recaptcha_response\" value=\"\" \/>\n<\/div>\n<div class=\"row\"> \n <label><span class=\"label-text\">Name<\/span> \n  <span class=\"wpcf7-form-control-wrap\" data-name=\"text-full-name\"><input size=\"40\" class=\"wpcf7-form-control wpcf7-text wpcf7-validates-as-required\" aria-required=\"true\" aria-invalid=\"false\" placeholder=\"Name\" value=\"\" type=\"text\" name=\"text-full-name\" \/><\/span><\/label> \n<\/div> \n<div class=\"row\"> \n <label><span class=\"label-text\">Phone*<\/span> \n<span class=\"wpcf7-form-control-wrap\" data-name=\"phonetext-270\"><input size=\"40\" class=\"wpcf7-form-control wpcf7-phonetext wpcf7-validates-as-required wpcf7-text wpcf7-validates-as-phonetext\" aria-required=\"true\" aria-invalid=\"false\" placeholder=\"Phone*\" value=\"\" type=\"text\" name=\"phonetext-270\" \/><input type=\"hidden\" name=\"phonetext-270-country-code\" class=\"wpcf7-phonetext-country-code\" \/><\/span><\/label> \n<\/div> \n<div class=\"row\"> \n <label><span class=\"label-text\">E-mail<\/span> \n  <span class=\"wpcf7-form-control-wrap\" data-name=\"email-e-mail\"><input size=\"40\" class=\"wpcf7-form-control wpcf7-email wpcf7-validates-as-required wpcf7-text wpcf7-validates-as-email\" aria-required=\"true\" aria-invalid=\"false\" placeholder=\"E-mail\" value=\"\" type=\"email\" name=\"email-e-mail\" \/><\/span><\/label> \n<\/div> \n<div class=\"row\"><span>Your country<\/span> \n <label><span class=\"wpcf7-form-control-wrap\" data-name=\"countrytext-126\"><input size=\"40\" class=\"wpcf7-form-control wpcf7-countrytext wpcf7-text wpcf7-validates-as-countrytext\" aria-invalid=\"false\" value=\"\" type=\"text\" name=\"countrytext-126\" \/><\/span> <\/label>\n<\/div> \n<div class=\"row\"> \n <button type=\"submit\" class=\"btn\">Send<\/button> \n<\/div> \n<div class=\"row\"> \n <span class=\"wpcf7-form-control-wrap\" data-name=\"checkbox-931\"><span class=\"wpcf7-form-control wpcf7-checkbox\"><span class=\"wpcf7-list-item first\"><label><input type=\"checkbox\" name=\"checkbox-931[]\" value=\"Integrator\" \/><span class=\"wpcf7-list-item-label\">Integrator<\/span><\/label><\/span><span class=\"wpcf7-list-item\"><label><input type=\"checkbox\" name=\"checkbox-931[]\" value=\"Builder\" \/><span class=\"wpcf7-list-item-label\">Builder<\/span><\/label><\/span><span class=\"wpcf7-list-item last\"><label><input type=\"checkbox\" name=\"checkbox-931[]\" value=\"End-User\" \/><span class=\"wpcf7-list-item-label\">End-User<\/span><\/label><\/span><\/span><\/span> \n<\/div> \n<div class=\"row row-upload-file\"> \n <label class=\"upload-file-block js-upload-file\">Attach file \n  <span class=\"wpcf7-form-control-wrap\" data-name=\"file-466\"><input size=\"40\" class=\"wpcf7-form-control wpcf7-file\" accept=\"audio\/*,video\/*,image\/*\" aria-invalid=\"false\" type=\"file\" name=\"file-466\" \/><\/span><\/label> \n<\/div><input type='hidden' class='wpcf7-pum' value='{\"closepopup\":false,\"closedelay\":0,\"openpopup\":false,\"openpopup_id\":0}' \/><div class=\"wpcf7-response-output\" aria-hidden=\"true\"><\/div>\n<\/form>\n<\/div>\n            <\/div>\r\n\r\n\t\t    <div class=\"text-holder\" data-aos=\"fade-left\">\r\n\t\t\t\t\t\t    <h3 class=\"title-block\">How Can We Help?<\/h3>\r\n\t\t\t\r\n\t\t\t                <div class=\"text-block\">\r\n                    Please select a topic below related to your inquiry. If you don&#8217;t find what you need, fill out our contact form.                <\/div>\r\n\t\t\t\r\n\t\t\t\t\t\t    <ul class=\"link-list\">\r\n\t\t\t\t\t\t\t\t\t\t\t\t\t\t\t\t\t\t<li>\r\n\t\t\t\t\t\t\t\t\t\t\t\t\t\t\t\t    <strong>Get Inspired<\/strong>\r\n\t\t\t\t\t\t\t\t\t\t\t\t\t\t\t\t\t\t\t\t\t\t\t\t    <a href=\"\/features\/\">\r\n\t\t\t\t\t\t\t\t        Discover what&#8217;s beneath our intercom\t\t\t\t\t\t\t\t    <\/a>\r\n\t\t\t\t\t\t\t\t\t\t\t\t\t\t\t<\/li>\r\n\t\t\t\t\t\t\t\t\t\t\t\t\t\t\t\t\t\t\t\t\t\t\t\t<li>\r\n\t\t\t\t\t\t\t\t\t\t\t\t\t\t\t\t    <strong>Become a Partner<\/strong>\r\n\t\t\t\t\t\t\t\t\t\t\t\t\t\t\t\t\t\t\t\t\t\t\t\t    <a href=\"\/distributors\/\">\r\n\t\t\t\t\t\t\t\t        Expand your business with BAS-IP intercom\t\t\t\t\t\t\t\t    <\/a>\r\n\t\t\t\t\t\t\t\t\t\t\t\t\t\t\t<\/li>\r\n\t\t\t\t\t\t\t\t\t\t\t\t\t\t\t\t\t\t\t\t\t\t\t\t<li>\r\n\t\t\t\t\t\t\t\t\t\t\t\t\t\t\t\t    <strong>Check the Guides<\/strong>\r\n\t\t\t\t\t\t\t\t\t\t\t\t\t\t\t\t\t\t\t\t\t\t\t\t    <a href=\"\/support\/\">\r\n\t\t\t\t\t\t\t\t        Download detailed manuals and schemes\t\t\t\t\t\t\t\t    <\/a>\r\n\t\t\t\t\t\t\t\t\t\t\t\t\t\t\t<\/li>\r\n\t\t\t\t\t\t\t\t\t\t\t\t\t\t\t<\/ul>\r\n\t\t\t\r\n\t\t\t\t\t\t    <h3 class=\"title-block\">Our contacts<\/h3>\r\n\t\t\t\r\n\t\t\t\t\t\t\t<ul class=\"contact-list\">\r\n\t\t\t\t\t\t\t\t\t\t\t\t\t\t\t\t\t\t<li>\r\n\t\t\t\t\t\t\t\t\t\t\t\t\t\t\t\t\t<strong>Sales:<\/strong>\r\n\t\t\t\t\t\t\t\t\t\t\t\t\t\t\t\t\t\t\t\t\t\t\t\t    <a href=\"mailto:sal&#101;&#115;&#64;&#98;as-&#105;&#112;.&#99;o&#109;\">s&#97;les&#64;b&#97;&#115;-i&#112;&#46;&#99;&#111;&#109;<\/a>\r\n\t\t\t\t\t\t\t\t\t\t\t\t\t\t\t<\/li>\r\n\t\t\t\t\t\t\t\t\t\t\t\t\t\t\t\t\t\t\t\t\t\t\t\t<li>\r\n\t\t\t\t\t\t\t\t\t\t\t\t\t\t\t\t\t<strong>Technical support:<\/strong>\r\n\t\t\t\t\t\t\t\t\t\t\t\t\t\t\t\t\t\t\t\t\t\t\t\t    <a href=\"mailto:&#115;&#117;&#112;&#112;&#111;rt&#64;&#98;as-ip.&#99;o&#109;\">&#115;u&#112;port&#64;b&#97;s&#45;i&#112;&#46;c&#111;&#109;<\/a>\r\n\t\t\t\t\t\t\t\t\t\t\t\t\t\t\t<\/li>\r\n\t\t\t\t\t\t\t\t\t\t\t\t\t\t\t<\/ul>\r\n\t\t\t\t\t<\/div>\r\n\t<\/section>\r\n\r\n\r\n\r\n<!-- END Block Sign Up -->","protected":false},"excerpt":{"rendered":"<p>BAS-IP a Rosslare: Pokro\u010dil\u00e1 integrace kontroly p\u0159\u00edstupu a interkom\u016f Integrace interkomov\u00fdch syst\u00e9m\u016f BAS-IP s platformou AxTraxPro\u2122 od spole\u010dnosti Rosslare spojuje dv\u011b v\u00fdkonn\u00e1 \u0159e\u0161en\u00ed pro bezprobl\u00e9movou spr\u00e1vu zabezpe\u010den\u00ed a komunikace. AxTraxPro\u2122 od Rosslare vynik\u00e1 v kontrole p\u0159\u00edstupov\u00fdch bod\u016f, u\u017eivatelsk\u00fdch opr\u00e1vn\u011bn\u00ed a monitorov\u00e1n\u00ed bezpe\u010dnostn\u00edch ud\u00e1lost\u00ed, zat\u00edmco BAS-IP Link Cloud Server centralizuje spr\u00e1vu interkom\u016f a integraci t\u0159et\u00edch stran. [&hellip;]<\/p>","protected":false},"author":1,"featured_media":0,"parent":0,"menu_order":0,"comment_status":"closed","ping_status":"closed","template":"page-custom-breadcrumbs.php","meta":{"inline_featured_image":false,"footnotes":""},"class_list":["post-149367","page","type-page","status-publish","hentry"],"acf":[],"_links":{"self":[{"href":"https:\/\/bas-ip.com\/cs\/wp-json\/wp\/v2\/pages\/149367","targetHints":{"allow":["GET"]}}],"collection":[{"href":"https:\/\/bas-ip.com\/cs\/wp-json\/wp\/v2\/pages"}],"about":[{"href":"https:\/\/bas-ip.com\/cs\/wp-json\/wp\/v2\/types\/page"}],"author":[{"embeddable":true,"href":"https:\/\/bas-ip.com\/cs\/wp-json\/wp\/v2\/users\/1"}],"replies":[{"embeddable":true,"href":"https:\/\/bas-ip.com\/cs\/wp-json\/wp\/v2\/comments?post=149367"}],"version-history":[{"count":2,"href":"https:\/\/bas-ip.com\/cs\/wp-json\/wp\/v2\/pages\/149367\/revisions"}],"predecessor-version":[{"id":149427,"href":"https:\/\/bas-ip.com\/cs\/wp-json\/wp\/v2\/pages\/149367\/revisions\/149427"}],"wp:attachment":[{"href":"https:\/\/bas-ip.com\/cs\/wp-json\/wp\/v2\/media?parent=149367"}],"curies":[{"name":"wp","href":"https:\/\/api.w.org\/{rel}","templated":true}]}}