{"id":147927,"date":"2025-02-06T14:14:40","date_gmt":"2025-02-06T14:14:40","guid":{"rendered":"https:\/\/bas-ip.com\/actentry-vanderbilt\/"},"modified":"2025-11-11T11:18:49","modified_gmt":"2025-11-11T11:18:49","slug":"actentry-vanderbilt","status":"publish","type":"page","link":"https:\/\/bas-ip.com\/cs\/actentry-vanderbilt\/","title":{"rendered":"ACTentry (Vanderbilt)"},"content":{"rendered":"<h2 class=\"wp-block-heading\">BAS-IP a ACTentry: nov\u00e9 pojet\u00ed kontroly p\u0159\u00edstupu d\u00edky chytr\u00e9 integraci<\/h2>\n\n\n<div class=\"wp-block-image\">\n<figure class=\"aligncenter size-full\"><img loading=\"lazy\" decoding=\"async\" width=\"594\" height=\"321\" src=\"https:\/\/bas-ip.com\/wp-content\/uploads\/2025\/02\/ACTpro.png\" alt=\"\" class=\"wp-image-130372\" srcset=\"https:\/\/bas-ip.com\/wp-content\/uploads\/2025\/02\/ACTpro.png 594w,  https:\/\/bas-ip.com\/wp-content\/uploads\/2025\/02\/ACTpro-300x162.png 300w\" sizes=\"auto, (max-width: 594px) 100vw, 594px\" \/><\/figure>\n<\/div>\n\n<p data-start=\"109\" data-end=\"421\">ACTentry modernizuje tradi\u010dn\u00ed kontrolu p\u0159\u00edstupu t\u00edm, \u017ee nahrazuje fyzick\u00e9 vstupn\u00ed domofony softwarov\u00fdm \u0159e\u0161en\u00edm. Ve spojen\u00ed s venkovn\u00edmi panely BAS-IP tato integrace poskytuje pokro\u010denou spr\u00e1vu n\u00e1v\u0161t\u011bv, kter\u00e1 kombinuje video a audio komunikaci s plynulou kontrolou p\u0159\u00edstupu p\u0159\u00edmo prost\u0159ednictv\u00edm platformy ACTpro.<\/p>\n<p data-start=\"423\" data-end=\"704\">Podporovan\u00e9 modely, jako <strong data-start=\"448\" data-end=\"461\">AA-12FB2M<\/strong> a <strong data-start=\"464\" data-end=\"475\">AV-03BD<\/strong>, se snadno propojuj\u00ed s ACTentry, co\u017e umo\u017e\u0148uje oper\u00e1tor\u016fm sledovat p\u0159\u00edchody n\u00e1v\u0161t\u011bvn\u00edk\u016f, ovl\u00e1dat dve\u0159e a monitorovat aktivity v re\u00e1ln\u00e9m \u010dase. Tato synergie zlep\u0161uje bezpe\u010dnostn\u00ed procesy a zjednodu\u0161uje provoz v modern\u00edm prost\u0159ed\u00ed.<\/p>\n<h4 dir=\"auto\"><span class=\"heading-content\">Pro\u010d zvolit tuto integraci?<\/span><\/h4>\n<ul>\n<li dir=\"auto\"><strong data-start=\"739\" data-end=\"771\">Zjednodu\u0161en\u00e1 spr\u00e1va n\u00e1v\u0161t\u011bv:<\/strong> Ovl\u00e1dejte dve\u0159e a komunikujte s n\u00e1v\u0161t\u011bvn\u00edky pomoc\u00ed \u017eiv\u00e9ho videa a audia p\u0159\u00edmo z po\u010d\u00edta\u010de.<\/li>\n<li dir=\"auto\"><strong data-start=\"863\" data-end=\"884\">Efektivn\u00ed \u0159\u00edzen\u00ed:<\/strong> Centralizovan\u00e1 spr\u00e1va domofon\u016f a p\u0159\u00edstupov\u00fdch bod\u016f v rozhran\u00ed ACTentry.<\/li>\n<li dir=\"auto\"><strong data-start=\"958\" data-end=\"981\">Chytr\u00e1 konfigurace:<\/strong> P\u0159izp\u016fsobte nastaven\u00ed domofonu pomoc\u00ed zabezpe\u010den\u00fdch p\u0159\u00edstupov\u00fdch \u00fadaj\u016f, \u017eiv\u00e9ho monitoringu a flexibiln\u00edch mo\u017enost\u00ed pro u\u017eivatele.<\/li>\n<li dir=\"auto\"><strong data-start=\"1113\" data-end=\"1132\">\u00dasporn\u00fd provoz:<\/strong> Sni\u017euje z\u00e1vislost na dodate\u010dn\u00edm hardware d\u00edky softwarov\u00e9mu \u0159\u00edzen\u00ed vstupu.<\/li>\n<li dir=\"auto\"><strong data-start=\"1208\" data-end=\"1240\">Bezprobl\u00e9mov\u00e1 kompatibilita:<\/strong> Navr\u017eeno pro hladkou spolupr\u00e1ci s ACTpro a pokro\u010dilou technologi\u00ed BAS-IP.<\/li>\n<\/ul>\n<h4 dir=\"auto\"><span class=\"heading-content\">Kl\u00ed\u010dov\u00e9 v\u00fdhody integrace<\/span><\/h4>\n<p dir=\"auto\">Spolupr\u00e1ce mezi BAS-IP a ACTentry p\u0159in\u00e1\u0161\u00ed:<\/p>\n<ul>\n<li dir=\"auto\">Bezpe\u010dnou a intuitivn\u00ed SIP komunikaci mezi domofony a softwarem ACTentry.<\/li>\n<li dir=\"auto\">Centralizovanou synchronizaci licenc\u00ed a snadn\u00e9 nastaven\u00ed prost\u0159ednictv\u00edm serveru ACTentry.<\/li>\n<li dir=\"auto\">Konfigurovateln\u00e1 p\u0159\u00edstupov\u00e1 opr\u00e1vn\u011bn\u00ed a monitoring v re\u00e1ln\u00e9m \u010dase p\u0159izp\u016fsoben\u00fd pot\u0159eb\u00e1m u\u017eivatel\u016f.<\/li>\n<li dir=\"auto\">V\u00edcejazy\u010dn\u00e9 rozhran\u00ed a robustn\u00ed spr\u00e1vu hesel pro celosv\u011btov\u00e9 pou\u017eit\u00ed.<\/li>\n<\/ul>\n<p data-start=\"1733\" data-end=\"2072\">Toto \u0159e\u0161en\u00ed je ur\u010deno pro objekty, kter\u00e9 up\u0159ednost\u0148uj\u00ed efektivn\u00ed \u0159\u00edzen\u00ed p\u0159\u00edstupu, a nab\u00edz\u00ed flexibiln\u00ed a spolehlivou alternativu k zastaral\u00fdm hardwarov\u00fdm syst\u00e9m\u016fm. Spojen\u00edm odbornosti BAS-IP v interkomov\u00fdch syst\u00e9mech a chytr\u00e9 technologie ACTentry z\u00edsk\u00e1vaj\u00ed provozovatel\u00e9 praktick\u00fd a \u0161k\u00e1lovateln\u00fd n\u00e1stroj pro ka\u017edodenn\u00ed bezpe\u010dnost a pohodl\u00ed.<\/p>\n<p data-start=\"2074\" data-end=\"2157\" data-is-last-node=\"\" data-is-only-node=\"\"><strong data-start=\"2074\" data-end=\"2157\" data-is-last-node=\"\">Pro podrobn\u00e9 pokyny k instalaci a konfiguraci pros\u00edm nav\u0161tivte n\u00e1\u0161 <a href=\"_wp_link_placeholder\" data-wplink-edit=\"true\">Wiki Manual<\/a>.<\/strong><\/p>\n\n<!-- START Block Sign Up --><section id=\"block_629678229e935\" class=\"sign-up-section\">\r\n\r\n    <div class=\"form-holder js-form\" data-aos=\"fade-right\">\r\n                    <div class=\"title-block h3\">Sign up for connection<\/div>\r\n        \r\n                    <div class=\"text-block\">\r\n                Filling out all the information needed to answer you as quickly as possible            <\/div>\r\n        \r\n                    \n<div class=\"wpcf7 no-js\" id=\"wpcf7-f102-o1\" lang=\"en-US\" dir=\"ltr\">\n<div class=\"screen-reader-response\"><p role=\"status\" aria-live=\"polite\" aria-atomic=\"true\"><\/p> <ul><\/ul><\/div>\n<form action=\"\/cs\/wp-json\/wp\/v2\/pages\/147927#wpcf7-f102-o1\" method=\"post\" class=\"wpcf7-form init\" aria-label=\"Contact form\" enctype=\"multipart\/form-data\" novalidate=\"novalidate\" data-status=\"init\">\n<div style=\"display: none;\">\n<input type=\"hidden\" name=\"_wpcf7\" value=\"102\" \/>\n<input type=\"hidden\" name=\"_wpcf7_version\" value=\"5.8.3\" \/>\n<input type=\"hidden\" name=\"_wpcf7_locale\" value=\"en_US\" \/>\n<input type=\"hidden\" name=\"_wpcf7_unit_tag\" value=\"wpcf7-f102-o1\" \/>\n<input type=\"hidden\" name=\"_wpcf7_container_post\" value=\"0\" \/>\n<input type=\"hidden\" name=\"_wpcf7_posted_data_hash\" value=\"\" \/>\n<input type=\"hidden\" name=\"_wpcf7_recaptcha_response\" value=\"\" \/>\n<\/div>\n<div class=\"row\"> \n <label><span class=\"label-text\">Name<\/span> \n  <span class=\"wpcf7-form-control-wrap\" data-name=\"text-full-name\"><input size=\"40\" class=\"wpcf7-form-control wpcf7-text wpcf7-validates-as-required\" aria-required=\"true\" aria-invalid=\"false\" placeholder=\"Name\" value=\"\" type=\"text\" name=\"text-full-name\" \/><\/span><\/label> \n<\/div> \n<div class=\"row\"> \n <label><span class=\"label-text\">Phone*<\/span> \n<span class=\"wpcf7-form-control-wrap\" data-name=\"phonetext-270\"><input size=\"40\" class=\"wpcf7-form-control wpcf7-phonetext wpcf7-validates-as-required wpcf7-text wpcf7-validates-as-phonetext\" aria-required=\"true\" aria-invalid=\"false\" placeholder=\"Phone*\" value=\"\" type=\"text\" name=\"phonetext-270\" \/><input type=\"hidden\" name=\"phonetext-270-country-code\" class=\"wpcf7-phonetext-country-code\" \/><\/span><\/label> \n<\/div> \n<div class=\"row\"> \n <label><span class=\"label-text\">E-mail<\/span> \n  <span class=\"wpcf7-form-control-wrap\" data-name=\"email-e-mail\"><input size=\"40\" class=\"wpcf7-form-control wpcf7-email wpcf7-validates-as-required wpcf7-text wpcf7-validates-as-email\" aria-required=\"true\" aria-invalid=\"false\" placeholder=\"E-mail\" value=\"\" type=\"email\" name=\"email-e-mail\" \/><\/span><\/label> \n<\/div> \n<div class=\"row\"><span>Your country<\/span> \n <label><span class=\"wpcf7-form-control-wrap\" data-name=\"countrytext-126\"><input size=\"40\" class=\"wpcf7-form-control wpcf7-countrytext wpcf7-text wpcf7-validates-as-countrytext\" aria-invalid=\"false\" value=\"\" type=\"text\" name=\"countrytext-126\" \/><\/span> <\/label>\n<\/div> \n<div class=\"row\"> \n <button type=\"submit\" class=\"btn\">Send<\/button> \n<\/div> \n<div class=\"row\"> \n <span class=\"wpcf7-form-control-wrap\" data-name=\"checkbox-931\"><span class=\"wpcf7-form-control wpcf7-checkbox\"><span class=\"wpcf7-list-item first\"><label><input type=\"checkbox\" name=\"checkbox-931[]\" value=\"Integrator\" \/><span class=\"wpcf7-list-item-label\">Integrator<\/span><\/label><\/span><span class=\"wpcf7-list-item\"><label><input type=\"checkbox\" name=\"checkbox-931[]\" value=\"Builder\" \/><span class=\"wpcf7-list-item-label\">Builder<\/span><\/label><\/span><span class=\"wpcf7-list-item last\"><label><input type=\"checkbox\" name=\"checkbox-931[]\" value=\"End-User\" \/><span class=\"wpcf7-list-item-label\">End-User<\/span><\/label><\/span><\/span><\/span> \n<\/div> \n<div class=\"row row-upload-file\"> \n <label class=\"upload-file-block js-upload-file\">Attach file \n  <span class=\"wpcf7-form-control-wrap\" data-name=\"file-466\"><input size=\"40\" class=\"wpcf7-form-control wpcf7-file\" accept=\"audio\/*,video\/*,image\/*\" aria-invalid=\"false\" type=\"file\" name=\"file-466\" \/><\/span><\/label> \n<\/div><input type='hidden' class='wpcf7-pum' value='{\"closepopup\":false,\"closedelay\":0,\"openpopup\":false,\"openpopup_id\":0}' \/><div class=\"wpcf7-response-output\" aria-hidden=\"true\"><\/div>\n<\/form>\n<\/div>\n            <\/div>\r\n\r\n\t\t    <div class=\"text-holder\" data-aos=\"fade-left\">\r\n\t\t\t\t\t\t    <h3 class=\"title-block\">How Can We Help?<\/h3>\r\n\t\t\t\r\n\t\t\t                <div class=\"text-block\">\r\n                    Please select a topic below related to your inquiry. If you don&#8217;t find what you need, fill out our contact form.                <\/div>\r\n\t\t\t\r\n\t\t\t\t\t\t    <ul class=\"link-list\">\r\n\t\t\t\t\t\t\t\t\t\t\t\t\t\t\t\t\t\t<li>\r\n\t\t\t\t\t\t\t\t\t\t\t\t\t\t\t\t    <strong>Get Inspired<\/strong>\r\n\t\t\t\t\t\t\t\t\t\t\t\t\t\t\t\t\t\t\t\t\t\t\t\t    <a href=\"\/features\/\">\r\n\t\t\t\t\t\t\t\t        Discover what&#8217;s beneath our intercom\t\t\t\t\t\t\t\t    <\/a>\r\n\t\t\t\t\t\t\t\t\t\t\t\t\t\t\t<\/li>\r\n\t\t\t\t\t\t\t\t\t\t\t\t\t\t\t\t\t\t\t\t\t\t\t\t<li>\r\n\t\t\t\t\t\t\t\t\t\t\t\t\t\t\t\t    <strong>Become a Partner<\/strong>\r\n\t\t\t\t\t\t\t\t\t\t\t\t\t\t\t\t\t\t\t\t\t\t\t\t    <a href=\"\/distributors\/\">\r\n\t\t\t\t\t\t\t\t        Expand your business with BAS-IP intercom\t\t\t\t\t\t\t\t    <\/a>\r\n\t\t\t\t\t\t\t\t\t\t\t\t\t\t\t<\/li>\r\n\t\t\t\t\t\t\t\t\t\t\t\t\t\t\t\t\t\t\t\t\t\t\t\t<li>\r\n\t\t\t\t\t\t\t\t\t\t\t\t\t\t\t\t    <strong>Check the Guides<\/strong>\r\n\t\t\t\t\t\t\t\t\t\t\t\t\t\t\t\t\t\t\t\t\t\t\t\t    <a href=\"\/support\/\">\r\n\t\t\t\t\t\t\t\t        Download detailed manuals and schemes\t\t\t\t\t\t\t\t    <\/a>\r\n\t\t\t\t\t\t\t\t\t\t\t\t\t\t\t<\/li>\r\n\t\t\t\t\t\t\t\t\t\t\t\t\t\t\t<\/ul>\r\n\t\t\t\r\n\t\t\t\t\t\t    <h3 class=\"title-block\">Our contacts<\/h3>\r\n\t\t\t\r\n\t\t\t\t\t\t\t<ul class=\"contact-list\">\r\n\t\t\t\t\t\t\t\t\t\t\t\t\t\t\t\t\t\t<li>\r\n\t\t\t\t\t\t\t\t\t\t\t\t\t\t\t\t\t<strong>Sales:<\/strong>\r\n\t\t\t\t\t\t\t\t\t\t\t\t\t\t\t\t\t\t\t\t\t\t\t\t    <a href=\"mailto:sa&#108;&#101;&#115;&#64;&#98;a&#115;-&#105;p&#46;&#99;o&#109;\">&#115;&#97;&#108;es&#64;&#98;a&#115;-&#105;&#112;.c&#111;m<\/a>\r\n\t\t\t\t\t\t\t\t\t\t\t\t\t\t\t<\/li>\r\n\t\t\t\t\t\t\t\t\t\t\t\t\t\t\t\t\t\t\t\t\t\t\t\t<li>\r\n\t\t\t\t\t\t\t\t\t\t\t\t\t\t\t\t\t<strong>Technical support:<\/strong>\r\n\t\t\t\t\t\t\t\t\t\t\t\t\t\t\t\t\t\t\t\t\t\t\t\t    <a href=\"mailto:s&#117;&#112;po&#114;t&#64;ba&#115;-&#105;&#112;.&#99;&#111;m\">s&#117;p&#112;or&#116;&#64;&#98;a&#115;-i&#112;&#46;co&#109;<\/a>\r\n\t\t\t\t\t\t\t\t\t\t\t\t\t\t\t<\/li>\r\n\t\t\t\t\t\t\t\t\t\t\t\t\t\t\t<\/ul>\r\n\t\t\t\t\t<\/div>\r\n\t<\/section>\r\n\r\n\r\n\r\n<!-- END Block Sign Up -->","protected":false},"excerpt":{"rendered":"<p>BAS-IP a ACTentry: nov\u00e9 pojet\u00ed kontroly p\u0159\u00edstupu d\u00edky chytr\u00e9 integraci ACTentry modernizuje tradi\u010dn\u00ed kontrolu p\u0159\u00edstupu t\u00edm, \u017ee nahrazuje fyzick\u00e9 vstupn\u00ed domofony softwarov\u00fdm \u0159e\u0161en\u00edm. Ve spojen\u00ed s venkovn\u00edmi panely BAS-IP tato integrace poskytuje pokro\u010denou spr\u00e1vu n\u00e1v\u0161t\u011bv, kter\u00e1 kombinuje video a audio komunikaci s plynulou kontrolou p\u0159\u00edstupu p\u0159\u00edmo prost\u0159ednictv\u00edm platformy ACTpro. Podporovan\u00e9 modely, jako AA-12FB2M a AV-03BD, [&hellip;]<\/p>","protected":false},"author":1,"featured_media":0,"parent":0,"menu_order":0,"comment_status":"closed","ping_status":"closed","template":"page-custom-breadcrumbs.php","meta":{"inline_featured_image":false,"footnotes":""},"class_list":["post-147927","page","type-page","status-publish","hentry"],"acf":[],"_links":{"self":[{"href":"https:\/\/bas-ip.com\/cs\/wp-json\/wp\/v2\/pages\/147927","targetHints":{"allow":["GET"]}}],"collection":[{"href":"https:\/\/bas-ip.com\/cs\/wp-json\/wp\/v2\/pages"}],"about":[{"href":"https:\/\/bas-ip.com\/cs\/wp-json\/wp\/v2\/types\/page"}],"author":[{"embeddable":true,"href":"https:\/\/bas-ip.com\/cs\/wp-json\/wp\/v2\/users\/1"}],"replies":[{"embeddable":true,"href":"https:\/\/bas-ip.com\/cs\/wp-json\/wp\/v2\/comments?post=147927"}],"version-history":[{"count":4,"href":"https:\/\/bas-ip.com\/cs\/wp-json\/wp\/v2\/pages\/147927\/revisions"}],"predecessor-version":[{"id":148015,"href":"https:\/\/bas-ip.com\/cs\/wp-json\/wp\/v2\/pages\/147927\/revisions\/148015"}],"wp:attachment":[{"href":"https:\/\/bas-ip.com\/cs\/wp-json\/wp\/v2\/media?parent=147927"}],"curies":[{"name":"wp","href":"https:\/\/api.w.org\/{rel}","templated":true}]}}