{"id":146565,"date":"2025-09-24T07:37:21","date_gmt":"2025-09-24T07:37:21","guid":{"rendered":"https:\/\/bas-ip.com\/memo-on-personal-data-processing-compliance\/"},"modified":"2025-10-22T10:49:29","modified_gmt":"2025-10-22T10:49:29","slug":"memo-on-personal-data-processing-compliance","status":"publish","type":"page","link":"https:\/\/bas-ip.com\/cs\/memo-on-personal-data-processing-compliance\/","title":{"rendered":"MEMORANDUM O SOULADU SE ZPRACOV\u00c1N\u00cdM OSOBN\u00cdCH \u00daDAJ\u016e"},"content":{"rendered":"<p style=\"text-align: right;\"><em>Zavazujeme se k <b>siln\u00fdm a inovativn\u00edm praktik\u00e1m ochrany \u00fadaj\u016f<\/b>, aby ka\u017ed\u00fd klient mohl d\u016fv\u011b\u0159ovat, \u017ee jeho osobn\u00ed \u00fadaje jsou zpracov\u00e1v\u00e1ny bezpe\u010dn\u011b a zabezpe\u010den\u011b.<\/em><\/p>\n<p><b>BAS-IP DISTRIBUTION LTD<\/b> (<b>Spole\u010dnost<\/b> nebo <b>BAS-IP<\/b>) p\u0159ipravila toto memorandum pro na\u0161e klienty ohledn\u011b na\u0161eho souladu s platnou legislativou na ochranu \u00fadaj\u016f, v\u010detn\u011b <b>Obecn\u00e9ho na\u0159\u00edzen\u00ed o ochran\u011b \u00fadaj\u016f Spojen\u00e9ho kr\u00e1lovstv\u00ed<\/b> (<b>UK GDPR<\/b>) a <b>Obecn\u00e9ho na\u0159\u00edzen\u00ed o ochran\u011b osobn\u00edch \u00fadaj\u016f EU<\/b> (<b>GDPR<\/b>). N\u00ed\u017ee v\u00e1s sezn\u00e1m\u00edme s na\u0161imi aktivitami ohledn\u011b dodr\u017eov\u00e1n\u00ed po\u017eadavk\u016f na ochranu osobn\u00edch \u00fadaj\u016f.<\/p>\n<h1><strong>DEFINICE<\/strong><\/h1>\n<ul>\n<li><b>\u201eUK GDPR\u201c<\/b> znamen\u00e1 Obecn\u00e9 na\u0159\u00edzen\u00ed o ochran\u011b osobn\u00edch \u00fadaj\u016f Spojen\u00e9ho kr\u00e1lovstv\u00ed, ve zn\u011bn\u00ed, v jak\u00e9m bylo za\u010dlen\u011bno do pr\u00e1va Spojen\u00e9ho kr\u00e1lovstv\u00ed na z\u00e1klad\u011b Z\u00e1kona o ochran\u011b \u00fadaj\u016f z roku 2018, spolu s dal\u0161\u00edmi platn\u00fdmi pr\u00e1vn\u00edmi p\u0159edpisy Spojen\u00e9ho kr\u00e1lovstv\u00ed o ochran\u011b \u00fadaj\u016f a soukrom\u00ed.<\/li>\n<li><b>\u201eGDPR\u201c<\/b> znamen\u00e1 Obecn\u00e9 na\u0159\u00edzen\u00ed o ochran\u011b osobn\u00edch \u00fadaj\u016f (Na\u0159\u00edzen\u00ed (EU) 2016\/679) a ve\u0161ker\u00e9 souvisej\u00edc\u00ed pr\u00e1vn\u00ed p\u0159edpisy o ochran\u011b \u00fadaj\u016f a soukrom\u00ed platn\u00e9 v Evropsk\u00e9 unii a Evropsk\u00e9m hospod\u00e1\u0159sk\u00e9m prostoru.<\/li>\n<li><b>Osobn\u00ed \u00fadaje<\/b> (Personal data) znamenaj\u00ed ve\u0161ker\u00e9 informace t\u00fdkaj\u00edc\u00ed se <b>identifikovan\u00e9 nebo identifikovateln\u00e9 fyzick\u00e9 osoby<\/b>.<\/li>\n<li><b>Subjekt \u00fadaj\u016f<\/b> (Data subject) znamen\u00e1 identifikovatelnou fyzickou osobu, kterou lze identifikovat, p\u0159\u00edmo \u010di nep\u0159\u00edmo.<\/li>\n<li><b>Spr\u00e1vce<\/b> (Controller) znamen\u00e1 fyzickou nebo pr\u00e1vnickou osobu, org\u00e1n ve\u0159ejn\u00e9 moci, agenturu nebo jin\u00fd subjekt, kter\u00fd <b>s\u00e1m nebo spole\u010dn\u011b s jin\u00fdmi ur\u010duje \u00fa\u010dely a prost\u0159edky zpracov\u00e1n\u00ed osobn\u00edch \u00fadaj\u016f<\/b>.<\/li>\n<li><b>Zpracovatel<\/b> (Processor) znamen\u00e1 fyzickou nebo pr\u00e1vnickou osobu, org\u00e1n ve\u0159ejn\u00e9 moci, agenturu nebo jin\u00fd subjekt, kter\u00fd <b>zpracov\u00e1v\u00e1 osobn\u00ed \u00fadaje jm\u00e9nem spr\u00e1vce<\/b>.<\/li>\n<li><b>Poddodavatel zpracov\u00e1n\u00ed<\/b> (Subprocessor) znamen\u00e1 fyzickou nebo pr\u00e1vnickou osobu, kterou najal zpracovatel a kter\u00e1 <b>prov\u00e1d\u00ed zpracov\u00e1n\u00ed osobn\u00edch \u00fadaj\u016f jm\u00e9nem spr\u00e1vce<\/b>.<\/li>\n<li><b>Zpracov\u00e1n\u00ed<\/b> (Processing) znamen\u00e1 jakoukoli operaci nebo soubor operac\u00ed, kter\u00e9 jsou prov\u00e1d\u011bny s osobn\u00edmi \u00fadaji nebo soubory osobn\u00edch \u00fadaj\u016f, a\u0165 u\u017e automatizovan\u00fdmi prost\u0159edky \u010di nikoli, jako je shrom\u00e1\u017ed\u011bn\u00ed, zaznamen\u00e1n\u00ed, uspo\u0159\u00e1d\u00e1n\u00ed, strukturov\u00e1n\u00ed, ulo\u017een\u00ed, p\u0159izp\u016fsoben\u00ed nebo pozm\u011bn\u011bn\u00ed, vyhled\u00e1n\u00ed, nahl\u00e9dnut\u00ed, pou\u017eit\u00ed, zp\u0159\u00edstupn\u011bn\u00ed p\u0159enosem, \u0161\u00ed\u0159en\u00edm nebo jin\u00fdm zp\u016fsobem zp\u0159\u00edstupn\u011bn\u00ed, srovn\u00e1n\u00ed nebo kombinov\u00e1n\u00ed, omezen\u00ed, v\u00fdmaz nebo zni\u010den\u00ed.<\/li>\n<\/ul>\n<h1><strong>O SPOLE\u010cNOSTI BAS-IP<\/strong><\/h1>\n<p>BAS-IP vyv\u00edj\u00ed a vyr\u00e1b\u00ed <b>IP-interkomy, syst\u00e9my kontroly p\u0159\u00edstupu a komunika\u010dn\u00ed syst\u00e9my<\/b> a je p\u0159edn\u00edm hr\u00e1\u010dem v t\u00e9to oblasti. V\u00edce informac\u00ed o na\u0161ich aktivit\u00e1ch naleznete na webov\u00fdch str\u00e1nk\u00e1ch: <a class=\"ng-star-inserted\" href=\"https:\/\/bas-ip.com\/\" target=\"_blank\" rel=\"noopener\" data-hveid=\"0\" data-ved=\"0CAAQ_4QMahgKEwjwrZe5wbeQAxUAAAAAHQAAAAAQpwE\">https:\/\/bas-ip.com\/<\/a>.<\/p>\n<p>V r\u00e1mci sv\u00e9 \u010dinnosti m\u016f\u017ee <b>Spole\u010dnost<\/b> shroma\u017e\u010fovat, p\u0159istupovat k nim nebo jinak zpracov\u00e1vat osobn\u00ed \u00fadaje t\u00fdkaj\u00edc\u00ed se r\u016fzn\u00fdch kategori\u00ed subjekt\u016f \u00fadaj\u016f: <b>klient\u016f a u\u017eivatel\u016f, zam\u011bstnanc\u016f, dodavatel\u016f a dal\u0161\u00edch subjekt\u016f \u00fadaj\u016f<\/b>. B\u011bhem takov\u00e9ho zpracov\u00e1n\u00ed se Spole\u010dnost zavazuje p\u0159ijmout ve\u0161ker\u00e1 nezbytn\u00e1 opat\u0159en\u00ed a \u0159\u00eddit se p\u0159\u00edslu\u0161n\u00fdmi politikami, postupy a dal\u0161\u00ed dokumentac\u00ed o ochran\u011b osobn\u00edch \u00fadaj\u016f, aby zpracov\u00e1vala osobn\u00ed \u00fadaje v souladu s platn\u00fdmi pr\u00e1vn\u00edmi p\u0159edpisy a osv\u011bd\u010den\u00fdmi postupy.<\/p>\n<h2><strong>Role p\u0159i zpracov\u00e1n\u00ed osobn\u00edch \u00fadaj\u016f<\/strong><\/h2>\n<p>BAS-IP m\u016f\u017ee m\u00edt r\u016fzn\u00e9 role podle UK GDPR a GDPR:<\/p>\n<ul>\n<li>Jako <b>spr\u00e1vce<\/b> ur\u010duje Spole\u010dnost \u00fa\u010dely a prost\u0159edky zpracov\u00e1n\u00ed osobn\u00edch \u00fadaj\u016f, nap\u0159\u00edklad p\u0159i komunikaci s klienty a n\u00e1v\u0161t\u011bvn\u00edky webov\u00fdch str\u00e1nek, marketingov\u00fdch aktivit\u00e1ch, kter\u00e9 zahrnuj\u00ed zpracov\u00e1n\u00ed osobn\u00edch \u00fadaj\u016f, atd.<\/li>\n<li>Jako <b>zpracovatel<\/b> m\u016f\u017ee Spole\u010dnost zpracov\u00e1vat osobn\u00ed \u00fadaje podle pokyn\u016f na\u0161eho klienta, jednaj\u00edc\u00edho jako spr\u00e1vce, nebo jm\u00e9nem p\u0159\u00edslu\u0161n\u00e9ho spr\u00e1vce.<\/li>\n<li>P\u0159i zpracov\u00e1n\u00ed osobn\u00edch \u00fadaj\u016f jako zpracovatel m\u016f\u017eeme zapojit poskytovatele slu\u017eeb t\u0159et\u00edch stran, kte\u0159\u00ed budou jednat jako <b>poddodavatel\u00e9 zpracov\u00e1n\u00ed<\/b>.<\/li>\n<\/ul>\n<table width=\"681\">\n<tbody>\n<tr>\n<td width=\"681\"><em>P\u0159i zpracov\u00e1n\u00ed osobn\u00edch \u00fadaj\u016f v r\u00e1mci poskytov\u00e1n\u00ed slu\u017eeb sv\u00fdm klient\u016fm jedn\u00e1 Spole\u010dnost jako <b>zpracovatel<\/b> a dodr\u017euje platn\u00e9 po\u017eadavky UK GDPR a GDPR, jako\u017e i p\u0159\u00edslu\u0161n\u00e9 smluvn\u00ed z\u00e1vazky mezi Spole\u010dnost\u00ed a klientem. <\/em><\/td>\n<\/tr>\n<\/tbody>\n<\/table>\n<h1><strong>BAS-IP A OCHRANA \u00daDAJ\u016e<\/strong><\/h1>\n<p>BAS-IP se zavazuje dodr\u017eovat <b>nejvy\u0161\u0161\u00ed standardy ochrany \u00fadaj\u016f<\/b> a platn\u00e9 pr\u00e1vn\u00ed p\u0159edpisy o ochran\u011b osobn\u00edch \u00fadaj\u016f.<\/p>\n<p>V\u0161echny \u010dinnosti, kter\u00e9 zahrnuj\u00ed zpracov\u00e1n\u00ed osobn\u00edch \u00fadaj\u016f, jsou prov\u00e1d\u011bny v souladu s <b>intern\u00ed dokumentac\u00ed<\/b> t\u00fdkaj\u00edc\u00ed se regulace zpracov\u00e1n\u00ed osobn\u00edch \u00fadaj\u016f.<\/p>\n<p>Spole\u010dnost uplat\u0148uje n\u00e1sleduj\u00edc\u00ed opat\u0159en\u00ed na ochranu osobn\u00edch \u00fadaj\u016f:<\/p>\n<h2><strong>Pravideln\u00fd p\u0159ezkum dokumentace o ochran\u011b osobn\u00edch \u00fadaj\u016f a prov\u00e1d\u011bn\u00ed nezbytn\u00fdch zm\u011bn v na\u0161\u00ed dokumentaci a \u010dinnostech<\/strong><\/h2>\n<p>Pravideln\u00fd p\u0159ezkum a aktualizace intern\u00ed dokumentace o ochran\u011b osobn\u00edch \u00fadaj\u016f je ned\u00edlnou sou\u010d\u00e1st\u00ed strategie Spole\u010dnosti pro zaji\u0161t\u011bn\u00ed souladu s po\u017eadavky UK GDPR, GDPR a dal\u0161\u00edch regula\u010dn\u00edch akt\u016f v oblasti ochrany osobn\u00edch \u00fadaj\u016f.<\/p>\n<p>P\u0159\u00edslu\u0161n\u00e1 intern\u00ed dokumentace a p\u0159ijat\u00e9 politiky a postupy, zejm\u00e9na pokud jde o <b>\u017e\u00e1dosti subjekt\u016f \u00fadaj\u016f, oznamov\u00e1n\u00ed poru\u0161en\u00ed zabezpe\u010den\u00ed osobn\u00edch \u00fadaj\u016f, posouzen\u00ed souladu t\u0159et\u00edch stran<\/b> zapojen\u00fdch do zpracov\u00e1n\u00ed osobn\u00edch \u00fadaj\u016f atd., jsou pravideln\u011b aktualizov\u00e1ny nebo m\u011bn\u011bny podle pot\u0159eby, zejm\u00e9na v p\u0159\u00edpad\u011b zm\u011bn v legislativ\u011b nebo zaveden\u00ed nov\u00fdch \u010dinnost\u00ed zpracov\u00e1n\u00ed osobn\u00edch \u00fadaj\u016f.<\/p>\n<p>Krom\u011b toho jsou zaznamen\u00e1v\u00e1ny \u010dinnosti zpracov\u00e1n\u00ed osobn\u00edch \u00fadaj\u016f, co\u017e zahrnuje veden\u00ed <b>z\u00e1znam\u016f o \u010dinnostech zpracov\u00e1n\u00ed (RoPA)<\/b>, a v p\u0159\u00edpad\u011b pot\u0159eby se prov\u00e1d\u00ed <b>posouzen\u00ed vlivu na ochranu osobn\u00edch \u00fadaj\u016f (DPIA)<\/b> a <b>posouzen\u00ed opr\u00e1vn\u011bn\u00e9ho z\u00e1jmu (LIA)<\/b>.<\/p>\n<p>T\u00edm, \u017ee Spole\u010dnost udr\u017euje svou dokumentaci o ochran\u011b osobn\u00edch \u00fadaj\u016f aktu\u00e1ln\u00ed, zaji\u0161\u0165uje vysokou \u00farove\u0148 ochrany osobn\u00edch \u00fadaj\u016f a trval\u00fd soulad s pr\u00e1vn\u00edmi p\u0159edpisy.<\/p>\n<h2><strong>Dodr\u017eov\u00e1n\u00ed po\u017eadavk\u016f na ochranu pr\u00e1v subjekt\u016f \u00fadaj\u016f<\/strong><\/h2>\n<p><b>Z\u00e1sady ochrany osobn\u00edch \u00fadaj\u016f<\/b> Spole\u010dnosti, kter\u00e9 jsou ve\u0159ejn\u011b dostupn\u00e9 na jej\u00edch webov\u00fdch str\u00e1nk\u00e1ch, poskytuj\u00ed klient\u016fm a dal\u0161\u00edm subjekt\u016fm \u00fadaj\u016f informace o \u00fa\u010delech, pro kter\u00e9 mohou b\u00fdt osobn\u00ed \u00fadaje zpracov\u00e1v\u00e1ny, jak a jak\u00e9 konkr\u00e9tn\u00ed osobn\u00ed \u00fadaje mohou b\u00fdt zpracov\u00e1v\u00e1ny, a tak\u00e9 informace o <b>jejich pr\u00e1vech<\/b> podle platn\u00fdch z\u00e1kon\u016f o ochran\u011b osobn\u00edch \u00fadaj\u016f, v\u010detn\u011b toho, jak tato pr\u00e1va uplatnit.<\/p>\n<p>Krom\u011b toho Spole\u010dnost p\u0159ijala <b>Postup pro vy\u0159izov\u00e1n\u00ed \u017e\u00e1dost\u00ed a st\u00ed\u017enost\u00ed<\/b>, kter\u00fd obsahuje postup pro reakci na \u017e\u00e1dosti subjekt\u016f \u00fadaj\u016f a jejich pr\u00e1va v souladu s UK GDPR a GDPR.<\/p>\n<p>Spole\u010dnost se zavazuje poskytovat ve\u0161kerou nezbytnou podporu klientovi v souvislosti s reakc\u00ed na \u017e\u00e1dosti subjekt\u016f \u00fadaj\u016f, jejich\u017e \u00fadaje Spole\u010dnost zpracov\u00e1v\u00e1 jako zpracovatel, v souladu s ustanoven\u00edmi UK GDPR, GDPR a smluvn\u00edmi z\u00e1vazky mezi Spole\u010dnost\u00ed a klientem.<\/p>\n<h2><strong>Dodr\u017eov\u00e1n\u00ed nejlep\u0161\u00edch standard\u016f a postup\u016f pro technick\u00e9 a organiza\u010dn\u00ed zabezpe\u010den\u00ed<\/strong><\/h2>\n<p>Spole\u010dnost zavedla <b>technick\u00e1 a organiza\u010dn\u00ed opat\u0159en\u00ed<\/b> k zaji\u0161t\u011bn\u00ed bezpe\u010dnosti osobn\u00edch \u00fadaj\u016f. Intern\u00ed dokumentace Spole\u010dnosti jasn\u011b definuje technick\u00e1 a organiza\u010dn\u00ed opat\u0159en\u00ed pou\u017e\u00edvan\u00e1 p\u0159i zpracov\u00e1n\u00ed osobn\u00edch \u00fadaj\u016f:<\/p>\n<ul>\n<li>vyvinuta a p\u0159ijata je dokumentace, kter\u00e1 se \u0159\u00edd\u00ed <b>informa\u010dn\u00ed bezpe\u010dnost\u00ed<\/b>, a tak\u00e9 nep\u0159etr\u017eit\u011b monitoruje ud\u00e1losti informa\u010dn\u00ed bezpe\u010dnosti a zaji\u0161\u0165uje v\u010dasnou reakci na incidenty;<\/li>\n<li>zavedla bezpe\u010dnostn\u00ed opat\u0159en\u00ed k <b>omezen\u00ed p\u0159\u00edstupu<\/b> k osobn\u00edm \u00fadaj\u016fm, jako je kontrola p\u0159\u00edstupu k osobn\u00edm \u00fadaj\u016fm, zejm\u00e9na prost\u0159ednictv\u00edm pou\u017e\u00edv\u00e1n\u00ed personalizovan\u00fdch \u00fa\u010dt\u016f, kontrola po\u017eadavk\u016f na d\u00e9lku a slo\u017eitost hesel \u00fa\u010dt\u016f a ochrana s\u00ed\u0165ov\u00e9ho p\u0159\u00edstupu ke sn\u00ed\u017een\u00ed rizika s\u00ed\u0165ov\u00fdch \u00fatok\u016f; ov\u011b\u0159ov\u00e1n\u00ed souladu fyzick\u00fdch datov\u00fdch center, kde jsou data ulo\u017eena, s bezpe\u010dnostn\u00edmi po\u017eadavky; v\u00edcefaktorov\u00e1 autentizace a autentizace u\u017eivatel\u016f b\u011bhem autorizace, jako\u017e i konfigurace a aplikace <b>opr\u00e1vn\u011bn\u00ed k p\u0159\u00edstupu k dat\u016fm<\/b>, pravideln\u00fd p\u0159ezkum st\u00e1vaj\u00edc\u00edch p\u0159\u00edstupov\u00fdch pr\u00e1v atd.;<\/li>\n<li>pou\u017e\u00edv\u00e1 <b>technologie \u0161ifrov\u00e1n\u00ed<\/b> p\u0159i ukl\u00e1d\u00e1n\u00ed a zpracov\u00e1n\u00ed osobn\u00edch \u00fadaj\u016f pomoc\u00ed cloudov\u00fdch technologi\u00ed a stanovuje po\u017eadavky na pou\u017e\u00edv\u00e1n\u00ed pouze aktu\u00e1ln\u00edch a robustn\u00edch kryptografick\u00fdch protokol\u016f, algoritm\u016f, \u0161ifrovac\u00edch sad, \u0161ifrovac\u00edch kl\u00ed\u010d\u016f a p\u0159\u00edstup\u016f k \u0159\u00edzen\u00ed kl\u00ed\u010d\u016f;<\/li>\n<li>pravideln\u011b kontroluje <b>z\u00e1lohy<\/b> osobn\u00edch \u00fadaj\u016f, aby zjistila, zda jejich ukl\u00e1d\u00e1n\u00ed odpov\u00edd\u00e1 provozn\u00edm po\u017eadavk\u016fm a pr\u00e1vn\u00edm z\u00e1vazk\u016fm;<\/li>\n<li>p\u0159ij\u00edm\u00e1 dal\u0161\u00ed <b>organiza\u010dn\u00ed bezpe\u010dnostn\u00ed opat\u0159en\u00ed<\/b>, v\u010detn\u011b prov\u00e1d\u011bn\u00ed politiky odd\u011blen\u00ed rol\u00ed a odpov\u011bdnost\u00ed, pravideln\u00e9 aktualizace p\u0159\u00edslu\u0161n\u00fdch politik a postup\u016f, monitorov\u00e1n\u00ed pln\u011bn\u00ed povinnost\u00ed a prokazov\u00e1n\u00ed ochoty spolupracovat s p\u0159\u00edslu\u0161n\u00fdmi vl\u00e1dn\u00edmi org\u00e1ny. Opat\u0159en\u00ed pro zabezpe\u010den\u00ed person\u00e1lu implementovan\u00e1 Spole\u010dnost\u00ed zahrnuj\u00ed v n\u011bkter\u00fdch p\u0159\u00edpadech prov\u011brky zam\u011bstnanc\u016f, zvy\u0161ov\u00e1n\u00ed pov\u011bdom\u00ed zam\u011bstnanc\u016f o ot\u00e1zk\u00e1ch informa\u010dn\u00ed bezpe\u010dnosti a monitorov\u00e1n\u00ed t\u00e9to pov\u011bdomosti, jako\u017e i prov\u00e1d\u011bn\u00ed program\u016f \u0161kolen\u00ed a profesn\u00edho rozvoje;<\/li>\n<li>nep\u0159etr\u017eit\u011b monitoruje zm\u011bny v legislativ\u011b a implementuje <b>osv\u011bd\u010den\u00e9 postupy<\/b> v oblasti ochrany osobn\u00edch \u00fadaj\u016f v souladu se standardy kybernetick\u00e9 bezpe\u010dnosti, pokyny, doporu\u010den\u00edmi dozorov\u00fdch org\u00e1n\u016f pro ochranu osobn\u00edch \u00fadaj\u016f a \u00da\u0159adu komisa\u0159e pro informace (ICO).<\/li>\n<\/ul>\n<p>Spole\u010dnost dodr\u017euje v\u0161echny politiky a postupy k zaji\u0161t\u011bn\u00ed bezpe\u010dnosti ochrany osobn\u00edch \u00fadaj\u016f, pravideln\u011b kontroluje jejich relevanci a zaji\u0161\u0165uje v\u010dasn\u00fd p\u0159ezkum.<\/p>\n<p><strong>Pravideln\u00e9 ov\u011b\u0159ov\u00e1n\u00ed t\u0159et\u00edch stran<\/strong><\/p>\n<p>V\u0161echny <b>t\u0159et\u00ed strany<\/b> zapojen\u00e9 do zpracov\u00e1n\u00ed osobn\u00edch \u00fadaj\u016f jsou ov\u011b\u0159ov\u00e1ny pomoc\u00ed intern\u011b regulovan\u00e9 <b>procedury pro posuzov\u00e1n\u00ed souladu t\u0159et\u00edch stran<\/b>. Konkr\u00e9tn\u011b takov\u00e9 kontroly posuzuj\u00ed dostupnost relevantn\u00ed dokumentace t\u00fdkaj\u00edc\u00ed se zpracov\u00e1n\u00ed osobn\u00edch \u00fadaj\u016f, jako\u017e i dostupnost a \u00fa\u010dinnost technick\u00fdch a organiza\u010dn\u00edch bezpe\u010dnostn\u00edch opat\u0159en\u00ed zaveden\u00fdch k ochran\u011b osobn\u00edch \u00fadaj\u016f p\u0159ed neopr\u00e1vn\u011bn\u00fdm p\u0159\u00edstupem, ztr\u00e1tou nebo naru\u0161en\u00edm integrity.<\/p>\n<h2><strong>Bezpe\u010dn\u00e9 p\u0159ed\u00e1v\u00e1n\u00ed osobn\u00edch \u00fadaj\u016f<\/strong><\/h2>\n<p>P\u0159i poskytov\u00e1n\u00ed slu\u017eeb m\u016f\u017ee Spole\u010dnost p\u0159ed\u00e1vat osobn\u00ed \u00fadaje <b>mimo Spojen\u00e9 kr\u00e1lovstv\u00ed<\/b>, nap\u0159\u00edklad do Spojen\u00fdch st\u00e1t\u016f a na Ukrajinu.<\/p>\n<p>Pro zaji\u0161t\u011bn\u00ed bezpe\u010dnosti a souladu s pr\u00e1vn\u00edmi po\u017eadavky pro p\u0159ed\u00e1v\u00e1n\u00ed osobn\u00edch \u00fadaj\u016f se p\u0159edem prov\u00e1d\u00ed <b>posouzen\u00ed<\/b>. Krom\u011b toho se pravideln\u011b prov\u00e1d\u00ed intern\u00ed monitorov\u00e1n\u00ed, aby se zajistil soulad s pr\u00e1vn\u00edmi po\u017eadavky a postupy Spojen\u00fdch st\u00e1t\u016f, Ukrajiny a, kde je to nutn\u00e9, jin\u00fdch zem\u00ed, do kter\u00fdch jsou osobn\u00ed \u00fadaje p\u0159ed\u00e1v\u00e1ny, se <b>standardy a postupy ochrany osobn\u00edch \u00fadaj\u016f UK a EU<\/b>. Nav\u00edc jsou d\u016fkladn\u011b kontrolov\u00e1na bezpe\u010dnostn\u00ed opat\u0159en\u00ed p\u0159ijat\u00e1 dovozci dat, zejm\u00e9na podpisem p\u0159\u00edslu\u0161n\u00e9 dokumentace, kter\u00e1 se \u0159\u00edd\u00ed ochranou osobn\u00edch \u00fadaj\u016f.<\/p>\n<p>Kdy\u017e Spole\u010dnost p\u0159ed\u00e1v\u00e1 osobn\u00ed \u00fadaje, na kter\u00e9 se vztahuje UK GDPR a\/nebo GDPR, uzav\u00edr\u00e1 se sv\u00fdmi dodavateli <b>Smlouvu o zpracov\u00e1n\u00ed dat (DPA)<\/b>. Tyto dohody zahrnuj\u00ed vhodn\u00e9 mechanismy p\u0159ed\u00e1v\u00e1n\u00ed, v\u010detn\u011b <b>Standardn\u00edch smluvn\u00edch dolo\u017eek EU (SCCs)<\/b> spolu s <b>Dodatkem UK (UK Addendum)<\/b> nebo <b>Mezin\u00e1rodn\u00ed smlouvou o p\u0159ed\u00e1v\u00e1n\u00ed dat (IDTA)<\/b>.<\/p>\n<h2><strong>Pravideln\u00e1 \u0161kolen\u00ed<\/strong><\/h2>\n<p>Spole\u010dnost pravideln\u011b organizuje <b>\u0161kolen\u00ed<\/b> pro sv\u00e9 zam\u011bstnance a dodavatele o dodr\u017eov\u00e1n\u00ed po\u017eadavk\u016f UK GDPR a GDPR, jako\u017e i o ochran\u011b osobn\u00edch \u00fadaj\u016f. T\u00e9mata zahrnut\u00e1 ve \u0161kolen\u00ed zahrnuj\u00ed mimo jin\u00e9 obecn\u00e9 po\u017eadavky UK GDPR, GDPR a dal\u0161\u00edch platn\u00fdch z\u00e1kon\u016f o ochran\u011b osobn\u00edch \u00fadaj\u016f, role p\u0159i zpracov\u00e1n\u00ed, z\u00e1sady zpracov\u00e1n\u00ed osobn\u00edch \u00fadaj\u016f, d\u016fvody pro zpracov\u00e1n\u00ed, zaji\u0161t\u011bn\u00ed pr\u00e1v subjekt\u016f \u00fadaj\u016f a ot\u00e1zky ochrany osobn\u00edch \u00fadaj\u016f.<\/p>\n<p>Krom\u011b toho Spole\u010dnost tak\u00e9 p\u0159ijala nezbytnou dokumentaci a zavedla vhodn\u00e1 opat\u0159en\u00ed k zaji\u0161t\u011bn\u00ed \u0161kolen\u00ed a informovanosti zam\u011bstnanc\u016f v oblasti ochrany \u00fadaj\u016f.<\/p>\n<h1><strong>NA\u0160E KONTAKTY<\/strong><\/h1>\n<p>Pokud m\u00e1te jak\u00e9koli dal\u0161\u00ed dotazy t\u00fdkaj\u00edc\u00ed se ochrany osobn\u00edch \u00fadaj\u016f ve spole\u010dnosti BAS-IP, kontaktujte n\u00e1s pros\u00edm e-mailem: <a href=\"mailto:privacy@bas-ip.com\">privacy@bas-ip.com<\/a>.<\/p>\n<p>S pozdravem,<\/p>\n<p><strong>BAS-IP DISTRIBUTION LTD<\/strong><\/p>","protected":false},"excerpt":{"rendered":"<p>Zavazujeme se k siln\u00fdm a inovativn\u00edm praktik\u00e1m ochrany \u00fadaj\u016f, aby ka\u017ed\u00fd klient mohl d\u016fv\u011b\u0159ovat, \u017ee jeho osobn\u00ed \u00fadaje jsou zpracov\u00e1v\u00e1ny bezpe\u010dn\u011b a zabezpe\u010den\u011b. BAS-IP DISTRIBUTION LTD (Spole\u010dnost nebo BAS-IP) p\u0159ipravila toto memorandum pro na\u0161e klienty ohledn\u011b na\u0161eho souladu s platnou legislativou na ochranu \u00fadaj\u016f, v\u010detn\u011b Obecn\u00e9ho na\u0159\u00edzen\u00ed o ochran\u011b \u00fadaj\u016f Spojen\u00e9ho kr\u00e1lovstv\u00ed (UK GDPR) a [&hellip;]<\/p>","protected":false},"author":1,"featured_media":0,"parent":0,"menu_order":0,"comment_status":"closed","ping_status":"closed","template":"","meta":{"inline_featured_image":false,"footnotes":""},"class_list":["post-146565","page","type-page","status-publish","hentry"],"acf":[],"_links":{"self":[{"href":"https:\/\/bas-ip.com\/cs\/wp-json\/wp\/v2\/pages\/146565","targetHints":{"allow":["GET"]}}],"collection":[{"href":"https:\/\/bas-ip.com\/cs\/wp-json\/wp\/v2\/pages"}],"about":[{"href":"https:\/\/bas-ip.com\/cs\/wp-json\/wp\/v2\/types\/page"}],"author":[{"embeddable":true,"href":"https:\/\/bas-ip.com\/cs\/wp-json\/wp\/v2\/users\/1"}],"replies":[{"embeddable":true,"href":"https:\/\/bas-ip.com\/cs\/wp-json\/wp\/v2\/comments?post=146565"}],"version-history":[{"count":3,"href":"https:\/\/bas-ip.com\/cs\/wp-json\/wp\/v2\/pages\/146565\/revisions"}],"predecessor-version":[{"id":146667,"href":"https:\/\/bas-ip.com\/cs\/wp-json\/wp\/v2\/pages\/146565\/revisions\/146667"}],"wp:attachment":[{"href":"https:\/\/bas-ip.com\/cs\/wp-json\/wp\/v2\/media?parent=146565"}],"curies":[{"name":"wp","href":"https:\/\/api.w.org\/{rel}","templated":true}]}}