{"id":140848,"date":"2025-06-03T12:48:57","date_gmt":"2025-06-03T12:48:57","guid":{"rendered":"https:\/\/bas-ip.com\/condo-control\/"},"modified":"2025-08-04T13:25:09","modified_gmt":"2025-08-04T13:25:09","slug":"condo-control","status":"publish","type":"page","link":"https:\/\/bas-ip.com\/cs\/condo-control\/","title":{"rendered":"Condo Control"},"content":{"rendered":"<h2><strong>BAS-IP a Condo Control oznamuj\u00ed integraci pro zlep\u0161en\u00ed z\u00e1\u017eitku z bydlen\u00ed v reziden\u010dn\u00edch objektech<\/strong><\/h2>\n\n<div class=\"wp-block-image\">\n<figure class=\"aligncenter size-large\"><img loading=\"lazy\" decoding=\"async\" width=\"1024\" height=\"235\" src=\"https:\/\/bas-ip.com\/wp-content\/uploads\/2025\/06\/Condo-Control-1024x235.png\" alt=\"\" class=\"wp-image-138764\" srcset=\"https:\/\/bas-ip.com\/wp-content\/uploads\/2025\/06\/Condo-Control-1024x235.png 1024w,  https:\/\/bas-ip.com\/wp-content\/uploads\/2025\/06\/Condo-Control-300x69.png 300w,  https:\/\/bas-ip.com\/wp-content\/uploads\/2025\/06\/Condo-Control-768x177.png 768w,  https:\/\/bas-ip.com\/wp-content\/uploads\/2025\/06\/Condo-Control-767x176.png 767w,  https:\/\/bas-ip.com\/wp-content\/uploads\/2025\/06\/Condo-Control.png 1266w\" sizes=\"auto, (max-width: 1024px) 100vw, 1024px\" \/><\/figure>\n<\/div>\n\n<p>BAS-IP, p\u0159edn\u00ed v\u00fdvoj\u00e1\u0159 IP interkomov\u00fdch syst\u00e9m\u016f, a Condo Control, komplexn\u00ed platforma digitalizuj\u00edc\u00ed provoz pro v\u00edce ne\u017e 2 miliony rezident\u016f, dnes ozn\u00e1mily strategickou integraci. Tato spolupr\u00e1ce vytv\u00e1\u0159\u00ed jednotn\u00fd zdroj pravdiv\u00fdch dat o rezidentech, eliminuje duplicitn\u00ed zad\u00e1v\u00e1n\u00ed a umo\u017e\u0148uje bezprobl\u00e9movou synchronizaci dat mezi ob\u011bma syst\u00e9my, co\u017e p\u0159in\u00e1\u0161\u00ed novou \u00farove\u0148 pohodl\u00ed a p\u0159esnosti dat pro rezidenty a spr\u00e1vce nemovitost\u00ed v Kanad\u011b.<\/p>\n<p>Kl\u00ed\u010dovou funkc\u00ed t\u00e9to integrace je synchronizace seznamu rezident\u016f z platformy Condo Control s interkomy BAS-IP. Nam\u00edsto vyt\u00e1\u010den\u00ed \u010d\u00edsel byt\u016f n\u00e1v\u0161t\u011bvn\u00edci proch\u00e1zej\u00ed abecedn\u00edm chytr\u00fdm adres\u00e1\u0159em, klepnou na jm\u00e9no a volac\u00ed panel nyn\u00ed zobraz\u00ed telefonn\u00ed seznam se jm\u00e9ny rezident\u016f, co\u017e poskytuje intuitivn\u011bj\u0161\u00ed a u\u017eivatelsky p\u0159\u00edv\u011btiv\u011bj\u0161\u00ed p\u0159\u00edstup.<\/p>\n<p>Syst\u00e9m Condo Control slou\u017e\u00ed jako prim\u00e1rn\u00ed rozhran\u00ed pro spr\u00e1vce nemovitost\u00ed, kte\u0159\u00ed mohou snadno p\u0159id\u00e1vat, mazat a aktualizovat z\u00e1znamy o rezidentech. Tyto zm\u011bny jsou automaticky p\u0159en\u00e1\u0161eny do chytr\u00e9ho adres\u00e1\u0159e interkomov\u00e9ho syst\u00e9mu prost\u0159ednictv\u00edm platformy pro spr\u00e1vu BAS-IP Link, kter\u00e1 funguje jako middleware. BAS-IP Link tak\u00e9 spravuje proces vol\u00e1n\u00ed a zaji\u0161\u0165uje spolehlivou komunikaci.<\/p>\n<p>Toto vylep\u0161en\u00ed bylo implementov\u00e1no s ohledem na preference kanadsk\u00fdch rezident\u016f, kte\u0159\u00ed jsou zvykl\u00ed p\u0159ij\u00edmat hovory na sv\u00e9 osobn\u00ed mobiln\u00ed telefony, nikoli na pevn\u00e9 za\u0159\u00edzen\u00ed v byt\u011b.<\/p>\n<p>\u201eNa\u0161\u00edm posl\u00e1n\u00edm je digitalizovat a zefektivnit provoz komunit,\u201c \u0159ekl Brian Bosscher z Condo Control. \u201ePartnerstv\u00ed s BAS-IP umo\u017e\u0148uje spr\u00e1vc\u016fm aktualizovat data pouze jednou a d\u00e1v\u00e1 rezident\u016fm bezprobl\u00e9mov\u00fd mobiln\u00ed p\u0159\u00edstup, kter\u00fd o\u010dek\u00e1vaj\u00ed.\u201c<\/p>\n<p><strong><u>Hlavn\u00ed v\u00fdhody:<\/u><\/strong><\/p>\n<ul>\n<li><b>\u017d\u00e1dn\u00e9 duplicitn\u00ed zad\u00e1v\u00e1n\u00ed<\/b> \u2013 z\u00e1znamy o rezidentech se p\u0159en\u00e1\u0161ej\u00ed automaticky.<\/li>\n<li><b>Hovory se dostanou ke spr\u00e1vn\u00e9 osob\u011b napoprv\u00e9<\/b> \u2013 m\u00e9n\u011b opakovan\u00fdch pokus\u016f o spojen\u00ed z recepce.<\/li>\n<li><b>Zku\u0161enost zam\u011b\u0159en\u00e1 na mobiln\u00ed za\u0159\u00edzen\u00ed<\/b> \u2013 rezidenti mohou odpov\u00eddat z jak\u00e9hokoli mobiln\u00edho telefonu.<\/li>\n<li><b>V\u017edy aktu\u00e1ln\u00ed:<\/b> telefonn\u00ed \u010d\u00edsla a informace o st\u011bhov\u00e1n\u00ed se synchronizuj\u00ed okam\u017eit\u011b.<\/li>\n<\/ul>\n<p><strong><u>Proces vol\u00e1n\u00ed byl vylep\u0161en pro maxim\u00e1ln\u00ed flexibilitu:<\/u><\/strong><\/p>\n<ul>\n<li><b>P\u0159\u00edm\u00e9 vol\u00e1n\u00ed rezidenta:<\/b> N\u00e1v\u0161t\u011bvn\u00edci mohou zavolat konkr\u00e9tn\u00edmu rezidentovi na jeho osobn\u00ed telefonn\u00ed \u010d\u00edslo nebo v mobiln\u00ed aplikaci BAS-IP Link v\u00fdb\u011brem jeho jm\u00e9na z chytr\u00e9ho adres\u00e1\u0159e nebo vyto\u010den\u00edm konkr\u00e9tn\u00edho k\u00f3du.<\/li>\n<li><b>Vol\u00e1n\u00ed do bytu:<\/b> Tradi\u010dn\u00ed mo\u017enost soub\u011b\u017en\u00e9ho vol\u00e1n\u00ed v\u0161ech rezident\u016f v byt\u011b je st\u00e1le k dispozici.<\/li>\n<li><b>Hybridn\u00ed model:<\/b> Ob\u011b mo\u017enosti mohou b\u00fdt podporov\u00e1ny soub\u011b\u017en\u011b na jednom volac\u00edm za\u0159\u00edzen\u00ed.<\/li>\n<\/ul>\n<p><strong><u>Jak integrace funguje:<\/u><\/strong><\/p>\n<ul>\n<li><b>Registrace:<\/b> Spr\u00e1vce zaregistruje rezidenta v syst\u00e9mu Condo Control a p\u0159id\u00e1 jeho kontaktn\u00ed \u00fadaje.<\/li>\n<li><b>Synchronizace:<\/b> Server BAS-IP Link automaticky ode\u0161le data rezidenta do chytr\u00e9ho adres\u00e1\u0159e na volac\u00edm panelu.<\/li>\n<li><b>Vol\u00e1n\u00ed:<\/b> Kur\u00fdr nebo host si vybere rezidenta podle jm\u00e9na nebo vyto\u010d\u00ed jeho k\u00f3d.<\/li>\n<li><b>Odpov\u011b\u010f:<\/b> Rezident odpov\u00ed na hovor z panelu na sv\u00e9m osobn\u00edm mobiln\u00edm \u010d\u00edsle (prost\u0159ednictv\u00edm p\u0159ipojen\u00e9ho SIP trunku Twilio) nebo v aplikaci BAS-IP Link.<\/li>\n<li><b>P\u0159\u00edstup:<\/b> Rezident m\u016f\u017ee na d\u00e1lku otev\u0159\u00edt dve\u0159e.<\/li>\n<\/ul>\n<p>Integrace tak\u00e9 zaji\u0161\u0165uje automatick\u00e9 aktualizace dat. Jak\u00e9koli zm\u011bny telefonn\u00edho \u010d\u00edsla rezidenta, smaz\u00e1n\u00ed u\u017eivatele nebo relace mobiln\u00ed aplikace v syst\u00e9mu Condo Control se okam\u017eit\u011b projev\u00ed v pl\u00e1nu p\u0159esm\u011brov\u00e1n\u00ed BAS-IP Link, co\u017e zaru\u010duje, \u017ee kontaktn\u00ed informace jsou v\u017edy aktu\u00e1ln\u00ed.<\/p>\n<p>Tato integrace p\u0159edstavuje v\u00fdznamn\u00fd krok vp\u0159ed ve vytv\u00e1\u0159en\u00ed chyt\u0159ej\u0161\u00edch a pohodln\u011bj\u0161\u00edch obytn\u00fdch prostor. Kombinac\u00ed \u0161pi\u010dkov\u00e9 technologie IP interkom\u016f BAS-IP s v\u00fdkonn\u00fdmi funkcemi spr\u00e1vy nemovitost\u00ed platformy Condo Control poskytuj\u00ed spole\u010dnosti \u0159e\u0161en\u00ed, kter\u00e9 spl\u0148uje modern\u00ed pot\u0159eby rezident\u016f a zjednodu\u0161uje pracovn\u00ed postupy pro spr\u00e1vce.<\/p>\n\n<!-- START Block Sign Up --><section id=\"block_629678229e935\" class=\"sign-up-section\">\r\n\r\n    <div class=\"form-holder js-form\" data-aos=\"fade-right\">\r\n                    <div class=\"title-block h3\">Sign up for connection<\/div>\r\n        \r\n                    <div class=\"text-block\">\r\n                Filling out all the information needed to answer you as quickly as possible            <\/div>\r\n        \r\n                    \n<div class=\"wpcf7 no-js\" id=\"wpcf7-f102-o1\" lang=\"en-US\" dir=\"ltr\">\n<div class=\"screen-reader-response\"><p role=\"status\" aria-live=\"polite\" aria-atomic=\"true\"><\/p> <ul><\/ul><\/div>\n<form action=\"\/cs\/wp-json\/wp\/v2\/pages\/140848#wpcf7-f102-o1\" method=\"post\" class=\"wpcf7-form init\" aria-label=\"Contact form\" enctype=\"multipart\/form-data\" novalidate=\"novalidate\" data-status=\"init\">\n<div style=\"display: none;\">\n<input type=\"hidden\" name=\"_wpcf7\" value=\"102\" \/>\n<input type=\"hidden\" name=\"_wpcf7_version\" value=\"5.8.3\" \/>\n<input type=\"hidden\" name=\"_wpcf7_locale\" value=\"en_US\" \/>\n<input type=\"hidden\" name=\"_wpcf7_unit_tag\" value=\"wpcf7-f102-o1\" \/>\n<input type=\"hidden\" name=\"_wpcf7_container_post\" value=\"0\" \/>\n<input type=\"hidden\" name=\"_wpcf7_posted_data_hash\" value=\"\" \/>\n<input type=\"hidden\" name=\"_wpcf7_recaptcha_response\" value=\"\" \/>\n<\/div>\n<div class=\"row\"> \n <label><span class=\"label-text\">Name<\/span> \n  <span class=\"wpcf7-form-control-wrap\" data-name=\"text-full-name\"><input size=\"40\" class=\"wpcf7-form-control wpcf7-text wpcf7-validates-as-required\" aria-required=\"true\" aria-invalid=\"false\" placeholder=\"Name\" value=\"\" type=\"text\" name=\"text-full-name\" \/><\/span><\/label> \n<\/div> \n<div class=\"row\"> \n <label><span class=\"label-text\">Phone*<\/span> \n<span class=\"wpcf7-form-control-wrap\" data-name=\"phonetext-270\"><input size=\"40\" class=\"wpcf7-form-control wpcf7-phonetext wpcf7-validates-as-required wpcf7-text wpcf7-validates-as-phonetext\" aria-required=\"true\" aria-invalid=\"false\" placeholder=\"Phone*\" value=\"\" type=\"text\" name=\"phonetext-270\" \/><input type=\"hidden\" name=\"phonetext-270-country-code\" class=\"wpcf7-phonetext-country-code\" \/><\/span><\/label> \n<\/div> \n<div class=\"row\"> \n <label><span class=\"label-text\">E-mail<\/span> \n  <span class=\"wpcf7-form-control-wrap\" data-name=\"email-e-mail\"><input size=\"40\" class=\"wpcf7-form-control wpcf7-email wpcf7-validates-as-required wpcf7-text wpcf7-validates-as-email\" aria-required=\"true\" aria-invalid=\"false\" placeholder=\"E-mail\" value=\"\" type=\"email\" name=\"email-e-mail\" \/><\/span><\/label> \n<\/div> \n<div class=\"row\"><span>Your country<\/span> \n <label><span class=\"wpcf7-form-control-wrap\" data-name=\"countrytext-126\"><input size=\"40\" class=\"wpcf7-form-control wpcf7-countrytext wpcf7-text wpcf7-validates-as-countrytext\" aria-invalid=\"false\" value=\"\" type=\"text\" name=\"countrytext-126\" \/><\/span> <\/label>\n<\/div> \n<div class=\"row\"> \n <button type=\"submit\" class=\"btn\">Send<\/button> \n<\/div> \n<div class=\"row\"> \n <span class=\"wpcf7-form-control-wrap\" data-name=\"checkbox-931\"><span class=\"wpcf7-form-control wpcf7-checkbox\"><span class=\"wpcf7-list-item first\"><label><input type=\"checkbox\" name=\"checkbox-931[]\" value=\"Integrator\" \/><span class=\"wpcf7-list-item-label\">Integrator<\/span><\/label><\/span><span class=\"wpcf7-list-item\"><label><input type=\"checkbox\" name=\"checkbox-931[]\" value=\"Builder\" \/><span class=\"wpcf7-list-item-label\">Builder<\/span><\/label><\/span><span class=\"wpcf7-list-item last\"><label><input type=\"checkbox\" name=\"checkbox-931[]\" value=\"End-User\" \/><span class=\"wpcf7-list-item-label\">End-User<\/span><\/label><\/span><\/span><\/span> \n<\/div> \n<div class=\"row row-upload-file\"> \n <label class=\"upload-file-block js-upload-file\">Attach file \n  <span class=\"wpcf7-form-control-wrap\" data-name=\"file-466\"><input size=\"40\" class=\"wpcf7-form-control wpcf7-file\" accept=\"audio\/*,video\/*,image\/*\" aria-invalid=\"false\" type=\"file\" name=\"file-466\" \/><\/span><\/label> \n<\/div><input type='hidden' class='wpcf7-pum' value='{\"closepopup\":false,\"closedelay\":0,\"openpopup\":false,\"openpopup_id\":0}' \/><div class=\"wpcf7-response-output\" aria-hidden=\"true\"><\/div>\n<\/form>\n<\/div>\n            <\/div>\r\n\r\n\t\t    <div class=\"text-holder\" data-aos=\"fade-left\">\r\n\t\t\t\t\t\t    <h3 class=\"title-block\">How Can We Help?<\/h3>\r\n\t\t\t\r\n\t\t\t                <div class=\"text-block\">\r\n                    Please select a topic below related to your inquiry. If you don&#8217;t find what you need, fill out our contact form.                <\/div>\r\n\t\t\t\r\n\t\t\t\t\t\t    <ul class=\"link-list\">\r\n\t\t\t\t\t\t\t\t\t\t\t\t\t\t\t\t\t\t<li>\r\n\t\t\t\t\t\t\t\t\t\t\t\t\t\t\t\t    <strong>Get Inspired<\/strong>\r\n\t\t\t\t\t\t\t\t\t\t\t\t\t\t\t\t\t\t\t\t\t\t\t\t    <a href=\"\/features\/\">\r\n\t\t\t\t\t\t\t\t        Discover what&#8217;s beneath our intercom\t\t\t\t\t\t\t\t    <\/a>\r\n\t\t\t\t\t\t\t\t\t\t\t\t\t\t\t<\/li>\r\n\t\t\t\t\t\t\t\t\t\t\t\t\t\t\t\t\t\t\t\t\t\t\t\t<li>\r\n\t\t\t\t\t\t\t\t\t\t\t\t\t\t\t\t    <strong>Become a Partner<\/strong>\r\n\t\t\t\t\t\t\t\t\t\t\t\t\t\t\t\t\t\t\t\t\t\t\t\t    <a href=\"\/distributors\/\">\r\n\t\t\t\t\t\t\t\t        Expand your business with BAS-IP intercom\t\t\t\t\t\t\t\t    <\/a>\r\n\t\t\t\t\t\t\t\t\t\t\t\t\t\t\t<\/li>\r\n\t\t\t\t\t\t\t\t\t\t\t\t\t\t\t\t\t\t\t\t\t\t\t\t<li>\r\n\t\t\t\t\t\t\t\t\t\t\t\t\t\t\t\t    <strong>Check the Guides<\/strong>\r\n\t\t\t\t\t\t\t\t\t\t\t\t\t\t\t\t\t\t\t\t\t\t\t\t    <a href=\"\/support\/\">\r\n\t\t\t\t\t\t\t\t        Download detailed manuals and schemes\t\t\t\t\t\t\t\t    <\/a>\r\n\t\t\t\t\t\t\t\t\t\t\t\t\t\t\t<\/li>\r\n\t\t\t\t\t\t\t\t\t\t\t\t\t\t\t<\/ul>\r\n\t\t\t\r\n\t\t\t\t\t\t    <h3 class=\"title-block\">Our contacts<\/h3>\r\n\t\t\t\r\n\t\t\t\t\t\t\t<ul class=\"contact-list\">\r\n\t\t\t\t\t\t\t\t\t\t\t\t\t\t\t\t\t\t<li>\r\n\t\t\t\t\t\t\t\t\t\t\t\t\t\t\t\t\t<strong>Sales:<\/strong>\r\n\t\t\t\t\t\t\t\t\t\t\t\t\t\t\t\t\t\t\t\t\t\t\t\t    <a href=\"mailto:s&#97;les&#64;&#98;as&#45;i&#112;&#46;c&#111;m\">s&#97;le&#115;&#64;&#98;&#97;s&#45;i&#112;.&#99;om<\/a>\r\n\t\t\t\t\t\t\t\t\t\t\t\t\t\t\t<\/li>\r\n\t\t\t\t\t\t\t\t\t\t\t\t\t\t\t\t\t\t\t\t\t\t\t\t<li>\r\n\t\t\t\t\t\t\t\t\t\t\t\t\t\t\t\t\t<strong>Technical support:<\/strong>\r\n\t\t\t\t\t\t\t\t\t\t\t\t\t\t\t\t\t\t\t\t\t\t\t\t    <a href=\"mailto:s&#117;&#112;p&#111;&#114;t&#64;&#98;as&#45;i&#112;&#46;&#99;&#111;&#109;\">&#115;up&#112;&#111;r&#116;&#64;ba&#115;&#45;&#105;&#112;&#46;c&#111;m<\/a>\r\n\t\t\t\t\t\t\t\t\t\t\t\t\t\t\t<\/li>\r\n\t\t\t\t\t\t\t\t\t\t\t\t\t\t\t<\/ul>\r\n\t\t\t\t\t<\/div>\r\n\t<\/section>\r\n\r\n\r\n\r\n<!-- END Block Sign Up -->","protected":false},"excerpt":{"rendered":"<p>BAS-IP a Condo Control oznamuj\u00ed integraci pro zlep\u0161en\u00ed z\u00e1\u017eitku z bydlen\u00ed v reziden\u010dn\u00edch objektech BAS-IP, p\u0159edn\u00ed v\u00fdvoj\u00e1\u0159 IP interkomov\u00fdch syst\u00e9m\u016f, a Condo Control, komplexn\u00ed platforma digitalizuj\u00edc\u00ed provoz pro v\u00edce ne\u017e 2 miliony rezident\u016f, dnes ozn\u00e1mily strategickou integraci. Tato spolupr\u00e1ce vytv\u00e1\u0159\u00ed jednotn\u00fd zdroj pravdiv\u00fdch dat o rezidentech, eliminuje duplicitn\u00ed zad\u00e1v\u00e1n\u00ed a umo\u017e\u0148uje bezprobl\u00e9movou synchronizaci dat mezi [&hellip;]<\/p>","protected":false},"author":1,"featured_media":0,"parent":0,"menu_order":0,"comment_status":"closed","ping_status":"closed","template":"page-custom-breadcrumbs.php","meta":{"inline_featured_image":false,"footnotes":""},"class_list":["post-140848","page","type-page","status-publish","hentry"],"acf":[],"_links":{"self":[{"href":"https:\/\/bas-ip.com\/cs\/wp-json\/wp\/v2\/pages\/140848","targetHints":{"allow":["GET"]}}],"collection":[{"href":"https:\/\/bas-ip.com\/cs\/wp-json\/wp\/v2\/pages"}],"about":[{"href":"https:\/\/bas-ip.com\/cs\/wp-json\/wp\/v2\/types\/page"}],"author":[{"embeddable":true,"href":"https:\/\/bas-ip.com\/cs\/wp-json\/wp\/v2\/users\/1"}],"replies":[{"embeddable":true,"href":"https:\/\/bas-ip.com\/cs\/wp-json\/wp\/v2\/comments?post=140848"}],"version-history":[{"count":2,"href":"https:\/\/bas-ip.com\/cs\/wp-json\/wp\/v2\/pages\/140848\/revisions"}],"predecessor-version":[{"id":140883,"href":"https:\/\/bas-ip.com\/cs\/wp-json\/wp\/v2\/pages\/140848\/revisions\/140883"}],"wp:attachment":[{"href":"https:\/\/bas-ip.com\/cs\/wp-json\/wp\/v2\/media?parent=140848"}],"curies":[{"name":"wp","href":"https:\/\/api.w.org\/{rel}","templated":true}]}}