{"id":133932,"date":"2023-03-27T09:32:04","date_gmt":"2023-03-27T09:32:04","guid":{"rendered":"https:\/\/bas-ip.com\/medical\/"},"modified":"2025-03-20T11:01:57","modified_gmt":"2025-03-20T11:01:57","slug":"medical","status":"publish","type":"page","link":"https:\/\/bas-ip.com\/cs\/medical\/","title":{"rendered":"Pro nemocnice\/zdravotnick\u00e1 za\u0159\u00edzen\u00ed"},"content":{"rendered":"<h1 class=\"wp-block-heading\"><strong><strong>Nemocni\u010dn\u00ed interkomov\u00fd syst\u00e9m od BAS-IP &#8211; Zvy\u0161te p\u00e9\u010di o pacienty<\/strong><\/strong><\/h1>\n\n\n\n<p>L\u00e9ka\u0159sk\u00fd pr\u016fmysl se neust\u00e1le vyv\u00edj\u00ed, aby pacient\u016fm poskytl nejlep\u0161\u00ed mo\u017enou p\u00e9\u010di. Vzhledem k tomu, \u017ee komunikace hraje kl\u00ed\u010dovou roli p\u0159i poskytov\u00e1n\u00ed efektivn\u00edch a bezpe\u010dn\u00fdch l\u00e9ka\u0159sk\u00fdch slu\u017eeb, je upgrady na \u0161pi\u010dkov\u00fd nemocni\u010dn\u00ed interkom nezbytn\u00fd. Inovativn\u00ed l\u00e9ka\u0159sk\u00e9 interkomov\u00e9 syst\u00e9my BAS-IP, navr\u017een\u00e9 speci\u00e1ln\u011b pro \u010dist\u00e9 m\u00edstnosti a zdravotnick\u00e1 za\u0159\u00edzen\u00ed, p\u0159in\u00e1\u0161ej\u00ed neporovnateln\u00fd komfort a spolehlivost pro zdravotnick\u00fd person\u00e1l a jejich pacienty. V tomto \u010dl\u00e1nku se pod\u00edv\u00e1me na funkce a v\u00fdhody nemocni\u010dn\u00edho interkomu BAS-IP a na to, jak m\u016f\u017ee revolu\u010dn\u011b zm\u011bnit zp\u016fsob, jak\u00fdm zdravotnick\u00e1 za\u0159\u00edzen\u00ed funguj\u00ed.<\/p>\n\n\n\n<h2 class=\"wp-block-heading\"><strong>S\u00edla nemocni\u010dn\u00edho interkomu BAS-IP<\/strong><\/h2>\n\n\n<!-- START Block Features --><section id=\"block_64304f018b5e4\" class=\"features-section\">\r\n\t\r\n    <div class=\"features-list\">\r\n                    <div class=\"features-item\" data-aos=\"fade-up\">\r\n    <div class=\"features-box\">\r\n                    <div class=\"image-holder\">\r\n                <img loading=\"lazy\" decoding=\"async\" width=\"350\" height=\"320\" src=\"https:\/\/bas-ip.com\/wp-content\/uploads\/2023\/04\/1-2-350x320.jpg\" class=\"attachment-thumbnail_350x320 size-thumbnail_350x320\" alt=\"\" \/>            <\/div>\r\n        \r\n        <div class=\"text-holder\">\r\n                        <h3 class=\"title-block\">Bezprobl\u00e9mov\u00e1 integrace s m\u00edstn\u00edmi s\u00edt\u011bmi IP<\/h3>\r\n          \r\n                        <div class=\"text-block\">\r\n                <p>Jednou z hlavn\u00edch v\u00fdhod l\u00e9ka\u0159sk\u00fdch interkomov\u00fdch syst\u00e9m\u016f BAS-IP je jejich schopnost bezprobl\u00e9mov\u011b fungovat v r\u00e1mci stejn\u00e9 IP m\u00edstn\u00ed s\u00edt\u011b. Tato kompatibilita zaji\u0161\u0165uje plynulou komunikaci mezi r\u016fzn\u00fdmi interkomov\u00fdmi za\u0159\u00edzen\u00edmi, \u010d\u00edm\u017e se sni\u017euje latence a zlep\u0161uje celkov\u00e1 efektivita.<\/p>\n              <\/div>\r\n                  <\/div>\r\n    <\/div>\r\n<\/div>\r\n                    <div class=\"features-item\" data-aos=\"fade-up\">\r\n    <div class=\"features-box\">\r\n                    <div class=\"image-holder\">\r\n                <img loading=\"lazy\" decoding=\"async\" width=\"350\" height=\"320\" src=\"https:\/\/bas-ip.com\/wp-content\/uploads\/2023\/04\/2-2-350x320.jpg\" class=\"attachment-thumbnail_350x320 size-thumbnail_350x320\" alt=\"\" \/>            <\/div>\r\n        \r\n        <div class=\"text-holder\">\r\n                        <h3 class=\"title-block\">Pokro\u010dil\u00e9 funkce pro vylep\u0161enou komunikaci<\/h3>\r\n          \r\n                        <div class=\"text-block\">\r\n                <p>BAS-IP nab\u00edz\u00ed \u0161irokou \u0161k\u00e1lu jedine\u010dn\u00fdch funkc\u00ed pro sv\u016fj nemocni\u010dn\u00ed interkomov\u00fd syst\u00e9m, co\u017e ho odli\u0161uje od konkurence. Mezi tyto funkce pat\u0159\u00ed HD videohovory, \u0159\u00edzen\u00ed p\u0159\u00edstupu a kompatibilita s r\u016fzn\u00fdmi IP za\u0159\u00edzen\u00edmi, co\u017e zaji\u0161\u0165uje efektivn\u00ed komunikaci a zv\u00fd\u0161enou bezpe\u010dnost pro zdravotnick\u00e1 za\u0159\u00edzen\u00ed.<\/p>\n              <\/div>\r\n                  <\/div>\r\n    <\/div>\r\n<\/div>\r\n                    <div class=\"features-item\" data-aos=\"fade-up\">\r\n    <div class=\"features-box\">\r\n                    <div class=\"image-holder\">\r\n                <img loading=\"lazy\" decoding=\"async\" width=\"350\" height=\"320\" src=\"https:\/\/bas-ip.com\/wp-content\/uploads\/2023\/04\/3-2-350x320.jpg\" class=\"attachment-thumbnail_350x320 size-thumbnail_350x320\" alt=\"\" \/>            <\/div>\r\n        \r\n        <div class=\"text-holder\">\r\n                        <h3 class=\"title-block\">Funkce interkomu v \u010dist\u00e9 m\u00edstnosti<\/h3>\r\n          \r\n                        <div class=\"text-block\">\r\n                <p>\u010cist\u00e9 m\u00edstnosti vy\u017eaduj\u00ed p\u0159\u00edsn\u00e9 hygienick\u00e9 normy a nemocni\u010dn\u00ed interkomov\u00fd syst\u00e9m BAS-IP je navr\u017een tak, aby t\u011bmto po\u017eadavk\u016fm vyhovoval. Interkom pro \u010dist\u00e9 m\u00edstnosti zaji\u0161\u0165uje, \u017ee komunikace mezi zdravotnick\u00fdmi pracovn\u00edky z\u016fst\u00e1v\u00e1 nep\u0159eru\u0161en\u00e1, ani\u017e by do\u0161lo k ohro\u017een\u00ed sterility a bezpe\u010dnosti t\u011bchto specializovan\u00fdch prost\u0159ed\u00ed.<\/p>\n              <\/div>\r\n                  <\/div>\r\n    <\/div>\r\n<\/div>\r\n            <\/div>\r\n<\/section>\r\n<!-- END Block Features -->\n\n\n<h2 class=\"wp-block-heading\"><strong>Vysoce kvalitn\u00ed hardwarov\u00e9 komponenty BAS-IP<\/strong><\/h2>\n\n\n<!-- START Block Features --><section id=\"block_64304f888b5e8\" class=\"features-section\">\r\n\t\r\n    <div class=\"features-list\">\r\n                    <div class=\"features-item\" data-aos=\"fade-up\">\r\n    <div class=\"features-box\">\r\n                    <div class=\"image-holder\">\r\n                <img loading=\"lazy\" decoding=\"async\" width=\"350\" height=\"320\" src=\"https:\/\/bas-ip.com\/wp-content\/uploads\/2023\/04\/4-2-350x320.jpg\" class=\"attachment-thumbnail_350x320 size-thumbnail_350x320\" alt=\"\" \/>            <\/div>\r\n        \r\n        <div class=\"text-holder\">\r\n                        <h3 class=\"title-block\">AV-04AFD \u2013 Nejlep\u0161\u00ed interkomov\u00e9 za\u0159\u00edzen\u00ed<\/h3>\r\n          \r\n                        <div class=\"text-block\">\r\n                <p>AV-04AFD je univerz\u00e1ln\u00ed interkomov\u00e9 za\u0159\u00edzen\u00ed navr\u017een\u00e9 pro poskytov\u00e1n\u00ed \u0161pi\u010dkov\u00e9ho v\u00fdkonu v zdravotnick\u00fdch za\u0159\u00edzen\u00edch. D\u00edky schopnosti HD audio hovor\u016f, integraci \u0159\u00edzen\u00ed p\u0159\u00edstupu a kompatibilit\u011b s r\u016fzn\u00fdmi IP za\u0159\u00edzen\u00edmi nab\u00edz\u00ed bezkonkuren\u010dn\u00ed komunika\u010dn\u00ed a bezpe\u010dnostn\u00ed funkce v elegantn\u00edm a modern\u00edm designu.<\/p>\n              <\/div>\r\n                  <\/div>\r\n    <\/div>\r\n<\/div>\r\n                    <div class=\"features-item\" data-aos=\"fade-up\">\r\n    <div class=\"features-box\">\r\n                    <div class=\"image-holder\">\r\n                <img loading=\"lazy\" decoding=\"async\" width=\"350\" height=\"320\" src=\"https:\/\/bas-ip.com\/wp-content\/uploads\/2023\/04\/5-3-350x320.jpg\" class=\"attachment-thumbnail_350x320 size-thumbnail_350x320\" alt=\"\" \/>            <\/div>\r\n        \r\n        <div class=\"text-holder\">\r\n                        <h3 class=\"title-block\">AM-02 \u2013 Efektivn\u00ed termin\u00e1l \u0421oncierge<\/h3>\r\n          \r\n                        <div class=\"text-block\">\r\n                <p>Concierge termin\u00e1l AM-02 zaji\u0161\u0165uje jasnou a spolehlivou komunikaci mezi zdravotnick\u00fdmi pracovn\u00edky. Toto za\u0159\u00edzen\u00ed, kter\u00e9 se snadno instaluje, m\u016f\u017ee b\u00fdt bez probl\u00e9m\u016f integrov\u00e1no do nemocni\u010dn\u00edho interkomov\u00e9ho syst\u00e9mu, \u010d\u00edm\u017e poskytuje efektivn\u00ed a cenov\u011b v\u00fdhodn\u00e9 \u0159e\u0161en\u00ed pro zdravotnick\u00e1 za\u0159\u00edzen\u00ed.<\/p>\n              <\/div>\r\n                  <\/div>\r\n    <\/div>\r\n<\/div>\r\n                    <div class=\"features-item\" data-aos=\"fade-up\">\r\n    <div class=\"features-box\">\r\n                    <div class=\"image-holder\">\r\n                <img loading=\"lazy\" decoding=\"async\" width=\"350\" height=\"320\" src=\"https:\/\/bas-ip.com\/wp-content\/uploads\/2023\/04\/6-2-350x320.jpg\" class=\"attachment-thumbnail_350x320 size-thumbnail_350x320\" alt=\"\" \/>            <\/div>\r\n        \r\n        <div class=\"text-holder\">\r\n                        <h3 class=\"title-block\">SH-31TM &#8211; Modul teploty vstupn\u00edho panelu<\/h3>\r\n          \r\n                        <div class=\"text-block\">\r\n                <p>Modul pro m\u011b\u0159en\u00ed teploty na dve\u0159n\u00edm interkomu s bezkontaktn\u00edm m\u011b\u0159en\u00edm teploty na z\u00e1p\u011bst\u00ed je nezbytnou sou\u010d\u00e1st\u00ed nemocni\u010dn\u00edho interkomov\u00e9ho syst\u00e9mu. Toto inovativn\u00ed za\u0159\u00edzen\u00ed kombinuje funkce \u0159\u00edzen\u00ed p\u0159\u00edstupu a zdravotn\u00edho screeningu, aby zajistilo bezpe\u010dn\u00e9 a chr\u00e1n\u011bn\u00e9 prost\u0159ed\u00ed pro pacienty i person\u00e1l ve zdravotnick\u00fdch za\u0159\u00edzen\u00edch.<\/p>\n              <\/div>\r\n                  <\/div>\r\n    <\/div>\r\n<\/div>\r\n            <\/div>\r\n<\/section>\r\n<!-- END Block Features -->\n\n<!-- START Block FAQ --><section id=\"block_642163c6f4e28\" class=\"faq-section\">\r\n\t\t    <h2 class=\"title-section\" data-aos=\"fade-right\">\u010casto kladen\u00e9 ot\u00e1zky (FAQ)<\/h2>\r\n\t\t\t    <div class=\"faq-list js-accordion\" data-aos=\"fade-up\">\r\n\t\t\t\t\t\t\t\t\t\t\t    <div class=\"accordion-item faq-item\">\r\n                        <div class=\"accordion-opener\">\r\n                            Q: Jak zlep\u0161uje nemocni\u010dn\u00ed interkomov\u00fd syst\u00e9m BAS-IP efektivitu ve zdravotnick\u00fdch za\u0159\u00edzen\u00edch?                            <i class=\"fa-solid fa-chevron-down\"><\/i>\r\n                        <\/div>\r\n                        <div class=\"accordion-slide\">\r\n\t\t\t\t\t\t    <p>Nemocni\u010dn\u00ed interkomov\u00fd syst\u00e9m BAS-IP umo\u017e\u0148uje zdravotnick\u00fdm pracovn\u00edk\u016fm komunikovat plynule a bezpe\u010dn\u011b, co\u017e zvy\u0161uje celkovou efektivitu. Integrac\u00ed pokro\u010dil\u00fdch funkc\u00ed, jako jsou HD audio a video hovory, \u0159\u00edzen\u00ed p\u0159\u00edstupu a kompatibilita s r\u016fzn\u00fdmi IP za\u0159\u00edzen\u00edmi, syst\u00e9m zjednodu\u0161uje komunikaci a zkracuje dobu reakce v kritick\u00fdch situac\u00edch.<\/p>\n                        <\/div>\r\n\t\t\t\t\t<\/div>\r\n\t\t\t\t\t\t\t\t\t\t\t\t\t\t\t    <div class=\"accordion-item faq-item\">\r\n                        <div class=\"accordion-opener\">\r\n                            Q: Lze nemocni\u010dn\u00ed interkom BAS-IP upravit tak, aby vyhovoval po\u017eadavk\u016fm konkr\u00e9tn\u00edho zdravotnick\u00e9ho za\u0159\u00edzen\u00ed?                            <i class=\"fa-solid fa-chevron-down\"><\/i>\r\n                        <\/div>\r\n                        <div class=\"accordion-slide\">\r\n\t\t\t\t\t\t    <p>Ano, nemocni\u010dn\u00ed interkomov\u00fd syst\u00e9m BAS-IP m\u016f\u017ee b\u00fdt p\u0159izp\u016fsoben specifick\u00fdm pot\u0159eb\u00e1m zdravotnick\u00e9ho za\u0159\u00edzen\u00ed. Jeho kompatibilita s r\u016fzn\u00fdmi IP za\u0159\u00edzen\u00edmi a bezprobl\u00e9mov\u00e1 integrace s IP m\u00edstn\u00edmi s\u00edt\u011bmi zaji\u0161\u0165uj\u00ed, \u017ee syst\u00e9m m\u016f\u017ee b\u00fdt upraven tak, aby poskytoval nejefektivn\u011bj\u0161\u00ed a nej\u00fa\u010dinn\u011bj\u0161\u00ed komunika\u010dn\u00ed \u0159e\u0161en\u00ed pro va\u0161e za\u0159\u00edzen\u00ed.<\/p>\n                        <\/div>\r\n\t\t\t\t\t<\/div>\r\n\t\t\t\t\t\t\t\t\t\t\t\t\t\t\t    <div class=\"accordion-item faq-item\">\r\n                        <div class=\"accordion-opener\">\r\n                            Q: Pro\u010d je interkom pro \u010dist\u00e9 prostory BAS-IP vhodn\u00fd pro steriln\u00ed prost\u0159ed\u00ed?                            <i class=\"fa-solid fa-chevron-down\"><\/i>\r\n                        <\/div>\r\n                        <div class=\"accordion-slide\">\r\n\t\t\t\t\t\t    <p>Interkom BAS-IP pro \u010dist\u00e9 m\u00edstnosti je navr\u017een tak, aby spl\u0148oval p\u0159\u00edsn\u00e9 hygienick\u00e9 normy vy\u017eadovan\u00e9 ve sterilitn\u00edch prost\u0159ed\u00edch. Syst\u00e9m zaji\u0161\u0165uje nep\u0159eru\u0161enou komunikaci, ani\u017e by ohrozil sterilitu a bezpe\u010dnost \u010dist\u00fdch m\u00edstnost\u00ed, co\u017e z n\u011bj \u010din\u00ed ide\u00e1ln\u00ed volbu pro zdravotnick\u00e1 za\u0159\u00edzen\u00ed s p\u0159\u00edsn\u00fdmi hygienick\u00fdmi po\u017eadavky.<\/p>\n                        <\/div>\r\n\t\t\t\t\t<\/div>\r\n\t\t\t\t\t\t\t\t\t\t\t\t\t\t\t    <div class=\"accordion-item faq-item\">\r\n                        <div class=\"accordion-opener\">\r\n                            Q: Jak snadn\u00e1 je instalace a \u00fadr\u017eba nemocni\u010dn\u00edho interkomov\u00e9ho syst\u00e9mu BAS-IP?                            <i class=\"fa-solid fa-chevron-down\"><\/i>\r\n                        <\/div>\r\n                        <div class=\"accordion-slide\">\r\n\t\t\t\t\t\t    <p>Nemocni\u010dn\u00ed interkomov\u00fd syst\u00e9m BAS-IP je navr\u017een pro snadnou instalaci a \u00fadr\u017ebu. Bezprobl\u00e9mov\u00e1 integrace syst\u00e9mu s IP m\u00edstn\u00edmi s\u00edt\u011bmi zjednodu\u0161uje instala\u010dn\u00ed proces, zat\u00edmco vysoce kvalitn\u00ed hardwarov\u00e9 komponenty, jako je AV-04AFD a AM-02, zaji\u0161\u0165uj\u00ed spolehlivost a odolnost pro dlouhodob\u00e9 pou\u017eit\u00ed.<\/p>\n                        <\/div>\r\n\t\t\t\t\t<\/div>\r\n\t\t\t\t\t\t\t\t\t<\/div>\r\n\t<\/section>\r\n<!-- END Block FAQ -->\n\n\n<p>Nemocni\u010dn\u00ed interkomov\u00fd syst\u00e9m BAS-IP nab\u00edz\u00ed pokro\u010dil\u00e9 komunika\u010dn\u00ed \u0159e\u0161en\u00ed pro zdravotnick\u00e1 za\u0159\u00edzen\u00ed, kter\u00e9 zlep\u0161uje efektivitu, bezpe\u010dnost a hygienu. P\u0159ejd\u011bte na nemocni\u010dn\u00ed interkomov\u00fd syst\u00e9m BAS-IP je\u0161t\u011b dnes a za\u017eijte rozd\u00edl v komunikaci a provozu ve va\u0161em zdravotnick\u00e9m za\u0159\u00edzen\u00ed.<\/p>","protected":false},"excerpt":{"rendered":"<p>Nemocni\u010dn\u00ed interkomov\u00fd syst\u00e9m od BAS-IP &#8211; Zvy\u0161te p\u00e9\u010di o pacienty L\u00e9ka\u0159sk\u00fd pr\u016fmysl se neust\u00e1le vyv\u00edj\u00ed, aby pacient\u016fm poskytl nejlep\u0161\u00ed mo\u017enou p\u00e9\u010di. Vzhledem k tomu, \u017ee komunikace hraje kl\u00ed\u010dovou roli p\u0159i poskytov\u00e1n\u00ed efektivn\u00edch a bezpe\u010dn\u00fdch l\u00e9ka\u0159sk\u00fdch slu\u017eeb, je upgrady na \u0161pi\u010dkov\u00fd nemocni\u010dn\u00ed interkom nezbytn\u00fd. Inovativn\u00ed l\u00e9ka\u0159sk\u00e9 interkomov\u00e9 syst\u00e9my BAS-IP, navr\u017een\u00e9 speci\u00e1ln\u011b pro \u010dist\u00e9 m\u00edstnosti a zdravotnick\u00e1 [&hellip;]<\/p>","protected":false},"author":1,"featured_media":0,"parent":0,"menu_order":0,"comment_status":"closed","ping_status":"closed","template":"","meta":{"inline_featured_image":false,"footnotes":""},"class_list":["post-133932","page","type-page","status-publish","hentry"],"acf":[],"_links":{"self":[{"href":"https:\/\/bas-ip.com\/cs\/wp-json\/wp\/v2\/pages\/133932","targetHints":{"allow":["GET"]}}],"collection":[{"href":"https:\/\/bas-ip.com\/cs\/wp-json\/wp\/v2\/pages"}],"about":[{"href":"https:\/\/bas-ip.com\/cs\/wp-json\/wp\/v2\/types\/page"}],"author":[{"embeddable":true,"href":"https:\/\/bas-ip.com\/cs\/wp-json\/wp\/v2\/users\/1"}],"replies":[{"embeddable":true,"href":"https:\/\/bas-ip.com\/cs\/wp-json\/wp\/v2\/comments?post=133932"}],"version-history":[{"count":3,"href":"https:\/\/bas-ip.com\/cs\/wp-json\/wp\/v2\/pages\/133932\/revisions"}],"predecessor-version":[{"id":133993,"href":"https:\/\/bas-ip.com\/cs\/wp-json\/wp\/v2\/pages\/133932\/revisions\/133993"}],"wp:attachment":[{"href":"https:\/\/bas-ip.com\/cs\/wp-json\/wp\/v2\/media?parent=133932"}],"curies":[{"name":"wp","href":"https:\/\/api.w.org\/{rel}","templated":true}]}}