{"id":133747,"date":"2023-03-27T16:07:41","date_gmt":"2023-03-27T16:07:41","guid":{"rendered":"https:\/\/bas-ip.com\/gates\/"},"modified":"2025-03-17T11:25:34","modified_gmt":"2025-03-17T11:25:34","slug":"gates","status":"publish","type":"page","link":"https:\/\/bas-ip.com\/cs\/gates\/","title":{"rendered":"Br\u00e1ny"},"content":{"rendered":"<h1 class=\"wp-block-heading\"><strong>Br\u00e1na Intercom System: Zlep\u0161ete svou bezpe\u010dnost<\/strong><\/h1>\n\n\n\n<p>V\u00edtejte v budoucnosti spr\u00e1vy p\u0159\u00edstupu k nemovitostem, kde se spojuj\u00ed pohodl\u00ed, bezpe\u010dnost a nejmodern\u011bj\u0161\u00ed technologie. Se syst\u00e9mem vr\u00e1tn\u00e9ho BAS-IP m\u016f\u017eete za\u017e\u00edt bezkonkuren\u010dn\u00ed kontrolu nad p\u0159\u00edstupov\u00fdmi body va\u0161\u00ed nemovitosti. A\u0165 u\u017e jde o rodinn\u00fd d\u016fm, bytov\u00fd komplex nebo komer\u010dn\u00ed objekt, na\u0161e vr\u00e1tn\u00e9 syst\u00e9my pro br\u00e1ny nab\u00edzej\u00ed jedine\u010dn\u00e9 funkce, kter\u00e9 vyhovuj\u00ed v\u0161em va\u0161im pot\u0159eb\u00e1m. Pono\u0159\u00edme se do kl\u00ed\u010dov\u00fdch funkc\u00ed a v\u00fdhod vr\u00e1tn\u00e9ho BAS-IP pro br\u00e1ny a poskytneme v\u00e1m v\u0161echny informace, kter\u00e9 pot\u0159ebujete k informovan\u00e9mu rozhodnut\u00ed.<\/p>\n\n\n\n<h2 class=\"wp-block-heading\"><strong>Pro\u010d zvolit syst\u00e9m interkomov\u00e9 br\u00e1ny BAS-IP?<\/strong><\/h2>\n\n\n\n<p>Syst\u00e9my interkom\u016f BAS-IP poskytuj\u00ed nep\u0159ebern\u00e9 mno\u017estv\u00ed funkc\u00ed, kter\u00e9 je odli\u0161uj\u00ed od tradi\u010dn\u00edch interkom\u016f br\u00e1ny. Zde jsou n\u011bkter\u00e9 z hlavn\u00edch v\u00fdhod v\u00fdb\u011bru syst\u00e9mu BAS-IP p\u0159edn\u00ed br\u00e1ny:<\/p>\n\n\n<!-- START Block Features --><section id=\"block_6430528dc3f3e\" class=\"features-section\">\r\n\t\r\n    <div class=\"features-list\">\r\n                    <div class=\"features-item\" data-aos=\"fade-up\">\r\n    <div class=\"features-box\">\r\n                    <div class=\"image-holder\">\r\n                <img loading=\"lazy\" decoding=\"async\" width=\"350\" height=\"320\" src=\"https:\/\/bas-ip.com\/wp-content\/uploads\/2023\/04\/1-3-350x320.jpg\" class=\"attachment-thumbnail_350x320 size-thumbnail_350x320\" alt=\"\" \/>            <\/div>\r\n        \r\n        <div class=\"text-holder\">\r\n                        <h3 class=\"title-block\">Bezprobl\u00e9mov\u00e1 integrace v r\u00e1mci lok\u00e1ln\u00ed s\u00edt\u011b IP<\/h3>\r\n          \r\n                        <div class=\"text-block\">\r\n                <p>Syst\u00e9my vr\u00e1tn\u00fdch BAS-IP jsou navr\u017eeny tak, aby hladce fungovaly v r\u00e1mci stejn\u00e9 IP lok\u00e1ln\u00ed s\u00edt\u011b, co\u017e zaji\u0161\u0165uje snadnou instalaci a konfiguraci. Tato bezprobl\u00e9mov\u00e1 integrace v\u00e1m umo\u017e\u0148uje bez n\u00e1mahy za\u010dlenit v\u00e1\u0161 vr\u00e1tn\u00fd syst\u00e9m do va\u0161\u00ed st\u00e1vaj\u00edc\u00ed s\u00ed\u0165ov\u00e9 infrastruktury, minimalizuje probl\u00e9my s kompatibilitou a sni\u017euje slo\u017eitost.<\/p>\n              <\/div>\r\n                  <\/div>\r\n    <\/div>\r\n<\/div>\r\n                    <div class=\"features-item\" data-aos=\"fade-up\">\r\n    <div class=\"features-box\">\r\n                    <div class=\"image-holder\">\r\n                <img loading=\"lazy\" decoding=\"async\" width=\"350\" height=\"320\" src=\"https:\/\/bas-ip.com\/wp-content\/uploads\/2023\/04\/2-3-350x320.jpg\" class=\"attachment-thumbnail_350x320 size-thumbnail_350x320\" alt=\"\" \/>            <\/div>\r\n        \r\n        <div class=\"text-holder\">\r\n                        <h3 class=\"title-block\">D\u00e1lkov\u00e9 p\u0159ipojen\u00ed<\/h3>\r\n          \r\n                        <div class=\"text-block\">\r\n                <p>Jednou z vynikaj\u00edc\u00edch vlastnost\u00ed vr\u00e1tn\u00fdch syst\u00e9m\u016f BAS-IP pro br\u00e1ny je jejich schopnost fungovat na velk\u00e9 vzd\u00e1lenosti. To je \u010din\u00ed ide\u00e1ln\u00ed volbou pro rozs\u00e1hl\u00e9 nemovitosti, rozlehl\u00e9 obytn\u00e9 komplexy nebo komer\u010dn\u00ed objekty, kde mohou b\u00fdt p\u0159\u00edstupov\u00e9 body rozprost\u0159eny. Se syst\u00e9mem vr\u00e1tn\u00e9ho BAS-IP pro br\u00e1ny m\u016f\u017eete udr\u017eovat bezpe\u010dnou komunikaci a kontrolu po cel\u00e9 va\u0161\u00ed nemovitosti, bez ohledu na vzd\u00e1lenost.<\/p>\n              <\/div>\r\n                  <\/div>\r\n    <\/div>\r\n<\/div>\r\n                    <div class=\"features-item\" data-aos=\"fade-up\">\r\n    <div class=\"features-box\">\r\n                    <div class=\"image-holder\">\r\n                <img loading=\"lazy\" decoding=\"async\" width=\"350\" height=\"320\" src=\"https:\/\/bas-ip.com\/wp-content\/uploads\/2023\/04\/3-3-350x320.jpg\" class=\"attachment-thumbnail_350x320 size-thumbnail_350x320\" alt=\"\" \/>            <\/div>\r\n        \r\n        <div class=\"text-holder\">\r\n                        <h3 class=\"title-block\">Ovl\u00e1d\u00e1n\u00ed br\u00e1ny na PC<\/h3>\r\n          \r\n                        <div class=\"text-block\">\r\n                <p>Syst\u00e9my vr\u00e1tn\u00fdch BAS-IP pro br\u00e1ny nab\u00edzej\u00ed flexibilitu otev\u00edr\u00e1n\u00ed a spr\u00e1vy va\u0161ich bran z PC. To znamen\u00e1, \u017ee m\u016f\u017eete vzd\u00e1len\u011b a pohodln\u011b \u0159\u00eddit p\u0159\u00edstup bez pot\u0159eby speci\u00e1ln\u00edho fyzick\u00e9ho rozhran\u00ed. A\u0165 u\u017e jste doma nebo v kancel\u00e1\u0159i, budete m\u00edt plnou kontrolu nad p\u0159\u00edstupov\u00fdmi body va\u0161\u00ed nemovitosti p\u0159\u00edmo na dosah ruky.<\/p>\n              <\/div>\r\n                  <\/div>\r\n    <\/div>\r\n<\/div>\r\n                    <div class=\"features-item\" data-aos=\"fade-up\">\r\n    <div class=\"features-box\">\r\n                    <div class=\"image-holder\">\r\n                <img loading=\"lazy\" decoding=\"async\" width=\"350\" height=\"320\" src=\"https:\/\/bas-ip.com\/wp-content\/uploads\/2023\/04\/4-3-350x320.jpg\" class=\"attachment-thumbnail_350x320 size-thumbnail_350x320\" alt=\"\" \/>            <\/div>\r\n        \r\n        <div class=\"text-holder\">\r\n                        <h3 class=\"title-block\">Modul Dual Lock pro spr\u00e1vu v\u00edce bran<\/h3>\r\n          \r\n                        <div class=\"text-block\">\r\n                <p>Modul BAS-IP SH-42 pro dvojit\u00fd z\u00e1mek v\u00e1m umo\u017e\u0148uje ovl\u00e1dat dv\u011b br\u00e1ny sou\u010dasn\u011b pomoc\u00ed jedin\u00e9ho vr\u00e1tn\u00e9ho syst\u00e9mu. Tato funkce je ide\u00e1ln\u00ed pro nemovitosti s n\u011bkolika p\u0159\u00edstupov\u00fdmi body nebo odd\u011blen\u00fdmi vstupy pro chodce a vozidla, co\u017e umo\u017e\u0148uje efektivn\u00ed spr\u00e1vu v\u0161ech va\u0161ich bran z jednoho centralizovan\u00e9ho syst\u00e9mu.<\/p>\n              <\/div>\r\n                  <\/div>\r\n    <\/div>\r\n<\/div>\r\n                    <div class=\"features-item\" data-aos=\"fade-up\">\r\n    <div class=\"features-box\">\r\n                    <div class=\"image-holder\">\r\n                <img loading=\"lazy\" decoding=\"async\" width=\"350\" height=\"320\" src=\"https:\/\/bas-ip.com\/wp-content\/uploads\/2023\/04\/5-4-350x320.jpg\" class=\"attachment-thumbnail_350x320 size-thumbnail_350x320\" alt=\"\" \/>            <\/div>\r\n        \r\n        <div class=\"text-holder\">\r\n                        <h3 class=\"title-block\">Integrace se st\u00e1vaj\u00edc\u00edmi IP CCTV syst\u00e9my<\/h3>\r\n          \r\n                        <div class=\"text-block\">\r\n                <p>Syst\u00e9my video vr\u00e1tn\u00fdch BAS-IP pro br\u00e1ny lze snadno integrovat do va\u0161\u00ed st\u00e1vaj\u00edc\u00ed IP CCTV infrastruktury. To v\u00e1m umo\u017e\u0148uje sledovat a \u0159\u00eddit p\u0159\u00edstupov\u00e9 body va\u0161\u00ed nemovitosti pomoc\u00ed stejn\u00e9ho rozhran\u00ed jako va\u0161e bezpe\u010dnostn\u00ed kamery, co\u017e zjednodu\u0161uje spr\u00e1vu bezpe\u010dnosti a zvy\u0161uje celkovou efektivitu.<\/p>\n              <\/div>\r\n                  <\/div>\r\n    <\/div>\r\n<\/div>\r\n                    <div class=\"features-item\" data-aos=\"fade-up\">\r\n    <div class=\"features-box\">\r\n                    <div class=\"image-holder\">\r\n                <img loading=\"lazy\" decoding=\"async\" width=\"350\" height=\"320\" src=\"https:\/\/bas-ip.com\/wp-content\/uploads\/2023\/04\/6-3-350x320.jpg\" class=\"attachment-thumbnail_350x320 size-thumbnail_350x320\" alt=\"\" \/>            <\/div>\r\n        \r\n        <div class=\"text-holder\">\r\n                        <h3 class=\"title-block\">Integrace rozpozn\u00e1v\u00e1n\u00ed SPZ<\/h3>\r\n          \r\n                        <div class=\"text-block\">\r\n                <p>Vstupn\u00ed panely BAS-IP lze integrovat s kamerami pro rozpozn\u00e1v\u00e1n\u00ed SPZ, co\u017e v\u00e1m umo\u017e\u0148uje automatizovat p\u0159\u00edstup pro p\u0159edem autorizovan\u00e1 vozidla. Tato pokro\u010dil\u00e1 funkce v\u00fdrazn\u011b zvy\u0161uje bezpe\u010dnost a pohodl\u00ed t\u00edm, \u017ee automaticky otev\u00edr\u00e1 z\u00e1vory pro autorizovan\u00e1 vozidla, minimalizuje \u010dekac\u00ed doby a sni\u017euje pot\u0159ebu manu\u00e1ln\u00ed kontroly p\u0159\u00edstupu.<\/p>\n              <\/div>\r\n                  <\/div>\r\n    <\/div>\r\n<\/div>\r\n            <\/div>\r\n<\/section>\r\n<!-- END Block Features -->\n\n\n<h2 class=\"wp-block-heading\"><strong>Kompatibiln\u00ed s r\u016fzn\u00fdmi typy bran<\/strong><\/h2>\n\n\n\n<p>Vr\u00e1tn\u00e9 syst\u00e9my BAS-IP pro br\u00e1ny lze integrovat s r\u016fzn\u00fdmi mechanismy bran, co\u017e zaji\u0161\u0165uje plynul\u00fd z\u00e1\u017eitek z komunikace pro u\u017eivatele.<\/p>\n\n\n\n<ol class=\"wp-block-list\">\n<li><strong>K\u0159\u00eddlov\u00e9 br\u00e1ny: <\/strong>Tyto br\u00e1ny se otev\u00edraj\u00ed a zav\u00edraj\u00ed krou\u017eiv\u00fdm pohybem, bu\u010f sm\u011brem dovnit\u0159, nebo ven. Jsou obl\u00edben\u00e9 v reziden\u010dn\u00edch a komer\u010dn\u00edch objektech d\u00edky sv\u00e9mu klasick\u00e9mu vzhledu a snadn\u00e9mu pou\u017eit\u00ed.<\/li>\n\n\n\n<li><strong>Klapac\u00ed br\u00e1ny:<\/strong> B\u011b\u017en\u011b pou\u017e\u00edvan\u00e9 v komer\u010dn\u00edch a pr\u016fmyslov\u00fdch prost\u0159ed\u00edch, klapac\u00ed br\u00e1ny se pohybuj\u00ed horizont\u00e1ln\u011b po dr\u00e1ze, aby se otev\u0159ely a zav\u0159ely.<\/li>\n\n\n\n<li><strong>Z\u00e1vory:<\/strong> \u010casto se nach\u00e1zej\u00ed na parkovi\u0161t\u00edch a v oblastech s kontrolovan\u00fdm p\u0159\u00edstupem, z\u00e1vory pou\u017e\u00edvaj\u00ed vertik\u00e1ln\u00ed rameno k \u0159\u00edzen\u00ed vjezdu a v\u00fdjezdu.<\/li>\n\n\n\n<li><strong>Skl\u00e1dac\u00ed br\u00e1ny:<\/strong> Tyto br\u00e1ny se skl\u00e1daj\u00ed ze dvou panel\u016f, kter\u00e9 se p\u0159i otev\u00edr\u00e1n\u00ed slo\u017e\u00ed dohromady, \u010d\u00edm\u017e \u0161et\u0159\u00ed prostor a poskytuj\u00ed stylov\u00fd vzhled.<\/li>\n\n\n\n<li><strong>Vertik\u00e1ln\u011b zdvihac\u00ed br\u00e1ny:<\/strong> Obvykle se pou\u017e\u00edvaj\u00ed v oblastech s vysokou \u00farovn\u00ed bezpe\u010dnosti, vertik\u00e1ln\u011b zdvihac\u00ed br\u00e1ny se pohybuj\u00ed nahoru a dol\u016f, aby se otev\u0159ely a zav\u0159ely.<\/li>\n\n\n\n<li><strong>Turnikety<\/strong>: B\u011b\u017en\u011b se vyskytuj\u00ed na uzlov\u00fdch bodech ve\u0159ejn\u00e9 dopravy a v n\u011bkter\u00fdch komer\u010dn\u00edch budov\u00e1ch, turnikety \u0159\u00edd\u00ed p\u0159\u00edstup t\u00edm, \u017ee umo\u017en\u00ed proj\u00edt pouze jedn\u00e9 osob\u011b najednou.<\/li>\n\n\n\n<li><strong>Chodn\u00edkov\u00e9 br\u00e1ny:<\/strong> Tyto br\u00e1ny jsou navr\u017eeny speci\u00e1ln\u011b pro p\u011b\u0161\u00ed dopravu a lze je nal\u00e9zt v r\u016fzn\u00fdch prost\u0159ed\u00edch, jako jsou reziden\u010dn\u00ed oblasti, parky nebo komer\u010dn\u00ed komplexy.<\/li>\n<\/ol>\n\n\n\n<p>P\u0159izp\u016fsobivost vr\u00e1tn\u00e9ho syst\u00e9mu BAS-IP z n\u011bj \u010din\u00ed ide\u00e1ln\u00ed volbu pro \u0161irokou \u0161k\u00e1lu typ\u016f bran, co\u017e zaji\u0161\u0165uje efektivn\u00ed a bezpe\u010dnou kontrolu p\u0159\u00edstupu pro reziden\u010dn\u00ed, komer\u010dn\u00ed a pr\u016fmyslov\u00e9 nemovitosti.<\/p>\n\n\n\n<h2 class=\"wp-block-heading\"><strong>Pochopen\u00ed sou\u010d\u00e1st\u00ed syst\u00e9mu BAS-IP interkomu pro br\u00e1ny<\/strong><\/h2>\n\n\n\n<p>BAS-IP syst\u00e9my interkom\u016f br\u00e1ny se skl\u00e1daj\u00ed ze t\u0159\u00ed hlavn\u00edch sou\u010d\u00e1st\u00ed, z nich\u017e ka\u017ed\u00e1 hraje kl\u00ed\u010dovou roli p\u0159i vytv\u00e1\u0159en\u00ed komplexn\u00edho a efektivn\u00edho syst\u00e9mu interkom\u016f br\u00e1ny vstupn\u00edch bran:<\/p>\n\n\n<!-- START Block Features --><section id=\"block_643053d1c3f45\" class=\"features-section\">\r\n\t\r\n    <div class=\"features-list\">\r\n                    <div class=\"features-item\" data-aos=\"fade-up\">\r\n    <div class=\"features-box\">\r\n                    <div class=\"image-holder\">\r\n                <img loading=\"lazy\" decoding=\"async\" width=\"350\" height=\"320\" src=\"https:\/\/bas-ip.com\/wp-content\/uploads\/2023\/04\/7-1-350x320.jpg\" class=\"attachment-thumbnail_350x320 size-thumbnail_350x320\" alt=\"\" \/>            <\/div>\r\n        \r\n        <div class=\"text-holder\">\r\n                        <h3 class=\"title-block\">Dve\u0159n\u00ed panely IP interkomu<\/h3>\r\n          \r\n                        <div class=\"text-block\">\r\n                <p>Vstupn\u00ed panely BAS-IP slou\u017e\u00ed jako hlavn\u00ed rozhran\u00ed pro v\u00e1\u0161 vr\u00e1tn\u00fd syst\u00e9m pro br\u00e1ny. Jsou navr\u017eeny tak, aby byly odoln\u00e9, odoln\u00e9 v\u016f\u010di pov\u011btrnostn\u00edm vliv\u016fm a snadno se pou\u017e\u00edvaly. S \u0161irokou \u0161k\u00e1lou design\u016f a povrchov\u00fdch \u00faprav lze tyto panely p\u0159izp\u016fsobit estetice va\u0161\u00ed nemovitosti. S vestav\u011bn\u00fdmi kamerami, mikrofony a reproduktory poskytuj\u00ed vstupn\u00ed panely BAS-IP k\u0159i\u0161\u0165\u00e1lov\u011b \u010distou audio a video komunikaci mezi n\u00e1v\u0161t\u011bvn\u00edkem a rezidentem nebo bezpe\u010dnostn\u00edm person\u00e1lem.<\/p>\n              <\/div>\r\n                  <\/div>\r\n    <\/div>\r\n<\/div>\r\n                    <div class=\"features-item\" data-aos=\"fade-up\">\r\n    <div class=\"features-box\">\r\n                    <div class=\"image-holder\">\r\n                <img loading=\"lazy\" decoding=\"async\" width=\"350\" height=\"320\" src=\"https:\/\/bas-ip.com\/wp-content\/uploads\/2023\/04\/8-1-350x320.jpg\" class=\"attachment-thumbnail_350x320 size-thumbnail_350x320\" alt=\"\" \/>            <\/div>\r\n        \r\n        <div class=\"text-holder\">\r\n                        <h3 class=\"title-block\">Videotelefony<\/h3>\r\n          \r\n                        <div class=\"text-block\">\r\n                <p>Video vr\u00e1tn\u00e9 BAS-IP slou\u017e\u00ed jako intern\u00ed rozhran\u00ed pro v\u00e1\u0161 vr\u00e1tn\u00fd syst\u00e9m, co\u017e v\u00e1m umo\u017e\u0148uje vid\u011bt a komunikovat s n\u00e1v\u0161t\u011bvn\u00edky u va\u0161\u00ed br\u00e1ny. Tato za\u0159\u00edzen\u00ed nab\u00edzej\u00ed vysokou kvalitu video a audio komunikace, co\u017e zaji\u0161\u0165uje, \u017ee m\u016f\u017eete jasn\u011b identifikovat a komunikovat s n\u00e1v\u0161t\u011bvn\u00edky, ne\u017e jim umo\u017en\u00edte p\u0159\u00edstup na va\u0161i nemovitost.<\/p>\n              <\/div>\r\n                  <\/div>\r\n    <\/div>\r\n<\/div>\r\n                    <div class=\"features-item\" data-aos=\"fade-up\">\r\n    <div class=\"features-box\">\r\n                    <div class=\"image-holder\">\r\n                <img loading=\"lazy\" decoding=\"async\" width=\"350\" height=\"320\" src=\"https:\/\/bas-ip.com\/wp-content\/uploads\/2023\/04\/9-1-350x320.jpg\" class=\"attachment-thumbnail_350x320 size-thumbnail_350x320\" alt=\"\" \/>            <\/div>\r\n        \r\n        <div class=\"text-holder\">\r\n                        <h3 class=\"title-block\">P\u0159ep\u00edna\u010de POE<\/h3>\r\n          \r\n                        <div class=\"text-block\">\r\n                <p>P\u0159ep\u00edna\u010de Power over Ethernet (POE) jsou nezbytnou sou\u010d\u00e1st\u00ed vr\u00e1tn\u00e9ho syst\u00e9mu BAS-IP pro elektrick\u00e9 br\u00e1ny. Poskytuj\u00ed jak nap\u00e1jen\u00ed, tak datov\u00e9 p\u0159ipojen\u00ed pro va\u0161e vr\u00e1tn\u00e9 za\u0159\u00edzen\u00ed pomoc\u00ed jedin\u00e9ho Ethernetov\u00e9ho kabelu. To zjednodu\u0161uje instalaci, sni\u017euje mno\u017estv\u00ed kabel\u016f a zaji\u0161\u0165uje spolehliv\u00e9, vysokorychlostn\u00ed p\u0159ipojen\u00ed mezi komponenty va\u0161eho vr\u00e1tn\u00e9ho syst\u00e9mu pro br\u00e1ny.<\/p>\n              <\/div>\r\n                  <\/div>\r\n    <\/div>\r\n<\/div>\r\n            <\/div>\r\n<\/section>\r\n<!-- END Block Features -->\n\n<!-- START Block FAQ --><section id=\"block_6421c0e7ae86e\" class=\"faq-section\">\r\n\t\t    <h2 class=\"title-section\" data-aos=\"fade-right\">\u010casto kladen\u00e9 ot\u00e1zky (FAQ)<\/h2>\r\n\t\t\t    <div class=\"faq-list js-accordion\" data-aos=\"fade-up\">\r\n\t\t\t\t\t\t\t\t\t\t\t    <div class=\"accordion-item faq-item\">\r\n                        <div class=\"accordion-opener\">\r\n                            Q: Mohu pou\u017e\u00edt syst\u00e9m interkomov\u00e9 br\u00e1ny BAS-IP se svou st\u00e1vaj\u00edc\u00ed IP lok\u00e1ln\u00ed s\u00edt\u00ed?                            <i class=\"fa-solid fa-chevron-down\"><\/i>\r\n                        <\/div>\r\n                        <div class=\"accordion-slide\">\r\n\t\t\t\t\t\t    <p>Ano, vr\u00e1tn\u00e9 syst\u00e9my BAS-IP pro br\u00e1ny jsou navr\u017eeny tak, aby hladce fungovaly v r\u00e1mci va\u0161\u00ed st\u00e1vaj\u00edc\u00ed IP lok\u00e1ln\u00ed s\u00edt\u011b, co\u017e zaji\u0161\u0165uje snadnou a bezprobl\u00e9movou integraci.<\/p>\n                        <\/div>\r\n\t\t\t\t\t<\/div>\r\n\t\t\t\t\t\t\t\t\t\t\t\t\t\t\t    <div class=\"accordion-item faq-item\">\r\n                        <div class=\"accordion-opener\">\r\n                            Q: Jak funguj\u00ed interkomov\u00e9 syst\u00e9my BAS-IP pro br\u00e1ny na velk\u00e9 vzd\u00e1lenosti?                            <i class=\"fa-solid fa-chevron-down\"><\/i>\r\n                        <\/div>\r\n                        <div class=\"accordion-slide\">\r\n\t\t\t\t\t\t    <p>Syst\u00e9my vr\u00e1tn\u00fdch BAS-IP pro br\u00e1ny jsou navr\u017eeny tak, aby fungovaly efektivn\u011b i na velk\u00e9 vzd\u00e1lenosti, co\u017e z nich \u010din\u00ed ide\u00e1ln\u00ed volbu pro nemovitosti s rozlehl\u00fdmi p\u0159\u00edstupov\u00fdmi body nebo velk\u00fdmi objekty.<\/p>\n                        <\/div>\r\n\t\t\t\t\t<\/div>\r\n\t\t\t\t\t\t\t\t\t\t\t\t\t\t\t    <div class=\"accordion-item faq-item\">\r\n                        <div class=\"accordion-opener\">\r\n                            Q: Jak mohu integrovat sv\u016fj videointerkom BAS-IP br\u00e1ny s m\u00fdm st\u00e1vaj\u00edc\u00edm IP CCTV syst\u00e9mem?                            <i class=\"fa-solid fa-chevron-down\"><\/i>\r\n                        <\/div>\r\n                        <div class=\"accordion-slide\">\r\n\t\t\t\t\t\t    <p>Syst\u00e9my vr\u00e1tn\u00fdch BAS-IP pro br\u00e1ny lze snadno integrovat do va\u0161\u00ed st\u00e1vaj\u00edc\u00ed IP CCTV infrastruktury, co\u017e v\u00e1m umo\u017e\u0148uje spravovat a monitorovat p\u0159\u00edstupov\u00e9 body va\u0161\u00ed nemovitosti pomoc\u00ed stejn\u00e9ho rozhran\u00ed jako va\u0161e bezpe\u010dnostn\u00ed kamery.<\/p>\n                        <\/div>\r\n\t\t\t\t\t<\/div>\r\n\t\t\t\t\t\t\t\t\t\t\t\t\t\t\t    <div class=\"accordion-item faq-item\">\r\n                        <div class=\"accordion-opener\">\r\n                            Q: Je mo\u017en\u00e9 ovl\u00e1dat v\u00edce bran pomoc\u00ed jednoho interkomu BAS-IP?                            <i class=\"fa-solid fa-chevron-down\"><\/i>\r\n                        <\/div>\r\n                        <div class=\"accordion-slide\">\r\n\t\t\t\t\t\t    <p>Ano, s modulem BAS-IP SH-42 pro dvojit\u00fd z\u00e1mek m\u016f\u017eete ovl\u00e1dat dv\u011b br\u00e1ny sou\u010dasn\u011b pomoc\u00ed jedin\u00e9ho vr\u00e1tn\u00e9ho syst\u00e9mu. Tato funkce je ide\u00e1ln\u00ed pro nemovitosti s v\u00edce p\u0159\u00edstupov\u00fdmi body nebo odd\u011blen\u00fdmi vstupy pro chodce a vozidla.<\/p>\n                        <\/div>\r\n\t\t\t\t\t<\/div>\r\n\t\t\t\t\t\t\t\t\t<\/div>\r\n\t<\/section>\r\n<!-- END Block FAQ -->\n\n\n<p>Syst\u00e9my vr\u00e1tn\u00fdch BAS-IP pro br\u00e1ny nab\u00edzej\u00ed dokonalou kombinaci pohodl\u00ed, bezpe\u010dnosti a pokro\u010dil\u00e9 technologie pro bezkonkuren\u010dn\u00ed kontrolu nad p\u0159\u00edstupem k va\u0161\u00ed nemovitosti. S jedine\u010dn\u00fdmi funkcemi, jako je bezprobl\u00e9mov\u00e1 integrace do IP lok\u00e1ln\u00ed s\u00edt\u011b, konektivita na dlouh\u00e9 vzd\u00e1lenosti, ovl\u00e1d\u00e1n\u00ed bran z PC, funk\u010dnost modulu pro dvojit\u00fd z\u00e1mek, integrace do IP CCTV syst\u00e9mu a kompatibilita s kamerami pro rozpozn\u00e1v\u00e1n\u00ed SPZ, jsou syst\u00e9my BAS-IP pro br\u00e1ny vynikaj\u00edc\u00ed volbou pro ka\u017ed\u00e9ho vlastn\u00edka nemovitosti, kter\u00fd chce zlep\u0161it spr\u00e1vu p\u0159\u00edstupu.<\/p>\n\n\n\n<p>V\u00fdb\u011brem vr\u00e1tn\u00e9ho syst\u00e9mu BAS-IP pro p\u0159edn\u00ed br\u00e1nu investujete do \u0159e\u0161en\u00ed, kter\u00e9 se snadno p\u0159izp\u016fsob\u00ed va\u0161im pot\u0159eb\u00e1m, poroste s va\u0161\u00ed nemovitost\u00ed a poskytne v\u00e1m klid, kter\u00fd p\u0159ich\u00e1z\u00ed s v\u011bdom\u00edm, \u017ee va\u0161e nemovitost je bezpe\u010dn\u00e1 a p\u0159\u00edstupn\u00e1 pouze t\u011bm, kter\u00fdm d\u016fv\u011b\u0159ujete. Za\u017eijte rozd\u00edl, kter\u00fd m\u016f\u017ee vr\u00e1tn\u00fd syst\u00e9m BAS-IP pro br\u00e1ny ud\u011blat pro va\u0161i nemovitost je\u0161t\u011b dnes.<\/p>","protected":false},"excerpt":{"rendered":"<p>Br\u00e1na Intercom System: Zlep\u0161ete svou bezpe\u010dnost V\u00edtejte v budoucnosti spr\u00e1vy p\u0159\u00edstupu k nemovitostem, kde se spojuj\u00ed pohodl\u00ed, bezpe\u010dnost a nejmodern\u011bj\u0161\u00ed technologie. Se syst\u00e9mem vr\u00e1tn\u00e9ho BAS-IP m\u016f\u017eete za\u017e\u00edt bezkonkuren\u010dn\u00ed kontrolu nad p\u0159\u00edstupov\u00fdmi body va\u0161\u00ed nemovitosti. A\u0165 u\u017e jde o rodinn\u00fd d\u016fm, bytov\u00fd komplex nebo komer\u010dn\u00ed objekt, na\u0161e vr\u00e1tn\u00e9 syst\u00e9my pro br\u00e1ny nab\u00edzej\u00ed jedine\u010dn\u00e9 funkce, kter\u00e9 vyhovuj\u00ed [&hellip;]<\/p>","protected":false},"author":1,"featured_media":0,"parent":0,"menu_order":0,"comment_status":"closed","ping_status":"closed","template":"","meta":{"inline_featured_image":false,"footnotes":""},"class_list":["post-133747","page","type-page","status-publish","hentry"],"acf":[],"_links":{"self":[{"href":"https:\/\/bas-ip.com\/cs\/wp-json\/wp\/v2\/pages\/133747","targetHints":{"allow":["GET"]}}],"collection":[{"href":"https:\/\/bas-ip.com\/cs\/wp-json\/wp\/v2\/pages"}],"about":[{"href":"https:\/\/bas-ip.com\/cs\/wp-json\/wp\/v2\/types\/page"}],"author":[{"embeddable":true,"href":"https:\/\/bas-ip.com\/cs\/wp-json\/wp\/v2\/users\/1"}],"replies":[{"embeddable":true,"href":"https:\/\/bas-ip.com\/cs\/wp-json\/wp\/v2\/comments?post=133747"}],"version-history":[{"count":4,"href":"https:\/\/bas-ip.com\/cs\/wp-json\/wp\/v2\/pages\/133747\/revisions"}],"predecessor-version":[{"id":133841,"href":"https:\/\/bas-ip.com\/cs\/wp-json\/wp\/v2\/pages\/133747\/revisions\/133841"}],"wp:attachment":[{"href":"https:\/\/bas-ip.com\/cs\/wp-json\/wp\/v2\/media?parent=133747"}],"curies":[{"name":"wp","href":"https:\/\/api.w.org\/{rel}","templated":true}]}}