{"id":133466,"date":"2023-03-27T12:22:38","date_gmt":"2023-03-27T12:22:38","guid":{"rendered":"https:\/\/bas-ip.com\/school\/"},"modified":"2025-03-12T09:56:26","modified_gmt":"2025-03-12T09:56:26","slug":"school","status":"publish","type":"page","link":"https:\/\/bas-ip.com\/cs\/school\/","title":{"rendered":"\u0160kola"},"content":{"rendered":"<h1 class=\"wp-block-heading\"><strong>Syst\u00e9my interkom\u016f pro \u0161koly<\/strong><\/h1>\n\n\n\n<p>V dne\u0161n\u00edm sv\u011bt\u011b jsou plynul\u00e1 komunikace a bezpe\u010dnost z\u00e1kladn\u00edmi slo\u017ekami ka\u017ed\u00e9 vzd\u011bl\u00e1vac\u00ed instituce. Efektivn\u00ed \u0161koln\u00ed interkomov\u00fd syst\u00e9m zaji\u0161\u0165uje nejen rychlou komunikaci, ale tak\u00e9 zvy\u0161uje bezpe\u010dnost student\u016f, u\u010ditel\u016f a zam\u011bstnanc\u016f. P\u0159edstavujeme interkomov\u00fd syst\u00e9m BAS-IP pro \u0161koly, dokonal\u00e9 \u0159e\u0161en\u00ed, kter\u00e9 kombinuje robustn\u00ed technologii, inovativn\u00ed funkce a bezkonkuren\u010dn\u00ed v\u00fdkon. Tento \u010dl\u00e1nek se zab\u00fdv\u00e1 kl\u00ed\u010dov\u00fdmi funkcemi a v\u00fdhodami interkomov\u00fdch syst\u00e9m\u016f BAS-IP a ukazuje, pro\u010d jsou nejlep\u0161\u00ed volbou pro va\u0161i \u0161kolu.<\/p>\n\n\n\n<h2 class=\"wp-block-heading\"><strong>S\u00edla IP interkomu pro \u0161koly<\/strong><\/h2>\n\n\n\n<h3 class=\"wp-block-heading\"><strong>Kabelov\u00fd IP interkomov\u00fd syst\u00e9m: Nejlep\u0161\u00ed volba<\/strong><\/h3>\n\n\n\n<p>Zat\u00edmco bezdr\u00e1tov\u00e9 interkomov\u00e9 syst\u00e9my nab\u00edzej\u00ed ur\u010ditou \u00farove\u0148 pohodl\u00ed, dr\u00e1tov\u00e9 IP interkomov\u00e9 syst\u00e9my poskytuj\u00ed vy\u0161\u0161\u00ed \u00farove\u0148 spolehlivosti, bezpe\u010dnosti a v\u00fdkonu. Pou\u017eit\u00edm interkomov\u00e9ho syst\u00e9mu BAS-IP pro \u0161koly investujete do bezpe\u010dn\u00e9ho a stabiln\u00edho \u0159e\u0161en\u00ed, kter\u00e9 zaru\u010duje nep\u0159eru\u0161ovanou komunikaci a kontrolu.<\/p>\n\n\n\n<h3 class=\"wp-block-heading\"><strong>Komplexn\u00ed \u0159e\u0161en\u00ed pro vzd\u011bl\u00e1vac\u00ed instituce<\/strong><\/h3>\n\n\n\n<p>Interkomov\u00fd syst\u00e9m BAS-IP je navr\u017een tak, aby vyhovoval \u0161kol\u00e1m, kampus\u016fm a vysok\u00fdm \u0161kol\u00e1m. Bezprobl\u00e9mov\u011b integruje audio panely, recep\u010dn\u00ed termin\u00e1ly a POE p\u0159ep\u00edna\u010de, \u010d\u00edm\u017e vytv\u00e1\u0159\u00ed jednotnou komunika\u010dn\u00ed s\u00ed\u0165, kter\u00e1 je efektivn\u00ed a n\u00e1kladov\u011b \u00fasporn\u00e1. D\u00edky sv\u00fdm jedine\u010dn\u00fdm funkc\u00edm, jako je monitorov\u00e1n\u00ed teploty u vstupu do \u0161koly, tento interkomov\u00fd syst\u00e9m zaji\u0161\u0165uje zv\u00fd\u0161enou bezpe\u010dnost a pohodl\u00ed pro v\u0161echny u\u017eivatele.<\/p>\n\n\n\n<h2 class=\"wp-block-heading\"><strong>Kl\u00ed\u010dov\u00e9 sou\u010d\u00e1sti \u0161koln\u00edho interkomov\u00e9ho syst\u00e9mu BAS-IP<\/strong><\/h2>\n\n\n<!-- START Block Features --><section id=\"block_6430565dc8a2b\" class=\"features-section\">\r\n\t\r\n    <div class=\"features-list\">\r\n                    <div class=\"features-item\" data-aos=\"fade-up\">\r\n    <div class=\"features-box\">\r\n                    <div class=\"image-holder\">\r\n                <img loading=\"lazy\" decoding=\"async\" width=\"350\" height=\"320\" src=\"https:\/\/bas-ip.com\/wp-content\/uploads\/2023\/04\/1-4-350x320.jpg\" class=\"attachment-thumbnail_350x320 size-thumbnail_350x320\" alt=\"\" \/>            <\/div>\r\n        \r\n        <div class=\"text-holder\">\r\n                        <h3 class=\"title-block\">Zvukov\u00fd panel BAS-IP AV-04AFD<\/h3>\r\n          \r\n                        <div class=\"text-block\">\r\n                <p>Zvukov\u00fd panel AV-04AFD je cenov\u011b dostupn\u00e9 a funkcemi bohat\u00e9 interkomov\u00e9 \u0159e\u0161en\u00ed navr\u017een\u00e9 speci\u00e1ln\u011b pro vzd\u011bl\u00e1vac\u00ed instituce. Umo\u017e\u0148uje k\u0159i\u0161\u0165\u00e1lov\u011b \u010distou komunikaci mezi r\u016fzn\u00fdmi oblastmi \u0161koly a z\u00e1rove\u0148 zaji\u0161\u0165uje rychlou kontrolu p\u0159\u00edstupu.<\/p>\n              <\/div>\r\n                  <\/div>\r\n    <\/div>\r\n<\/div>\r\n                    <div class=\"features-item\" data-aos=\"fade-up\">\r\n    <div class=\"features-box\">\r\n                    <div class=\"image-holder\">\r\n                <img loading=\"lazy\" decoding=\"async\" width=\"350\" height=\"320\" src=\"https:\/\/bas-ip.com\/wp-content\/uploads\/2023\/04\/2-4-350x320.jpg\" class=\"attachment-thumbnail_350x320 size-thumbnail_350x320\" alt=\"\" \/>            <\/div>\r\n        \r\n        <div class=\"text-holder\">\r\n                        <h3 class=\"title-block\">BAS-IP AM-02 Recep\u010dn\u00ed Termin\u00e1l<\/h3>\r\n          \r\n                        <div class=\"text-block\">\r\n                <p>Recep\u010dn\u00ed termin\u00e1l AM-02 slou\u017e\u00ed jako centr\u00e1ln\u00ed kontroln\u00ed bod pro cel\u00fd interkomov\u00fd syst\u00e9m, umo\u017e\u0148uj\u00edc\u00ed person\u00e1lu snadno spravovat hovory, monitorovat vstupy a ud\u011blovat p\u0159\u00edstup. Jeho u\u017eivatelsky p\u0159\u00edv\u011btiv\u00e9 rozhran\u00ed z n\u011bj \u010din\u00ed perfektn\u00ed volbu pro efektivn\u00ed komunikaci a spr\u00e1vu.<\/p>\n              <\/div>\r\n                  <\/div>\r\n    <\/div>\r\n<\/div>\r\n                    <div class=\"features-item\" data-aos=\"fade-up\">\r\n    <div class=\"features-box\">\r\n                    <div class=\"image-holder\">\r\n                <img loading=\"lazy\" decoding=\"async\" width=\"350\" height=\"320\" src=\"https:\/\/bas-ip.com\/wp-content\/uploads\/2023\/04\/3-4-350x320.jpg\" class=\"attachment-thumbnail_350x320 size-thumbnail_350x320\" alt=\"\" \/>            <\/div>\r\n        \r\n        <div class=\"text-holder\">\r\n                        <h3 class=\"title-block\">BAS-IP SH-20.16 16 portov\u00fd POE p\u0159ep\u00edna\u010d<\/h3>\r\n          \r\n                        <div class=\"text-block\">\r\n                <p>16-portov\u00fd POE p\u0159ep\u00edna\u010d SH-20.16 poskytuje pot\u0159ebn\u00e9 nap\u00e1jen\u00ed a konektivitu pro interkomov\u00fd syst\u00e9m BAS-IP, \u010d\u00edm\u017e zaji\u0161\u0165uje plynul\u00fd a nep\u0159eru\u0161ovan\u00fd provoz v cel\u00e9m \u0161koln\u00edm kampusu.<\/p>\n              <\/div>\r\n                  <\/div>\r\n    <\/div>\r\n<\/div>\r\n                    <div class=\"features-item\" data-aos=\"fade-up\">\r\n    <div class=\"features-box\">\r\n                    <div class=\"image-holder\">\r\n                <img loading=\"lazy\" decoding=\"async\" width=\"350\" height=\"320\" src=\"https:\/\/bas-ip.com\/wp-content\/uploads\/2023\/04\/4-4-350x320.jpg\" class=\"attachment-thumbnail_350x320 size-thumbnail_350x320\" alt=\"\" \/>            <\/div>\r\n        \r\n        <div class=\"text-holder\">\r\n                        <h3 class=\"title-block\">BAS-IP SH-31TM Teplotn\u00ed Model<\/h3>\r\n          \r\n                        <div class=\"text-block\">\r\n                <p>Teplotn\u00ed model SH-31TM lze instalovat u vstupu do \u0161koly, co\u017e umo\u017e\u0148uje monitorov\u00e1n\u00ed teploty v re\u00e1ln\u00e9m \u010dase a pom\u00e1h\u00e1 udr\u017eovat zdrav\u00e9 prost\u0159ed\u00ed pro studenty, zam\u011bstnance a n\u00e1v\u0161t\u011bvn\u00edky. P\u0159id\u00e1n\u00edm t\u00e9to dal\u0161\u00ed vrstvy bezpe\u010dnosti m\u016f\u017ee va\u0161e \u0161kola proaktivn\u011b \u0159e\u0161it potenci\u00e1ln\u00ed zdravotn\u00ed probl\u00e9my a zajistit pohodu v\u0161ech v kampusu.<\/p>\n              <\/div>\r\n                  <\/div>\r\n    <\/div>\r\n<\/div>\r\n                    <div class=\"features-item features-full-width\" data-aos=\"fade-up\">\r\n    <div class=\"features-box image-position-left\">\r\n                <div class=\"image-holder\">\r\n            <img loading=\"lazy\" decoding=\"async\" width=\"1\" height=\"1\" src=\"https:\/\/bas-ip.com\/wp-content\/uploads\/2023\/04\/school-1.svg\" class=\"attachment-thumbnail_350x320 size-thumbnail_350x320\" alt=\"\" \/>          <\/div>\r\n      \r\n      <div class=\"text-holder\">\r\n                        <h3 class=\"title-block\">Vyu\u017eit\u00ed IP s\u00edt\u00ed pro bezprobl\u00e9movou integraci<\/h3>\r\n          \r\n                        <div class=\"text-block\">\r\n                <p>Interkomov\u00e9 syst\u00e9my BAS-IP jsou navr\u017eeny tak, aby bezprobl\u00e9mov\u011b fungovaly v r\u00e1mci st\u00e1vaj\u00edc\u00ed IP lok\u00e1ln\u00ed s\u00edt\u011b va\u0161\u00ed \u0161koly, co\u017e umo\u017e\u0148uje snadnou instalaci a \u00fadr\u017ebu. Tato integrace usnad\u0148uje lep\u0161\u00ed komunikaci, kontrolu p\u0159\u00edstupu a bezpe\u010dnost v cel\u00e9 vzd\u011bl\u00e1vac\u00ed instituci.<\/p>\n              <\/div>\r\n                <\/div>\r\n    <\/div>\r\n<\/div>\r\n                    <div class=\"features-item features-full-width\" data-aos=\"fade-up\">\r\n    <div class=\"features-box image-position-right\">\r\n                <div class=\"image-holder\">\r\n            <img loading=\"lazy\" decoding=\"async\" width=\"1\" height=\"1\" src=\"https:\/\/bas-ip.com\/wp-content\/uploads\/2023\/04\/collage-1.svg\" class=\"attachment-thumbnail_350x320 size-thumbnail_350x320\" alt=\"\" \/>          <\/div>\r\n      \r\n      <div class=\"text-holder\">\r\n                        <h3 class=\"title-block\">Vzd\u00e1len\u00fd p\u0159\u00edstup a ovl\u00e1d\u00e1n\u00ed z va\u0161eho PC<\/h3>\r\n          \r\n                        <div class=\"text-block\">\r\n                <p>S pokro\u010dil\u00fdm interkomov\u00fdm syst\u00e9mem BAS-IP m\u016f\u017ee \u0161koln\u00ed person\u00e1l snadno pou\u017e\u00edvat sv\u00e9 po\u010d\u00edta\u010de ke komunikaci prost\u0159ednictv\u00edm interkomu, monitorov\u00e1n\u00ed vstup\u016f a ovl\u00e1d\u00e1n\u00ed p\u0159\u00edstupu ke dve\u0159\u00edm. Tato flexibilita umo\u017e\u0148uje lep\u0161\u00ed reak\u010dn\u00ed dobu a vy\u0161\u0161\u00ed efektivitu p\u0159i spr\u00e1v\u011b ka\u017edodenn\u00edch \u00fakol\u016f a mimo\u0159\u00e1dn\u00fdch ud\u00e1lost\u00ed.<\/p>\n              <\/div>\r\n                <\/div>\r\n    <\/div>\r\n<\/div>\r\n            <\/div>\r\n<\/section>\r\n<!-- END Block Features -->\n\n<!-- START Block FAQ --><section id=\"block_64218de5ac119\" class=\"faq-section\">\r\n\t\t    <h2 class=\"title-section\" data-aos=\"fade-right\">\u010casto kladen\u00e9 ot\u00e1zky<\/h2>\r\n\t\t\t    <div class=\"faq-list js-accordion\" data-aos=\"fade-up\">\r\n\t\t\t\t\t\t\t\t\t\t\t    <div class=\"accordion-item faq-item\">\r\n                        <div class=\"accordion-opener\">\r\n                            Q: Lze interkomov\u00fd syst\u00e9m BAS-IP pro \u0161koly snadno integrovat do na\u0161\u00ed st\u00e1vaj\u00edc\u00ed infrastruktury?                            <i class=\"fa-solid fa-chevron-down\"><\/i>\r\n                        <\/div>\r\n                        <div class=\"accordion-slide\">\r\n\t\t\t\t\t\t    <p>Ano, interkomov\u00e9 syst\u00e9my BAS-IP lze snadno integrovat do st\u00e1vaj\u00edc\u00ed IP lok\u00e1ln\u00ed s\u00edt\u011b va\u0161\u00ed \u0161koly, co\u017e umo\u017e\u0148uje bezprobl\u00e9mov\u00fd a n\u00e1kladov\u011b efektivn\u00ed instala\u010dn\u00ed proces.<\/p>\n                        <\/div>\r\n\t\t\t\t\t<\/div>\r\n\t\t\t\t\t\t\t\t\t\t\t\t\t\t\t    <div class=\"accordion-item faq-item\">\r\n                        <div class=\"accordion-opener\">\r\n                            Q: Jak interkomov\u00fd syst\u00e9m BAS-IP zaji\u0161\u0165uje bezpe\u010dnost na\u0161ich student\u016f a zam\u011bstnanc\u016f?                            <i class=\"fa-solid fa-chevron-down\"><\/i>\r\n                        <\/div>\r\n                        <div class=\"accordion-slide\">\r\n\t\t\t\t\t\t    <p>Interkomov\u00fd syst\u00e9m BAS-IP nab\u00edz\u00ed n\u011bkolik bezpe\u010dnostn\u00edch funkc\u00ed, jako je monitorov\u00e1n\u00ed teploty u vchod\u016f, rychl\u00e1 kontrola p\u0159\u00edstupu a mo\u017enost monitorovat a spravovat komunikaci a p\u0159\u00edstup ke dve\u0159\u00edm z va\u0161eho PC, co\u017e zaji\u0161\u0165uje bezpe\u010dn\u00e9 prost\u0159ed\u00ed pro v\u0161echny.<\/p>\n                        <\/div>\r\n\t\t\t\t\t<\/div>\r\n\t\t\t\t\t\t\t\t\t\t\t\t\t\t\t    <div class=\"accordion-item faq-item\">\r\n                        <div class=\"accordion-opener\">\r\n                            Q: Je interkomov\u00fd syst\u00e9m BAS-IP kompatibiln\u00ed s jin\u00fdmi komunika\u010dn\u00edmi za\u0159\u00edzen\u00edmi a syst\u00e9my?                            <i class=\"fa-solid fa-chevron-down\"><\/i>\r\n                        <\/div>\r\n                        <div class=\"accordion-slide\">\r\n\t\t\t\t\t\t    <p>Ano, interkomov\u00fd syst\u00e9m BAS-IP je navr\u017een tak, aby bezprobl\u00e9mov\u011b fungoval s r\u016fzn\u00fdmi komunika\u010dn\u00edmi za\u0159\u00edzen\u00edmi a syst\u00e9my, \u010d\u00edm\u017e poskytuje komplexn\u00ed a flexibiln\u00ed \u0159e\u0161en\u00ed pro komunika\u010dn\u00ed pot\u0159eby va\u0161\u00ed \u0161koly.<\/p>\n                        <\/div>\r\n\t\t\t\t\t<\/div>\r\n\t\t\t\t\t\t\t\t\t\t\t\t\t\t\t    <div class=\"accordion-item faq-item\">\r\n                        <div class=\"accordion-opener\">\r\n                            Q: Jak spolehliv\u00e9 jsou kabelov\u00e9 IP interkomov\u00e9 syst\u00e9my ve srovn\u00e1n\u00ed s bezdr\u00e1tov\u00fdmi interkomov\u00fdmi syst\u00e9my?                            <i class=\"fa-solid fa-chevron-down\"><\/i>\r\n                        <\/div>\r\n                        <div class=\"accordion-slide\">\r\n\t\t\t\t\t\t    <p>Dr\u00e1tov\u00e9 IP interkomov\u00e9 syst\u00e9my, jako je interkomov\u00fd syst\u00e9m BAS-IP pro \u0161koly, nab\u00edzej\u00ed ve srovn\u00e1n\u00ed s bezdr\u00e1tov\u00fdmi interkomov\u00fdmi syst\u00e9my vy\u0161\u0161\u00ed spolehlivost, bezpe\u010dnost a v\u00fdkon. Zaji\u0161\u0165uj\u00ed stabiln\u00ed a nep\u0159eru\u0161ovanou komunikaci a kontrolu, co\u017e z nich \u010din\u00ed ide\u00e1ln\u00ed volbu pro vzd\u011bl\u00e1vac\u00ed instituce.<\/p>\n                        <\/div>\r\n\t\t\t\t\t<\/div>\r\n\t\t\t\t\t\t\t\t\t\t\t\t\t\t\t    <div class=\"accordion-item faq-item\">\r\n                        <div class=\"accordion-opener\">\r\n                            Q: M\u016f\u017eeme p\u0159izp\u016fsobit interkomov\u00fd syst\u00e9m BAS-IP tak, aby vyhovoval specifick\u00fdm pot\u0159eb\u00e1m na\u0161\u00ed \u0161koly?                            <i class=\"fa-solid fa-chevron-down\"><\/i>\r\n                        <\/div>\r\n                        <div class=\"accordion-slide\">\r\n\t\t\t\t\t\t    <p>Ano, interkomov\u00fd syst\u00e9m BAS-IP je vysoce p\u0159izp\u016fsobiteln\u00fd a lze jej upravit tak, aby spl\u0148oval jedine\u010dn\u00e9 po\u017eadavky va\u0161\u00ed \u0161koly. Jeho modul\u00e1rn\u00ed design umo\u017e\u0148uje p\u0159id\u00e1v\u00e1n\u00ed r\u016fzn\u00fdch komponent, jako je teplotn\u00ed model, pro zv\u00fd\u0161en\u00ed bezpe\u010dnosti a funk\u010dnosti.<\/p>\n                        <\/div>\r\n\t\t\t\t\t<\/div>\r\n\t\t\t\t\t\t\t\t\t<\/div>\r\n\t<\/section>\r\n<!-- END Block FAQ -->\n\n\n<p>Investice do spolehliv\u00e9ho, funkcemi bohat\u00e9ho a bezpe\u010dn\u00e9ho interkomov\u00e9ho syst\u00e9mu je kl\u00ed\u010dov\u00e1 pro bezpe\u010dnost a efektivitu ka\u017ed\u00e9 vzd\u011bl\u00e1vac\u00ed instituce. Interkomov\u00fd syst\u00e9m BAS-IP pro \u0161koly nab\u00edz\u00ed bezkonkuren\u010dn\u00ed v\u00fdkon, inovativn\u00ed funkce a bezprobl\u00e9movou integraci se st\u00e1vaj\u00edc\u00edmi IP s\u00edt\u011bmi. Volbou BAS-IP investujete do budoucnosti komunika\u010dn\u00ed a bezpe\u010dnostn\u00ed infrastruktury va\u0161\u00ed \u0161koly. Za\u017eijte revoluci v komunikaci s nejlep\u0161\u00edm \u0161koln\u00edm interkomov\u00fdm syst\u00e9mem \u2013 BAS-IP. Zvy\u0161te bezpe\u010dnost, komunikaci a celkov\u00e9 prost\u0159ed\u00ed va\u0161\u00ed vzd\u011bl\u00e1vac\u00ed instituce a zajist\u011bte pohodu student\u016f, zam\u011bstnanc\u016f a n\u00e1v\u0161t\u011bvn\u00edk\u016f. Ned\u011blejte kompromisy v kvalit\u011b; d\u016fv\u011b\u0159ujte spole\u010dnosti BAS-IP, \u017ee pro va\u0161i \u0161kolu poskytne v\u00fdjime\u010dn\u00fd v\u00fdkon a spolehlivost<\/p>","protected":false},"excerpt":{"rendered":"<p>Syst\u00e9my interkom\u016f pro \u0161koly V dne\u0161n\u00edm sv\u011bt\u011b jsou plynul\u00e1 komunikace a bezpe\u010dnost z\u00e1kladn\u00edmi slo\u017ekami ka\u017ed\u00e9 vzd\u011bl\u00e1vac\u00ed instituce. Efektivn\u00ed \u0161koln\u00ed interkomov\u00fd syst\u00e9m zaji\u0161\u0165uje nejen rychlou komunikaci, ale tak\u00e9 zvy\u0161uje bezpe\u010dnost student\u016f, u\u010ditel\u016f a zam\u011bstnanc\u016f. P\u0159edstavujeme interkomov\u00fd syst\u00e9m BAS-IP pro \u0161koly, dokonal\u00e9 \u0159e\u0161en\u00ed, kter\u00e9 kombinuje robustn\u00ed technologii, inovativn\u00ed funkce a bezkonkuren\u010dn\u00ed v\u00fdkon. Tento \u010dl\u00e1nek se zab\u00fdv\u00e1 kl\u00ed\u010dov\u00fdmi [&hellip;]<\/p>","protected":false},"author":1,"featured_media":0,"parent":0,"menu_order":0,"comment_status":"closed","ping_status":"closed","template":"","meta":{"inline_featured_image":false,"footnotes":""},"class_list":["post-133466","page","type-page","status-publish","hentry"],"acf":[],"_links":{"self":[{"href":"https:\/\/bas-ip.com\/cs\/wp-json\/wp\/v2\/pages\/133466","targetHints":{"allow":["GET"]}}],"collection":[{"href":"https:\/\/bas-ip.com\/cs\/wp-json\/wp\/v2\/pages"}],"about":[{"href":"https:\/\/bas-ip.com\/cs\/wp-json\/wp\/v2\/types\/page"}],"author":[{"embeddable":true,"href":"https:\/\/bas-ip.com\/cs\/wp-json\/wp\/v2\/users\/1"}],"replies":[{"embeddable":true,"href":"https:\/\/bas-ip.com\/cs\/wp-json\/wp\/v2\/comments?post=133466"}],"version-history":[{"count":5,"href":"https:\/\/bas-ip.com\/cs\/wp-json\/wp\/v2\/pages\/133466\/revisions"}],"predecessor-version":[{"id":133530,"href":"https:\/\/bas-ip.com\/cs\/wp-json\/wp\/v2\/pages\/133466\/revisions\/133530"}],"wp:attachment":[{"href":"https:\/\/bas-ip.com\/cs\/wp-json\/wp\/v2\/media?parent=133466"}],"curies":[{"name":"wp","href":"https:\/\/api.w.org\/{rel}","templated":true}]}}