{"id":133057,"date":"2023-03-28T17:03:55","date_gmt":"2023-03-28T17:03:55","guid":{"rendered":"https:\/\/bas-ip.com\/case-studies\/"},"modified":"2025-03-05T11:54:02","modified_gmt":"2025-03-05T11:54:02","slug":"case-studies","status":"publish","type":"page","link":"https:\/\/bas-ip.com\/cs\/case-studies\/","title":{"rendered":"\u0158e\u0161en\u00ed"},"content":{"rendered":"<h1 class=\"wp-block-heading\"><strong>Interkomov\u00e1 \u0159e\u0161en\u00ed<\/strong><\/h1>\n\n\n\n<p>Spole\u010dnost BAS-IP je l\u00eddrem v poskytov\u00e1n\u00ed \u0161pi\u010dkov\u00fdch interkomov\u00fdch \u0159e\u0161en\u00ed pro r\u016fzn\u00e1 odv\u011btv\u00ed, nab\u00edzej\u00edc\u00ed v\u00fdjime\u010dn\u00e9 zabezpe\u010den\u00ed a komunika\u010dn\u00ed z\u00e1\u017eitky. V tomto \u010dl\u00e1nku prozkoum\u00e1me \u0161est p\u0159esv\u011bd\u010div\u00fdch p\u0159\u00edpadov\u00fdch studi\u00ed interkom\u016f, kter\u00e9 demonstruj\u00ed v\u0161estrannost a efektivitu produkt\u016f BAS-IP v r\u016fzn\u00fdch prost\u0159ed\u00edch. Od v\u00edcepodla\u017en\u00edch budov po nemocni\u010dn\u00ed za\u0159\u00edzen\u00ed, tyto p\u0159\u00edpadov\u00e9 studie zd\u016fraz\u0148uj\u00ed transforma\u010dn\u00ed s\u00edlu interkomov\u00fdch syst\u00e9m\u016f BAS-IP.<\/p>\n\n\n<!-- START Block Info 3 Columns with links --><section id=\"block_6437b6d9794a8\" class=\"info-columns-section\">\r\n   <div class=\"column-list\">\r\n                        <div class=\"column-item\" data-aos=\"fade-up\" data-aos-delay=\"100\">\r\n                  <div class=\"image-block\">\r\n            <a href=\"\/building-intercom-system\/\">\r\n               <img loading=\"lazy\" decoding=\"async\" width=\"320\" height=\"232\" src=\"https:\/\/bas-ip.com\/wp-content\/uploads\/2023\/04\/1-5.jpg\" class=\"attachment-thumbnail_345x250 size-thumbnail_345x250\" alt=\"\" srcset=\"https:\/\/bas-ip.com\/wp-content\/uploads\/2023\/04\/1-5.jpg 320w,  https:\/\/bas-ip.com\/wp-content\/uploads\/2023\/04\/1-5-300x218.jpg 300w\" sizes=\"auto, (max-width: 320px) 100vw, 320px\" \/><\/a>\r\n         <\/div>\r\n         \r\n                  <a href=\"\/building-intercom-system\/\">\r\n            <h3 class=\"title-section\">V\u00edcebytov\u00fd d\u016fm: Bezprobl\u00e9mov\u00e9 bydlen\u00ed<\/h3>\r\n         <\/a>\r\n                           <div class=\"text-block\">\r\n            <p>Interkomov\u00e1 \u0159e\u0161en\u00ed BAS-IP zp\u016fsobila revoluci ve zp\u016fsobu, jak\u00fdm obyvatel\u00e9 interaguj\u00ed se sv\u00fdm \u017eivotn\u00edm prost\u0159ed\u00edm. V bytov\u00e9m dom\u011b implementace interkomov\u00e9ho syst\u00e9mu BAS-IP nejen zv\u00fd\u0161ila bezpe\u010dnost, ale tak\u00e9 usnadnila bezprobl\u00e9movou komunikaci mezi n\u00e1jemn\u00edky, n\u00e1v\u0161t\u011bvn\u00edky a spr\u00e1vou budovy. U\u017eivatelsky p\u0159\u00edv\u011btiv\u00e9 rozhran\u00ed syst\u00e9mu a integrace s technologi\u00ed chytr\u00e9 dom\u00e1cnosti poskytly obyvatel\u016fm novou \u00farove\u0148 pohodl\u00ed a dostupnosti, \u010d\u00edm\u017e zlep\u0161ily jejich z\u00e1\u017eitek z bydlen\u00ed.<\/p>\n         <\/div>\r\n               <\/div>\r\n                              <div class=\"column-item\" data-aos=\"fade-up\" data-aos-delay=\"200\">\r\n                  <div class=\"image-block\">\r\n            <a href=\"\/business-intercom-systems-for-office\/\">\r\n               <img loading=\"lazy\" decoding=\"async\" width=\"320\" height=\"232\" src=\"https:\/\/bas-ip.com\/wp-content\/uploads\/2023\/04\/2-5.jpg\" class=\"attachment-thumbnail_345x250 size-thumbnail_345x250\" alt=\"\" srcset=\"https:\/\/bas-ip.com\/wp-content\/uploads\/2023\/04\/2-5.jpg 320w,  https:\/\/bas-ip.com\/wp-content\/uploads\/2023\/04\/2-5-300x218.jpg 300w\" sizes=\"auto, (max-width: 320px) 100vw, 320px\" \/><\/a>\r\n         <\/div>\r\n         \r\n                  <a href=\"\/business-intercom-systems-for-office\/\">\r\n            <h3 class=\"title-section\">Komer\u010dn\u00ed: Zefektivn\u011bn\u00ed provozu a zabezpe\u010den\u00ed<\/h3>\r\n         <\/a>\r\n                           <div class=\"text-block\">\r\n            <p>V komer\u010dn\u00edm nebo pr\u016fmyslov\u00e9m prost\u0159ed\u00ed jsou efektivn\u00ed komunikace a zabezpe\u010den\u00ed kl\u00ed\u010dov\u00e9 pro plynul\u00fd provoz. Interkomov\u00e1 \u0159e\u0161en\u00ed BAS-IP hr\u00e1la z\u00e1sadn\u00ed roli p\u0159i zlep\u0161ov\u00e1n\u00ed pracovn\u00edho postupu a bezpe\u010dnostn\u00edch opat\u0159en\u00ed ve velk\u00e9m v\u00fdrobn\u00edm z\u00e1vod\u011b. Integrac\u00ed interkomov\u00e9ho syst\u00e9mu s kontrolou p\u0159\u00edstupu, video dohledem a funkcemi pro reakci na mimo\u0159\u00e1dn\u00e9 ud\u00e1losti zaznamenalo za\u0159\u00edzen\u00ed v\u00fdrazn\u00e9 zlep\u0161en\u00ed komunikace a celkov\u00e9ho zabezpe\u010den\u00ed.<\/p>\n         <\/div>\r\n               <\/div>\r\n                              <div class=\"column-item\" data-aos=\"fade-up\" data-aos-delay=\"300\">\r\n                  <div class=\"image-block\">\r\n            <a href=\"\/intercom-systems-for-home-and-house\/\">\r\n               <img loading=\"lazy\" decoding=\"async\" width=\"320\" height=\"232\" src=\"https:\/\/bas-ip.com\/wp-content\/uploads\/2023\/04\/3-5.jpg\" class=\"attachment-thumbnail_345x250 size-thumbnail_345x250\" alt=\"\" srcset=\"https:\/\/bas-ip.com\/wp-content\/uploads\/2023\/04\/3-5.jpg 320w,  https:\/\/bas-ip.com\/wp-content\/uploads\/2023\/04\/3-5-300x218.jpg 300w\" sizes=\"auto, (max-width: 320px) 100vw, 320px\" \/><\/a>\r\n         <\/div>\r\n         \r\n                  <a href=\"\/intercom-systems-for-home-and-house\/\">\r\n            <h3 class=\"title-section\">Domov: Zv\u00fd\u0161en\u00ed bezpe\u010dnosti a konektivity<\/h3>\r\n         <\/a>\r\n                           <div class=\"text-block\">\r\n            <p>Vzhledem k tomu, \u017ee majitel\u00e9 dom\u016f st\u00e1le v\u00edce up\u0159ednost\u0148uj\u00ed zabezpe\u010den\u00ed a technologie chytr\u00e9 dom\u00e1cnosti, interkomov\u00e1 \u0159e\u0161en\u00ed BAS-IP se stala obl\u00edbenou volbou. V p\u0159\u00edm\u011bstsk\u00e9m dom\u011b instalace interkomov\u00e9ho syst\u00e9mu BAS-IP nejen zv\u00fd\u0161ila zabezpe\u010den\u00ed, ale tak\u00e9 zlep\u0161ila propojen\u00ed s \u010dleny rodiny a hosty. Intuitivn\u00ed rozhran\u00ed a kompatibilita s chytr\u00fdmi telefony umo\u017enily majitel\u016fm dom\u016f sledovat jejich majetek a bez n\u00e1mahy komunikovat, \u010d\u00edm\u017e se vytvo\u0159ilo bezpe\u010dn\u00e9 a propojen\u00e9 \u017eivotn\u00ed prost\u0159ed\u00ed.<\/p>\n         <\/div>\r\n               <\/div>\r\n                              <div class=\"column-item\" data-aos=\"fade-up\" data-aos-delay=\"400\">\r\n                  <div class=\"image-block\">\r\n            <a href=\"\/medical-hospital-intercom-system\/\">\r\n               <img loading=\"lazy\" decoding=\"async\" width=\"320\" height=\"232\" src=\"https:\/\/bas-ip.com\/wp-content\/uploads\/2023\/04\/4-5.jpg\" class=\"attachment-thumbnail_345x250 size-thumbnail_345x250\" alt=\"\" srcset=\"https:\/\/bas-ip.com\/wp-content\/uploads\/2023\/04\/4-5.jpg 320w,  https:\/\/bas-ip.com\/wp-content\/uploads\/2023\/04\/4-5-300x218.jpg 300w\" sizes=\"auto, (max-width: 320px) 100vw, 320px\" \/><\/a>\r\n         <\/div>\r\n         \r\n                  <a href=\"\/medical-hospital-intercom-system\/\">\r\n            <h3 class=\"title-section\">Nemocnice: Pos\u00edlen\u00ed p\u00e9\u010de o pacienty a bezpe\u010dnosti<\/h3>\r\n         <\/a>\r\n                           <div class=\"text-block\">\r\n            <p>Nemocnice a zdravotnick\u00e1 za\u0159\u00edzen\u00ed vy\u017eaduj\u00ed pokro\u010dil\u00e9 komunika\u010dn\u00ed syst\u00e9my k zaji\u0161t\u011bn\u00ed efektivn\u00ed p\u00e9\u010de o pacienty a bezpe\u010dnosti. Ve \u0161pi\u010dkov\u00e9 nemocnici byla pou\u017eita interkomov\u00e1 \u0159e\u0161en\u00ed BAS-IP k zefektivn\u011bn\u00ed komunikace mezi zdravotnick\u00fdm person\u00e1lem, pacienty a n\u00e1v\u0161t\u011bvn\u00edky. Syst\u00e9m usnadnil rychlou reakci na mimo\u0159\u00e1dn\u00e9 ud\u00e1losti, zv\u00fd\u0161il soukrom\u00ed pacient\u016f a zlep\u0161il celkovou bezpe\u010dnost nemocnice. Integrace interkomov\u00e9ho syst\u00e9mu BAS-IP se uk\u00e1zala jako z\u00e1sadn\u00ed zm\u011bna v poskytov\u00e1n\u00ed v\u00fdjime\u010dn\u00e9 p\u00e9\u010de o pacienty.<\/p>\n         <\/div>\r\n               <\/div>\r\n                              <div class=\"column-item\" data-aos=\"fade-up\" data-aos-delay=\"500\">\r\n                  <div class=\"image-block\">\r\n            <a href=\"\/intercom-systems-for-schools\/\">\r\n               <img loading=\"lazy\" decoding=\"async\" width=\"320\" height=\"232\" src=\"https:\/\/bas-ip.com\/wp-content\/uploads\/2023\/04\/5-5.jpg\" class=\"attachment-thumbnail_345x250 size-thumbnail_345x250\" alt=\"\" srcset=\"https:\/\/bas-ip.com\/wp-content\/uploads\/2023\/04\/5-5.jpg 320w,  https:\/\/bas-ip.com\/wp-content\/uploads\/2023\/04\/5-5-300x218.jpg 300w\" sizes=\"auto, (max-width: 320px) 100vw, 320px\" \/><\/a>\r\n         <\/div>\r\n         \r\n                  <a href=\"\/intercom-systems-for-schools\/\">\r\n            <h3 class=\"title-section\">\u0160kola: Podpora bezpe\u010dn\u00e9ho v\u00fdukov\u00e9ho prost\u0159ed\u00ed<\/h3>\r\n         <\/a>\r\n                           <div class=\"text-block\">\r\n            <p>Vzd\u011bl\u00e1vac\u00ed instituce pot\u0159ebuj\u00ed robustn\u00ed bezpe\u010dnostn\u00ed a komunika\u010dn\u00ed syst\u00e9my k ochran\u011b student\u016f a zam\u011bstnanc\u016f. V pokrokov\u00e9 \u0161kole byla interkomov\u00e1 \u0159e\u0161en\u00ed BAS-IP n\u00e1pomocn\u00e1 p\u0159i zaji\u0161t\u011bn\u00ed bezpe\u010dn\u00e9ho v\u00fdukov\u00e9ho prost\u0159ed\u00ed. Syst\u00e9m umo\u017enil bezprobl\u00e9movou komunikaci mezi u\u010debnami, administrativn\u00edmi kancel\u00e1\u0159emi a extern\u00edmi n\u00e1v\u0161t\u011bvn\u00edky, \u010d\u00edm\u017e zajistil bezpe\u010dnost student\u016f a zam\u011bstnanc\u016f. Integrace interkomov\u00e9ho syst\u00e9mu s kontrolou p\u0159\u00edstupu a funkcemi video dohledu nav\u00edc v\u00fdrazn\u011b zlep\u0161ila celkovou bezpe\u010dnost \u0161koly.<\/p>\n         <\/div>\r\n               <\/div>\r\n                              <div class=\"column-item\" data-aos=\"fade-up\" data-aos-delay=\"600\">\r\n                  <div class=\"image-block\">\r\n            <a href=\"\/gate-intercom-system\/\">\r\n               <img loading=\"lazy\" decoding=\"async\" width=\"320\" height=\"232\" src=\"https:\/\/bas-ip.com\/wp-content\/uploads\/2023\/04\/6-4.jpg\" class=\"attachment-thumbnail_345x250 size-thumbnail_345x250\" alt=\"\" srcset=\"https:\/\/bas-ip.com\/wp-content\/uploads\/2023\/04\/6-4.jpg 320w,  https:\/\/bas-ip.com\/wp-content\/uploads\/2023\/04\/6-4-300x218.jpg 300w\" sizes=\"auto, (max-width: 320px) 100vw, 320px\" \/><\/a>\r\n         <\/div>\r\n         \r\n                  <a href=\"\/gate-intercom-system\/\">\r\n            <h3 class=\"title-section\">Br\u00e1ny: Pos\u00edlen\u00ed obvodov\u00e9 bezpe\u010dnosti<\/h3>\r\n         <\/a>\r\n                           <div class=\"text-block\">\r\n            <p>Zabezpe\u010den\u00ed bran je kl\u00ed\u010dov\u00e9 pro ochranu majetku a zachov\u00e1n\u00ed soukrom\u00ed. V luxusn\u00edm reziden\u010dn\u00edm komplexu byla implementov\u00e1na interkomov\u00e1 \u0159e\u0161en\u00ed BAS-IP pro pos\u00edlen\u00ed obvodov\u00e9 bezpe\u010dnosti. Syst\u00e9m umo\u017enil obyvatel\u016fm vzd\u00e1len\u011b ud\u011blovat nebo odep\u00edrat p\u0159\u00edstup n\u00e1v\u0161t\u011bvn\u00edk\u016fm a integrace s video dohledem umo\u017enila bezprobl\u00e9mov\u00e9 monitorov\u00e1n\u00ed vjezd\u016f a v\u00fdjezd\u016f komplexu. Toto pokro\u010dil\u00e9 interkomov\u00e9 \u0159e\u0161en\u00ed p\u0159isp\u011blo k pos\u00edlen\u00ed pocitu bezpe\u010d\u00ed a klidu obyvatel.<\/p>\n         <\/div>\r\n               <\/div>\r\n                     <\/div>\r\n<\/section>\r\n<!-- END Block Info 3 Columns with links -->\n\n\n<p>Tyto p\u0159\u00edpadov\u00e9 studie interkom\u016f ukazuj\u00ed pozoruhodnou v\u0161estrannost a efektivitu interkomov\u00fdch \u0159e\u0161en\u00ed BAS-IP v r\u016fzn\u00fdch odv\u011btv\u00edch. Od reziden\u010dn\u00edch komplex\u016f po nemocnice, implementace interkomov\u00fdch syst\u00e9m\u016f BAS-IP transformovala komunikaci, zabezpe\u010den\u00ed a celkovou u\u017eivatelskou zku\u0161enost. Jak technologie pokra\u010duje v pokroku, spole\u010dnost BAS-IP z\u016fst\u00e1v\u00e1 odhodl\u00e1na poskytovat inovativn\u00ed a \u0161pi\u010dkov\u00e1 interkomov\u00e1 \u0159e\u0161en\u00ed, kter\u00e1 uspokoj\u00ed vyv\u00edjej\u00edc\u00ed se pot\u0159eby r\u016fzn\u00fdch odv\u011btv\u00ed.<\/p>\n\n\n<!-- START Block FAQ --><section id=\"block_64231e53deae2\" class=\"faq-section\">\r\n\t\t    <h2 class=\"title-section\" data-aos=\"fade-right\">\u010casto kladen\u00e9 ot\u00e1zky<\/h2>\r\n\t\t\t    <div class=\"faq-list js-accordion\" data-aos=\"fade-up\">\r\n\t\t\t\t\t\t\t\t\t\t\t    <div class=\"accordion-item faq-item\">\r\n                        <div class=\"accordion-opener\">\r\n                            Q: Jak spole\u010dnost BAS-IP zaji\u0161\u0165uje bezpe\u010dnost a spolehlivost sv\u00fdch interkomov\u00fdch \u0159e\u0161en\u00ed?                            <i class=\"fa-solid fa-chevron-down\"><\/i>\r\n                        <\/div>\r\n                        <div class=\"accordion-slide\">\r\n\t\t\t\t\t\t    <p>Spole\u010dnost BAS-IP pou\u017e\u00edv\u00e1 pokro\u010dil\u00e9 \u0161ifrovac\u00ed protokoly a robustn\u00ed hardware k zaji\u0161t\u011bn\u00ed bezpe\u010dnosti a spolehlivosti sv\u00fdch interkomov\u00fdch syst\u00e9m\u016f. Tento z\u00e1vazek poskytovat \u0161pi\u010dkov\u00e9 technologie u\u010dinil ze spole\u010dnosti BAS-IP d\u016fv\u011bryhodnou volbu pro r\u016fzn\u00e1 pr\u016fmyslov\u00e1 odv\u011btv\u00ed po cel\u00e9m sv\u011bt\u011b.<\/p>\n                        <\/div>\r\n\t\t\t\t\t<\/div>\r\n\t\t\t\t\t\t\t\t\t\t\t\t\t\t\t    <div class=\"accordion-item faq-item\">\r\n                        <div class=\"accordion-opener\">\r\n                            Q: Jak interkomov\u00e1 \u0159e\u0161en\u00ed BAS-IP p\u0159isp\u00edvaj\u00ed k energetick\u00e9 \u00fa\u010dinnosti?                            <i class=\"fa-solid fa-chevron-down\"><\/i>\r\n                        <\/div>\r\n                        <div class=\"accordion-slide\">\r\n\t\t\t\t\t\t    <p>Interkomov\u00e9 syst\u00e9my BAS-IP jsou navr\u017eeny s ohledem na energetickou \u00fa\u010dinnost. D\u00edky za\u010dlen\u011bn\u00ed funkc\u00ed, jako je osv\u011btlen\u00ed aktivovan\u00e9 pohybem, inteligentn\u00ed regulace klimatu a \u00fasporn\u00e9 pohotovostn\u00ed re\u017eimy, p\u0159isp\u00edvaj\u00ed interkomov\u00e1 \u0159e\u0161en\u00ed BAS-IP k zelen\u011bj\u0161\u00edmu a udr\u017eiteln\u011bj\u0161\u00edmu prost\u0159ed\u00ed.<\/p>\n                        <\/div>\r\n\t\t\t\t\t<\/div>\r\n\t\t\t\t\t\t\t\t\t\t\t\t\t\t\t    <div class=\"accordion-item faq-item\">\r\n                        <div class=\"accordion-opener\">\r\n                            Q: Jakou podporu nab\u00edz\u00ed spole\u010dnost BAS-IP pro sv\u00e1 interkomov\u00e1 \u0159e\u0161en\u00ed?                            <i class=\"fa-solid fa-chevron-down\"><\/i>\r\n                        <\/div>\r\n                        <div class=\"accordion-slide\">\r\n\t\t\t\t\t\t    <p>Spole\u010dnost BAS-IP se zav\u00e1zala poskytovat v\u00fdjime\u010dnou z\u00e1kaznickou podporu, nab\u00edzet komplexn\u00ed technickou pomoc a zdroje k zaji\u0161t\u011bn\u00ed hladk\u00e9 implementace a provozu sv\u00fdch interkomov\u00fdch syst\u00e9m\u016f. Toto odhodl\u00e1n\u00ed ke spokojenosti z\u00e1kazn\u00edk\u016f vyneslo spole\u010dnosti BAS-IP vynikaj\u00edc\u00ed pov\u011bst v oboru.<\/p>\n                        <\/div>\r\n\t\t\t\t\t<\/div>\r\n\t\t\t\t\t\t\t\t\t<\/div>\r\n\t<\/section>\r\n<!-- END Block FAQ -->","protected":false},"excerpt":{"rendered":"<p>Interkomov\u00e1 \u0159e\u0161en\u00ed Spole\u010dnost BAS-IP je l\u00eddrem v poskytov\u00e1n\u00ed \u0161pi\u010dkov\u00fdch interkomov\u00fdch \u0159e\u0161en\u00ed pro r\u016fzn\u00e1 odv\u011btv\u00ed, nab\u00edzej\u00edc\u00ed v\u00fdjime\u010dn\u00e9 zabezpe\u010den\u00ed a komunika\u010dn\u00ed z\u00e1\u017eitky. V tomto \u010dl\u00e1nku prozkoum\u00e1me \u0161est p\u0159esv\u011bd\u010div\u00fdch p\u0159\u00edpadov\u00fdch studi\u00ed interkom\u016f, kter\u00e9 demonstruj\u00ed v\u0161estrannost a efektivitu produkt\u016f BAS-IP v r\u016fzn\u00fdch prost\u0159ed\u00edch. Od v\u00edcepodla\u017en\u00edch budov po nemocni\u010dn\u00ed za\u0159\u00edzen\u00ed, tyto p\u0159\u00edpadov\u00e9 studie zd\u016fraz\u0148uj\u00ed transforma\u010dn\u00ed s\u00edlu interkomov\u00fdch syst\u00e9m\u016f BAS-IP. Tyto [&hellip;]<\/p>","protected":false},"author":1,"featured_media":0,"parent":0,"menu_order":0,"comment_status":"closed","ping_status":"closed","template":"","meta":{"inline_featured_image":false,"footnotes":""},"class_list":["post-133057","page","type-page","status-publish","hentry"],"acf":[],"_links":{"self":[{"href":"https:\/\/bas-ip.com\/cs\/wp-json\/wp\/v2\/pages\/133057","targetHints":{"allow":["GET"]}}],"collection":[{"href":"https:\/\/bas-ip.com\/cs\/wp-json\/wp\/v2\/pages"}],"about":[{"href":"https:\/\/bas-ip.com\/cs\/wp-json\/wp\/v2\/types\/page"}],"author":[{"embeddable":true,"href":"https:\/\/bas-ip.com\/cs\/wp-json\/wp\/v2\/users\/1"}],"replies":[{"embeddable":true,"href":"https:\/\/bas-ip.com\/cs\/wp-json\/wp\/v2\/comments?post=133057"}],"version-history":[{"count":3,"href":"https:\/\/bas-ip.com\/cs\/wp-json\/wp\/v2\/pages\/133057\/revisions"}],"predecessor-version":[{"id":133120,"href":"https:\/\/bas-ip.com\/cs\/wp-json\/wp\/v2\/pages\/133057\/revisions\/133120"}],"wp:attachment":[{"href":"https:\/\/bas-ip.com\/cs\/wp-json\/wp\/v2\/media?parent=133057"}],"curies":[{"name":"wp","href":"https:\/\/api.w.org\/{rel}","templated":true}]}}