{"id":131203,"date":"2025-02-19T15:47:09","date_gmt":"2025-02-19T15:47:09","guid":{"rendered":"https:\/\/bas-ip.com\/intercom-migration-to-link\/"},"modified":"2025-02-24T11:07:53","modified_gmt":"2025-02-24T11:07:53","slug":"intercom-migration-to-link","status":"publish","type":"page","link":"https:\/\/bas-ip.com\/cs\/intercom-migration-to-link\/","title":{"rendered":"Migrace Intercomu na Link"},"content":{"rendered":"<h2 data-sourcepos=\"1:1-1:55\">Intercom se p\u0159esouv\u00e1 na Link: Co to pro v\u00e1s znamen\u00e1?<\/h2>\n<p data-sourcepos=\"3:1-3:285\">Od 4. b\u0159ezna 2025 ji\u017e nebude aplikace Intercom pro Android dostupn\u00e1 v Obchod\u011b Google Play. Webov\u00e1 verze a aplikace pro iOS v\u0161ak budou i nad\u00e1le fungovat beze zm\u011bn a servery Intercomu z\u016fstanou aktivn\u00ed, aby byla zaji\u0161t\u011bna stabilita a p\u0159\u00edstup k va\u0161im dat\u016fm, dokud neskon\u010d\u00ed podpora serveru.<\/p>\n<p data-sourcepos=\"5:1-5:201\">Zveme v\u00e1s k p\u0159echodu na Link \u2013 v\u00fdkonn\u00e9 \u0159e\u0161en\u00ed navr\u017een\u00e9 pro va\u0161e pohodl\u00ed. Platforma nab\u00edz\u00ed pokro\u010dil\u00e9 funkce spr\u00e1vy, vysokou \u00farove\u0148 stability a zabezpe\u010den\u00ed, kter\u00e9 spl\u0148uje nejnov\u011bj\u0161\u00ed pr\u016fmyslov\u00e9 standardy.<\/p>\n<p data-sourcepos=\"7:1-7:150\">Ch\u00e1peme, \u017ee tato zm\u011bna m\u016f\u017ee vyvolat ot\u00e1zky, a proto jsme p\u0159ipravili podrobn\u00e9 pokyny a komplexn\u00ed podporu, aby byl p\u0159echod co nejplynulej\u0161\u00ed a nejsnaz\u0161\u00ed.<\/p>\n<h2 data-sourcepos=\"9:1-9:29\">Pro\u010d tuto zm\u011bnu prov\u00e1d\u00edme?<\/h2>\n<p data-sourcepos=\"11:1-11:360\">Na\u0161e rozhodnut\u00ed p\u0159ej\u00edt na Link je motivov\u00e1no pot\u0159ebou poskytnout v\u00e1m lep\u0161\u00ed kvalitu slu\u017eeb a modern\u00ed n\u00e1stroje pro spr\u00e1vu za\u0159\u00edzen\u00ed. Aplikace Intercom pro Android je zastaral\u00e1 a ji\u017e nespl\u0148uje sou\u010dasn\u00e9 po\u017eadavky. M\u00edsto aktualizace star\u00e9 platformy jsme se rozhodli vyvinout v\u00fdkonn\u011bj\u0161\u00ed a u\u017eivatelsky p\u0159\u00edv\u011btiv\u011bj\u0161\u00ed \u0159e\u0161en\u00ed, kter\u00e9 nastav\u00ed nov\u00fd standard pro va\u0161e pohodl\u00ed.<\/p>\n<h2 data-sourcepos=\"13:1-13:14\">Co je Link?<\/h2>\n<p data-sourcepos=\"15:1-15:192\">Link je platforma ur\u010den\u00e1 pro ty, kte\u0159\u00ed si cen\u00ed pohodl\u00ed a spolehlivosti. Nahrazuje Intercom a nab\u00edz\u00ed v\u00edce funkc\u00ed, vylep\u0161en\u00fd design a dlouhodobou podporu. Zde je to, co m\u016f\u017eete od Linku o\u010dek\u00e1vat:<\/p>\n<ul data-sourcepos=\"17:1-21:0\">\n<li data-sourcepos=\"17:1-17:109\">** p\u0159epracovan\u00e9 rozhran\u00ed:** Jednoduch\u00fd a intuitivn\u00ed design vytvo\u0159en\u00fd pro bezprobl\u00e9mov\u00fd u\u017eivatelsk\u00fd z\u00e1\u017eitek.<\/li>\n<li data-sourcepos=\"18:1-18:127\"><strong>Podpora modern\u00edch za\u0159\u00edzen\u00ed:<\/strong> Link je kompatibiln\u00ed s nejnov\u011bj\u0161\u00edmi opera\u010dn\u00edmi syst\u00e9my a integruje se s nov\u00fdmi technologiemi.<\/li>\n<li data-sourcepos=\"19:1-19:129\"><strong>Pokro\u010dil\u00e9 funkce:<\/strong> Spr\u00e1va p\u0159\u00edstupu, zabezpe\u010den\u00ed a flexibiln\u00ed konfigurace za\u0159\u00edzen\u00ed \u2013 to v\u0161e je k dispozici na nov\u00e9 platform\u011b.<\/li>\n<li data-sourcepos=\"20:1-21:0\"><strong>Stabilita a spolehlivost:<\/strong> Vytvo\u0159eno pro zvl\u00e1d\u00e1n\u00ed vysok\u00e9ho zat\u00ed\u017een\u00ed a zaji\u0161t\u011bn\u00ed nep\u0159eru\u0161ovan\u00e9ho v\u00fdkonu.<\/li>\n<\/ul>\n<h2 data-sourcepos=\"22:1-22:29\">Jak bude prob\u00edhat p\u0159echod?<\/h2>\n<p data-sourcepos=\"24:1-24:319\">Proces p\u0159echodu jsme co nejv\u00edce zjednodu\u0161ili. Aktivn\u00ed \u00fa\u010dty Intercomu budou automaticky migrov\u00e1ny na platformu Link a u\u017eivatel\u00e9 obdr\u017e\u00ed licence Basic verze odpov\u00eddaj\u00edc\u00ed po\u010dtu SIP \u010d\u00edsel na jejich \u00fa\u010dtu. Proces je navr\u017een tak, aby minimalizoval p\u0159\u00edpadn\u00e9 pot\u00ed\u017ee a z\u00e1rove\u0148 zajistil p\u0159\u00edstup ke v\u0161em dostupn\u00fdm funkc\u00edm platformy.<\/p>\n<p data-sourcepos=\"26:1-26:49\">Pro majitele nemovitost\u00ed bude p\u0159echod jednoduch\u00fd:<\/p>\n<ol data-sourcepos=\"28:1-30:0\">\n<li data-sourcepos=\"28:1-28:62\">Nastavte si \u00fa\u010det a p\u0159ipojte interkomov\u00e1 za\u0159\u00edzen\u00ed k serveru.<\/li>\n<li data-sourcepos=\"29:1-30:0\">Vypl\u0148te tabulku s informacemi o obyvatel\u00edch a nahrajte ji do syst\u00e9mu.<\/li>\n<\/ol>\n<p data-sourcepos=\"31:1-31:135\">Syst\u00e9m se postar\u00e1 o zbytek: vytvo\u0159\u00ed u\u017eivatelsk\u00e9 \u00fa\u010dty, roze\u0161le pozv\u00e1nky, nakonfiguruje interkomov\u00e1 za\u0159\u00edzen\u00ed a ud\u011bl\u00ed p\u0159\u00edstup k platform\u011b.<\/p>\n<p data-sourcepos=\"33:1-33:116\">Obyvatel\u00e9 budou muset pouze dokon\u010dit registraci prost\u0159ednictv\u00edm pozv\u00e1nky \u2013 a mohou ihned za\u010d\u00edt pou\u017e\u00edvat nov\u00fd syst\u00e9m.<\/p>\n<h2 data-sourcepos=\"35:1-35:27\">Co bude platforma d\u011blat:<\/h2>\n<ul data-sourcepos=\"37:1-40:0\">\n<li data-sourcepos=\"37:1-37:88\">Automaticky propoj\u00ed u\u017eivatelsk\u00e9 \u00fa\u010dty s jejich za\u0159\u00edzen\u00edmi a poskytne p\u0159\u00edstup ke slu\u017eb\u011b.<\/li>\n<li data-sourcepos=\"38:1-38:97\">Nakonfiguruje integraci interkomu, v\u010detn\u011b synchronizace telefonn\u00edho seznamu, pokud je to nutn\u00e9.<\/li>\n<li data-sourcepos=\"39:1-40:0\">Zpracuje data a vyd\u00e1 licence Basic verze pro Link.<\/li>\n<\/ul>\n<p data-sourcepos=\"41:1-41:151\">Pro slo\u017eit\u011bj\u0161\u00ed p\u0159\u00edpady, jako je pr\u00e1ce se star\u0161\u00edmi za\u0159\u00edzen\u00edmi nebo ru\u010dn\u00ed p\u0159enos dat, jsme vyvinuli n\u00e1stroje, kter\u00e9 partner\u016fm pomohou zefektivnit proces.<\/p>\n<h2 data-sourcepos=\"43:1-43:28\">Jak\u00e9 jsou pro v\u00e1s v\u00fdhody?<\/h2>\n<p data-sourcepos=\"45:1-45:85\">Aby byl p\u0159echod co nejp\u0159\u00ednosn\u011bj\u0161\u00ed, nab\u00edz\u00ed platforma Link \u0161irokou \u0161k\u00e1lu nov\u00fdch funkc\u00ed:<\/p>\n<p data-sourcepos=\"47:1-47:20\"><strong>Spr\u00e1va p\u0159\u00edstupu:<\/strong><\/p>\n<ul data-sourcepos=\"49:1-50:0\">\n<li data-sourcepos=\"49:1-50:0\">Pln\u00e1 kontrola nad p\u0159\u00edstupem do budovy prost\u0159ednictv\u00edm mobiln\u00ed aplikace, v\u010detn\u011b d\u00e1lkov\u00e9ho odemyk\u00e1n\u00ed dve\u0159\u00ed a spr\u00e1vy p\u0159\u00edstupu host\u016f.<\/li>\n<\/ul>\n<p data-sourcepos=\"51:1-51:33\"><strong>Vylep\u0161en\u00e9 mo\u017enosti interakce:<\/strong><\/p>\n<ul data-sourcepos=\"53:1-54:0\">\n<li data-sourcepos=\"53:1-54:0\">Integrace s modern\u00edmi za\u0159\u00edzen\u00edmi, jako jsou Apple Watch a Siri, spr\u00e1va rodinn\u00fdch ud\u00e1lost\u00ed a rezervace m\u00edstnost\u00ed prost\u0159ednictv\u00edm platformy.<\/li>\n<\/ul>\n<p data-sourcepos=\"55:1-55:33\"><strong>Protokolov\u00e1n\u00ed a monitorov\u00e1n\u00ed:<\/strong><\/p>\n<ul data-sourcepos=\"57:1-58:0\">\n<li data-sourcepos=\"57:1-58:0\">Zobrazen\u00ed historie hovor\u016f, protokol\u016f p\u0159\u00edstupu a spr\u00e1va pl\u00e1n\u016f a omezen\u00ed.<\/li>\n<\/ul>\n<p data-sourcepos=\"59:1-59:30\"><strong>Modularita a p\u0159izp\u016fsoben\u00ed:<\/strong><\/p>\n<ul data-sourcepos=\"61:1-62:0\">\n<li data-sourcepos=\"61:1-62:0\">Vytv\u00e1\u0159en\u00ed prostor pro reziden\u010dn\u00ed a komer\u010dn\u00ed nemovitosti, konfigurace flexibiln\u00edch pravidel pro p\u0159esm\u011brov\u00e1n\u00ed hovor\u016f a spr\u00e1va telefonn\u00edch seznam\u016f.<\/li>\n<\/ul>\n<p data-sourcepos=\"63:1-63:31\"><strong>Pokro\u010dil\u00e9 funkce telefonie:<\/strong><\/p>\n<ul data-sourcepos=\"65:1-66:0\">\n<li data-sourcepos=\"65:1-66:0\">Podpora pro SIP trunking, virtu\u00e1ln\u00ed \u010d\u00edsla a funkce softphone pro bezprobl\u00e9movou komunikaci.<\/li>\n<\/ul>\n<p data-sourcepos=\"67:1-67:26\"><strong>Bezpe\u010dnostn\u00ed n\u00e1stroje:<\/strong><\/p>\n<ul data-sourcepos=\"69:1-70:0\">\n<li data-sourcepos=\"69:1-70:0\">Integrace se za\u0159\u00edzen\u00edmi pro t\u00eds\u0148ov\u00e9 vol\u00e1n\u00ed, spr\u00e1va p\u0159\u00edstupu k v\u00fdtahu a kontrola nad omezen\u00fdmi oblastmi.<\/li>\n<\/ul>\n<h2 data-sourcepos=\"71:1-71:35\">Jak budeme u\u017eivatele informovat?<\/h2>\n<p data-sourcepos=\"73:1-73:72\">P\u0159ipravili jsme s\u00e9rii ozn\u00e1men\u00ed, kter\u00e1 v\u00e1s provedou ka\u017edou f\u00e1z\u00ed p\u0159echodu:<\/p>\n<ul data-sourcepos=\"75:1-79:0\">\n<li data-sourcepos=\"75:1-75:139\"><strong>Informa\u010dn\u00ed e-maily:<\/strong> Obdr\u017e\u00edte e-maily s podrobnostmi o zm\u011bn\u00e1ch, \u010dasov\u00e9 ose p\u0159echodu, v\u00fdhod\u00e1ch Linku a pokyny k migraci krok za krokem.<\/li>\n<li data-sourcepos=\"76:1-76:103\"><strong>Pozv\u00e1nky k registraci:<\/strong> Po migraci dat obdr\u017e\u00edte pozv\u00e1nku k dokon\u010den\u00ed registrace na nov\u00e9 platform\u011b.<\/li>\n<li data-sourcepos=\"77:1-77:146\"><strong>P\u0159ipomenut\u00ed:<\/strong> V p\u0159\u00edpad\u011b pot\u0159eby v\u00e1m za\u0161leme p\u0159ipomenut\u00ed, abyste se ujistili, \u017ee jste dokon\u010dili nastaven\u00ed a za\u010dali pou\u017e\u00edvat Link bez zpo\u017ed\u011bn\u00ed.<\/li>\n<li data-sourcepos=\"78:1-79:0\"><strong>Podpora u\u017eivatel\u016f:<\/strong> N\u00e1\u0161 t\u00fdm bude k dispozici, aby zodpov\u011bd\u011bl va\u0161e dotazy prost\u0159ednictv\u00edm e-mailu a dal\u0161\u00edch kan\u00e1l\u016f podpory.<\/li>\n<\/ul>\n<h2 data-sourcepos=\"80:1-80:55\">Migrace z Intercomu na Link: Pr\u016fvodce krok za krokem<\/h2>\n<p data-sourcepos=\"82:1-82:286\">Abyste zajistili hladk\u00fd p\u0159echod, obdr\u017e\u00edte pozv\u00e1nku k p\u0159ipojen\u00ed k nov\u00e9mu serveru Link mezi 20. a 25. \u00fanorem. Tato pozv\u00e1nka bude odesl\u00e1na na e-mailovou adresu, kterou jste pou\u017eili k registraci v Intercomu. B\u011bhem tohoto obdob\u00ed pros\u00edm zkontrolujte svou doru\u010denou po\u0161tu (a slo\u017eku se spamem).<\/p>\n<h2 data-sourcepos=\"84:1-84:20\">Za\u010d\u00edn\u00e1me s Linkem<\/h2>\n<ol data-sourcepos=\"86:1-90:0\">\n<li data-sourcepos=\"86:1-86:93\"><strong>P\u0159ijm\u011bte pozv\u00e1nku:<\/strong> Klikn\u011bte na odkaz v e-mailu s pozv\u00e1nkou pro p\u0159\u00edstup k serveru Link.<\/li>\n<li data-sourcepos=\"87:1-87:81\"><strong>Vytvo\u0159te heslo:<\/strong> Budete vyzv\u00e1ni k vytvo\u0159en\u00ed nov\u00e9ho hesla pro v\u00e1\u0161 \u00fa\u010det Link.<\/li>\n<li data-sourcepos=\"88:1-88:140\"><strong>P\u0159ihlaste se:<\/strong> Jakmile si vytvo\u0159\u00edte heslo, m\u016f\u017eete se p\u0159ihl\u00e1sit k serveru Link pomoc\u00ed sv\u00e9 registrovan\u00e9 e-mailov\u00e9 adresy a nov\u00e9ho hesla.<\/li>\n<li data-sourcepos=\"89:1-90:0\"><strong>Postupujte podle pokyn\u016f k nastaven\u00ed:<\/strong> Po p\u0159ihl\u00e1\u0161en\u00ed budete provedeni procesem nastaven\u00ed. Pokyny se budou li\u0161it v z\u00e1vislosti na typu u\u017eivatele a za\u0159\u00edzen\u00ed.<\/li>\n<\/ol>\n<h2 data-sourcepos=\"91:1-91:34\">Pokyny specifick\u00e9 pro u\u017eivatele<\/h2>\n<p data-sourcepos=\"93:1-93:103\">Abychom proces migrace co nejv\u00edce usnadnili, poskytli jsme podrobn\u00e9 pokyny pro r\u016fzn\u00e9 skupiny u\u017eivatel\u016f:<\/p>\n<p data-sourcepos=\"95:1-95:13\"><strong>Partne\u0159i:<\/strong><\/p>\n<div id=\"model-response-message-contentr_7cc64dd4d44cdcb4\" class=\"markdown markdown-main-panel\" dir=\"ltr\">\n<ul>\n<li><a href=\"https:\/\/basip.atlassian.net\/wiki\/spaces\/migrationtothelink\/pages\/354812908\" target=\"_blank\" rel=\"noopener\">Vlastn\u00edci nov\u00e9ho vybaven\u00ed nebo osoby odpov\u011bdn\u00e9 za jeho nastaven\u00ed<\/a><\/li>\n<li><a href=\"https:\/\/basip.atlassian.net\/wiki\/spaces\/migrationtothelink\/pages\/354713882\" target=\"_blank\" rel=\"noopener\">Vlastn\u00edci star\u00e9ho vybaven\u00ed (nebo osoby odpov\u011bdn\u00e9 za jeho nastaven\u00ed), kter\u00e9 nelze p\u0159ipojit k nov\u00e9mu serveru Link<\/a><\/li>\n<li><a style=\"font-size: revert;\" href=\"https:\/\/basip.atlassian.net\/wiki\/spaces\/migrationtothelink\/pages\/354877460\" target=\"_blank\" rel=\"noopener\">Vlastn\u00edci star\u00e9ho vybaven\u00ed (nebo osoby odpov\u011bdn\u00e9 za jeho nastaven\u00ed), kter\u00e9 podporuje p\u0159ipojen\u00ed k nov\u00e9mu serveru Link<\/a><\/li>\n<\/ul>\n<p><strong>Obyvatel\u00e9 bytov\u00fdch komplex\u016f nebo soukrom\u00ed klienti:<\/strong><\/p>\n<ul>\n<li><a href=\"https:\/\/basip.atlassian.net\/wiki\/spaces\/migrationtothelink\/pages\/354713902\" target=\"_blank\" rel=\"noopener\">U\u017eivatel\u00e9 Intercomu, kte\u0159\u00ed nemaj\u00ed interkom, ale maj\u00ed mobiln\u00ed aplikaci<\/a><\/li>\n<li><a href=\"https:\/\/basip.atlassian.net\/wiki\/spaces\/migrationtothelink\/pages\/354713892\" target=\"_blank\" rel=\"noopener\">U\u017eivatel\u00e9 Intercomu, kte\u0159\u00ed maj\u00ed interkom i mobiln\u00ed aplikac<\/a><\/li>\n<\/ul>\n<p data-sourcepos=\"1:1-1:211\">Doporu\u010dujeme v\u00e1m, abyste si prohl\u00e9dli pokyny, kter\u00e9 se vztahuj\u00ed k va\u0161emu typu u\u017eivatele a vybaven\u00ed. Pokud m\u00e1te jak\u00e9koli dotazy nebo pot\u0159ebujete pomoc b\u011bhem procesu migrace, nev\u00e1hejte kontaktovat n\u00e1\u0161 t\u00fdm podpory.<\/p>\n<p data-sourcepos=\"3:1-3:113\">Jsme p\u0159esv\u011bd\u010deni, \u017ee si vylep\u0161enou komunikaci, kterou Link nab\u00edz\u00ed, u\u017eijete. D\u011bkujeme v\u00e1m za va\u0161i trvalou podporu!<\/p>\n<p data-sourcepos=\"5:1-5:23\">V\u00edtejte ve slu\u017eb\u011b Link!<\/p>\n<\/div>\n\n<!-- START Block Sign Up --><section id=\"block_629678229e935\" class=\"sign-up-section\">\r\n\r\n    <div class=\"form-holder js-form\" data-aos=\"fade-right\">\r\n                    <div class=\"title-block h3\">Sign up for connection<\/div>\r\n        \r\n                    <div class=\"text-block\">\r\n                Filling out all the information needed to answer you as quickly as possible            <\/div>\r\n        \r\n                    \n<div class=\"wpcf7 no-js\" id=\"wpcf7-f102-o1\" lang=\"en-US\" dir=\"ltr\">\n<div class=\"screen-reader-response\"><p role=\"status\" aria-live=\"polite\" aria-atomic=\"true\"><\/p> <ul><\/ul><\/div>\n<form action=\"\/cs\/wp-json\/wp\/v2\/pages\/131203#wpcf7-f102-o1\" method=\"post\" class=\"wpcf7-form init\" aria-label=\"Contact form\" enctype=\"multipart\/form-data\" novalidate=\"novalidate\" data-status=\"init\">\n<div style=\"display: none;\">\n<input type=\"hidden\" name=\"_wpcf7\" value=\"102\" \/>\n<input type=\"hidden\" name=\"_wpcf7_version\" value=\"5.8.3\" \/>\n<input type=\"hidden\" name=\"_wpcf7_locale\" value=\"en_US\" \/>\n<input type=\"hidden\" name=\"_wpcf7_unit_tag\" value=\"wpcf7-f102-o1\" \/>\n<input type=\"hidden\" name=\"_wpcf7_container_post\" value=\"0\" \/>\n<input type=\"hidden\" name=\"_wpcf7_posted_data_hash\" value=\"\" \/>\n<input type=\"hidden\" name=\"_wpcf7_recaptcha_response\" value=\"\" \/>\n<\/div>\n<div class=\"row\"> \n <label><span class=\"label-text\">Name<\/span> \n  <span class=\"wpcf7-form-control-wrap\" data-name=\"text-full-name\"><input size=\"40\" class=\"wpcf7-form-control wpcf7-text wpcf7-validates-as-required\" aria-required=\"true\" aria-invalid=\"false\" placeholder=\"Name\" value=\"\" type=\"text\" name=\"text-full-name\" \/><\/span><\/label> \n<\/div> \n<div class=\"row\"> \n <label><span class=\"label-text\">Phone*<\/span> \n<span class=\"wpcf7-form-control-wrap\" data-name=\"phonetext-270\"><input size=\"40\" class=\"wpcf7-form-control wpcf7-phonetext wpcf7-validates-as-required wpcf7-text wpcf7-validates-as-phonetext\" aria-required=\"true\" aria-invalid=\"false\" placeholder=\"Phone*\" value=\"\" type=\"text\" name=\"phonetext-270\" \/><input type=\"hidden\" name=\"phonetext-270-country-code\" class=\"wpcf7-phonetext-country-code\" \/><\/span><\/label> \n<\/div> \n<div class=\"row\"> \n <label><span class=\"label-text\">E-mail<\/span> \n  <span class=\"wpcf7-form-control-wrap\" data-name=\"email-e-mail\"><input size=\"40\" class=\"wpcf7-form-control wpcf7-email wpcf7-validates-as-required wpcf7-text wpcf7-validates-as-email\" aria-required=\"true\" aria-invalid=\"false\" placeholder=\"E-mail\" value=\"\" type=\"email\" name=\"email-e-mail\" \/><\/span><\/label> \n<\/div> \n<div class=\"row\"><span>Your country<\/span> \n <label><span class=\"wpcf7-form-control-wrap\" data-name=\"countrytext-126\"><input size=\"40\" class=\"wpcf7-form-control wpcf7-countrytext wpcf7-text wpcf7-validates-as-countrytext\" aria-invalid=\"false\" value=\"\" type=\"text\" name=\"countrytext-126\" \/><\/span> <\/label>\n<\/div> \n<div class=\"row\"> \n <button type=\"submit\" class=\"btn\">Send<\/button> \n<\/div> \n<div class=\"row\"> \n <span class=\"wpcf7-form-control-wrap\" data-name=\"checkbox-931\"><span class=\"wpcf7-form-control wpcf7-checkbox\"><span class=\"wpcf7-list-item first\"><label><input type=\"checkbox\" name=\"checkbox-931[]\" value=\"Integrator\" \/><span class=\"wpcf7-list-item-label\">Integrator<\/span><\/label><\/span><span class=\"wpcf7-list-item\"><label><input type=\"checkbox\" name=\"checkbox-931[]\" value=\"Builder\" \/><span class=\"wpcf7-list-item-label\">Builder<\/span><\/label><\/span><span class=\"wpcf7-list-item last\"><label><input type=\"checkbox\" name=\"checkbox-931[]\" value=\"End-User\" \/><span class=\"wpcf7-list-item-label\">End-User<\/span><\/label><\/span><\/span><\/span> \n<\/div> \n<div class=\"row row-upload-file\"> \n <label class=\"upload-file-block js-upload-file\">Attach file \n  <span class=\"wpcf7-form-control-wrap\" data-name=\"file-466\"><input size=\"40\" class=\"wpcf7-form-control wpcf7-file\" accept=\"audio\/*,video\/*,image\/*\" aria-invalid=\"false\" type=\"file\" name=\"file-466\" \/><\/span><\/label> \n<\/div><input type='hidden' class='wpcf7-pum' value='{\"closepopup\":false,\"closedelay\":0,\"openpopup\":false,\"openpopup_id\":0}' \/><div class=\"wpcf7-response-output\" aria-hidden=\"true\"><\/div>\n<\/form>\n<\/div>\n            <\/div>\r\n\r\n\t\t    <div class=\"text-holder\" data-aos=\"fade-left\">\r\n\t\t\t\t\t\t    <h3 class=\"title-block\">How Can We Help?<\/h3>\r\n\t\t\t\r\n\t\t\t                <div class=\"text-block\">\r\n                    Please select a topic below related to your inquiry. If you don&#8217;t find what you need, fill out our contact form.                <\/div>\r\n\t\t\t\r\n\t\t\t\t\t\t    <ul class=\"link-list\">\r\n\t\t\t\t\t\t\t\t\t\t\t\t\t\t\t\t\t\t<li>\r\n\t\t\t\t\t\t\t\t\t\t\t\t\t\t\t\t    <strong>Get Inspired<\/strong>\r\n\t\t\t\t\t\t\t\t\t\t\t\t\t\t\t\t\t\t\t\t\t\t\t\t    <a href=\"\/features\/\">\r\n\t\t\t\t\t\t\t\t        Discover what&#8217;s beneath our intercom\t\t\t\t\t\t\t\t    <\/a>\r\n\t\t\t\t\t\t\t\t\t\t\t\t\t\t\t<\/li>\r\n\t\t\t\t\t\t\t\t\t\t\t\t\t\t\t\t\t\t\t\t\t\t\t\t<li>\r\n\t\t\t\t\t\t\t\t\t\t\t\t\t\t\t\t    <strong>Become a Partner<\/strong>\r\n\t\t\t\t\t\t\t\t\t\t\t\t\t\t\t\t\t\t\t\t\t\t\t\t    <a href=\"\/distributors\/\">\r\n\t\t\t\t\t\t\t\t        Expand your business with BAS-IP intercom\t\t\t\t\t\t\t\t    <\/a>\r\n\t\t\t\t\t\t\t\t\t\t\t\t\t\t\t<\/li>\r\n\t\t\t\t\t\t\t\t\t\t\t\t\t\t\t\t\t\t\t\t\t\t\t\t<li>\r\n\t\t\t\t\t\t\t\t\t\t\t\t\t\t\t\t    <strong>Check the Guides<\/strong>\r\n\t\t\t\t\t\t\t\t\t\t\t\t\t\t\t\t\t\t\t\t\t\t\t\t    <a href=\"\/support\/\">\r\n\t\t\t\t\t\t\t\t        Download detailed manuals and schemes\t\t\t\t\t\t\t\t    <\/a>\r\n\t\t\t\t\t\t\t\t\t\t\t\t\t\t\t<\/li>\r\n\t\t\t\t\t\t\t\t\t\t\t\t\t\t\t<\/ul>\r\n\t\t\t\r\n\t\t\t\t\t\t    <h3 class=\"title-block\">Our contacts<\/h3>\r\n\t\t\t\r\n\t\t\t\t\t\t\t<ul class=\"contact-list\">\r\n\t\t\t\t\t\t\t\t\t\t\t\t\t\t\t\t\t\t<li>\r\n\t\t\t\t\t\t\t\t\t\t\t\t\t\t\t\t\t<strong>Sales:<\/strong>\r\n\t\t\t\t\t\t\t\t\t\t\t\t\t\t\t\t\t\t\t\t\t\t\t\t    <a href=\"mailto:s&#97;l&#101;&#115;&#64;&#98;a&#115;-i&#112;&#46;&#99;om\">&#115;a&#108;e&#115;&#64;ba&#115;&#45;&#105;&#112;&#46;&#99;om<\/a>\r\n\t\t\t\t\t\t\t\t\t\t\t\t\t\t\t<\/li>\r\n\t\t\t\t\t\t\t\t\t\t\t\t\t\t\t\t\t\t\t\t\t\t\t\t<li>\r\n\t\t\t\t\t\t\t\t\t\t\t\t\t\t\t\t\t<strong>Technical support:<\/strong>\r\n\t\t\t\t\t\t\t\t\t\t\t\t\t\t\t\t\t\t\t\t\t\t\t\t    <a href=\"mailto:&#115;&#117;&#112;por&#116;&#64;bas-&#105;p&#46;c&#111;m\">s&#117;&#112;por&#116;&#64;b&#97;s&#45;&#105;&#112;&#46;co&#109;<\/a>\r\n\t\t\t\t\t\t\t\t\t\t\t\t\t\t\t<\/li>\r\n\t\t\t\t\t\t\t\t\t\t\t\t\t\t\t<\/ul>\r\n\t\t\t\t\t<\/div>\r\n\t<\/section>\r\n\r\n\r\n\r\n<!-- END Block Sign Up -->","protected":false},"excerpt":{"rendered":"<p>Intercom se p\u0159esouv\u00e1 na Link: Co to pro v\u00e1s znamen\u00e1? Od 4. b\u0159ezna 2025 ji\u017e nebude aplikace Intercom pro Android dostupn\u00e1 v Obchod\u011b Google Play. Webov\u00e1 verze a aplikace pro iOS v\u0161ak budou i nad\u00e1le fungovat beze zm\u011bn a servery Intercomu z\u016fstanou aktivn\u00ed, aby byla zaji\u0161t\u011bna stabilita a p\u0159\u00edstup k va\u0161im dat\u016fm, dokud neskon\u010d\u00ed podpora [&hellip;]<\/p>","protected":false},"author":1,"featured_media":0,"parent":0,"menu_order":0,"comment_status":"closed","ping_status":"closed","template":"","meta":{"inline_featured_image":false,"footnotes":""},"class_list":["post-131203","page","type-page","status-publish","hentry"],"acf":[],"_links":{"self":[{"href":"https:\/\/bas-ip.com\/cs\/wp-json\/wp\/v2\/pages\/131203","targetHints":{"allow":["GET"]}}],"collection":[{"href":"https:\/\/bas-ip.com\/cs\/wp-json\/wp\/v2\/pages"}],"about":[{"href":"https:\/\/bas-ip.com\/cs\/wp-json\/wp\/v2\/types\/page"}],"author":[{"embeddable":true,"href":"https:\/\/bas-ip.com\/cs\/wp-json\/wp\/v2\/users\/1"}],"replies":[{"embeddable":true,"href":"https:\/\/bas-ip.com\/cs\/wp-json\/wp\/v2\/comments?post=131203"}],"version-history":[{"count":3,"href":"https:\/\/bas-ip.com\/cs\/wp-json\/wp\/v2\/pages\/131203\/revisions"}],"predecessor-version":[{"id":131490,"href":"https:\/\/bas-ip.com\/cs\/wp-json\/wp\/v2\/pages\/131203\/revisions\/131490"}],"wp:attachment":[{"href":"https:\/\/bas-ip.com\/cs\/wp-json\/wp\/v2\/media?parent=131203"}],"curies":[{"name":"wp","href":"https:\/\/api.w.org\/{rel}","templated":true}]}}