{"id":123024,"date":"2023-03-31T12:50:05","date_gmt":"2023-03-31T12:50:05","guid":{"rendered":"https:\/\/bas-ip.com\/?page_id=123024"},"modified":"2025-03-14T09:45:02","modified_gmt":"2025-03-14T09:45:02","slug":"vytah-vytah","status":"publish","type":"page","link":"https:\/\/bas-ip.com\/cs\/vytah\/","title":{"rendered":"V\u00fdtah"},"content":{"rendered":"<h1 class=\"wp-block-heading\"><strong>Interkom ve v\u00fdtahu zalo\u017een\u00fd na technologii IP<\/strong><\/h1>\n\n\n\n<p>Ve st\u00e1le propojen\u00e9m sv\u011bt\u011b se komunikace stala nejd\u016fle\u017eit\u011bj\u0161\u00ed. To plat\u00ed zejm\u00e9na v prost\u0159ed\u00edch, kde je z\u00e1sadn\u00ed bezpe\u010dnost a dostupnost, nap\u0159\u00edklad ve v\u00fdtaz\u00edch. V\u00fdtahov\u00fd interkom hraje z\u00e1sadn\u00ed roli p\u0159i zaji\u0161\u0165ov\u00e1n\u00ed bezpe\u010dnosti cestuj\u00edc\u00edch a je st\u00e1le \u010dast\u011bji pova\u017eov\u00e1n za povinn\u00fd prvek. Poj\u010fme se pod\u00edvat na v\u00fdhody pou\u017e\u00edv\u00e1n\u00ed v\u00fdtahov\u00fdch interkomov\u00fdch syst\u00e9m\u016f BAS-IP zalo\u017een\u00fdch na protokolu IP a na to, jak revolu\u010dn\u011b m\u011bn\u00ed prost\u0159ed\u00ed v\u00fdtah\u016f.<\/p>\n\n\n<!-- START Block Features --><section id=\"block_6437d003aff43\" class=\"features-section\">\r\n\t\r\n    <div class=\"features-list\">\r\n                    <div class=\"features-item\" data-aos=\"fade-up\">\r\n    <div class=\"features-box\">\r\n                    <div class=\"image-holder\">\r\n                <img loading=\"lazy\" decoding=\"async\" width=\"350\" height=\"320\" src=\"https:\/\/bas-ip.com\/wp-content\/uploads\/2023\/04\/1-6-350x320.jpg\" class=\"attachment-thumbnail_350x320 size-thumbnail_350x320\" alt=\"\" \/>            <\/div>\r\n        \r\n        <div class=\"text-holder\">\r\n                        <h3 class=\"title-block\">Pot\u0159eba interkom\u016f ve v\u00fdtahech<\/h3>\r\n          \r\n                        <div class=\"text-block\">\r\n                <p>V\u00fdtahov\u00e9 interkomy slou\u017e\u00ed cestuj\u00edc\u00edm jako z\u00e1chrann\u00e9 lano v p\u0159\u00edpad\u011b nouze nebo technick\u00fdch probl\u00e9m\u016f. Poskytuj\u00ed p\u0159\u00edm\u00fd komunika\u010dn\u00ed kan\u00e1l se spr\u00e1vou budovy nebo z\u00e1chrannou slu\u017ebou a zaji\u0161\u0165uj\u00ed rychlou pomoc v p\u0159\u00edpad\u011b pot\u0159eby. Spolehliv\u00fd a \u00fa\u010dinn\u00fd interkomov\u00fd syst\u00e9m ve v\u00fdtaz\u00edch je proto nezbytn\u00fd pro zachov\u00e1n\u00ed bezpe\u010dnostn\u00edch standard\u016f a uklidn\u011bn\u00ed cestuj\u00edc\u00edch.<\/p>\n              <\/div>\r\n                  <\/div>\r\n    <\/div>\r\n<\/div>\r\n                    <div class=\"features-item\" data-aos=\"fade-up\">\r\n    <div class=\"features-box\">\r\n                    <div class=\"image-holder\">\r\n                <img loading=\"lazy\" decoding=\"async\" width=\"350\" height=\"320\" src=\"https:\/\/bas-ip.com\/wp-content\/uploads\/2023\/04\/2-6-350x320.jpg\" class=\"attachment-thumbnail_350x320 size-thumbnail_350x320\" alt=\"\" \/>            <\/div>\r\n        \r\n        <div class=\"text-holder\">\r\n                        <h3 class=\"title-block\">Interkomy zalo\u017een\u00e9 na IP: Krok nad tradi\u010dn\u00edmi syst\u00e9my<\/h3>\r\n          \r\n                        <div class=\"text-block\">\r\n                <p>Tradi\u010dn\u00ed analogov\u00e9 interkomov\u00e9 syst\u00e9my byly po mnoho let standardem. N\u00e1stup \u0159e\u0161en\u00ed zalo\u017een\u00fdch na protokolu IP, kter\u00e1 vyu\u017e\u00edvaj\u00ed internetov\u00fd protokol (IP) a protokol SIP (Session Initiation Protocol), v\u0161ak p\u0159inesl zm\u011bnu paradigmatu ve zp\u016fsobu komunikace ve v\u00fdtaz\u00edch.<\/p>\n              <\/div>\r\n                  <\/div>\r\n    <\/div>\r\n<\/div>\r\n                    <div class=\"features-item\" data-aos=\"fade-up\">\r\n    <div class=\"features-box\">\r\n                    <div class=\"image-holder\">\r\n                <img loading=\"lazy\" decoding=\"async\" width=\"350\" height=\"320\" src=\"https:\/\/bas-ip.com\/wp-content\/uploads\/2023\/04\/3-6-350x320.jpg\" class=\"attachment-thumbnail_350x320 size-thumbnail_350x320\" alt=\"\" \/>            <\/div>\r\n        \r\n        <div class=\"text-holder\">\r\n                        <h3 class=\"title-block\">Partnerstv\u00ed s glob\u00e1ln\u00edmi v\u00fdrobci v\u00fdtah\u016f<\/h3>\r\n          \r\n                        <div class=\"text-block\">\r\n                <p>Spole\u010dnost BAS-IP nav\u00e1zala partnerstv\u00ed s p\u0159edn\u00edmi v\u00fdrobci v\u00fdtah\u016f, jako je nap\u0159\u00edklad spole\u010dnost Kone, aby zajistila bezprobl\u00e9movou integraci s jejich produkty. Tato spolupr\u00e1ce umo\u017e\u0148uje pln\u00e9 ovl\u00e1d\u00e1n\u00ed v\u00fdtah\u016f Kone z interkom\u016f BAS-IP instalovan\u00fdch v bytech, co\u017e vytv\u00e1\u0159\u00ed ucelen\u00e9 a zjednodu\u0161en\u00e9 u\u017eivatelsk\u00e9 prost\u0159ed\u00ed.<\/p>\n              <\/div>\r\n                  <\/div>\r\n    <\/div>\r\n<\/div>\r\n            <\/div>\r\n<\/section>\r\n<!-- END Block Features -->\n\n\n<h2 class=\"wp-block-heading\"><strong>V\u00fdhody v\u00fdtahov\u00fdch interkom\u016f BAS-IP<\/strong><\/h2>\n\n\n\n<p>Ve srovn\u00e1n\u00ed s tradi\u010dn\u00edmi analogov\u00fdmi syst\u00e9my nab\u00edzej\u00ed v\u00fdtahov\u00e9 interkomy na b\u00e1zi IP, jako je \u0159e\u0161en\u00ed BAS-IP, n\u011bkolik v\u00fdhod:<\/p>\n\n\n<!-- START Block Features --><section id=\"block_6437d09daff47\" class=\"features-section\">\r\n\t\r\n    <div class=\"features-list\">\r\n                    <div class=\"features-item\" data-aos=\"fade-up\">\r\n    <div class=\"features-box\">\r\n                    <div class=\"image-holder\">\r\n                <img loading=\"lazy\" decoding=\"async\" width=\"350\" height=\"320\" src=\"https:\/\/bas-ip.com\/wp-content\/uploads\/2023\/04\/4-6-350x320.jpg\" class=\"attachment-thumbnail_350x320 size-thumbnail_350x320\" alt=\"\" \/>            <\/div>\r\n        \r\n        <div class=\"text-holder\">\r\n                        <h3 class=\"title-block\">Vylep\u0161en\u00e1 kvalita zvuku a videa<\/h3>\r\n          \r\n                        <div class=\"text-block\">\r\n                <p>Interkomy BAS-IP jsou vybaveny vestav\u011bn\u00fdmi kamerami, tak\u017ee spr\u00e1va budovy a bezpe\u010dnostn\u00ed person\u00e1l mohou sledovat \u010dinnost v\u00fdtahu v re\u00e1ln\u00e9m \u010dase. Tato funkce nejen zvy\u0161uje celkovou bezpe\u010dnost budovy, ale slou\u017e\u00ed tak\u00e9 jako odstra\u0161uj\u00edc\u00ed prost\u0159edek pro potenci\u00e1ln\u00ed pachatele.<\/p>\n              <\/div>\r\n                  <\/div>\r\n    <\/div>\r\n<\/div>\r\n                    <div class=\"features-item\" data-aos=\"fade-up\">\r\n    <div class=\"features-box\">\r\n                    <div class=\"image-holder\">\r\n                <img loading=\"lazy\" decoding=\"async\" width=\"350\" height=\"320\" src=\"https:\/\/bas-ip.com\/wp-content\/uploads\/2023\/04\/5-6-350x320.jpg\" class=\"attachment-thumbnail_350x320 size-thumbnail_350x320\" alt=\"\" \/>            <\/div>\r\n        \r\n        <div class=\"text-holder\">\r\n                        <h3 class=\"title-block\">Neomezen\u00e1 podpora za\u0159\u00edzen\u00ed a termin\u00e1l\u016f Concierge<\/h3>\r\n          \r\n                        <div class=\"text-block\">\r\n                <p>\u0158e\u0161en\u00ed BAS-IP podporuje neomezen\u00fd po\u010det za\u0159\u00edzen\u00ed v r\u00e1mci s\u00edt\u011b, v\u010detn\u011b integrace termin\u00e1lu concierge. Tato \u0161k\u00e1lovatelnost zaji\u0161\u0165uje, \u017ee syst\u00e9m m\u016f\u017ee r\u016fst spolu s budovou a p\u0159izp\u016fsobovat se jak\u00fdmkoli zm\u011bn\u00e1m po\u017eadavk\u016f, ani\u017e by do\u0161lo ke sn\u00ed\u017een\u00ed v\u00fdkonu nebo spolehlivosti.<\/p>\n              <\/div>\r\n                  <\/div>\r\n    <\/div>\r\n<\/div>\r\n                    <div class=\"features-item\" data-aos=\"fade-up\">\r\n    <div class=\"features-box\">\r\n                    <div class=\"image-holder\">\r\n                <img loading=\"lazy\" decoding=\"async\" width=\"350\" height=\"320\" src=\"https:\/\/bas-ip.com\/wp-content\/uploads\/2023\/04\/6-5-350x320.jpg\" class=\"attachment-thumbnail_350x320 size-thumbnail_350x320\" alt=\"\" \/>            <\/div>\r\n        \r\n        <div class=\"text-holder\">\r\n                        <h3 class=\"title-block\">Jednodu\u0161\u0161\u00ed instalace a \u00fadr\u017eba<\/h3>\r\n          \r\n                        <div class=\"text-block\">\r\n                <p>IP v\u00fdtahov\u00e9 interkomy vyu\u017e\u00edvaj\u00ed st\u00e1vaj\u00edc\u00ed s\u00ed\u0165ovou infrastrukturu, tak\u017ee jejich instalace a \u00fadr\u017eba je jednodu\u0161\u0161\u00ed a n\u00e1kladov\u011b efektivn\u011bj\u0161\u00ed.<\/p>\n<p>V dne\u0161n\u00edm st\u00e1le v\u00edce propojen\u00e9m sv\u011bt\u011b nelze p\u0159ece\u0148ovat pot\u0159ebu efektivn\u00ed a spolehliv\u00e9 komunikace ve v\u00fdtaz\u00edch. Interkomov\u00e9 syst\u00e9my pro v\u00fdtahy zalo\u017een\u00e9 na protokolu IP, jako je nap\u0159\u00edklad \u0159e\u0161en\u00ed BAS-IP, se staly zlat\u00fdm standardem v t\u00e9to oblasti a nab\u00edzej\u00ed \u0159adu v\u00fdhod oproti tradi\u010dn\u00edm analogov\u00fdm syst\u00e9m\u016fm. Od lep\u0161\u00ed kvality zvuku a obrazu a\u017e po bezprobl\u00e9movou integraci s dal\u0161\u00edmi syst\u00e9my spr\u00e1vy budov &#8211; interkomy IP m\u011bn\u00ed v\u00fdtahovou techniku k lep\u0161\u00edmu. Majitel\u00e9, spr\u00e1vci a u\u017eivatel\u00e9 budov se tak mohou t\u011b\u0161it z v\u011bt\u0161\u00ed bezpe\u010dnosti, convenience, and peace of mind.<\/p>\n              <\/div>\r\n                  <\/div>\r\n    <\/div>\r\n<\/div>\r\n            <\/div>\r\n<\/section>\r\n<!-- END Block Features -->\n\n<!-- START Block FAQ --><section id=\"block_6426d69cbc4a0\" class=\"faq-section\">\r\n\t\t    <h2 class=\"title-section\" data-aos=\"fade-right\">\u010casto kladen\u00e9 ot\u00e1zky<\/h2>\r\n\t\t\t    <div class=\"faq-list js-accordion\" data-aos=\"fade-up\">\r\n\t\t\t\t\t\t\t\t\t\t\t    <div class=\"accordion-item faq-item\">\r\n                        <div class=\"accordion-opener\">\r\n                            Q: Pro\u010d jsou v\u00fdtahov\u00e9 interkomy pova\u017eov\u00e1ny za povinn\u00e9?                            <i class=\"fa-solid fa-chevron-down\"><\/i>\r\n                        <\/div>\r\n                        <div class=\"accordion-slide\">\r\n\t\t\t\t\t\t    <p>V\u00fdtahov\u00e9 interkomy jsou pova\u017eov\u00e1ny za povinn\u00e9, proto\u017ee poskytuj\u00ed p\u0159\u00edm\u00fd komunika\u010dn\u00ed kan\u00e1l mezi cestuj\u00edc\u00edmi a spr\u00e1vou budovy nebo z\u00e1chrannou slu\u017ebou, \u010d\u00edm\u017e zaji\u0161\u0165uj\u00ed v\u010dasnou pomoc v p\u0159\u00edpad\u011b nouze nebo technick\u00fdch probl\u00e9m\u016f.<\/p>\n                        <\/div>\r\n\t\t\t\t\t<\/div>\r\n\t\t\t\t\t\t\t\t\t\t\t\t\t\t\t    <div class=\"accordion-item faq-item\">\r\n                        <div class=\"accordion-opener\">\r\n                            Q: V \u010dem jsou v\u00fdtahov\u00e9 interkomy zalo\u017een\u00e9 na IP lep\u0161\u00ed ne\u017e tradi\u010dn\u00ed analogov\u00e9 syst\u00e9my?                            <i class=\"fa-solid fa-chevron-down\"><\/i>\r\n                        <\/div>\r\n                        <div class=\"accordion-slide\">\r\n\t\t\t\t\t\t    <p>V\u00fdtahov\u00e9 interkomy na b\u00e1zi IP, jako je \u0159e\u0161en\u00ed BAS-IP, maj\u00ed oproti tradi\u010dn\u00edm analogov\u00fdm syst\u00e9m\u016fm n\u011bkolik v\u00fdhod, v\u010detn\u011b lep\u0161\u00ed kvality zvuku a obrazu, \u0161k\u00e1lovatelnosti, snadn\u011bj\u0161\u00ed instalace a \u00fadr\u017eby, vestav\u011bn\u00fdch kamerov\u00fdch funkc\u00ed a bezprobl\u00e9mov\u00e9 integrace s dal\u0161\u00edmi syst\u00e9my na b\u00e1zi IP.<\/p>\n                        <\/div>\r\n\t\t\t\t\t<\/div>\r\n\t\t\t\t\t\t\t\t\t\t\t\t\t\t\t    <div class=\"accordion-item faq-item\">\r\n                        <div class=\"accordion-opener\">\r\n                            Q: Jak funkce vestav\u011bn\u00e9 kamery v IP interkomech zlep\u0161uje bezpe\u010dnost v\u00fdtahu?                            <i class=\"fa-solid fa-chevron-down\"><\/i>\r\n                        <\/div>\r\n                        <div class=\"accordion-slide\">\r\n\t\t\t\t\t\t    <p>Vestav\u011bn\u00e1 funkce kamery v IP interkomu umo\u017e\u0148uje spr\u00e1v\u011b budovy a bezpe\u010dnostn\u00edm pracovn\u00edk\u016fm sledovat \u010dinnost v\u00fdtahu v re\u00e1ln\u00e9m \u010dase. Tato p\u0159idan\u00e1 \u00farove\u0148 zabezpe\u010den\u00ed m\u016f\u017ee p\u016fsobit jako odstra\u0161uj\u00edc\u00ed prost\u0159edek pro potenci\u00e1ln\u00ed pachatele a poskytuje vizu\u00e1ln\u00ed d\u016fkazy v p\u0159\u00edpad\u011b jak\u00fdchkoli incident\u016f.<\/p>\n                        <\/div>\r\n\t\t\t\t\t<\/div>\r\n\t\t\t\t\t\t\t\t\t\t\t\t\t\t\t    <div class=\"accordion-item faq-item\">\r\n                        <div class=\"accordion-opener\">\r\n                            Q: Mohou v\u00fdtahov\u00e9 interkomy na b\u00e1zi IP fungovat s jin\u00fdmi syst\u00e9my spr\u00e1vy budov?                            <i class=\"fa-solid fa-chevron-down\"><\/i>\r\n                        <\/div>\r\n                        <div class=\"accordion-slide\">\r\n\t\t\t\t\t\t    <p>Ano, v\u00fdtahov\u00e9 interkomy zalo\u017een\u00e9 na protokolu IP jsou navr\u017eeny tak, aby se bez probl\u00e9m\u016f integrovaly s ostatn\u00edmi syst\u00e9my spr\u00e1vy budov zalo\u017een\u00fdmi na protokolu IP. To usnad\u0148uje propojen\u011bj\u0161\u00ed a efektivn\u011bj\u0161\u00ed ekosyst\u00e9m spr\u00e1vy budov a zvy\u0161uje celkov\u00e9 zabezpe\u010den\u00ed a pohodl\u00ed.<\/p>\n                        <\/div>\r\n\t\t\t\t\t<\/div>\r\n\t\t\t\t\t\t\t\t\t\t\t\t\t\t\t    <div class=\"accordion-item faq-item\">\r\n                        <div class=\"accordion-opener\">\r\n                            Q: Jak\u00fd p\u0159\u00ednos pro u\u017eivatele m\u00e1 partnerstv\u00ed mezi BAS-IP a v\u00fdrobci v\u00fdtah\u016f, jako je Kone?                            <i class=\"fa-solid fa-chevron-down\"><\/i>\r\n                        <\/div>\r\n                        <div class=\"accordion-slide\">\r\n\t\t\t\t\t\t    <p>Partnerstv\u00ed mezi spole\u010dnost\u00ed BAS-IP a v\u00fdrobci v\u00fdtah\u016f, jako je spole\u010dnost Kone, umo\u017e\u0148uje bezprobl\u00e9movou integraci jejich produkt\u016f. Tato spolupr\u00e1ce umo\u017e\u0148uje pln\u00e9 ovl\u00e1d\u00e1n\u00ed v\u00fdtah\u016f Kone z interkom\u016f BAS-IP instalovan\u00fdch v bytech a poskytuje ucelen\u00fd a zjednodu\u0161en\u00fd u\u017eivatelsk\u00fd z\u00e1\u017eitek.<\/p>\n                        <\/div>\r\n\t\t\t\t\t<\/div>\r\n\t\t\t\t\t\t\t\t\t<\/div>\r\n\t<\/section>\r\n<!-- END Block FAQ -->","protected":false},"excerpt":{"rendered":"<p>Interkom ve v\u00fdtahu zalo\u017een\u00fd na technologii IP Ve st\u00e1le propojen\u00e9m sv\u011bt\u011b se komunikace stala nejd\u016fle\u017eit\u011bj\u0161\u00ed. To plat\u00ed zejm\u00e9na v prost\u0159ed\u00edch, kde je z\u00e1sadn\u00ed bezpe\u010dnost a dostupnost, nap\u0159\u00edklad ve v\u00fdtaz\u00edch. V\u00fdtahov\u00fd interkom hraje z\u00e1sadn\u00ed roli p\u0159i zaji\u0161\u0165ov\u00e1n\u00ed bezpe\u010dnosti cestuj\u00edc\u00edch a je st\u00e1le \u010dast\u011bji pova\u017eov\u00e1n za povinn\u00fd prvek. Poj\u010fme se pod\u00edvat na v\u00fdhody pou\u017e\u00edv\u00e1n\u00ed v\u00fdtahov\u00fdch interkomov\u00fdch syst\u00e9m\u016f [&hellip;]<\/p>","protected":false},"author":3,"featured_media":0,"parent":0,"menu_order":0,"comment_status":"closed","ping_status":"closed","template":"","meta":{"inline_featured_image":false,"footnotes":""},"class_list":["post-123024","page","type-page","status-publish","hentry"],"acf":[],"_links":{"self":[{"href":"https:\/\/bas-ip.com\/cs\/wp-json\/wp\/v2\/pages\/123024","targetHints":{"allow":["GET"]}}],"collection":[{"href":"https:\/\/bas-ip.com\/cs\/wp-json\/wp\/v2\/pages"}],"about":[{"href":"https:\/\/bas-ip.com\/cs\/wp-json\/wp\/v2\/types\/page"}],"author":[{"embeddable":true,"href":"https:\/\/bas-ip.com\/cs\/wp-json\/wp\/v2\/users\/3"}],"replies":[{"embeddable":true,"href":"https:\/\/bas-ip.com\/cs\/wp-json\/wp\/v2\/comments?post=123024"}],"version-history":[{"count":3,"href":"https:\/\/bas-ip.com\/cs\/wp-json\/wp\/v2\/pages\/123024\/revisions"}],"predecessor-version":[{"id":133670,"href":"https:\/\/bas-ip.com\/cs\/wp-json\/wp\/v2\/pages\/123024\/revisions\/133670"}],"wp:attachment":[{"href":"https:\/\/bas-ip.com\/cs\/wp-json\/wp\/v2\/media?parent=123024"}],"curies":[{"name":"wp","href":"https:\/\/api.w.org\/{rel}","templated":true}]}}