{"id":122946,"date":"2023-03-27T09:04:54","date_gmt":"2023-03-27T09:04:54","guid":{"rendered":"https:\/\/bas-ip.com\/?page_id=122946"},"modified":"2024-11-22T15:07:47","modified_gmt":"2024-11-22T15:07:47","slug":"komercni-prumyslove","status":"publish","type":"page","link":"https:\/\/bas-ip.com\/cs\/komercni-prumyslove\/","title":{"rendered":"Komer\u010dn\u00ed \/ pr\u016fmyslov\u00e9"},"content":{"rendered":"<h1 class=\"wp-block-heading\"><strong>Revoluce na pracovi\u0161ti s firemn\u00edmi interkomov\u00fdmi syst\u00e9my<\/strong><\/h1>\n\n\n\n<p>Vzhledem k tomu, \u017ee technologie se neust\u00e1le vyv\u00edjej\u00ed, je pro podniky z\u00e1sadn\u00ed, aby dr\u017eely krok s nejnov\u011bj\u0161\u00edmi pokroky. Jedn\u00edm z nich je integrace podnikov\u00fdch interkomov\u00fdch syst\u00e9m\u016f, kter\u00e9 poskytuj\u00ed zv\u00fd\u0161enou bezpe\u010dnost a efektivn\u00ed komunikaci pro kancel\u00e1\u0159e a komer\u010dn\u00ed nemovitosti. IP interkomy spole\u010dnosti BAS-IP nab\u00edzej\u00ed komplexn\u00ed \u0159e\u0161en\u00ed, kter\u00e9 se m\u016f\u017ee pochlubit \u0159adou jedine\u010dn\u00fdch funkc\u00ed, je\u017e jsou vhodn\u00e9 pro modern\u00ed pracovi\u0161t\u011b. Prozkoum\u00e1me v\u00fdhody po\u0159\u00edzen\u00ed podnikov\u00e9ho interkomov\u00e9ho syst\u00e9mu a pronikneme do specifik \u0161pi\u010dkov\u00fdch produkt\u016f BAS-IP.<\/p>\n\n\n\n<h2 class=\"wp-block-heading\" id=\"block-c4521115-94c6-4c2a-b8cf-7efb3ab38dd8\"><strong>Pro\u010d si vybrat BAS-IP pro v\u00e1\u0161 podnikov\u00fd interkomov\u00fd syst\u00e9m?<\/strong><\/h2>\n\n\n\n<p>Spole\u010dnost BAS-IP je pr\u016fkopn\u00edkem ve v\u00fdvoji pokro\u010dil\u00fdch interkomov\u00fdch syst\u00e9m\u016f pro podniky a nab\u00edz\u00ed \u0159adu inovativn\u00edch produkt\u016f navr\u017een\u00fdch tak, aby spl\u0148ovaly po\u017eadavky modern\u00edch pracovi\u0161\u0165. D\u00edky integraci nejmodern\u011bj\u0161\u00edch funkc\u00ed a spolehliv\u00e9ho hardwaru zaji\u0161\u0165uj\u00ed komer\u010dn\u00ed interkomov\u00e9 syst\u00e9my BAS-IP efektivn\u00ed komunikaci a zv\u00fd\u0161enou bezpe\u010dnost kancel\u00e1\u0159\u00ed i pr\u016fmyslov\u00fdch za\u0159\u00edzen\u00ed.<\/p>\n\n\n<!-- START Block Features --><section id=\"block_642edd596eeb4\" class=\"features-section\">\r\n\t\r\n    <div class=\"features-list\">\r\n                    <div class=\"features-item\" data-aos=\"fade-up\">\r\n    <div class=\"features-box\">\r\n                    <div class=\"image-holder\">\r\n                <img loading=\"lazy\" decoding=\"async\" width=\"350\" height=\"320\" src=\"https:\/\/bas-ip.com\/wp-content\/uploads\/2023\/04\/1-350x320.jpg\" class=\"attachment-thumbnail_350x320 size-thumbnail_350x320\" alt=\"\" \/>            <\/div>\r\n        \r\n        <div class=\"text-holder\">\r\n                        <h3 class=\"title-block\">S\u00edla IP interkom\u016f na pracovi\u0161ti<\/h3>\r\n          \r\n                        <div class=\"text-block\">\r\n                <p>IP interkomov\u00e9 syst\u00e9my BAS-IP poskytuj\u00ed celou \u0159adu v\u00fdhod, v\u010detn\u011b bezprobl\u00e9mov\u00e9 integrace do st\u00e1vaj\u00edc\u00edch m\u00edstn\u00edch IP s\u00edt\u00ed. <\/p>\n<p>Zam\u011bstnanci tak mohou snadno p\u0159istupovat k interkomov\u00e9mu syst\u00e9mu a otev\u00edrat dve\u0159e ze sv\u00fdch po\u010d\u00edta\u010d\u016f, co\u017e zefektiv\u0148uje komunikaci a bezpe\u010dnost v kancel\u00e1\u0159i. <\/p>\n<p>Infrastruktura zalo\u017een\u00e1 na protokolu IP nav\u00edc umo\u017e\u0148uje \u0161k\u00e1lovatelnost a p\u0159izp\u016fsobivost, tak\u017ee v\u00e1\u0161 podnikov\u00fd interkomov\u00fd syst\u00e9m m\u016f\u017ee r\u016fst a vyv\u00edjet se spolu s va\u0161\u00ed organizac\u00ed.<\/p>\n              <\/div>\r\n                  <\/div>\r\n    <\/div>\r\n<\/div>\r\n                    <div class=\"features-item\" data-aos=\"fade-up\">\r\n    <div class=\"features-box\">\r\n                    <div class=\"image-holder\">\r\n                <img loading=\"lazy\" decoding=\"async\" width=\"350\" height=\"320\" src=\"https:\/\/bas-ip.com\/wp-content\/uploads\/2023\/04\/2-350x320.jpg\" class=\"attachment-thumbnail_350x320 size-thumbnail_350x320\" alt=\"Business intercom systems\" \/>            <\/div>\r\n        \r\n        <div class=\"text-holder\">\r\n                        <h3 class=\"title-block\">\u0160pi\u010dkov\u00e9 hardwarov\u00e9 komponenty<\/h3>\r\n          \r\n                        <div class=\"text-block\">\r\n                <p>Nejlep\u0161\u00ed podnikov\u00fd interkomov\u00fd syst\u00e9m od spole\u010dnosti BAS-IP se skl\u00e1d\u00e1 z model\u016f AV-08FBL, AT-10 a BR-AT10. Tyto komponenty spole\u010dn\u011b zaji\u0161\u0165uj\u00ed v\u00fdjime\u010dn\u00fd v\u00fdkon a u\u017eivatelsk\u00fd komfort, tak\u017ee jsou ide\u00e1ln\u00ed pro kancel\u00e1\u0159e a komer\u010dn\u00ed objekty. <\/p>\n<p>AV-08FBL: Tento venkovn\u00ed panel m\u00e1 elegantn\u00ed design, vestav\u011bnou kameru a \u010dte\u010dku RFID, kter\u00e1 zaji\u0161\u0165uje bezpe\u010dnou kontrolu p\u0159\u00edstupu a vizu\u00e1ln\u00ed identifikaci n\u00e1v\u0161t\u011bvn\u00edk\u016f.<\/p>\n<p>AT-10: Tento stylov\u00fd vnit\u0159n\u00ed dotykov\u00fd panel nab\u00edz\u00ed obrazovku s vysok\u00fdm rozli\u0161en\u00edm, intuitivn\u00ed u\u017eivatelsk\u00e9 rozhran\u00ed a kompatibilitu s r\u016fzn\u00fdmi za\u0159\u00edzen\u00edmi inteligentn\u00ed dom\u00e1cnosti a zabezpe\u010den\u00ed. <\/p>\n<p>BR-AT10: Tento multifunk\u010dn\u00ed stoln\u00ed dr\u017e\u00e1k usnad\u0148uje snadnou instalaci panelu AT-10 do pracovn\u00ed plochy.<\/p>\n              <\/div>\r\n                  <\/div>\r\n    <\/div>\r\n<\/div>\r\n                    <div class=\"features-item\" data-aos=\"fade-up\">\r\n    <div class=\"features-box\">\r\n                    <div class=\"image-holder\">\r\n                <img loading=\"lazy\" decoding=\"async\" width=\"350\" height=\"320\" src=\"https:\/\/bas-ip.com\/wp-content\/uploads\/2023\/04\/3-350x320.jpg\" class=\"attachment-thumbnail_350x320 size-thumbnail_350x320\" alt=\"\" \/>            <\/div>\r\n        \r\n        <div class=\"text-holder\">\r\n                        <h3 class=\"title-block\">Spolehliv\u00e1 z\u00e1kaznick\u00e1 podpora a servis<\/h3>\r\n          \r\n                        <div class=\"text-block\">\r\n                <p>Spole\u010dnost BAS-IP se zav\u00e1zala poskytovat v\u00fdjime\u010dn\u00fd z\u00e1kaznick\u00fd servis a nab\u00edz\u00ed profesion\u00e1ln\u00ed pomoc a podporu pro sv\u00e9 produkty v pr\u016fb\u011bhu cel\u00e9ho procesu instalace i po n\u011bm. <\/p>\n<p>N\u00e1\u0161 zku\u0161en\u00fd t\u00fdm podpory v\u00e1m pom\u016f\u017ee vy\u0159e\u0161it jak\u00e9koli probl\u00e9my, kter\u00e9 se mohou vyskytnout, a zajist\u00ed, aby v\u00e1\u0161 podnikov\u00fd interkomov\u00fd syst\u00e9m z\u016fstal funk\u010dn\u00ed a efektivn\u00ed. <\/p>\n<p>Krom\u011b toho na\u0161e odhodl\u00e1n\u00ed k neust\u00e1l\u00e9mu v\u00fdzkumu a v\u00fdvoji znamen\u00e1, \u017ee se produkty BAS-IP budou i nad\u00e1le zdokonalovat, a poskytnou tak va\u0161emu podniku interkomov\u00e9 \u0159e\u0161en\u00ed, kter\u00e9 bude m\u00edt technologick\u00fd a v\u00fdkonnostn\u00ed n\u00e1skok.<\/p>\n              <\/div>\r\n                  <\/div>\r\n    <\/div>\r\n<\/div>\r\n            <\/div>\r\n<\/section>\r\n<!-- END Block Features -->\n\n\n<h2 class=\"wp-block-heading\"><strong>Kl\u00ed\u010dov\u00e9 vlastnosti podnikov\u00fdch interkomov\u00fdch syst\u00e9m\u016f BAS-IP<\/strong><\/h2>\n\n\n\n<p>Interkomov\u00e9 syst\u00e9my BAS-IP pro podniky se mohou pochlubit \u0159adou jedine\u010dn\u00fdch funkc\u00ed, kter\u00e9 je odli\u0161uj\u00ed od konkurence. Vyu\u017eit\u00edm t\u011bchto pokro\u010dil\u00fdch funkc\u00ed m\u016f\u017eete zv\u00fd\u0161it efektivitu, bezpe\u010dnost a celkovou funk\u010dnost sv\u00e9ho pracovi\u0161t\u011b.<\/p>\n\n\n<!-- START Block Features --><section id=\"block_642edfc06eeba\" class=\"features-section\">\r\n\t\r\n    <div class=\"features-list\">\r\n                    <div class=\"features-item\" data-aos=\"fade-up\">\r\n    <div class=\"features-box\">\r\n                    <div class=\"image-holder\">\r\n                <img loading=\"lazy\" decoding=\"async\" width=\"350\" height=\"320\" src=\"https:\/\/bas-ip.com\/wp-content\/uploads\/2023\/04\/4-350x320.jpg\" class=\"attachment-thumbnail_350x320 size-thumbnail_350x320\" alt=\"\" \/>            <\/div>\r\n        \r\n        <div class=\"text-holder\">\r\n                        <h3 class=\"title-block\">Kabelov\u00e9 interkomov\u00e9 syst\u00e9my pro firmy<\/h3>\r\n          \r\n                        <div class=\"text-block\">\r\n                <p>A\u010dkoli bezdr\u00e1tov\u00e1 technologie st\u00e1le z\u00edsk\u00e1v\u00e1 na popularit\u011b, dr\u00e1tov\u00e9 interkomov\u00e9 syst\u00e9my pro firmy nab\u00edzej\u00ed n\u011bkolik v\u00fdhod, v\u010detn\u011b vy\u0161\u0161\u00ed spolehlivosti, men\u0161\u00edho ru\u0161en\u00ed a vy\u0161\u0161\u00edho zabezpe\u010den\u00ed. Kabelov\u00e9 interkomov\u00e9 syst\u00e9my BAS-IP jsou navr\u017eeny tak, aby poskytovaly konzistentn\u00ed v\u00fdkon a zajistily bezprobl\u00e9movou komunikaci a kontrolu p\u0159\u00edstupu ve va\u0161\u00ed kancel\u00e1\u0159i nebo komer\u010dn\u00edm objektu.<\/p>\n              <\/div>\r\n                  <\/div>\r\n    <\/div>\r\n<\/div>\r\n                    <div class=\"features-item\" data-aos=\"fade-up\">\r\n    <div class=\"features-box\">\r\n                    <div class=\"image-holder\">\r\n                <img loading=\"lazy\" decoding=\"async\" width=\"350\" height=\"320\" src=\"https:\/\/bas-ip.com\/wp-content\/uploads\/2023\/04\/5-1-350x320.jpg\" class=\"attachment-thumbnail_350x320 size-thumbnail_350x320\" alt=\"\" \/>            <\/div>\r\n        \r\n        <div class=\"text-holder\">\r\n                        <h3 class=\"title-block\">Integrace stoln\u00edho a kancel\u00e1\u0159sk\u00e9ho interkomu<\/h3>\r\n          \r\n                        <div class=\"text-block\">\r\n                <p>Firemn\u00ed interkomov\u00e9 syst\u00e9my BAS-IP lze snadno integrovat do stoln\u00edch telefon\u016f a kancel\u00e1\u0159sk\u00fdch interkom\u016f a umo\u017enit tak zam\u011bstnanc\u016fm bezprobl\u00e9movou komunikaci v r\u00e1mci pracovn\u00edho prostoru. To podporuje spolupr\u00e1ci a zaji\u0161\u0165uje rychl\u00e9 a p\u0159esn\u00e9 p\u0159ed\u00e1v\u00e1n\u00ed d\u016fle\u017eit\u00fdch informac\u00ed.<\/p>\n              <\/div>\r\n                  <\/div>\r\n    <\/div>\r\n<\/div>\r\n                    <div class=\"features-item\" data-aos=\"fade-up\">\r\n    <div class=\"features-box\">\r\n                    <div class=\"image-holder\">\r\n                <img loading=\"lazy\" decoding=\"async\" width=\"350\" height=\"320\" src=\"https:\/\/bas-ip.com\/wp-content\/uploads\/2023\/04\/6-350x320.jpg\" class=\"attachment-thumbnail_350x320 size-thumbnail_350x320\" alt=\"\" \/>            <\/div>\r\n        \r\n        <div class=\"text-holder\">\r\n                        <h3 class=\"title-block\">Kompatibilita pr\u016fmyslov\u00e9ho interkomov\u00e9ho syst\u00e9mu<\/h3>\r\n          \r\n                        <div class=\"text-block\">\r\n                <p>Interkomov\u00e9 syst\u00e9my BAS-IP poskytuj\u00ed firm\u00e1m p\u016fsob\u00edc\u00edm v pr\u016fmyslov\u00e9m prost\u0159ed\u00ed robustn\u00ed komunika\u010dn\u00ed \u0159e\u0161en\u00ed navr\u017een\u00e1 tak, aby odolala n\u00e1ro\u010dn\u00fdm podm\u00ednk\u00e1m. Zaveden\u00edm spolehliv\u00e9ho pr\u016fmyslov\u00e9ho interkomov\u00e9ho syst\u00e9mu m\u016f\u017eete udr\u017eovat efektivn\u00ed komunikaci a bezpe\u010dnou kontrolu p\u0159\u00edstupu i v t\u011bch nejn\u00e1ro\u010dn\u011bj\u0161\u00edch prost\u0159ed\u00edch.<\/p>\n              <\/div>\r\n                  <\/div>\r\n    <\/div>\r\n<\/div>\r\n            <\/div>\r\n<\/section>\r\n<!-- END Block Features -->\n\n<!-- START Block FAQ --><section id=\"block_64215db07ecd6\" class=\"faq-section\">\r\n\t\t    <h2 class=\"title-section\" data-aos=\"fade-right\">\u010cast\u00e9 dotazy o syst\u00e9mech Business Intercom<\/h2>\r\n\t\t\t    <div class=\"faq-list js-accordion\" data-aos=\"fade-up\">\r\n\t\t\t\t\t\t\t\t\t\t\t    <div class=\"accordion-item faq-item\">\r\n                        <div class=\"accordion-opener\">\r\n                            Q: Jak m\u016f\u017ee podnikov\u00fd interkomov\u00fd syst\u00e9m zlep\u0161it zabezpe\u010den\u00ed kancel\u00e1\u0159e?                            <i class=\"fa-solid fa-chevron-down\"><\/i>\r\n                        <\/div>\r\n                        <div class=\"accordion-slide\">\r\n\t\t\t\t\t\t    <p>D\u00edky funkc\u00edm, jako je video dohled, kontrola p\u0159\u00edstupu a identifikace n\u00e1v\u0161t\u011bvn\u00edk\u016f, pom\u00e1haj\u00ed podnikov\u00e9 interkomov\u00e9 syst\u00e9my chr\u00e1nit va\u0161i kancel\u00e1\u0159 nebo komer\u010dn\u00ed nemovitost p\u0159ed neopr\u00e1vn\u011bn\u00fdm p\u0159\u00edstupem a potenci\u00e1ln\u00edmi hrozbami.<\/p>\n                        <\/div>\r\n\t\t\t\t\t<\/div>\r\n\t\t\t\t\t\t\t\t\t\t\t\t\t\t\t    <div class=\"accordion-item faq-item\">\r\n                        <div class=\"accordion-opener\">\r\n                            Q: Mohu integrovat interkomov\u00fd syst\u00e9m BAS-IP do m\u00e9 st\u00e1vaj\u00edc\u00ed IP lok\u00e1ln\u00ed s\u00edt\u011b?                            <i class=\"fa-solid fa-chevron-down\"><\/i>\r\n                        <\/div>\r\n                        <div class=\"accordion-slide\">\r\n\t\t\t\t\t\t    <p>Ano, interkomov\u00e9 syst\u00e9my BAS-IP lze bezprobl\u00e9mov\u011b integrovat do st\u00e1vaj\u00edc\u00edch m\u00edstn\u00edch IP s\u00edt\u00ed, co\u017e umo\u017e\u0148uje zam\u011bstnanc\u016fm p\u0159istupovat k syst\u00e9mu a otev\u00edrat dve\u0159e z jejich po\u010d\u00edta\u010d\u016f a dal\u0161\u00edch p\u0159ipojen\u00fdch za\u0159\u00edzen\u00ed. To zjednodu\u0161uje komunikaci a \u0159\u00edzen\u00ed p\u0159\u00edstupu na pracovi\u0161ti.<\/p>\n                        <\/div>\r\n\t\t\t\t\t<\/div>\r\n\t\t\t\t\t\t\t\t\t\t\t\t\t\t\t    <div class=\"accordion-item faq-item\">\r\n                        <div class=\"accordion-opener\">\r\n                            Q: Pro\u010d jsou kabelov\u00e9 interkomov\u00e9 syst\u00e9my BAS-IP lep\u0161\u00ed volbou ne\u017e bezdr\u00e1tov\u00e9 mo\u017enosti?                            <i class=\"fa-solid fa-chevron-down\"><\/i>\r\n                        <\/div>\r\n                        <div class=\"accordion-slide\">\r\n\t\t\t\t\t\t    <p>Kabelov\u00e9 interkomov\u00e9 syst\u00e9my nab\u00edzej\u00ed ve srovn\u00e1n\u00ed s bezdr\u00e1tov\u00fdmi mo\u017enostmi vy\u0161\u0161\u00ed spolehlivost, men\u0161\u00ed ru\u0161en\u00ed a vy\u0161\u0161\u00ed bezpe\u010dnost. Kabelov\u00e9 interkomov\u00e9 syst\u00e9my BAS-IP jsou navr\u017eeny tak, aby poskytovaly konzistentn\u00ed v\u00fdkon, a jsou tak ide\u00e1ln\u00ed pro podniky, kter\u00e9 hledaj\u00ed spolehliv\u00e1 komunika\u010dn\u00ed \u0159e\u0161en\u00ed.<\/p>\n                        <\/div>\r\n\t\t\t\t\t<\/div>\r\n\t\t\t\t\t\t\t\t\t\t\t\t\t\t\t    <div class=\"accordion-item faq-item\">\r\n                        <div class=\"accordion-opener\">\r\n                            Q: Jsou interkomov\u00e9 syst\u00e9my BAS-IP vhodn\u00e9 pro pr\u016fmyslov\u00e9 prost\u0159ed\u00ed?                            <i class=\"fa-solid fa-chevron-down\"><\/i>\r\n                        <\/div>\r\n                        <div class=\"accordion-slide\">\r\n\t\t\t\t\t\t    <p>Ano, interkomov\u00e9 syst\u00e9my BAS-IP jsou navr\u017eeny tak, aby byly kompatibiln\u00ed s pr\u016fmyslov\u00fdm prost\u0159ed\u00edm. Tyto robustn\u00ed syst\u00e9my odol\u00e1vaj\u00ed n\u00e1ro\u010dn\u00fdm podm\u00ednk\u00e1m a zaji\u0161\u0165uj\u00ed efektivn\u00ed komunikaci a bezpe\u010dnou kontrolu p\u0159\u00edstupu v r\u016fzn\u00fdch pr\u016fmyslov\u00fdch odv\u011btv\u00edch.<\/p>\n                        <\/div>\r\n\t\t\t\t\t<\/div>\r\n\t\t\t\t\t\t\t\t\t\t\t\t\t\t\t    <div class=\"accordion-item faq-item\">\r\n                        <div class=\"accordion-opener\">\r\n                            Q: Mohu pou\u017e\u00edt interkomov\u00fd syst\u00e9m BAS-IP k integraci s m\u00fdmi za\u0159\u00edzen\u00edmi chytr\u00e9 kancel\u00e1\u0159e?                            <i class=\"fa-solid fa-chevron-down\"><\/i>\r\n                        <\/div>\r\n                        <div class=\"accordion-slide\">\r\n\t\t\t\t\t\t    <p>Ano, interkomov\u00e9 syst\u00e9my BAS-IP jsou navr\u017eeny tak, aby byly kompatibiln\u00ed s \u0159adou chytr\u00fdch kancel\u00e1\u0159sk\u00fdch za\u0159\u00edzen\u00ed, jako jsou syst\u00e9my \u0159\u00edzen\u00ed osv\u011btlen\u00ed a klimatizace. To umo\u017e\u0148uje bezprobl\u00e9movou integraci a zlep\u0161en\u00ed celkov\u00e9 funk\u010dnosti va\u0161eho pracovn\u00edho prostoru.<\/p>\n                        <\/div>\r\n\t\t\t\t\t<\/div>\r\n\t\t\t\t\t\t\t\t\t<\/div>\r\n\t<\/section>\r\n<!-- END Block FAQ -->\n\n\n<p>V dne\u0161n\u00edm rychle se rozv\u00edjej\u00edc\u00edm sv\u011bt\u011b podnik\u00e1n\u00ed jsou efektivn\u00ed komunikace a d\u016fkladn\u00e1 bezpe\u010dnostn\u00ed opat\u0159en\u00ed nezbytn\u00e9. Podnikov\u00e9 interkomov\u00e9 syst\u00e9my BAS-IP nab\u00edzej\u00ed komplexn\u00ed \u0159e\u0161en\u00ed, kter\u00e9 kombinuje nejmodern\u011bj\u0161\u00ed funkce, spolehliv\u00fd hardware a bezprobl\u00e9movou integraci se st\u00e1vaj\u00edc\u00edmi m\u00edstn\u00edmi IP s\u00edt\u011bmi. Zaveden\u00edm interkomov\u00e9ho syst\u00e9mu BAS-IP pro va\u0161i kancel\u00e1\u0159 nebo komer\u010dn\u00ed objekt m\u016f\u017eete zlep\u0161it komunikaci, bezpe\u010dnost a celkovou funk\u010dnost pracovi\u0161t\u011b. Vyzkou\u0161ejte v\u00fdhody interkomov\u00e9ho syst\u00e9mu sv\u011btov\u00e9 \u00farovn\u011b a prove\u010fte revoluci na sv\u00e9m pracovi\u0161ti s inovativn\u00edmi interkomov\u00fdmi \u0159e\u0161en\u00edmi spole\u010dnosti BAS-IP. Prozkoumejte mo\u017enosti efektivn\u00ed komunikace, pokro\u010dil\u00e9ho zabezpe\u010den\u00ed a bezprobl\u00e9mov\u00e9 integrace, kter\u00e9 mohou va\u0161\u00ed firm\u011b umo\u017enit prosperovat ve st\u00e1le propojen\u011bj\u0161\u00edm sv\u011bt\u011b.<\/p>","protected":false},"excerpt":{"rendered":"<p>Revoluce na pracovi\u0161ti s firemn\u00edmi interkomov\u00fdmi syst\u00e9my Vzhledem k tomu, \u017ee technologie se neust\u00e1le vyv\u00edjej\u00ed, je pro podniky z\u00e1sadn\u00ed, aby dr\u017eely krok s nejnov\u011bj\u0161\u00edmi pokroky. Jedn\u00edm z nich je integrace podnikov\u00fdch interkomov\u00fdch syst\u00e9m\u016f, kter\u00e9 poskytuj\u00ed zv\u00fd\u0161enou bezpe\u010dnost a efektivn\u00ed komunikaci pro kancel\u00e1\u0159e a komer\u010dn\u00ed nemovitosti. IP interkomy spole\u010dnosti BAS-IP nab\u00edzej\u00ed komplexn\u00ed \u0159e\u0161en\u00ed, kter\u00e9 se m\u016f\u017ee [&hellip;]<\/p>","protected":false},"author":3,"featured_media":0,"parent":0,"menu_order":0,"comment_status":"closed","ping_status":"closed","template":"","meta":{"inline_featured_image":false,"footnotes":""},"class_list":["post-122946","page","type-page","status-publish","hentry"],"acf":[],"_links":{"self":[{"href":"https:\/\/bas-ip.com\/cs\/wp-json\/wp\/v2\/pages\/122946","targetHints":{"allow":["GET"]}}],"collection":[{"href":"https:\/\/bas-ip.com\/cs\/wp-json\/wp\/v2\/pages"}],"about":[{"href":"https:\/\/bas-ip.com\/cs\/wp-json\/wp\/v2\/types\/page"}],"author":[{"embeddable":true,"href":"https:\/\/bas-ip.com\/cs\/wp-json\/wp\/v2\/users\/3"}],"replies":[{"embeddable":true,"href":"https:\/\/bas-ip.com\/cs\/wp-json\/wp\/v2\/comments?post=122946"}],"version-history":[{"count":2,"href":"https:\/\/bas-ip.com\/cs\/wp-json\/wp\/v2\/pages\/122946\/revisions"}],"predecessor-version":[{"id":122948,"href":"https:\/\/bas-ip.com\/cs\/wp-json\/wp\/v2\/pages\/122946\/revisions\/122948"}],"wp:attachment":[{"href":"https:\/\/bas-ip.com\/cs\/wp-json\/wp\/v2\/media?parent=122946"}],"curies":[{"name":"wp","href":"https:\/\/api.w.org\/{rel}","templated":true}]}}