{"id":122656,"date":"2023-03-24T09:51:10","date_gmt":"2023-03-24T09:51:10","guid":{"rendered":"https:\/\/bas-ip.com\/?page_id=122656"},"modified":"2024-11-08T13:20:21","modified_gmt":"2024-11-08T13:20:21","slug":"axxonsoft","status":"publish","type":"page","link":"https:\/\/bas-ip.com\/cs\/axxonsoft\/","title":{"rendered":"AxxonSoft"},"content":{"rendered":"<p><\/p>\n\n\n<div class=\"wp-block-image\">\n<figure class=\"aligncenter size-full\"><img loading=\"lazy\" decoding=\"async\" width=\"682\" height=\"219\" src=\"https:\/\/bas-ip.com\/wp-content\/uploads\/2023\/03\/AxxonSoft.png\" alt=\"\" class=\"wp-image-63599\" srcset=\"https:\/\/bas-ip.com\/wp-content\/uploads\/2023\/03\/AxxonSoft.png 682w,  https:\/\/bas-ip.com\/wp-content\/uploads\/2023\/03\/AxxonSoft-300x96.png 300w\" sizes=\"auto, (max-width: 682px) 100vw, 682px\" \/><\/figure>\n<\/div>\n\n<!-- START Block Integrations Text & Image --><section id=\"block_641d7ab5f70cf\" class=\"integrations-text-image-section\">\r\n\t\t<div class=\"image-holder\" data-aos=\"fade-left\">\r\n\t\t<img loading=\"lazy\" decoding=\"async\" width=\"900\" height=\"506\" src=\"https:\/\/bas-ip.com\/wp-content\/uploads\/2023\/03\/p_img_s_p2-1024x576.jpg\" class=\"attachment-large size-large\" alt=\"\" srcset=\"https:\/\/bas-ip.com\/wp-content\/uploads\/2023\/03\/p_img_s_p2-1024x576.jpg 1024w,  https:\/\/bas-ip.com\/wp-content\/uploads\/2023\/03\/p_img_s_p2-300x169.jpg 300w,  https:\/\/bas-ip.com\/wp-content\/uploads\/2023\/03\/p_img_s_p2-768x432.jpg 768w,  https:\/\/bas-ip.com\/wp-content\/uploads\/2023\/03\/p_img_s_p2-1536x864.jpg 1536w,  https:\/\/bas-ip.com\/wp-content\/uploads\/2023\/03\/p_img_s_p2-767x431.jpg 767w,  https:\/\/bas-ip.com\/wp-content\/uploads\/2023\/03\/p_img_s_p2-1534x863.jpg 1534w,  https:\/\/bas-ip.com\/wp-content\/uploads\/2023\/03\/p_img_s_p2.jpg 1833w\" sizes=\"auto, (max-width: 900px) 100vw, 900px\" \/>\t<\/div>\r\n\t\r\n\t<div class=\"text-holder\" data-aos=\"fade-right\">\r\n\t\t\t\t\t\t<div class=\"text-block\">\r\n\t\t\t<h1>Spojen\u00ed bezpe\u010dnosti a inovac\u00ed: Interkomy BAS-IP a AxxonSoft<\/h1>\n<p>P\u0159edstavte si to: bezprobl\u00e9mov\u00e1 integrace nejmodern\u011bj\u0161\u00ed komunika\u010dn\u00ed technologie s nejmodern\u011bj\u0161\u00edm bezpe\u010dnostn\u00edm softwarem. P\u0159esn\u011b toho jsme dos\u00e1hli d\u00edky pr\u016fkopnick\u00e9 spolupr\u00e1ci mezi spole\u010dnost\u00ed BAS-IP, pr\u016fkopn\u00edkem pokro\u010dil\u00fdch interkomov\u00fdch \u0159e\u0161en\u00ed, a spole\u010dnost\u00ed AxxonSoft, p\u0159edn\u00edm v\u00fdrobcem softwaru pro spr\u00e1vu videa a spr\u00e1vu informac\u00ed o fyzick\u00e9 bezpe\u010dnosti.<\/p>\n<p>Podrobn\u011bj\u0161\u00ed informace naleznete v na\u0161\u00ed <a href=\"https:\/\/basip.atlassian.net\/wiki\/spaces\/Integrations\/pages\/5046901\/Integration+with+Axxonsoft+Intelect+software\" target=\"_blank\" rel=\"noopener\"><strong>WIKI<\/strong><\/a>.<\/p>\n<h2>Poznejte budoucnost kontroly p\u0159\u00edstupu a zabezpe\u010den\u00ed<\/h2>\n<p>Pry\u010d jsou doby, kdy jste se p\u0159i komunikaci a dohledu museli spol\u00e9hat na r\u016fzn\u00e9 syst\u00e9my. Spojen\u00edm interkom\u016f BAS-IP se \u0161pi\u010dkov\u00fdm softwarem spole\u010dnosti AxxonSoft jsme vytvo\u0159ili dokonal\u00e9 bezpe\u010dnostn\u00ed \u0159e\u0161en\u00ed, kter\u00e9 v\u00e1m poskytne bezkonkuren\u010dn\u00ed kontrolu p\u0159\u00edstupu a vizu\u00e1ln\u00ed monitorov\u00e1n\u00ed. V\u00fdsledek? Bezpe\u010dn\u011bj\u0161\u00ed, inteligentn\u011bj\u0161\u00ed a efektivn\u011bj\u0161\u00ed prost\u0159ed\u00ed pro va\u0161e obytn\u00e9, komer\u010dn\u00ed nebo pr\u016fmyslov\u00e9 nemovitosti.<\/p>\n<h2>Odemkn\u011bte s\u00edlu integrace nov\u00e9 generace<\/h2>\n<p>Sou\u010dinnost t\u011bchto dvou \u0161pi\u010dek v oboru odemyk\u00e1 \u0159adu funkc\u00ed, kter\u00e9 zm\u011bn\u00ed va\u0161i hru v oblasti zabezpe\u010den\u00ed:<\/p>\n<h3>Video kan\u00e1l v re\u00e1ln\u00e9m \u010dase<\/h3>\n<p>Dohl\u00ed\u017eejte na sv\u016fj majetek d\u00edky k\u0159i\u0161\u0165\u00e1lov\u011b \u010dist\u00fdm videop\u0159enos\u016fm z interkom\u016f BAS-IP, kter\u00e9 jsou hladce integrov\u00e1ny s platformou pro spr\u00e1vu videa spole\u010dnosti AxxonSoft.<\/p>\n<h3>Pokro\u010dil\u00e9 \u0159\u00edzen\u00ed p\u0159\u00edstupu<\/h3>\n<p>Vylep\u0161ete svou strategii kontroly p\u0159\u00edstupu pomoc\u00ed nejmodern\u011bj\u0161\u00edch funkc\u00ed rozpozn\u00e1v\u00e1n\u00ed obli\u010deje a skenov\u00e1n\u00ed toto\u017enosti, d\u00edky nim\u017e se neopr\u00e1vn\u011bn\u00fd vstup stane minulost\u00ed.<\/p>\n<h3>Vzd\u00e1len\u00e1 spr\u00e1va<\/h3>\n<p>Spravujte cel\u00fd sv\u016fj bezpe\u010dnostn\u00ed syst\u00e9m na d\u00e1lku z centr\u00e1ln\u00edho um\u00edst\u011bn\u00ed pomoc\u00ed intuitivn\u00edho u\u017eivatelsk\u00e9ho rozhran\u00ed a v\u00fdkonn\u00fdch n\u00e1stroj\u016f pro spr\u00e1vu od spole\u010dnosti AxxonSoft.<\/p>\n<h3>Jednotn\u00fd syst\u00e9m<\/h3>\n<p>Jedna platforma vl\u00e1dne v\u0161em! U\u017eijte si zjednodu\u0161en\u00e9 prost\u0159ed\u00ed s pln\u011b integrovan\u00fdm bezpe\u010dnostn\u00edm ekosyst\u00e9mem, kter\u00fd sni\u017euje slo\u017eitost a zaji\u0161\u0165uje optim\u00e1ln\u00ed v\u00fdkon.<\/p>\t\t<\/div>\r\n\t\t\r\n\t\t\r\n\t\t\t<\/div>\r\n<\/section>\r\n<!-- END Block Integrations Text & Image -->\n\n<!-- START Block Sign Up --><section id=\"block_629678229e935\" class=\"sign-up-section\">\r\n\r\n    <div class=\"form-holder js-form\" data-aos=\"fade-right\">\r\n                    <div class=\"title-block h3\">Sign up for connection<\/div>\r\n        \r\n                    <div class=\"text-block\">\r\n                Filling out all the information needed to answer you as quickly as possible            <\/div>\r\n        \r\n                    \n<div class=\"wpcf7 no-js\" id=\"wpcf7-f102-o1\" lang=\"en-US\" dir=\"ltr\">\n<div class=\"screen-reader-response\"><p role=\"status\" aria-live=\"polite\" aria-atomic=\"true\"><\/p> <ul><\/ul><\/div>\n<form action=\"\/cs\/wp-json\/wp\/v2\/pages\/122656#wpcf7-f102-o1\" method=\"post\" class=\"wpcf7-form init\" aria-label=\"Contact form\" enctype=\"multipart\/form-data\" novalidate=\"novalidate\" data-status=\"init\">\n<div style=\"display: none;\">\n<input type=\"hidden\" name=\"_wpcf7\" value=\"102\" \/>\n<input type=\"hidden\" name=\"_wpcf7_version\" value=\"5.8.3\" \/>\n<input type=\"hidden\" name=\"_wpcf7_locale\" value=\"en_US\" \/>\n<input type=\"hidden\" name=\"_wpcf7_unit_tag\" value=\"wpcf7-f102-o1\" \/>\n<input type=\"hidden\" name=\"_wpcf7_container_post\" value=\"0\" \/>\n<input type=\"hidden\" name=\"_wpcf7_posted_data_hash\" value=\"\" \/>\n<input type=\"hidden\" name=\"_wpcf7_recaptcha_response\" value=\"\" \/>\n<\/div>\n<div class=\"row\"> \n <label><span class=\"label-text\">Name<\/span> \n  <span class=\"wpcf7-form-control-wrap\" data-name=\"text-full-name\"><input size=\"40\" class=\"wpcf7-form-control wpcf7-text wpcf7-validates-as-required\" aria-required=\"true\" aria-invalid=\"false\" placeholder=\"Name\" value=\"\" type=\"text\" name=\"text-full-name\" \/><\/span><\/label> \n<\/div> \n<div class=\"row\"> \n <label><span class=\"label-text\">Phone*<\/span> \n<span class=\"wpcf7-form-control-wrap\" data-name=\"phonetext-270\"><input size=\"40\" class=\"wpcf7-form-control wpcf7-phonetext wpcf7-validates-as-required wpcf7-text wpcf7-validates-as-phonetext\" aria-required=\"true\" aria-invalid=\"false\" placeholder=\"Phone*\" value=\"\" type=\"text\" name=\"phonetext-270\" \/><input type=\"hidden\" name=\"phonetext-270-country-code\" class=\"wpcf7-phonetext-country-code\" \/><\/span><\/label> \n<\/div> \n<div class=\"row\"> \n <label><span class=\"label-text\">E-mail<\/span> \n  <span class=\"wpcf7-form-control-wrap\" data-name=\"email-e-mail\"><input size=\"40\" class=\"wpcf7-form-control wpcf7-email wpcf7-validates-as-required wpcf7-text wpcf7-validates-as-email\" aria-required=\"true\" aria-invalid=\"false\" placeholder=\"E-mail\" value=\"\" type=\"email\" name=\"email-e-mail\" \/><\/span><\/label> \n<\/div> \n<div class=\"row\"><span>Your country<\/span> \n <label><span class=\"wpcf7-form-control-wrap\" data-name=\"countrytext-126\"><input size=\"40\" class=\"wpcf7-form-control wpcf7-countrytext wpcf7-text wpcf7-validates-as-countrytext\" aria-invalid=\"false\" value=\"\" type=\"text\" name=\"countrytext-126\" \/><\/span> <\/label>\n<\/div> \n<div class=\"row\"> \n <button type=\"submit\" class=\"btn\">Send<\/button> \n<\/div> \n<div class=\"row\"> \n <span class=\"wpcf7-form-control-wrap\" data-name=\"checkbox-931\"><span class=\"wpcf7-form-control wpcf7-checkbox\"><span class=\"wpcf7-list-item first\"><label><input type=\"checkbox\" name=\"checkbox-931[]\" value=\"Integrator\" \/><span class=\"wpcf7-list-item-label\">Integrator<\/span><\/label><\/span><span class=\"wpcf7-list-item\"><label><input type=\"checkbox\" name=\"checkbox-931[]\" value=\"Builder\" \/><span class=\"wpcf7-list-item-label\">Builder<\/span><\/label><\/span><span class=\"wpcf7-list-item last\"><label><input type=\"checkbox\" name=\"checkbox-931[]\" value=\"End-User\" \/><span class=\"wpcf7-list-item-label\">End-User<\/span><\/label><\/span><\/span><\/span> \n<\/div> \n<div class=\"row row-upload-file\"> \n <label class=\"upload-file-block js-upload-file\">Attach file \n  <span class=\"wpcf7-form-control-wrap\" data-name=\"file-466\"><input size=\"40\" class=\"wpcf7-form-control wpcf7-file\" accept=\"audio\/*,video\/*,image\/*\" aria-invalid=\"false\" type=\"file\" name=\"file-466\" \/><\/span><\/label> \n<\/div><input type='hidden' class='wpcf7-pum' value='{\"closepopup\":false,\"closedelay\":0,\"openpopup\":false,\"openpopup_id\":0}' \/><div class=\"wpcf7-response-output\" aria-hidden=\"true\"><\/div>\n<\/form>\n<\/div>\n            <\/div>\r\n\r\n\t\t    <div class=\"text-holder\" data-aos=\"fade-left\">\r\n\t\t\t\t\t\t    <h3 class=\"title-block\">How Can We Help?<\/h3>\r\n\t\t\t\r\n\t\t\t                <div class=\"text-block\">\r\n                    Please select a topic below related to your inquiry. If you don&#8217;t find what you need, fill out our contact form.                <\/div>\r\n\t\t\t\r\n\t\t\t\t\t\t    <ul class=\"link-list\">\r\n\t\t\t\t\t\t\t\t\t\t\t\t\t\t\t\t\t\t<li>\r\n\t\t\t\t\t\t\t\t\t\t\t\t\t\t\t\t    <strong>Get Inspired<\/strong>\r\n\t\t\t\t\t\t\t\t\t\t\t\t\t\t\t\t\t\t\t\t\t\t\t\t    <a href=\"\/features\/\">\r\n\t\t\t\t\t\t\t\t        Discover what&#8217;s beneath our intercom\t\t\t\t\t\t\t\t    <\/a>\r\n\t\t\t\t\t\t\t\t\t\t\t\t\t\t\t<\/li>\r\n\t\t\t\t\t\t\t\t\t\t\t\t\t\t\t\t\t\t\t\t\t\t\t\t<li>\r\n\t\t\t\t\t\t\t\t\t\t\t\t\t\t\t\t    <strong>Become a Partner<\/strong>\r\n\t\t\t\t\t\t\t\t\t\t\t\t\t\t\t\t\t\t\t\t\t\t\t\t    <a href=\"\/distributors\/\">\r\n\t\t\t\t\t\t\t\t        Expand your business with BAS-IP intercom\t\t\t\t\t\t\t\t    <\/a>\r\n\t\t\t\t\t\t\t\t\t\t\t\t\t\t\t<\/li>\r\n\t\t\t\t\t\t\t\t\t\t\t\t\t\t\t\t\t\t\t\t\t\t\t\t<li>\r\n\t\t\t\t\t\t\t\t\t\t\t\t\t\t\t\t    <strong>Check the Guides<\/strong>\r\n\t\t\t\t\t\t\t\t\t\t\t\t\t\t\t\t\t\t\t\t\t\t\t\t    <a href=\"\/support\/\">\r\n\t\t\t\t\t\t\t\t        Download detailed manuals and schemes\t\t\t\t\t\t\t\t    <\/a>\r\n\t\t\t\t\t\t\t\t\t\t\t\t\t\t\t<\/li>\r\n\t\t\t\t\t\t\t\t\t\t\t\t\t\t\t<\/ul>\r\n\t\t\t\r\n\t\t\t\t\t\t    <h3 class=\"title-block\">Our contacts<\/h3>\r\n\t\t\t\r\n\t\t\t\t\t\t\t<ul class=\"contact-list\">\r\n\t\t\t\t\t\t\t\t\t\t\t\t\t\t\t\t\t\t<li>\r\n\t\t\t\t\t\t\t\t\t\t\t\t\t\t\t\t\t<strong>Sales:<\/strong>\r\n\t\t\t\t\t\t\t\t\t\t\t\t\t\t\t\t\t\t\t\t\t\t\t\t    <a href=\"mailto:s&#97;les&#64;b&#97;&#115;&#45;&#105;&#112;.&#99;&#111;&#109;\">&#115;&#97;l&#101;s&#64;&#98;as&#45;i&#112;&#46;&#99;&#111;&#109;<\/a>\r\n\t\t\t\t\t\t\t\t\t\t\t\t\t\t\t<\/li>\r\n\t\t\t\t\t\t\t\t\t\t\t\t\t\t\t\t\t\t\t\t\t\t\t\t<li>\r\n\t\t\t\t\t\t\t\t\t\t\t\t\t\t\t\t\t<strong>Technical support:<\/strong>\r\n\t\t\t\t\t\t\t\t\t\t\t\t\t\t\t\t\t\t\t\t\t\t\t\t    <a href=\"mailto:s&#117;&#112;&#112;&#111;rt&#64;&#98;&#97;s-&#105;p&#46;co&#109;\">s&#117;pp&#111;&#114;&#116;&#64;b&#97;&#115;&#45;&#105;p&#46;com<\/a>\r\n\t\t\t\t\t\t\t\t\t\t\t\t\t\t\t<\/li>\r\n\t\t\t\t\t\t\t\t\t\t\t\t\t\t\t<\/ul>\r\n\t\t\t\t\t<\/div>\r\n\t<\/section>\r\n\r\n\r\n\r\n<!-- END Block Sign Up -->","protected":false},"excerpt":{"rendered":"","protected":false},"author":3,"featured_media":0,"parent":0,"menu_order":0,"comment_status":"closed","ping_status":"closed","template":"page-custom-breadcrumbs.php","meta":{"inline_featured_image":false,"footnotes":""},"class_list":["post-122656","page","type-page","status-publish","hentry"],"acf":[],"_links":{"self":[{"href":"https:\/\/bas-ip.com\/cs\/wp-json\/wp\/v2\/pages\/122656","targetHints":{"allow":["GET"]}}],"collection":[{"href":"https:\/\/bas-ip.com\/cs\/wp-json\/wp\/v2\/pages"}],"about":[{"href":"https:\/\/bas-ip.com\/cs\/wp-json\/wp\/v2\/types\/page"}],"author":[{"embeddable":true,"href":"https:\/\/bas-ip.com\/cs\/wp-json\/wp\/v2\/users\/3"}],"replies":[{"embeddable":true,"href":"https:\/\/bas-ip.com\/cs\/wp-json\/wp\/v2\/comments?post=122656"}],"version-history":[{"count":2,"href":"https:\/\/bas-ip.com\/cs\/wp-json\/wp\/v2\/pages\/122656\/revisions"}],"predecessor-version":[{"id":122658,"href":"https:\/\/bas-ip.com\/cs\/wp-json\/wp\/v2\/pages\/122656\/revisions\/122658"}],"wp:attachment":[{"href":"https:\/\/bas-ip.com\/cs\/wp-json\/wp\/v2\/media?parent=122656"}],"curies":[{"name":"wp","href":"https:\/\/api.w.org\/{rel}","templated":true}]}}