{"id":122443,"date":"2024-05-15T14:21:12","date_gmt":"2024-05-15T14:21:12","guid":{"rendered":"https:\/\/bas-ip.com\/?page_id=122443"},"modified":"2024-11-05T14:20:23","modified_gmt":"2024-11-05T14:20:23","slug":"zasady-podpory-firmwaru","status":"publish","type":"page","link":"https:\/\/bas-ip.com\/cs\/zasady-podpory-firmwaru\/","title":{"rendered":"Z\u00e1sady podpory firmwaru"},"content":{"rendered":"<p><strong>\u00dadr\u017eba firmwaru<\/strong><\/p>\n\n\n\n<p id=\"block-83934462-5d15-4ade-bc12-40761efd5eaa\">Spole\u010dnost BAS-IP m\u016f\u017ee podle vlastn\u00edho uv\u00e1\u017een\u00ed poskytnout z\u00e1kladn\u00ed podporu firmwaru b\u011bhem p\u0159\u00edslu\u0161n\u00e9 z\u00e1ru\u010dn\u00ed doby na hardware. B\u011bhem z\u00e1ru\u010dn\u00ed doby m\u016f\u017ee spole\u010dnost BAS-IP vyd\u00e1vat verze \u00fadr\u017eby nebo opravy chyb hardwaru.<\/p>\n\n\n\n<p id=\"block-d1ad1f89-60e8-407e-abd5-679204a3005b\">Po uplynut\u00ed z\u00e1ru\u010dn\u00ed doby ji\u017e spole\u010dnost BAS-IP nebude vyv\u00edjet, udr\u017eovat ani testovat p\u0159\u00edslu\u0161n\u00fd firmware. Spole\u010dnost BAS-IP v\u0161ak m\u016f\u017ee podle sv\u00e9ho uv\u00e1\u017een\u00ed a na z\u00e1klad\u011b jednotliv\u00fdch produkt\u016f nab\u00eddnout podporu i po uplynut\u00ed z\u00e1ru\u010dn\u00ed doby. Ve\u0161ker\u00fd firmware spole\u010dnosti BAS-IP, mimo jin\u00e9 v\u010detn\u011b firmwaru dod\u00e1van\u00e9ho p\u0159edinstalovan\u00e9ho na hardwaru spole\u010dnosti BAS-IP a v p\u0159\u00edpadech, kdy je hardware p\u0159edm\u011btem slu\u017eby RMA, je dod\u00e1v\u00e1n &#8222;tak, jak je&#8220;.<\/p>\n\n\n\n<p>Na firmware BAS-IP se nevztahuje z\u00e1ruka spole\u010dnosti BAS-IP.<\/p>\n\n\n\n<p><\/p>\n\n\n\n<p><\/p>","protected":false},"excerpt":{"rendered":"<p>\u00dadr\u017eba firmwaru Spole\u010dnost BAS-IP m\u016f\u017ee podle vlastn\u00edho uv\u00e1\u017een\u00ed poskytnout z\u00e1kladn\u00ed podporu firmwaru b\u011bhem p\u0159\u00edslu\u0161n\u00e9 z\u00e1ru\u010dn\u00ed doby na hardware. B\u011bhem z\u00e1ru\u010dn\u00ed doby m\u016f\u017ee spole\u010dnost BAS-IP vyd\u00e1vat verze \u00fadr\u017eby nebo opravy chyb hardwaru. Po uplynut\u00ed z\u00e1ru\u010dn\u00ed doby ji\u017e spole\u010dnost BAS-IP nebude vyv\u00edjet, udr\u017eovat ani testovat p\u0159\u00edslu\u0161n\u00fd firmware. Spole\u010dnost BAS-IP v\u0161ak m\u016f\u017ee podle sv\u00e9ho uv\u00e1\u017een\u00ed a na z\u00e1klad\u011b [&hellip;]<\/p>","protected":false},"author":3,"featured_media":0,"parent":0,"menu_order":0,"comment_status":"closed","ping_status":"closed","template":"","meta":{"inline_featured_image":false,"footnotes":""},"class_list":["post-122443","page","type-page","status-publish","hentry"],"acf":[],"_links":{"self":[{"href":"https:\/\/bas-ip.com\/cs\/wp-json\/wp\/v2\/pages\/122443","targetHints":{"allow":["GET"]}}],"collection":[{"href":"https:\/\/bas-ip.com\/cs\/wp-json\/wp\/v2\/pages"}],"about":[{"href":"https:\/\/bas-ip.com\/cs\/wp-json\/wp\/v2\/types\/page"}],"author":[{"embeddable":true,"href":"https:\/\/bas-ip.com\/cs\/wp-json\/wp\/v2\/users\/3"}],"replies":[{"embeddable":true,"href":"https:\/\/bas-ip.com\/cs\/wp-json\/wp\/v2\/comments?post=122443"}],"version-history":[{"count":1,"href":"https:\/\/bas-ip.com\/cs\/wp-json\/wp\/v2\/pages\/122443\/revisions"}],"predecessor-version":[{"id":122444,"href":"https:\/\/bas-ip.com\/cs\/wp-json\/wp\/v2\/pages\/122443\/revisions\/122444"}],"wp:attachment":[{"href":"https:\/\/bas-ip.com\/cs\/wp-json\/wp\/v2\/media?parent=122443"}],"curies":[{"name":"wp","href":"https:\/\/api.w.org\/{rel}","templated":true}]}}