{"id":121675,"date":"2024-02-14T09:43:47","date_gmt":"2024-02-14T09:43:47","guid":{"rendered":"https:\/\/bas-ip.com\/?page_id=121675"},"modified":"2024-11-04T16:57:02","modified_gmt":"2024-11-04T16:57:02","slug":"axis","status":"publish","type":"page","link":"https:\/\/bas-ip.com\/cs\/axis\/","title":{"rendered":"Axis"},"content":{"rendered":"<div class=\"wp-block-image\">\n<figure class=\"aligncenter size-medium\"><img loading=\"lazy\" decoding=\"async\" width=\"300\" height=\"108\" src=\"https:\/\/bas-ip.com\/wp-content\/uploads\/2024\/02\/Axis_Communications_logo.svg-300x108.png\" alt=\"\" class=\"wp-image-108863\" srcset=\"https:\/\/bas-ip.com\/wp-content\/uploads\/2024\/02\/Axis_Communications_logo.svg-300x108.png 300w,  https:\/\/bas-ip.com\/wp-content\/uploads\/2024\/02\/Axis_Communications_logo.svg-1024x369.png 1024w,  https:\/\/bas-ip.com\/wp-content\/uploads\/2024\/02\/Axis_Communications_logo.svg-768x277.png 768w,  https:\/\/bas-ip.com\/wp-content\/uploads\/2024\/02\/Axis_Communications_logo.svg-767x276.png 767w,  https:\/\/bas-ip.com\/wp-content\/uploads\/2024\/02\/Axis_Communications_logo.svg.png 1280w\" sizes=\"auto, (max-width: 300px) 100vw, 300px\" \/><\/figure>\n<\/div>\n\n\n<p>Integrace interkom\u016f BAS-IP s kamerami AXIS CCTV, konkr\u00e9tn\u011b pro funkci automatick\u00e9ho rozpozn\u00e1v\u00e1n\u00ed registra\u010dn\u00edch zna\u010dek (ALPR), zahrnuje jednoduch\u00e9, ale efektivn\u00ed nastaven\u00ed. Tato integrace umo\u017e\u0148uje bezprobl\u00e9mov\u00fd provoz a n\u00e1kladovou efektivitu t\u00edm, \u017ee odpad\u00e1 pot\u0159eba profesion\u00e1ln\u00edho softwaru ALPR. Zde je podrobn\u00fd popis fungov\u00e1n\u00ed t\u00e9to integrace:<\/p>\n\n\n\n<p><strong>P\u0159ehled integrace<\/strong><\/p>\n\n\n\n<p>C\u00edl: C\u00edl: Automatizovat otev\u00edr\u00e1n\u00ed br\u00e1ny pomoc\u00ed rozpozn\u00e1v\u00e1n\u00ed registra\u010dn\u00edch zna\u010dek pomoc\u00ed interkom\u016f BAS-IP a kamer AXIS CCTV s funkc\u00ed ALPR.<\/p>\n\n\n\n<p><strong>Sou\u010d\u00e1sti:<\/strong><\/p>\n\n\n\n<p><strong>1.<\/strong> Interkomov\u00fd panel BAS-IP: D\u016fmysln\u00fd interkomov\u00fd syst\u00e9m, kter\u00fd lze integrovat s IP kamerami.<\/p>\n\n\n\n<p id=\"block-787e64e3-09e9-4441-8da3-216fb1c6f8ec\"><strong>2. <\/strong>Kamera AXIS s funkc\u00ed ALPR: Pro tuto integraci jsou vhodn\u00e9 konkr\u00e9tn\u00ed modely jako AXIS P1455-LE-3, AXIS P3245-LVE-3 nebo AXIS Q1700-LE.<\/p>\n\n\n\n<p><strong>3.<\/strong> Datab\u00e1ze registra\u010dn\u00edch zna\u010dek: Ulo\u017een\u00e1 bu\u010f v pam\u011bti venkovn\u00edho panelu interkomu BAS-IP, nebo v softwaru BAS-IP Link.<\/p>\n\n\n\n<p><strong>Jak to funguje<\/strong><\/p>\n\n\n\n<p><strong>1.<\/strong> Instalace a nastaven\u00ed: U\u017eivatel si zakoup\u00ed interkomov\u00fd panel BAS-IP a kameru AXIS vybavenou technologi\u00ed ALPR.<\/p>\n\n\n\n<p id=\"block-6c2ce6c2-7557-430e-911b-a1ab50881d2c\"><strong>2.<\/strong> Konfigurace s\u00edt\u011b: Pro efektivn\u00ed komunikaci mus\u00ed b\u00fdt kamera AXIS a vstupn\u00ed panel BAS-IP ve stejn\u00e9 pods\u00edti.<\/p>\n\n\n\n<p id=\"block-5751e230-ce2f-46d7-9ab7-46d2bde74f72\"><strong>3.<\/strong> Registrace registra\u010dn\u00ed zna\u010dky: Evidence registra\u010dn\u00edch zna\u010dek: Registruj\u00ed se a uchov\u00e1vaj\u00ed registra\u010dn\u00ed zna\u010dky vozidel. To lze prov\u00e9st prost\u0159ednictv\u00edm webov\u00e9ho rozhran\u00ed interkomu nebo softwaru BAS-IP Link.<\/p>\n\n\n\n<p id=\"block-54d7584d-db45-4e16-ad50-d8ff528c17fd\"><strong>4.<\/strong> Skenov\u00e1n\u00ed registra\u010dn\u00edch zna\u010dek: Kdy\u017e se vozidlo p\u0159ibl\u00ed\u017e\u00ed k br\u00e1n\u011b, kamera AXIS naskenuje registra\u010dn\u00ed zna\u010dku.<\/p>\n\n\n\n<p><strong>5.<\/strong> Rozpozn\u00e1n\u00ed a akce: Pokud naskenovan\u00e1 zna\u010dka odpov\u00edd\u00e1 zna\u010dce v ulo\u017een\u00e9 datab\u00e1zi, interkomov\u00fd panel BAS-IP spust\u00ed automatick\u00e9 otev\u0159en\u00ed br\u00e1ny.<\/p>\n\n\n\n<p><strong>V\u00fdhody<\/strong><\/p>\n\n\n\n<p>N\u00e1kladov\u011b efektivn\u00ed: Odpad\u00e1 pot\u0159eba drah\u00e9ho profesion\u00e1ln\u00edho softwaru ALPR.<\/p>\n\n\n\n<p id=\"block-dcea7e95-a837-4d60-9704-34c19c5dc4a4\">Snadn\u00e9 pou\u017eit\u00ed: Jednoduch\u00e9 nastaven\u00ed a u\u017eivatelsky p\u0159\u00edv\u011btiv\u00e1 spr\u00e1va registra\u010dn\u00edch zna\u010dek prost\u0159ednictv\u00edm webov\u00e9ho rozhran\u00ed nebo softwaru BAS-IP.<\/p>\n\n\n\n<p id=\"block-eb4ff661-0351-4338-81e8-f91865f0a810\">Zv\u00fd\u0161en\u00e1 bezpe\u010dnost: Automatick\u00e9 ovl\u00e1d\u00e1n\u00ed br\u00e1ny na z\u00e1klad\u011b rozpoznan\u00fdch pozn\u00e1vac\u00edch zna\u010dek zvy\u0161uje \u00farove\u0148 bezpe\u010dnosti.<\/p>\n\n\n\n<p>Flexibilita: Vhodn\u00e9 pro r\u016fzn\u00e9 aplikace, jako jsou obytn\u00e9 komplexy, kancel\u00e1\u0159sk\u00e9 budovy nebo uzav\u0159en\u00e9 komunity.<\/p>\n\n\n\n<p>D\u00edky kombinaci pokro\u010dil\u00e9 technologie interkom\u016f BAS-IP s p\u0159esnost\u00ed kamer AXIS vybaven\u00fdch syst\u00e9mem ALPR mohou u\u017eivatel\u00e9 vyu\u017e\u00edvat vysokou \u00farove\u0148 zabezpe\u010den\u00ed a pohodl\u00ed, ani\u017e by pot\u0159ebovali dal\u0161\u00ed software ALPR.<\/p>\n\n\n<!-- START Block Sign Up --><section id=\"block_629678229e935\" class=\"sign-up-section\">\r\n\r\n    <div class=\"form-holder js-form\" data-aos=\"fade-right\">\r\n                    <div class=\"title-block h3\">Sign up for connection<\/div>\r\n        \r\n                    <div class=\"text-block\">\r\n                Filling out all the information needed to answer you as quickly as possible            <\/div>\r\n        \r\n                    \n<div class=\"wpcf7 no-js\" id=\"wpcf7-f102-o1\" lang=\"en-US\" dir=\"ltr\">\n<div class=\"screen-reader-response\"><p role=\"status\" aria-live=\"polite\" aria-atomic=\"true\"><\/p> <ul><\/ul><\/div>\n<form action=\"\/cs\/wp-json\/wp\/v2\/pages\/121675#wpcf7-f102-o1\" method=\"post\" class=\"wpcf7-form init\" aria-label=\"Contact form\" enctype=\"multipart\/form-data\" novalidate=\"novalidate\" data-status=\"init\">\n<div style=\"display: none;\">\n<input type=\"hidden\" name=\"_wpcf7\" value=\"102\" \/>\n<input type=\"hidden\" name=\"_wpcf7_version\" value=\"5.8.3\" \/>\n<input type=\"hidden\" name=\"_wpcf7_locale\" value=\"en_US\" \/>\n<input type=\"hidden\" name=\"_wpcf7_unit_tag\" value=\"wpcf7-f102-o1\" \/>\n<input type=\"hidden\" name=\"_wpcf7_container_post\" value=\"0\" \/>\n<input type=\"hidden\" name=\"_wpcf7_posted_data_hash\" value=\"\" \/>\n<input type=\"hidden\" name=\"_wpcf7_recaptcha_response\" value=\"\" \/>\n<\/div>\n<div class=\"row\"> \n <label><span class=\"label-text\">Name<\/span> \n  <span class=\"wpcf7-form-control-wrap\" data-name=\"text-full-name\"><input size=\"40\" class=\"wpcf7-form-control wpcf7-text wpcf7-validates-as-required\" aria-required=\"true\" aria-invalid=\"false\" placeholder=\"Name\" value=\"\" type=\"text\" name=\"text-full-name\" \/><\/span><\/label> \n<\/div> \n<div class=\"row\"> \n <label><span class=\"label-text\">Phone*<\/span> \n<span class=\"wpcf7-form-control-wrap\" data-name=\"phonetext-270\"><input size=\"40\" class=\"wpcf7-form-control wpcf7-phonetext wpcf7-validates-as-required wpcf7-text wpcf7-validates-as-phonetext\" aria-required=\"true\" aria-invalid=\"false\" placeholder=\"Phone*\" value=\"\" type=\"text\" name=\"phonetext-270\" \/><input type=\"hidden\" name=\"phonetext-270-country-code\" class=\"wpcf7-phonetext-country-code\" \/><\/span><\/label> \n<\/div> \n<div class=\"row\"> \n <label><span class=\"label-text\">E-mail<\/span> \n  <span class=\"wpcf7-form-control-wrap\" data-name=\"email-e-mail\"><input size=\"40\" class=\"wpcf7-form-control wpcf7-email wpcf7-validates-as-required wpcf7-text wpcf7-validates-as-email\" aria-required=\"true\" aria-invalid=\"false\" placeholder=\"E-mail\" value=\"\" type=\"email\" name=\"email-e-mail\" \/><\/span><\/label> \n<\/div> \n<div class=\"row\"><span>Your country<\/span> \n <label><span class=\"wpcf7-form-control-wrap\" data-name=\"countrytext-126\"><input size=\"40\" class=\"wpcf7-form-control wpcf7-countrytext wpcf7-text wpcf7-validates-as-countrytext\" aria-invalid=\"false\" value=\"\" type=\"text\" name=\"countrytext-126\" \/><\/span> <\/label>\n<\/div> \n<div class=\"row\"> \n <button type=\"submit\" class=\"btn\">Send<\/button> \n<\/div> \n<div class=\"row\"> \n <span class=\"wpcf7-form-control-wrap\" data-name=\"checkbox-931\"><span class=\"wpcf7-form-control wpcf7-checkbox\"><span class=\"wpcf7-list-item first\"><label><input type=\"checkbox\" name=\"checkbox-931[]\" value=\"Integrator\" \/><span class=\"wpcf7-list-item-label\">Integrator<\/span><\/label><\/span><span class=\"wpcf7-list-item\"><label><input type=\"checkbox\" name=\"checkbox-931[]\" value=\"Builder\" \/><span class=\"wpcf7-list-item-label\">Builder<\/span><\/label><\/span><span class=\"wpcf7-list-item last\"><label><input type=\"checkbox\" name=\"checkbox-931[]\" value=\"End-User\" \/><span class=\"wpcf7-list-item-label\">End-User<\/span><\/label><\/span><\/span><\/span> \n<\/div> \n<div class=\"row row-upload-file\"> \n <label class=\"upload-file-block js-upload-file\">Attach file \n  <span class=\"wpcf7-form-control-wrap\" data-name=\"file-466\"><input size=\"40\" class=\"wpcf7-form-control wpcf7-file\" accept=\"audio\/*,video\/*,image\/*\" aria-invalid=\"false\" type=\"file\" name=\"file-466\" \/><\/span><\/label> \n<\/div><input type='hidden' class='wpcf7-pum' value='{\"closepopup\":false,\"closedelay\":0,\"openpopup\":false,\"openpopup_id\":0}' \/><div class=\"wpcf7-response-output\" aria-hidden=\"true\"><\/div>\n<\/form>\n<\/div>\n            <\/div>\r\n\r\n\t\t    <div class=\"text-holder\" data-aos=\"fade-left\">\r\n\t\t\t\t\t\t    <h3 class=\"title-block\">How Can We Help?<\/h3>\r\n\t\t\t\r\n\t\t\t                <div class=\"text-block\">\r\n                    Please select a topic below related to your inquiry. If you don&#8217;t find what you need, fill out our contact form.                <\/div>\r\n\t\t\t\r\n\t\t\t\t\t\t    <ul class=\"link-list\">\r\n\t\t\t\t\t\t\t\t\t\t\t\t\t\t\t\t\t\t<li>\r\n\t\t\t\t\t\t\t\t\t\t\t\t\t\t\t\t    <strong>Get Inspired<\/strong>\r\n\t\t\t\t\t\t\t\t\t\t\t\t\t\t\t\t\t\t\t\t\t\t\t\t    <a href=\"\/features\/\">\r\n\t\t\t\t\t\t\t\t        Discover what&#8217;s beneath our intercom\t\t\t\t\t\t\t\t    <\/a>\r\n\t\t\t\t\t\t\t\t\t\t\t\t\t\t\t<\/li>\r\n\t\t\t\t\t\t\t\t\t\t\t\t\t\t\t\t\t\t\t\t\t\t\t\t<li>\r\n\t\t\t\t\t\t\t\t\t\t\t\t\t\t\t\t    <strong>Become a Partner<\/strong>\r\n\t\t\t\t\t\t\t\t\t\t\t\t\t\t\t\t\t\t\t\t\t\t\t\t    <a href=\"\/distributors\/\">\r\n\t\t\t\t\t\t\t\t        Expand your business with BAS-IP intercom\t\t\t\t\t\t\t\t    <\/a>\r\n\t\t\t\t\t\t\t\t\t\t\t\t\t\t\t<\/li>\r\n\t\t\t\t\t\t\t\t\t\t\t\t\t\t\t\t\t\t\t\t\t\t\t\t<li>\r\n\t\t\t\t\t\t\t\t\t\t\t\t\t\t\t\t    <strong>Check the Guides<\/strong>\r\n\t\t\t\t\t\t\t\t\t\t\t\t\t\t\t\t\t\t\t\t\t\t\t\t    <a href=\"\/support\/\">\r\n\t\t\t\t\t\t\t\t        Download detailed manuals and schemes\t\t\t\t\t\t\t\t    <\/a>\r\n\t\t\t\t\t\t\t\t\t\t\t\t\t\t\t<\/li>\r\n\t\t\t\t\t\t\t\t\t\t\t\t\t\t\t<\/ul>\r\n\t\t\t\r\n\t\t\t\t\t\t    <h3 class=\"title-block\">Our contacts<\/h3>\r\n\t\t\t\r\n\t\t\t\t\t\t\t<ul class=\"contact-list\">\r\n\t\t\t\t\t\t\t\t\t\t\t\t\t\t\t\t\t\t<li>\r\n\t\t\t\t\t\t\t\t\t\t\t\t\t\t\t\t\t<strong>Sales:<\/strong>\r\n\t\t\t\t\t\t\t\t\t\t\t\t\t\t\t\t\t\t\t\t\t\t\t\t    <a href=\"mailto:&#115;al&#101;&#115;&#64;&#98;&#97;&#115;-i&#112;.&#99;&#111;m\">s&#97;l&#101;s&#64;&#98;&#97;&#115;&#45;&#105;&#112;.&#99;o&#109;<\/a>\r\n\t\t\t\t\t\t\t\t\t\t\t\t\t\t\t<\/li>\r\n\t\t\t\t\t\t\t\t\t\t\t\t\t\t\t\t\t\t\t\t\t\t\t\t<li>\r\n\t\t\t\t\t\t\t\t\t\t\t\t\t\t\t\t\t<strong>Technical support:<\/strong>\r\n\t\t\t\t\t\t\t\t\t\t\t\t\t\t\t\t\t\t\t\t\t\t\t\t    <a href=\"mailto:su&#112;&#112;&#111;&#114;&#116;&#64;b&#97;s&#45;ip.co&#109;\">suppo&#114;t&#64;b&#97;&#115;&#45;&#105;p.co&#109;<\/a>\r\n\t\t\t\t\t\t\t\t\t\t\t\t\t\t\t<\/li>\r\n\t\t\t\t\t\t\t\t\t\t\t\t\t\t\t<\/ul>\r\n\t\t\t\t\t<\/div>\r\n\t<\/section>\r\n\r\n\r\n\r\n<!-- END Block Sign Up -->","protected":false},"excerpt":{"rendered":"<p>Integrace interkom\u016f BAS-IP s kamerami AXIS CCTV, konkr\u00e9tn\u011b pro funkci automatick\u00e9ho rozpozn\u00e1v\u00e1n\u00ed registra\u010dn\u00edch zna\u010dek (ALPR), zahrnuje jednoduch\u00e9, ale efektivn\u00ed nastaven\u00ed. Tato integrace umo\u017e\u0148uje bezprobl\u00e9mov\u00fd provoz a n\u00e1kladovou efektivitu t\u00edm, \u017ee odpad\u00e1 pot\u0159eba profesion\u00e1ln\u00edho softwaru ALPR. Zde je podrobn\u00fd popis fungov\u00e1n\u00ed t\u00e9to integrace: P\u0159ehled integrace C\u00edl: C\u00edl: Automatizovat otev\u00edr\u00e1n\u00ed br\u00e1ny pomoc\u00ed rozpozn\u00e1v\u00e1n\u00ed registra\u010dn\u00edch zna\u010dek pomoc\u00ed interkom\u016f [&hellip;]<\/p>","protected":false},"author":3,"featured_media":0,"parent":0,"menu_order":0,"comment_status":"closed","ping_status":"closed","template":"page-custom-breadcrumbs.php","meta":{"inline_featured_image":false,"footnotes":""},"class_list":["post-121675","page","type-page","status-publish","hentry"],"acf":[],"_links":{"self":[{"href":"https:\/\/bas-ip.com\/cs\/wp-json\/wp\/v2\/pages\/121675","targetHints":{"allow":["GET"]}}],"collection":[{"href":"https:\/\/bas-ip.com\/cs\/wp-json\/wp\/v2\/pages"}],"about":[{"href":"https:\/\/bas-ip.com\/cs\/wp-json\/wp\/v2\/types\/page"}],"author":[{"embeddable":true,"href":"https:\/\/bas-ip.com\/cs\/wp-json\/wp\/v2\/users\/3"}],"replies":[{"embeddable":true,"href":"https:\/\/bas-ip.com\/cs\/wp-json\/wp\/v2\/comments?post=121675"}],"version-history":[{"count":1,"href":"https:\/\/bas-ip.com\/cs\/wp-json\/wp\/v2\/pages\/121675\/revisions"}],"predecessor-version":[{"id":121677,"href":"https:\/\/bas-ip.com\/cs\/wp-json\/wp\/v2\/pages\/121675\/revisions\/121677"}],"wp:attachment":[{"href":"https:\/\/bas-ip.com\/cs\/wp-json\/wp\/v2\/media?parent=121675"}],"curies":[{"name":"wp","href":"https:\/\/api.w.org\/{rel}","templated":true}]}}